{"id":569,"date":"2016-02-17T15:00:05","date_gmt":"2016-02-17T15:00:05","guid":{"rendered":"http:\/\/demo.gloriathemes.com\/wp\/perada\/?page_id=569"},"modified":"2020-11-09T11:06:44","modified_gmt":"2020-11-09T11:06:44","slug":"page-right","status":"publish","type":"page","link":"https:\/\/namba22.com\/pt\/page-right\/","title":{"rendered":"p\u00e1gina direita"},"content":{"rendered":"<div class=\"wpb-content-wrapper\"><p>[vc_row el_class=&#8221;container&#8221; css=&#8221;.vc_custom_1455789557886{padding-right: 0px !important;padding-left: 0px !important;}&#8221;][vc_column width=&#8221;1\/4&#8243;][vc_wp_custommenu nav_menu=&#8221;8&#8243; el_class=&#8221;page-menus&#8221; title=&#8221;Page Right&#8221;][\/vc_column][vc_column width=&#8221;3\/4&#8243; css=&#8221;.vc_custom_1461073442899{padding-left: 50px !important;}&#8221; el_class=&#8221;mobile-no-padding&#8221; offset=&#8221;vc_hidden-xs&#8221;][vc_custom_heading text=&#8221;Proporcionar Excel\u00eancia, Imediatismo E Efici\u00eancia&#8221; font_container=&#8221;tag:h2|font_size:40|text_align:left|color:%238a8b8e&#8221; use_theme_fonts=&#8221;yes&#8221; css=&#8221;.vc_custom_1604918613387{margin-top: 0px !important;margin-bottom: 22px !important;}&#8221; el_class=&#8221;normalfont&#8221;][vc_column_text]A presta\u00e7\u00e3o dos servi\u00e7os profissionais de tradu\u00e7\u00e3o de topo necessita de uma gest\u00e3o de Recursos Humanos muito rigorosa, apoiada por um IT sempre em desenvolvimento. N\u00e3o h\u00e1 Gest\u00e3o de recursos humanos sem recrutamento de pessoal sob um meticuloso processo de recrutamento que envolve um know-how interno e um uso s\u00e9rio de todos os poss\u00edveis Sustenta\u00e7\u00e3o inform\u00e1tica.<\/p>\n<p>A presta\u00e7\u00e3o dos servi\u00e7os profissionais de tradu\u00e7\u00e3o de topo necessita de uma gest\u00e3o de Recursos Humanos muito rigorosa, apoiada por um IT sempre em desenvolvimento. N\u00e3o h\u00e1 Gest\u00e3o de recursos humanos sem recrutamento de pessoal sob um meticuloso processo de recrutamento que envolve um know-how interno e um uso s\u00e9rio de todos os poss\u00edveis it-supports. Depois de colocar o pessoal de tradu\u00e7\u00e3o certo em pr\u00e1tica, a gest\u00e3o de Tradu\u00e7\u00f5es \u00e9 a principal quest\u00e3o a ser tratada. Seria imposs\u00edvel falar de servi\u00e7os de tradu\u00e7\u00e3o sem mencionar a gest\u00e3o de dados e projectos para al\u00e9m dos Recursos Humanos. Para tornar tudo isso poss\u00edvel, mantemos o controle de qualidade e gest\u00e3o de projetos, incluindo todos os detalhes envolvidos no topo da nossa lista de prioridades. Compreender o processo de Tradu\u00e7\u00e3o enquanto uma \u00fanica pessoa pode traduzir um texto para fins informativos, geralmente leva v\u00e1rios participantes a produzir uma qualidade, tradu\u00e7\u00e3o final para publica\u00e7\u00e3o ou distribui\u00e7\u00e3o. A tradu\u00e7\u00e3o tamb\u00e9m \u00e9 um processo multi-etapas, envolvendo alguma itera\u00e7\u00e3o e redund\u00e2ncia. Podemos dividir este processo em uma s\u00e9rie de passos gerais:[\/vc_column_text][vc_column_text]<\/p>\n<ol style=\"color: #ffba00; font-weight: 600;\">\n<li><span style=\"color: #6d6e71; font-weight: 500;\"><strong>Traducao<\/strong><\/span><\/li>\n<li><span style=\"color: #6d6e71; font-weight: 500;\"><strong>Edi\u00e7\u00e3o\/Revis\u00e3o<\/strong><\/span><\/li>\n<li><strong><span style=\"color: #6d6e71;\">Correc\u00e7\u00e3o de textos<\/span><\/strong><\/li>\n<li><strong><span style=\"color: #6d6e71;\">Manuten\u00e7\u00e3o<\/span><\/strong><\/li>\n<\/ol>\n<p>[\/vc_column_text][\/vc_column][\/vc_row][vc_row el_class=&#8221;container&#8221; css=&#8221;.vc_custom_1455825733932{margin-top: 9px !important;padding-right: 0px !important;padding-left: 0px !important;}&#8221;][vc_column][vc_column_text]<strong>1. Traducao:<\/strong> a primeira fase do processo de tradu\u00e7\u00e3o envolve a cria\u00e7\u00e3o do texto do idioma alvo inicial. Geralmente funciona melhor para ter um \u00fanico tradutor ou uma pequena equipe colaborativa de tradutores traduzir todo o material. A maioria (embora n\u00e3o todos) tradutores profissionais trabalham apenas em sua l\u00edngua nativa. Um tradutor que \u00e9 tamb\u00e9m um especialista no campo \u00e9 ideal, mas pode nem sempre ser f\u00e1cil de encontrar. Nestes casos, a revis\u00e3o por um especialista no campo \u00e9 fortemente recomendada como parte da etapa de edi\u00e7\u00e3o\/revis\u00e3o. A fase de tradu\u00e7\u00e3o pode exigir muita pesquisa. \u00c9 tamb\u00e9m o momento em que um gloss\u00e1rio bil\u00edng\u00fce pode ser criado, problemas s\u00e3o identificados e quest\u00f5es de conte\u00fado s\u00e3o abordadas.<\/p>\n<p>2. <strong>Edi\u00e7\u00e3o\/revis\u00e3o:<\/strong> a edi\u00e7\u00e3o envolve a verifica\u00e7\u00e3o completa da tradu\u00e7\u00e3o contra o original, a fim de eliminar quaisquer poss\u00edveis erros, ambiguidades e omiss\u00f5es. Todas as altera\u00e7\u00f5es terminol\u00f3gicas t\u00eam de ser feitas de forma consistente ao longo do texto e no Gloss\u00e1rio do projecto. Este passo \u00e9 muitas vezes realizado por um tradutor que trabalha no mesmo par de l\u00ednguas que o Tradutor original. No entanto, pode ser ben\u00e9fico ter o texto verificado por um falante nativo da l\u00edngua de origem, que pode ser capaz de detectar erros devido \u00e0 m\u00e1 interpreta\u00e7\u00e3o do tradutor do texto de origem. Se o Tradutor original n\u00e3o era um especialista no campo, use um revisor de l\u00edngua-alvo especialista com boas habilidades de escrita, mesmo se ele ou ela n\u00e3o \u00e9 um tradutor profissional.<\/p>\n<p><strong>3. Revis\u00e3o<\/strong>: este passo final de garantia de qualidade serve para suavizar a escrita, corrigir qualquer pontua\u00e7\u00e3o menor e detalhes de estilo, e executar uma verifica\u00e7\u00e3o ortogr\u00e1fica final. Neste ponto, n\u00e3o deve ser necess\u00e1rio consultar o texto fonte, exceto para clarifica\u00e7\u00e3o. O revisor deve ter um excelente Comando Nativo do idioma alvo e deve estar familiarizado com as Diretrizes de estilo que est\u00e3o sendo usadas para o documento.<\/p>\n<p><strong>4. Manuten\u00e7\u00e3o<\/strong>: Embora n\u00e3o seja uma parte inerente do processo de Tradu\u00e7\u00e3o, este passo \u00e9 importante para evitar que o material se torne obsoleto. As atualiza\u00e7\u00f5es do material original devem desencadear a atualiza\u00e7\u00e3o de quaisquer vers\u00f5es traduzidas. Atualiza\u00e7\u00f5es simples podem ser tratadas por um tradutor, mas atualiza\u00e7\u00f5es mais complexas com mudan\u00e7as extensas ou reescrita podem requerer edi\u00e7\u00e3o\/revis\u00e3o, e revis\u00e3o de revis\u00e3o. Vale a pena notar que os tradutores profissionais normalmente executam os primeiros tr\u00eas passos antes de apresentar o seu trabalho ao editor ou revisor, que provavelmente ir\u00e1 repetir os passos 2 e 3.[\/vc_column_text][\/vc_column][\/vc_row][vc_row el_class=&#8221;bgfixed&#8221; css=&#8221;.vc_custom_1456072466940{margin-top: 18px !important;margin-bottom: 8px !important;padding-right: 55px !important;padding-left: 55px !important;background-image: url(http:\/\/www.m-translations.com\/wp-content\/uploads\/2016\/02\/full-width-testimonial-bg-new.jpg?id=1005) !important;}&#8221;][vc_column css=&#8221;.vc_custom_1461073467367{margin-top: 0px !important;padding-top: 0px !important;}&#8221;][vc_row_inner content_placement=&#8221;bottom&#8221; el_class=&#8221;container&#8221; css=&#8221;.vc_custom_1461073491394{margin-top: 0px !important;padding-top: 0px !important;padding-right: 0px !important;padding-left: 0px !important;}&#8221;][vc_column_inner el_class=&#8221;mobile-no-padding&#8221; width=&#8221;3\/4&#8243; css=&#8221;.vc_custom_1461073501916{margin-top: 90px !important;margin-bottom: 90px !important;}&#8221;]<div class=\"testimonial-single\"><div class=\"icon\" style=\"color:#ffba00;\"><i class=\"fa fa-quote-right testimonial-blockquote-icon\"><\/i><\/div><div class=\"testimonial-single-content\" style=\"color:#ffffff;\"><p>O servi\u00e7o que recebemos da M-Translations \u00e9 sempre extremamente profissional. Estamos continuamente impressionados com o alto padr\u00e3o e velocidade de seu trabalho de tradu\u00e7\u00e3o.<\/p><\/div><div class=\"testimonial-single-name\"><span class=\"name\" style=\"color:#ffba00;\">SANJOH DOE,<\/span><span class=\"company\" style=\"color:#ffffff;\">SALAMA CONFERENCES<\/span><\/div><\/div>[\/vc_column_inner][vc_column_inner width=&#8221;1\/4&#8243; css=&#8221;.vc_custom_1461073521249{margin-top: 25px !important;}&#8221; offset=&#8221;vc_hidden-xs&#8221;][vc_single_image image=&#8221;654&#8243; img_size=&#8221;full&#8221; css=&#8221;.vc_custom_1455790005600{margin-top: 0px !important;margin-bottom: 0px !important;padding-top: 0px !important;padding-bottom: 0px !important;}&#8221;][\/vc_column_inner][\/vc_row_inner][\/vc_column][\/vc_row][vc_row equal_height=&#8221;yes&#8221; content_placement=&#8221;bottom&#8221; el_class=&#8221;container&#8221; css=&#8221;.vc_custom_1465548251970{padding-right: 0px !important;padding-left: 0px !important;}&#8221;][vc_column width=&#8221;1\/2&#8243; offset=&#8221;vc_hidden-xs&#8221;][vc_single_image image=&#8221;815&#8243; img_size=&#8221;full&#8221; css=&#8221;.vc_custom_1455822821862{margin-top: 0px !important;margin-bottom: 0px !important;}&#8221;][\/vc_column][vc_column width=&#8221;1\/2&#8243; css=&#8221;.vc_custom_1461073562120{padding-bottom: 15px !important;}&#8221;][vc_column_text]Quando nossos clientes recebem o melhor valor para a quantidade de dinheiro que eles pagaram, eles sentem que eles t\u00eam o valor do seu dinheiro ou bom valor para o seu dinheiro. O que voc\u00ea tem que entender e perceber sobre o valor para o dinheiro \u00e9 que n\u00e3o \u00e9 apenas sobre o pre\u00e7o dos produtos ou servi\u00e7os que seus clientes est\u00e3o dispostos a pagar. \u00c9 mais significativo do que apenas o pre\u00e7o. Tamb\u00e9m envolve toda a experi\u00eancia que vem junto com ele do in\u00edcio ao fim da transa\u00e7\u00e3o de Neg\u00f3cio. Isto inclui, mas n\u00e3o se limita a, intera\u00e7\u00e3o com os funcion\u00e1rios, n\u00edvel de esfor\u00e7o, qualidade do produto ou servi\u00e7o, adequa\u00e7\u00e3o do produto ou servi\u00e7o \u00e0s necessidades dos clientes, e uso real do pr\u00f3prio produto ou servi\u00e7o. Nos importamos de ver nossos clientes colocar import\u00e2ncia no valor para o seu dinheiro, independentemente se eles est\u00e3o comprando um item de baixo ou alto pre\u00e7o. Eles sempre olham e esperam por um valor global para o seu dinheiro. No entanto, quanto maior for o pre\u00e7o do item, mais valor os nossos clientes esperam. &#8230; E fazemos tudo o que podemos para corresponder \u00e0s expectativas dos nossos clientes.[\/vc_column_text][vc_row_inner css=&#8221;.vc_custom_1461073582824{margin-top: 20px !important;}&#8221;][vc_column_inner width=&#8221;1\/2&#8243;]<div class=\"countimator\"><div id=\"myStathalf3518269776\" data-dimension=\"128\" data-text=\"\" data-info=\"\" data-width=\"100\" data-percent=\"98\" data-fgcolor=\"#FFBA00\" data-bgcolor=\"#eee\" data-type=\"half\" data-icon=\"\"><\/div><h3><span>%<\/span><div class=\"counter scounter3518269776\" data-last=\"98\">98<\/div><\/h3><h4>PROJECTOS BEM SUCEDIDOS<\/h4><\/div><script type=\"text\/javascript\">\r\n\t\t\t\t\tjQuery(document).ready(function($){\r\n\t\t\t\t\t\tvar circlePercent = function() {\r\n\t\t\t\t\t\t\t$(\"#myStathalf3518269776\").circliful();\r\n\t\t\t\t\t\t}\r\n\t\t\t\t\t\t$(\"#myStathalf3518269776\").waypoint(circlePercent, { offset: \"100%\", triggerOnce: true });\r\n\t\t\t\t\t\t\r\n\t\t\t\t\t\t$(\".scounter3518269776\").counterUp({\r\n\t\t\t\t\t\t\tdelay: 10,\r\n\t\t\t\t\t\t\ttime: 1200\r\n\t\t\t\t\t\t});\r\n\t\t\t\t\t});\r\n    <\/script>[\/vc_column_inner][vc_column_inner width=&#8221;1\/2&#8243;]<div class=\"countimator\"><div id=\"myStathalf2309209250\" data-dimension=\"128\" data-text=\"\" data-info=\"\" data-width=\"100\" data-percent=\"50\" data-fgcolor=\"#FFBA00\" data-bgcolor=\"#eee\" data-type=\"half\" data-icon=\"\"><\/div><h3><span>%<\/span><div class=\"counter scounter2309209250\" data-last=\"50\">50<\/div><\/h3><h4>R\u00c1CIO DE NOVOS CLIENTES<\/h4><\/div><script type=\"text\/javascript\">\r\n\t\t\t\t\tjQuery(document).ready(function($){\r\n\t\t\t\t\t\tvar circlePercent = function() {\r\n\t\t\t\t\t\t\t$(\"#myStathalf2309209250\").circliful();\r\n\t\t\t\t\t\t}\r\n\t\t\t\t\t\t$(\"#myStathalf2309209250\").waypoint(circlePercent, { offset: \"100%\", triggerOnce: true });\r\n\t\t\t\t\t\t\r\n\t\t\t\t\t\t$(\".scounter2309209250\").counterUp({\r\n\t\t\t\t\t\t\tdelay: 10,\r\n\t\t\t\t\t\t\ttime: 1200\r\n\t\t\t\t\t\t});\r\n\t\t\t\t\t});\r\n    <\/script>[\/vc_column_inner][\/vc_row_inner][vc_row_inner css=&#8221;.vc_custom_1455827803071{margin-top: 20px !important;}&#8221;][vc_column_inner width=&#8221;1\/2&#8243;]<div class=\"countimator\"><div id=\"myStathalf7933194621\" data-dimension=\"128\" data-text=\"\" data-info=\"\" data-width=\"100\" data-percent=\"99\" data-fgcolor=\"#FFBA00\" data-bgcolor=\"#eee\" data-type=\"half\" data-icon=\"\"><\/div><h3><span>%<\/span><div class=\"counter scounter7933194621\" data-last=\"99\">99<\/div><\/h3><h4>SATISFA\u00c7\u00c3O DO CLIENTE<\/h4><\/div><script type=\"text\/javascript\">\r\n\t\t\t\t\tjQuery(document).ready(function($){\r\n\t\t\t\t\t\tvar circlePercent = function() {\r\n\t\t\t\t\t\t\t$(\"#myStathalf7933194621\").circliful();\r\n\t\t\t\t\t\t}\r\n\t\t\t\t\t\t$(\"#myStathalf7933194621\").waypoint(circlePercent, { offset: \"100%\", triggerOnce: true });\r\n\t\t\t\t\t\t\r\n\t\t\t\t\t\t$(\".scounter7933194621\").counterUp({\r\n\t\t\t\t\t\t\tdelay: 10,\r\n\t\t\t\t\t\t\ttime: 1200\r\n\t\t\t\t\t\t});\r\n\t\t\t\t\t});\r\n    <\/script>[\/vc_column_inner][vc_column_inner width=&#8221;1\/2&#8243;]<div class=\"countimator\"><div id=\"myStathalf20602082\" data-dimension=\"128\" data-text=\"\" data-info=\"\" data-width=\"100\" data-percent=\"2\" data-fgcolor=\"#FFBA00\" data-bgcolor=\"#eee\" data-type=\"half\" data-icon=\"\"><\/div><h3><span>%<\/span><div class=\"counter scounter20602082\" data-last=\"2\">2<\/div><\/h3><h4>N\u00c3O PODIA ESTAR SATISFEITO<\/h4><\/div><script type=\"text\/javascript\">\r\n\t\t\t\t\tjQuery(document).ready(function($){\r\n\t\t\t\t\t\tvar circlePercent = function() {\r\n\t\t\t\t\t\t\t$(\"#myStathalf20602082\").circliful();\r\n\t\t\t\t\t\t}\r\n\t\t\t\t\t\t$(\"#myStathalf20602082\").waypoint(circlePercent, { offset: \"100%\", triggerOnce: true });\r\n\t\t\t\t\t\t\r\n\t\t\t\t\t\t$(\".scounter20602082\").counterUp({\r\n\t\t\t\t\t\t\tdelay: 10,\r\n\t\t\t\t\t\t\ttime: 1200\r\n\t\t\t\t\t\t});\r\n\t\t\t\t\t});\r\n    <\/script>[\/vc_column_inner][\/vc_row_inner][\/vc_column][\/vc_row][vc_row css=&#8221;.vc_custom_1455792229492{background-color: #ffba00 !important;}&#8221;][vc_column][vc_row_inner el_class=&#8221;container&#8221; css=&#8221;.vc_custom_1455792237431{margin-top: 6px !important;margin-bottom: 40px !important;padding-right: 0px !important;padding-left: 0px !important;}&#8221;][vc_column_inner]<div class=\"clients-widget\"><div class=\"owl-carousel-clients-157817322\"><div class=\"item\"><a href=\"\" title=\"Client\" ><img decoding=\"async\" src=\"https:\/\/namba22.com\/wp-content\/uploads\/2016\/02\/ref1.png\" alt=\"Client\" \/><\/a><\/div><div class=\"item\"><a href=\"\" title=\"Client\" ><img decoding=\"async\" src=\"https:\/\/namba22.com\/wp-content\/uploads\/2016\/02\/ref2.png\" alt=\"Client\" \/><\/a><\/div><div class=\"item\"><a href=\"\" title=\"Client\" ><img decoding=\"async\" src=\"https:\/\/namba22.com\/wp-content\/uploads\/2016\/02\/ref3.png\" alt=\"Client\" \/><\/a><\/div><div class=\"item\"><a href=\"\" title=\"Client\" ><img decoding=\"async\" src=\"https:\/\/namba22.com\/wp-content\/uploads\/2016\/02\/ref4.png\" alt=\"Client\" \/><\/a><\/div><div class=\"item\"><a href=\"\" title=\"Client\" ><img decoding=\"async\" src=\"https:\/\/namba22.com\/wp-content\/uploads\/2016\/02\/ref5.png\" alt=\"Client\" \/><\/a><\/div><div class=\"item\"><a href=\"\" title=\"Client\" ><img decoding=\"async\" src=\"https:\/\/namba22.com\/wp-content\/uploads\/2016\/02\/ref6.png\" alt=\"Client\" \/><\/a><\/div><\/div><\/div><script>\r\n\t\t\t\t\t\t\tjQuery(document).ready(function($){\r\n\t\t\t\t\t\t\t\t$('.owl-carousel-clients-157817322').owlCarousel({\r\n\t\t\t\t\t\t\t\t\tloop:true,\r\n\t\t\t\t\t\t\t\t\tnav:false,\r\n\t\t\t\t\t\t\t\t\tmargin:80,\r\n\t\t\t\t\t\t\t\t\tdots:false,\r\n\t\t\t\t\t\t\t\t\tautoWidth:true,\r\n\t\t\t\t\t\t\t\t\tresponsive:{\r\n\t\t\t\t\t\t\t\t\t\t0:{\r\n\t\t\t\t\t\t\t\t\t\t\titems:2,\r\n\t\t\t\t\t\t\t\t\t\t},\r\n\t\t\t\t\t\t\t\t\t\t768:{\r\n\t\t\t\t\t\t\t\t\t\t\titems:6,\r\n\t\t\t\t\t\t\t\t\t\t},\r\n\t\t\t\t\t\t\t\t\t}\r\n\t\t\t\t\t\t\t\t});\r\n\t\t\t\t\t\t\t});\r\n\t\t\t\t\t\t<\/script>[\/vc_column_inner][\/vc_row_inner][\/vc_column][\/vc_row]<\/p>\n<\/div>","protected":false},"excerpt":{"rendered":"<p>&nbsp;<\/p>\n","protected":false},"author":1,"featured_media":493,"parent":0,"menu_order":0,"comment_status":"closed","ping_status":"closed","template":"","meta":{"_rsvp_to":"","_rsvp_max":"","_rsvp_show_attendees":"","_rsvp_instructions":"","simple_price":"","simple_price_label":"","venue":"","_template_start_hour":"","_template_start_minutes":"","_sked_minutes":"","_sked_stop":"","_sked_duration":"","_payment_gateway":"Cash or Custom","_rsvp_currency":"USD","_sked_hour":"12","_sked_end":"13:00","rsvp_tx_template":0,"_rsvp_start":0,"_rsvp_deadline":0,"_rsvp_deadline_daysbefore":"0","_rsvp_deadline_hours":"0","_rsvp_reg_daysbefore":"0","_rsvp_reg_hours":"0","_rsvp_count_party":"1","_timezone":"+00:00","_rsvp_on":false,"_add_timezone":false,"_convert_timezone":false,"_calendar_icons":true,"_rsvp_end_display":false,"_rsvp_rsvpmaker_send_confirmation_email":false,"_rsvp_confirmation_after_payment":false,"_rsvp_confirmation_include_event":false,"_rsvp_count":true,"_rsvp_yesno":true,"_rsvp_captcha":false,"_rsvp_login_required":false,"_rsvp_form_show_date":false,"footnotes":""},"class_list":["post-569","page","type-page","status-publish","has-post-thumbnail","hentry"],"yoast_head":"<!-- This site is optimized with the Yoast SEO plugin v27.4 - https:\/\/yoast.com\/product\/yoast-seo-wordpress\/ -->\n<title>p\u00e1gina direita<\/title>\n<meta name=\"description\" content=\"&nbsp;\" \/>\n<meta name=\"robots\" content=\"index, follow, max-snippet:-1, max-image-preview:large, max-video-preview:-1\" \/>\n<link rel=\"canonical\" href=\"http:\/\/&nbsp;\" \/>\n<meta property=\"og:locale\" content=\"pt_BR\" \/>\n<meta property=\"og:type\" content=\"article\" \/>\n<meta property=\"og:title\" content=\"p\u00e1gina direita\" \/>\n<meta property=\"og:description\" content=\"&nbsp;\" \/>\n<meta property=\"og:url\" content=\"https:\/\/namba22.com\/pt\/page-right\/\" \/>\n<meta property=\"og:site_name\" content=\"m-translations.com\" \/>\n<meta property=\"article:modified_time\" content=\"2020-11-09T11:06:44+00:00\" \/>\n<meta property=\"og:image\" content=\"https:\/\/namba22.com\/wp-content\/uploads\/2016\/02\/services.jpg\" \/>\n\t<meta property=\"og:image:width\" content=\"1814\" \/>\n\t<meta property=\"og:image:height\" content=\"356\" \/>\n\t<meta property=\"og:image:type\" content=\"image\/jpeg\" \/>\n<meta name=\"twitter:card\" content=\"summary_large_image\" \/>\n<meta name=\"twitter:label1\" content=\"Est. reading time\" \/>\n\t<meta name=\"twitter:data1\" content=\"6 minutes\" \/>\n<script type=\"application\/ld+json\" class=\"yoast-schema-graph\">{\"@context\":\"https:\\\/\\\/schema.org\",\"@graph\":[{\"@type\":\"WebPage\",\"@id\":\"https:\\\/\\\/namba22.com\\\/pt\\\/page-right\\\/\",\"url\":\"https:\\\/\\\/namba22.com\\\/pt\\\/page-right\\\/\",\"name\":\"Page Right - m-translations.com\",\"isPartOf\":{\"@id\":\"https:\\\/\\\/namba22.com\\\/en\\\/#website\"},\"primaryImageOfPage\":{\"@id\":\"https:\\\/\\\/namba22.com\\\/pt\\\/page-right\\\/#primaryimage\"},\"image\":{\"@id\":\"https:\\\/\\\/namba22.com\\\/pt\\\/page-right\\\/#primaryimage\"},\"thumbnailUrl\":\"https:\\\/\\\/namba22.com\\\/wp-content\\\/uploads\\\/2016\\\/02\\\/services.jpg\",\"datePublished\":\"2016-02-17T15:00:05+00:00\",\"dateModified\":\"2020-11-09T11:06:44+00:00\",\"breadcrumb\":{\"@id\":\"https:\\\/\\\/namba22.com\\\/pt\\\/page-right\\\/#breadcrumb\"},\"inLanguage\":\"pt-BR\",\"potentialAction\":[{\"@type\":\"ReadAction\",\"target\":[\"https:\\\/\\\/namba22.com\\\/pt\\\/page-right\\\/\"]}]},{\"@type\":\"ImageObject\",\"inLanguage\":\"pt-BR\",\"@id\":\"https:\\\/\\\/namba22.com\\\/pt\\\/page-right\\\/#primaryimage\",\"url\":\"https:\\\/\\\/namba22.com\\\/wp-content\\\/uploads\\\/2016\\\/02\\\/services.jpg\",\"contentUrl\":\"https:\\\/\\\/namba22.com\\\/wp-content\\\/uploads\\\/2016\\\/02\\\/services.jpg\",\"width\":1814,\"height\":356},{\"@type\":\"BreadcrumbList\",\"@id\":\"https:\\\/\\\/namba22.com\\\/pt\\\/page-right\\\/#breadcrumb\",\"itemListElement\":[{\"@type\":\"ListItem\",\"position\":1,\"name\":\"Casa - Padr\u00e3o\",\"item\":\"https:\\\/\\\/namba22.com\\\/\"},{\"@type\":\"ListItem\",\"position\":2,\"name\":\"p\u00e1gina direita\"}]},{\"@type\":\"WebSite\",\"@id\":\"https:\\\/\\\/namba22.com\\\/pt\\\/en\\\/#website\",\"url\":\"https:\\\/\\\/namba22.com\\\/pt\\\/en\\\/\",\"name\":\"m-translations.com\",\"description\":\"m-translations.com\",\"potentialAction\":[{\"@type\":\"SearchAction\",\"target\":{\"@type\":\"EntryPoint\",\"urlTemplate\":\"https:\\\/\\\/namba22.com\\\/pt\\\/en\\\/?s={search_term_string}\"},\"query-input\":{\"@type\":\"PropertyValueSpecification\",\"valueRequired\":true,\"valueName\":\"search_term_string\"}}],\"inLanguage\":\"pt-BR\"}]}<\/script>\n<!-- \/ Yoast SEO plugin. -->","yoast_head_json":{"title":"p\u00e1gina direita","description":"&nbsp;","robots":{"index":"index","follow":"follow","max-snippet":"max-snippet:-1","max-image-preview":"max-image-preview:large","max-video-preview":"max-video-preview:-1"},"canonical":"&nbsp;","og_locale":"pt_BR","og_type":"article","og_title":"p\u00e1gina direita","og_description":"&nbsp;","og_url":"https:\/\/namba22.com\/pt\/page-right\/","og_site_name":"m-translations.com","article_modified_time":"2020-11-09T11:06:44+00:00","og_image":[{"width":1814,"height":356,"url":"https:\/\/namba22.com\/wp-content\/uploads\/2016\/02\/services.jpg","type":"image\/jpeg"}],"twitter_card":"summary_large_image","twitter_misc":{"Est. reading time":"6 minutes"},"schema":{"@context":"https:\/\/schema.org","@graph":[{"@type":"WebPage","@id":"https:\/\/namba22.com\/pt\/page-right\/","url":"https:\/\/namba22.com\/pt\/page-right\/","name":"Page Right - m-translations.com","isPartOf":{"@id":"https:\/\/namba22.com\/en\/#website"},"primaryImageOfPage":{"@id":"https:\/\/namba22.com\/pt\/page-right\/#primaryimage"},"image":{"@id":"https:\/\/namba22.com\/pt\/page-right\/#primaryimage"},"thumbnailUrl":"https:\/\/namba22.com\/wp-content\/uploads\/2016\/02\/services.jpg","datePublished":"2016-02-17T15:00:05+00:00","dateModified":"2020-11-09T11:06:44+00:00","breadcrumb":{"@id":"https:\/\/namba22.com\/pt\/page-right\/#breadcrumb"},"inLanguage":"pt-BR","potentialAction":[{"@type":"ReadAction","target":["https:\/\/namba22.com\/pt\/page-right\/"]}]},{"@type":"ImageObject","inLanguage":"pt-BR","@id":"https:\/\/namba22.com\/pt\/page-right\/#primaryimage","url":"https:\/\/namba22.com\/wp-content\/uploads\/2016\/02\/services.jpg","contentUrl":"https:\/\/namba22.com\/wp-content\/uploads\/2016\/02\/services.jpg","width":1814,"height":356},{"@type":"BreadcrumbList","@id":"https:\/\/namba22.com\/pt\/page-right\/#breadcrumb","itemListElement":[{"@type":"ListItem","position":1,"name":"Casa - Padr\u00e3o","item":"https:\/\/namba22.com\/"},{"@type":"ListItem","position":2,"name":"p\u00e1gina direita"}]},{"@type":"WebSite","@id":"https:\/\/namba22.com\/pt\/en\/#website","url":"https:\/\/namba22.com\/pt\/en\/","name":"m-translations.com","description":"m-translations.com","potentialAction":[{"@type":"SearchAction","target":{"@type":"EntryPoint","urlTemplate":"https:\/\/namba22.com\/pt\/en\/?s={search_term_string}"},"query-input":{"@type":"PropertyValueSpecification","valueRequired":true,"valueName":"search_term_string"}}],"inLanguage":"pt-BR"}]}},"_links":{"self":[{"href":"https:\/\/namba22.com\/pt\/wp-json\/wp\/v2\/pages\/569","targetHints":{"allow":["GET"]}}],"collection":[{"href":"https:\/\/namba22.com\/pt\/wp-json\/wp\/v2\/pages"}],"about":[{"href":"https:\/\/namba22.com\/pt\/wp-json\/wp\/v2\/types\/page"}],"author":[{"embeddable":true,"href":"https:\/\/namba22.com\/pt\/wp-json\/wp\/v2\/users\/1"}],"replies":[{"embeddable":true,"href":"https:\/\/namba22.com\/pt\/wp-json\/wp\/v2\/comments?post=569"}],"version-history":[{"count":5,"href":"https:\/\/namba22.com\/pt\/wp-json\/wp\/v2\/pages\/569\/revisions"}],"predecessor-version":[{"id":2581,"href":"https:\/\/namba22.com\/pt\/wp-json\/wp\/v2\/pages\/569\/revisions\/2581"}],"wp:featuredmedia":[{"embeddable":true,"href":"https:\/\/namba22.com\/pt\/wp-json\/wp\/v2\/media\/493"}],"wp:attachment":[{"href":"https:\/\/namba22.com\/pt\/wp-json\/wp\/v2\/media?parent=569"}],"curies":[{"name":"wp","href":"https:\/\/api.w.org\/{rel}","templated":true}]}}