{"id":567,"date":"2016-02-17T14:59:59","date_gmt":"2016-02-17T14:59:59","guid":{"rendered":"http:\/\/demo.gloriathemes.com\/wp\/perada\/?page_id=567"},"modified":"2020-11-09T00:29:17","modified_gmt":"2020-11-09T00:29:17","slug":"page-left","status":"publish","type":"page","link":"https:\/\/namba22.com\/pt\/page-left\/","title":{"rendered":"p\u00e1gina esquerda"},"content":{"rendered":"<div class=\"wpb-content-wrapper\"><p>[vc_row el_class=&#8221;container&#8221; css=&#8221;.vc_custom_1455789557886{padding-right: 0px !important;padding-left: 0px !important;}&#8221;][vc_column width=&#8221;3\/4&#8243; css=&#8221;.vc_custom_1461073386056{padding-right: 100px !important;}&#8221; el_class=&#8221;mobile-no-padding&#8221; offset=&#8221;vc_hidden-xs&#8221;][vc_custom_heading text=&#8221;Rela\u00e7\u00e3o custo-benef\u00edcio&#8221; font_container=&#8221;tag:h2|font_size:40|text_align:left|color:%238a8b8e&#8221; use_theme_fonts=&#8221;yes&#8221; css=&#8221;.vc_custom_1604881680977{margin-top: 0px !important;margin-bottom: 22px !important;}&#8221; el_class=&#8221;normalfont&#8221;][vc_column_text]USUALMENTE, INVOLVE L\u00cdNGUA \u00c0s vezes a informa\u00e7\u00e3o \u00e9 mais \u00fatil de uma forma do que de outra. Isto pode significar discurso traduzido em \u00e1udio (geralmente atrav\u00e9s de um dispositivo de grava\u00e7\u00e3o), uma l\u00edngua traduzida para outra l\u00edngua (franc\u00eas, alem\u00e3o ou espanhol, por exemplo, traduzido para h\u00fangaro, belga, \u00e1rabe, etc.) USUALMENTE, \u200b envolve linguagem \u00e0s vezes a informa\u00e7\u00e3o \u00e9 mais \u00fatil em uma forma do que outra. Isso pode significar fala traduzida em \u00e1udio (geralmente por meio de um dispositivo de grava\u00e7\u00e3o), uma l\u00edngua traduzida para outra l\u00edngua (franc\u00eas, alem\u00e3o ou espanhol, por exemplo, traduzido para H\u00fangaro, Belga, \u00e1rabe, etc.) No entanto, se voc\u00ea est\u00e1 registrando qualquer discurso de[\/vc_column_text][vc_column_text]<\/p>\n<ol style=\"color: #ffba00; font-weight: 600;\">\n<li><span style=\"color: #6d6e71; font-weight: 500;\">Entrevista,<\/span><\/li>\n<li><span style=\"color: #6d6e71; font-weight: 500;\">Debates do grupo de reflex\u00e3o<\/span><\/li>\n<li><span style=\"color: #6d6e71; font-weight: 500;\">Ditaduras ou at\u00e9 mesmo produ\u00e7\u00e3o de v\u00eddeo<\/span><\/li>\n<\/ol>\n<p>[\/vc_column_text][\/vc_column][vc_column width=&#8221;1\/4&#8243;][vc_wp_custommenu nav_menu=&#8221;8&#8243; el_class=&#8221;page-menus&#8221; title=&#8221;Page Right&#8221;][\/vc_column][\/vc_row][vc_row el_class=&#8221;container&#8221; css=&#8221;.vc_custom_1455825733932{margin-top: 9px !important;padding-right: 0px !important;padding-left: 0px !important;}&#8221;][vc_column][vc_column_text]O processo ter\u00e1 de considerar \u00e9 traduzir \u00e1udio em texto. Com transcri\u00e7\u00e3o \u00e1udio, traduzimos \u00e1udio de um formul\u00e1rio para outro, principalmente para um documento WORD ou qualquer outro formato mediante pedido. Tudo o que requeremos \u00e9 um ficheiro digital (seja \u00e1udio ou v\u00eddeo) e os nossos transcritores ouvem o som, transcrevendo cuidadosa e precisamente em texto o discurso gravado no ficheiro digital (e at\u00e9 os ru\u00eddos na grava\u00e7\u00e3o, se solicitado). H\u00e1 duas op\u00e7\u00f5es para traduzir o \u00e1udio em texto. Traduzir \u00e1udio utilizando software: Em raros casos em que a sua qualidade \u00e1udio \u00e9 excelente quando h\u00e1 apenas um orador na grava\u00e7\u00e3o, e quando este orador fala de forma muito clara, lenta e distinta, com apenas um sotaque m\u00ednimo, ent\u00e3o pode confiar no software para gerar uma transcri\u00e7\u00e3o bastante fi\u00e1vel. Traduza o \u00e1udio utilizando transcri\u00e7\u00f5es: Contudo, em todos os outros casos &#8211; dois ou mais oradores no \u00e1udio, oradores a falar rapidamente, oradores a falar um sobre o outro, oradores com uma variedade de sotaques, oradores que gaguejam ou repetem ou usam &#8216;ums&#8217; e &#8216;ahs&#8217; enquanto pensam &#8211; ent\u00e3o \u00e9 de longe melhor traduzir o \u00e1udio manualmente. Transcrever \u00e1udio \u00e9 o trabalho de profissionais qualificados transcritores. Mais uma vez, uma &#8220;transcri\u00e7\u00e3o de m\u00e1quina&#8221; pode produzir uma transcri\u00e7\u00e3o com in\u00fameras imprecis\u00f5es, dependendo da qualidade da grava\u00e7\u00e3o e pron\u00fancia da linguagem pelos falantes. Isto \u00e9 exatamente o que nossa especialidade \u00e9: n\u00f3s contratamos experientes, altamente qualificados, transcritores de \u00e1udio em primeira l\u00edngua Ingl\u00eas para traduzir o \u00e1udio em documentos de palavra ou outros formatos. Quando \u00e9 muito importante n\u00e3o acertar &#8211; vamos traduzir seu \u00e1udio em texto.[\/vc_column_text][\/vc_column][\/vc_row][vc_row content_placement=&#8221;bottom&#8221; el_class=&#8221;bgfixed&#8221; css=&#8221;.vc_custom_1461072284059{margin-top: 18px !important;margin-bottom: 8px !important;padding-right: 55px !important;padding-left: 55px !important;background-image: url(http:\/\/www.m-translations.com\/wp-content\/uploads\/2016\/02\/full-width-testimonial-bg-new.jpg?id=1005) !important;}&#8221;][vc_column css=&#8221;.vc_custom_1461072628229{margin-top: 0px !important;padding-top: 0px !important;}&#8221;][vc_row_inner content_placement=&#8221;bottom&#8221; el_class=&#8221;container&#8221; css=&#8221;.vc_custom_1461072586533{margin-top: 0px !important;padding-top: 0px !important;padding-right: 0px !important;padding-left: 0px !important;}&#8221;][vc_column_inner el_class=&#8221;mobile-no-padding&#8221; width=&#8221;3\/4&#8243; css=&#8221;.vc_custom_1461072435199{margin-top: 90px !important;margin-bottom: 90px !important;}&#8221;]<div class=\"testimonial-single\"><div class=\"icon\" style=\"color:#ffba00;\"><i class=\"fa fa-quote-right testimonial-blockquote-icon\"><\/i><\/div><div class=\"testimonial-single-content\" style=\"color:#ffffff;\"><p>O servi\u00e7o que recebemos da M-Translations \u00e9 sempre extremamente profissional. Estamos continuamente impressionados com o alto padr\u00e3o e velocidade de seu trabalho de tradu\u00e7\u00e3o.<\/p><\/div><div class=\"testimonial-single-name\"><span class=\"name\" style=\"color:#ffba00;\">SANJOH DOE,<\/span><span class=\"company\" style=\"color:#ffffff;\">SALAMA CONFERENCES<\/span><\/div><\/div>[\/vc_column_inner][vc_column_inner width=&#8221;1\/4&#8243; offset=&#8221;vc_hidden-xs&#8221; css=&#8221;.vc_custom_1461072600083{margin-top: 25px !important;}&#8221;][vc_single_image image=&#8221;654&#8243; img_size=&#8221;full&#8221; css=&#8221;.vc_custom_1455790005600{margin-top: 0px !important;margin-bottom: 0px !important;padding-top: 0px !important;padding-bottom: 0px !important;}&#8221;][\/vc_column_inner][\/vc_row_inner][\/vc_column][\/vc_row][vc_row equal_height=&#8221;yes&#8221; content_placement=&#8221;bottom&#8221; el_class=&#8221;container&#8221; css=&#8221;.vc_custom_1461072689442{padding-right: 0px !important;padding-left: 0px !important;}&#8221;][vc_column width=&#8221;1\/2&#8243; offset=&#8221;vc_hidden-xs&#8221;][vc_single_image image=&#8221;815&#8243; img_size=&#8221;full&#8221; css=&#8221;.vc_custom_1455822821862{margin-top: 0px !important;margin-bottom: 0px !important;}&#8221;][\/vc_column][vc_column width=&#8221;1\/2&#8243; css=&#8221;.vc_custom_1461072749782{padding-bottom: 15px !important;}&#8221;][vc_column_text]Quando nossos clientes recebem o melhor valor pela quantia de dinheiro que pagaram, eles sentem que valem o valor do seu dinheiro ou um bom valor pelo seu dinheiro. O que voc\u00ea precisa entender e perceber sobre o valor pelo dinheiro \u00e9 que n\u00e3o se trata apenas do pre\u00e7o dos produtos ou servi\u00e7os que seus clientes est\u00e3o dispostos a pagar. \u00c9 mais significativo do que apenas o pre\u00e7o. Tamb\u00e9m envolve toda a experi\u00eancia que vem junto com ele, do in\u00edcio ao fim da transa\u00e7\u00e3o comercial. Isso inclui, mas n\u00e3o est\u00e1 limitado a, intera\u00e7\u00e3o com funcion\u00e1rios, n\u00edvel de esfor\u00e7o, qualidade do produto ou servi\u00e7o, adequa\u00e7\u00e3o do produto ou servi\u00e7o \u00e0s necessidades dos clientes e uso real do produto ou servi\u00e7o em si. \u00c9 importante ver nossos clientes valorizarem seu dinheiro, independentemente de estarem comprando um item de baixo ou alto pre\u00e7o. Eles sempre procuram e esperam um valor global para seu dinheiro. No entanto, quanto mais alto o pre\u00e7o do item, mais valor nossos clientes esperam. &#8230; E fazemos tudo o que podemos para atender \u00e0s expectativas de nossos clientes.[\/vc_column_text][vc_row_inner css=&#8221;.vc_custom_1455825378855{margin-top: 20px !important;}&#8221;][vc_column_inner width=&#8221;1\/2&#8243;]<div class=\"countimator\"><div id=\"myStathalf6864573072\" data-dimension=\"128\" data-text=\"\" data-info=\"\" data-width=\"100\" data-percent=\"98\" data-fgcolor=\"#FFBA00\" data-bgcolor=\"#eee\" data-type=\"half\" data-icon=\"\"><\/div><h3><span>%<\/span><div class=\"counter scounter6864573072\" data-last=\"98\">98<\/div><\/h3><h4>PROJECTOS BEM SUCEDIDOS<\/h4><\/div><script type=\"text\/javascript\">\r\n\t\t\t\t\tjQuery(document).ready(function($){\r\n\t\t\t\t\t\tvar circlePercent = function() {\r\n\t\t\t\t\t\t\t$(\"#myStathalf6864573072\").circliful();\r\n\t\t\t\t\t\t}\r\n\t\t\t\t\t\t$(\"#myStathalf6864573072\").waypoint(circlePercent, { offset: \"100%\", triggerOnce: true });\r\n\t\t\t\t\t\t\r\n\t\t\t\t\t\t$(\".scounter6864573072\").counterUp({\r\n\t\t\t\t\t\t\tdelay: 10,\r\n\t\t\t\t\t\t\ttime: 1200\r\n\t\t\t\t\t\t});\r\n\t\t\t\t\t});\r\n    <\/script>[\/vc_column_inner][vc_column_inner width=&#8221;1\/2&#8243;]<div class=\"countimator\"><div id=\"myStathalf4910364650\" data-dimension=\"128\" data-text=\"\" data-info=\"\" data-width=\"100\" data-percent=\"50\" data-fgcolor=\"#FFBA00\" data-bgcolor=\"#eee\" data-type=\"half\" data-icon=\"\"><\/div><h3><span>%<\/span><div class=\"counter scounter4910364650\" data-last=\"50\">50<\/div><\/h3><h4>DE NOVOS CLIENTES<\/h4><\/div><script type=\"text\/javascript\">\r\n\t\t\t\t\tjQuery(document).ready(function($){\r\n\t\t\t\t\t\tvar circlePercent = function() {\r\n\t\t\t\t\t\t\t$(\"#myStathalf4910364650\").circliful();\r\n\t\t\t\t\t\t}\r\n\t\t\t\t\t\t$(\"#myStathalf4910364650\").waypoint(circlePercent, { offset: \"100%\", triggerOnce: true });\r\n\t\t\t\t\t\t\r\n\t\t\t\t\t\t$(\".scounter4910364650\").counterUp({\r\n\t\t\t\t\t\t\tdelay: 10,\r\n\t\t\t\t\t\t\ttime: 1200\r\n\t\t\t\t\t\t});\r\n\t\t\t\t\t});\r\n    <\/script>[\/vc_column_inner][\/vc_row_inner][vc_row_inner css=&#8221;.vc_custom_1455827803071{margin-top: 20px !important;}&#8221;][vc_column_inner width=&#8221;1\/2&#8243;]<div class=\"countimator\"><div id=\"myStathalf7676875998\" data-dimension=\"128\" data-text=\"\" data-info=\"\" data-width=\"100\" data-percent=\"99\" data-fgcolor=\"#FFBA00\" data-bgcolor=\"#eee\" data-type=\"half\" data-icon=\"\"><\/div><h3><span>%<\/span><div class=\"counter scounter7676875998\" data-last=\"99\">99<\/div><\/h3><h4>SATISFA\u00c7\u00c3O DO CLIENTE<\/h4><\/div><script type=\"text\/javascript\">\r\n\t\t\t\t\tjQuery(document).ready(function($){\r\n\t\t\t\t\t\tvar circlePercent = function() {\r\n\t\t\t\t\t\t\t$(\"#myStathalf7676875998\").circliful();\r\n\t\t\t\t\t\t}\r\n\t\t\t\t\t\t$(\"#myStathalf7676875998\").waypoint(circlePercent, { offset: \"100%\", triggerOnce: true });\r\n\t\t\t\t\t\t\r\n\t\t\t\t\t\t$(\".scounter7676875998\").counterUp({\r\n\t\t\t\t\t\t\tdelay: 10,\r\n\t\t\t\t\t\t\ttime: 1200\r\n\t\t\t\t\t\t});\r\n\t\t\t\t\t});\r\n    <\/script>[\/vc_column_inner][vc_column_inner width=&#8221;1\/2&#8243;]<div class=\"countimator\"><div id=\"myStathalf179879482\" data-dimension=\"128\" data-text=\"\" data-info=\"\" data-width=\"100\" data-percent=\"2\" data-fgcolor=\"#FFBA00\" data-bgcolor=\"#eee\" data-type=\"half\" data-icon=\"\"><\/div><h3><span>%<\/span><div class=\"counter scounter179879482\" data-last=\"2\">2<\/div><\/h3><h4>N\u00c3O P\u00d4DE SER SATISFEITO<\/h4><\/div><script type=\"text\/javascript\">\r\n\t\t\t\t\tjQuery(document).ready(function($){\r\n\t\t\t\t\t\tvar circlePercent = function() {\r\n\t\t\t\t\t\t\t$(\"#myStathalf179879482\").circliful();\r\n\t\t\t\t\t\t}\r\n\t\t\t\t\t\t$(\"#myStathalf179879482\").waypoint(circlePercent, { offset: \"100%\", triggerOnce: true });\r\n\t\t\t\t\t\t\r\n\t\t\t\t\t\t$(\".scounter179879482\").counterUp({\r\n\t\t\t\t\t\t\tdelay: 10,\r\n\t\t\t\t\t\t\ttime: 1200\r\n\t\t\t\t\t\t});\r\n\t\t\t\t\t});\r\n    <\/script>[\/vc_column_inner][\/vc_row_inner][\/vc_column][\/vc_row][vc_row css=&#8221;.vc_custom_1455792229492{background-color: #ffba00 !important;}&#8221;][vc_column][vc_row_inner el_class=&#8221;container&#8221; css=&#8221;.vc_custom_1455792237431{margin-top: 6px !important;margin-bottom: 40px !important;padding-right: 0px !important;padding-left: 0px !important;}&#8221;][vc_column_inner]<div class=\"clients-widget\"><div class=\"owl-carousel-clients-151213704\"><div class=\"item\"><a href=\"\" title=\"Client\" ><img decoding=\"async\" src=\"https:\/\/namba22.com\/wp-content\/uploads\/2016\/02\/ref1.png\" alt=\"Client\" \/><\/a><\/div><div class=\"item\"><a href=\"\" title=\"Client\" ><img decoding=\"async\" src=\"https:\/\/namba22.com\/wp-content\/uploads\/2016\/02\/ref2.png\" alt=\"Client\" \/><\/a><\/div><div class=\"item\"><a href=\"\" title=\"Client\" ><img decoding=\"async\" src=\"https:\/\/namba22.com\/wp-content\/uploads\/2016\/02\/ref3.png\" alt=\"Client\" \/><\/a><\/div><div class=\"item\"><a href=\"\" title=\"Client\" ><img decoding=\"async\" src=\"https:\/\/namba22.com\/wp-content\/uploads\/2016\/02\/ref4.png\" alt=\"Client\" \/><\/a><\/div><div class=\"item\"><a href=\"\" title=\"Client\" ><img decoding=\"async\" src=\"https:\/\/namba22.com\/wp-content\/uploads\/2016\/02\/ref5.png\" alt=\"Client\" \/><\/a><\/div><div class=\"item\"><a href=\"\" title=\"Client\" ><img decoding=\"async\" src=\"https:\/\/namba22.com\/wp-content\/uploads\/2016\/02\/ref6.png\" alt=\"Client\" \/><\/a><\/div><\/div><\/div><script>\r\n\t\t\t\t\t\t\tjQuery(document).ready(function($){\r\n\t\t\t\t\t\t\t\t$('.owl-carousel-clients-151213704').owlCarousel({\r\n\t\t\t\t\t\t\t\t\tloop:true,\r\n\t\t\t\t\t\t\t\t\tnav:false,\r\n\t\t\t\t\t\t\t\t\tmargin:80,\r\n\t\t\t\t\t\t\t\t\tdots:false,\r\n\t\t\t\t\t\t\t\t\tautoWidth:true,\r\n\t\t\t\t\t\t\t\t\tresponsive:{\r\n\t\t\t\t\t\t\t\t\t\t0:{\r\n\t\t\t\t\t\t\t\t\t\t\titems:2,\r\n\t\t\t\t\t\t\t\t\t\t},\r\n\t\t\t\t\t\t\t\t\t\t768:{\r\n\t\t\t\t\t\t\t\t\t\t\titems:6,\r\n\t\t\t\t\t\t\t\t\t\t},\r\n\t\t\t\t\t\t\t\t\t}\r\n\t\t\t\t\t\t\t\t});\r\n\t\t\t\t\t\t\t});\r\n\t\t\t\t\t\t<\/script>[\/vc_column_inner][\/vc_row_inner][\/vc_column][\/vc_row]<\/p>\n<\/div>","protected":false},"excerpt":{"rendered":"<p>&nbsp;<\/p>\n","protected":false},"author":1,"featured_media":493,"parent":0,"menu_order":0,"comment_status":"closed","ping_status":"closed","template":"","meta":{"_rsvp_to":"","_rsvp_max":"","_rsvp_show_attendees":"","_rsvp_instructions":"","simple_price":"","simple_price_label":"","venue":"","_template_start_hour":"","_template_start_minutes":"","_sked_minutes":"","_sked_stop":"","_sked_duration":"","_payment_gateway":"Cash or Custom","_rsvp_currency":"USD","_sked_hour":"12","_sked_end":"13:00","rsvp_tx_template":0,"_rsvp_start":0,"_rsvp_deadline":0,"_rsvp_deadline_daysbefore":"0","_rsvp_deadline_hours":"0","_rsvp_reg_daysbefore":"0","_rsvp_reg_hours":"0","_rsvp_count_party":"1","_timezone":"+00:00","_rsvp_on":false,"_add_timezone":false,"_convert_timezone":false,"_calendar_icons":true,"_rsvp_end_display":false,"_rsvp_rsvpmaker_send_confirmation_email":false,"_rsvp_confirmation_after_payment":false,"_rsvp_confirmation_include_event":false,"_rsvp_count":true,"_rsvp_yesno":true,"_rsvp_captcha":false,"_rsvp_login_required":false,"_rsvp_form_show_date":false,"footnotes":""},"class_list":["post-567","page","type-page","status-publish","has-post-thumbnail","hentry"],"yoast_head":"<!-- This site is optimized with the Yoast SEO plugin v27.4 - https:\/\/yoast.com\/product\/yoast-seo-wordpress\/ -->\n<title>p\u00e1gina esquerda<\/title>\n<meta name=\"description\" content=\"&nbsp;\" \/>\n<meta name=\"robots\" content=\"index, follow, max-snippet:-1, max-image-preview:large, max-video-preview:-1\" \/>\n<link rel=\"canonical\" href=\"http:\/\/&nbsp;\" \/>\n<meta property=\"og:locale\" content=\"pt_BR\" \/>\n<meta property=\"og:type\" content=\"article\" \/>\n<meta property=\"og:title\" content=\"p\u00e1gina esquerda\" \/>\n<meta property=\"og:description\" content=\"&nbsp;\" \/>\n<meta property=\"og:url\" content=\"https:\/\/namba22.com\/pt\/page-left\/\" \/>\n<meta property=\"og:site_name\" content=\"m-translations.com\" \/>\n<meta property=\"article:modified_time\" content=\"2020-11-09T00:29:17+00:00\" \/>\n<meta property=\"og:image\" content=\"https:\/\/namba22.com\/wp-content\/uploads\/2016\/02\/services.jpg\" \/>\n\t<meta property=\"og:image:width\" content=\"1814\" \/>\n\t<meta property=\"og:image:height\" content=\"356\" \/>\n\t<meta property=\"og:image:type\" content=\"image\/jpeg\" \/>\n<meta name=\"twitter:card\" content=\"summary_large_image\" \/>\n<meta name=\"twitter:label1\" content=\"Est. reading time\" \/>\n\t<meta name=\"twitter:data1\" content=\"5 minutes\" \/>\n<script type=\"application\/ld+json\" class=\"yoast-schema-graph\">{\"@context\":\"https:\\\/\\\/schema.org\",\"@graph\":[{\"@type\":\"WebPage\",\"@id\":\"https:\\\/\\\/namba22.com\\\/pt\\\/page-left\\\/\",\"url\":\"https:\\\/\\\/namba22.com\\\/pt\\\/page-left\\\/\",\"name\":\"Page Left - m-translations.com\",\"isPartOf\":{\"@id\":\"https:\\\/\\\/namba22.com\\\/en\\\/#website\"},\"primaryImageOfPage\":{\"@id\":\"https:\\\/\\\/namba22.com\\\/pt\\\/page-left\\\/#primaryimage\"},\"image\":{\"@id\":\"https:\\\/\\\/namba22.com\\\/pt\\\/page-left\\\/#primaryimage\"},\"thumbnailUrl\":\"https:\\\/\\\/namba22.com\\\/wp-content\\\/uploads\\\/2016\\\/02\\\/services.jpg\",\"datePublished\":\"2016-02-17T14:59:59+00:00\",\"dateModified\":\"2020-11-09T00:29:17+00:00\",\"breadcrumb\":{\"@id\":\"https:\\\/\\\/namba22.com\\\/pt\\\/page-left\\\/#breadcrumb\"},\"inLanguage\":\"pt-BR\",\"potentialAction\":[{\"@type\":\"ReadAction\",\"target\":[\"https:\\\/\\\/namba22.com\\\/pt\\\/page-left\\\/\"]}]},{\"@type\":\"ImageObject\",\"inLanguage\":\"pt-BR\",\"@id\":\"https:\\\/\\\/namba22.com\\\/pt\\\/page-left\\\/#primaryimage\",\"url\":\"https:\\\/\\\/namba22.com\\\/wp-content\\\/uploads\\\/2016\\\/02\\\/services.jpg\",\"contentUrl\":\"https:\\\/\\\/namba22.com\\\/wp-content\\\/uploads\\\/2016\\\/02\\\/services.jpg\",\"width\":1814,\"height\":356},{\"@type\":\"BreadcrumbList\",\"@id\":\"https:\\\/\\\/namba22.com\\\/pt\\\/page-left\\\/#breadcrumb\",\"itemListElement\":[{\"@type\":\"ListItem\",\"position\":1,\"name\":\"Casa - Padr\u00e3o\",\"item\":\"https:\\\/\\\/namba22.com\\\/\"},{\"@type\":\"ListItem\",\"position\":2,\"name\":\"p\u00e1gina esquerda\"}]},{\"@type\":\"WebSite\",\"@id\":\"https:\\\/\\\/namba22.com\\\/pt\\\/en\\\/#website\",\"url\":\"https:\\\/\\\/namba22.com\\\/pt\\\/en\\\/\",\"name\":\"m-translations.com\",\"description\":\"m-translations.com\",\"potentialAction\":[{\"@type\":\"SearchAction\",\"target\":{\"@type\":\"EntryPoint\",\"urlTemplate\":\"https:\\\/\\\/namba22.com\\\/pt\\\/en\\\/?s={search_term_string}\"},\"query-input\":{\"@type\":\"PropertyValueSpecification\",\"valueRequired\":true,\"valueName\":\"search_term_string\"}}],\"inLanguage\":\"pt-BR\"}]}<\/script>\n<!-- \/ Yoast SEO plugin. -->","yoast_head_json":{"title":"p\u00e1gina esquerda","description":"&nbsp;","robots":{"index":"index","follow":"follow","max-snippet":"max-snippet:-1","max-image-preview":"max-image-preview:large","max-video-preview":"max-video-preview:-1"},"canonical":"&nbsp;","og_locale":"pt_BR","og_type":"article","og_title":"p\u00e1gina esquerda","og_description":"&nbsp;","og_url":"https:\/\/namba22.com\/pt\/page-left\/","og_site_name":"m-translations.com","article_modified_time":"2020-11-09T00:29:17+00:00","og_image":[{"width":1814,"height":356,"url":"https:\/\/namba22.com\/wp-content\/uploads\/2016\/02\/services.jpg","type":"image\/jpeg"}],"twitter_card":"summary_large_image","twitter_misc":{"Est. reading time":"5 minutes"},"schema":{"@context":"https:\/\/schema.org","@graph":[{"@type":"WebPage","@id":"https:\/\/namba22.com\/pt\/page-left\/","url":"https:\/\/namba22.com\/pt\/page-left\/","name":"Page Left - m-translations.com","isPartOf":{"@id":"https:\/\/namba22.com\/en\/#website"},"primaryImageOfPage":{"@id":"https:\/\/namba22.com\/pt\/page-left\/#primaryimage"},"image":{"@id":"https:\/\/namba22.com\/pt\/page-left\/#primaryimage"},"thumbnailUrl":"https:\/\/namba22.com\/wp-content\/uploads\/2016\/02\/services.jpg","datePublished":"2016-02-17T14:59:59+00:00","dateModified":"2020-11-09T00:29:17+00:00","breadcrumb":{"@id":"https:\/\/namba22.com\/pt\/page-left\/#breadcrumb"},"inLanguage":"pt-BR","potentialAction":[{"@type":"ReadAction","target":["https:\/\/namba22.com\/pt\/page-left\/"]}]},{"@type":"ImageObject","inLanguage":"pt-BR","@id":"https:\/\/namba22.com\/pt\/page-left\/#primaryimage","url":"https:\/\/namba22.com\/wp-content\/uploads\/2016\/02\/services.jpg","contentUrl":"https:\/\/namba22.com\/wp-content\/uploads\/2016\/02\/services.jpg","width":1814,"height":356},{"@type":"BreadcrumbList","@id":"https:\/\/namba22.com\/pt\/page-left\/#breadcrumb","itemListElement":[{"@type":"ListItem","position":1,"name":"Casa - Padr\u00e3o","item":"https:\/\/namba22.com\/"},{"@type":"ListItem","position":2,"name":"p\u00e1gina esquerda"}]},{"@type":"WebSite","@id":"https:\/\/namba22.com\/pt\/en\/#website","url":"https:\/\/namba22.com\/pt\/en\/","name":"m-translations.com","description":"m-translations.com","potentialAction":[{"@type":"SearchAction","target":{"@type":"EntryPoint","urlTemplate":"https:\/\/namba22.com\/pt\/en\/?s={search_term_string}"},"query-input":{"@type":"PropertyValueSpecification","valueRequired":true,"valueName":"search_term_string"}}],"inLanguage":"pt-BR"}]}},"_links":{"self":[{"href":"https:\/\/namba22.com\/pt\/wp-json\/wp\/v2\/pages\/567","targetHints":{"allow":["GET"]}}],"collection":[{"href":"https:\/\/namba22.com\/pt\/wp-json\/wp\/v2\/pages"}],"about":[{"href":"https:\/\/namba22.com\/pt\/wp-json\/wp\/v2\/types\/page"}],"author":[{"embeddable":true,"href":"https:\/\/namba22.com\/pt\/wp-json\/wp\/v2\/users\/1"}],"replies":[{"embeddable":true,"href":"https:\/\/namba22.com\/pt\/wp-json\/wp\/v2\/comments?post=567"}],"version-history":[{"count":6,"href":"https:\/\/namba22.com\/pt\/wp-json\/wp\/v2\/pages\/567\/revisions"}],"predecessor-version":[{"id":2580,"href":"https:\/\/namba22.com\/pt\/wp-json\/wp\/v2\/pages\/567\/revisions\/2580"}],"wp:featuredmedia":[{"embeddable":true,"href":"https:\/\/namba22.com\/pt\/wp-json\/wp\/v2\/media\/493"}],"wp:attachment":[{"href":"https:\/\/namba22.com\/pt\/wp-json\/wp\/v2\/media?parent=567"}],"curies":[{"name":"wp","href":"https:\/\/api.w.org\/{rel}","templated":true}]}}