{"id":565,"date":"2016-02-17T14:59:48","date_gmt":"2016-02-17T14:59:48","guid":{"rendered":"http:\/\/demo.gloriathemes.com\/wp\/perada\/?page_id=565"},"modified":"2020-11-15T23:22:57","modified_gmt":"2020-11-15T23:22:57","slug":"our-team","status":"publish","type":"page","link":"https:\/\/namba22.com\/pt\/our-team\/","title":{"rendered":"a nossa equipa"},"content":{"rendered":"<div class=\"wpb-content-wrapper\"><p>[vc_row css=&#8221;.vc_custom_1455795212998{margin-bottom: 16px !important;}&#8221;][vc_column][vc_row_inner el_class=&#8221;container&#8221; css=&#8221;.vc_custom_1455793527422{padding-right: 0px !important;padding-left: 0px !important;}&#8221;][vc_column_inner][vc_custom_heading text=&#8221;Tradu\u00e7\u00f5es profissionais&#8221; font_container=&#8221;tag:h2|font_size:40|text_align:left|color:%236d6e71&#8243; use_theme_fonts=&#8221;yes&#8221; css=&#8221;.vc_custom_1603390365375{margin-top: 0px !important;margin-bottom: 20px !important;}&#8221; el_class=&#8221;normalfont&#8221;][vc_column_text]<strong>Ag\u00eancia de Tradu\u00e7\u00e3o Profissional<\/strong><\/p>\n<p>A nossa ag\u00eancia de tradu\u00e7\u00e3o \u00e9 uma especialista em servi\u00e7os lingu\u00edsticos multi-sectoriais.<\/p>\n<p>Podemos garantir uma qualidade consistentemente excelente de servi\u00e7os de tradu\u00e7\u00e3o em v\u00e1rios campos, assegurando que cada tradu\u00e7\u00e3o de documentos seja atribu\u00edda aos membros mais apropriados da nossa equipa especializada de tradutores, revisores e editores altamente qualificados.<\/p>\n<p>Resposta r\u00e1pida &#8211; em todo o mundo<\/p>\n<p>A nossa opera\u00e7\u00e3o de expans\u00e3o global assegura que o nosso escrit\u00f3rio seja capaz de responder ao seu pedido. Garantimos-lhe o envio de um or\u00e7amento vinculativo.<br \/>\n[\/vc_column_text][\/vc_column_inner][\/vc_row_inner][\/vc_column][\/vc_row][vc_row full_width=&#8221;stretch_row_content_no_spaces&#8221; content_placement=&#8221;middle&#8221; css=&#8221;.vc_custom_1455797050456{margin-bottom: 15px !important;padding-top: 28px !important;background-image: url(http:\/\/demo.gloriathemes.com\/wp\/perada\/wp-content\/uploads\/2016\/02\/team-bg.jpg?id=129) !important;}&#8221; el_class=&#8221;bgfixed&#8221;][vc_column][vc_row_inner el_class=&#8221;container&#8221; css=&#8221;.vc_custom_1455395711203{margin-bottom: 50px !important;}&#8221;][vc_column_inner]<div class=\"content-widget-title \"><div class=\"content-title-text\"><h3 style=\"color:#ffffff;\">team<\/h3><p style=\"color:#ffffff;\">Get to know our entire team members closely.<\/p><\/div><\/div>[\/vc_column_inner][\/vc_row_inner]<div class=\"team-widget team-widget-boxed\"><div class=\"team-widget-item\"><div class=\"image\" style=\"background-image:url(https:\/\/namba22.com\/wp-content\/uploads\/2016\/02\/Eva-Laura-Bella-580x381.jpg);\"><a href=\"https:\/\/namba22.com\/pt\/perada_team\/zoe-ndaya-3\/\" title=\"Zo\u00e9-Ndaya\"><div class=\"separate\"><\/div><\/a><\/div>\r\n\t\t\t\t\t\t<div class=\"content\"><h4>Zo\u00e9-Ndaya<\/h4><h3>C.O. Fundador e Director de Marketing<\/h3><div class=\"excerpt\"><p>omo gestor de Marketing, tenho uma variedade de responsabilidades, tais como elaborar estimativas e or\u00e7amentos para campanhas de marketing, submet\u00ea-los para aprova\u00e7\u00e3o, trabalhar com ag\u00eancias de publicidade, estar envolvido em negocia\u00e7\u00f5es. Al\u00e9m disso, tenho o prazer de desempenhar o papel fundamental de levar o servi\u00e7o da minha empresa \u00e0s pessoas que realmente precisam dele.<\/p><\/div><div class=\"read-more\"><a href=\"https:\/\/namba22.com\/pt\/perada_team\/zoe-ndaya-3\/\" title=\"Zo\u00e9-Ndaya\">More<\/a><\/div><\/div>\r\n\t\t\t\t\t<\/div><div class=\"team-widget-item\"><div class=\"image\" style=\"background-image:url(https:\/\/namba22.com\/wp-content\/uploads\/2016\/02\/Jackie-Woolf-580x381.jpg);\"><a href=\"https:\/\/namba22.com\/pt\/perada_team\/mila-karl-3\/\" title=\"Mila Karl\"><div class=\"separate\"><\/div><\/a><\/div>\r\n\t\t\t\t\t\t<div class=\"content\"><h4>Mila Karl<\/h4><h3>Tradutora Superiora<\/h3><div class=\"excerpt\"><p>O meu trabalho aqui \u00e9 ser gestor de projectos de tradu\u00e7\u00e3o. Um gestor de projecto \u00e9 respons\u00e1vel pela coordena\u00e7\u00e3o de projectos de tradu\u00e7\u00e3o do in\u00edcio ao fim, o que requer muita dedica\u00e7\u00e3o e gest\u00e3o. A tradu\u00e7\u00e3o \u00e9 uma tarefa complexa, que requer a colabora\u00e7\u00e3o activa de m\u00faltiplos participantes para produzir um produto de qualidade.<\/p><\/div><div class=\"read-more\"><a href=\"https:\/\/namba22.com\/pt\/perada_team\/mila-karl-3\/\" title=\"Mila Karl\">More<\/a><\/div><\/div>\r\n\t\t\t\t\t<\/div><div class=\"team-widget-item\"><div class=\"image\" style=\"background-image:url(https:\/\/namba22.com\/wp-content\/uploads\/2016\/02\/fff-580x381.jpg);\"><a href=\"https:\/\/namba22.com\/pt\/perada_team\/carmen-belinda-3\/\" title=\"Carmen Belinda\"><div class=\"separate\"><\/div><\/a><\/div>\r\n\t\t\t\t\t\t<div class=\"content\"><h4>Carmen Belinda<\/h4><h3>Director Financeiro<\/h3><div class=\"excerpt\"><p>As minhas qualifica\u00e7\u00f5es e experi\u00eancia s\u00e3o basicamente as seguintes: - Qualifica\u00e7\u00e3o contabil\u00edstica (ACCA, CIMA, ACA) - Mais 10 anos de experi\u00eancia de trabalho em finan\u00e7as com um claro entendimento de previs\u00e3o, or\u00e7amenta\u00e7\u00e3o, etc. A contabilidade \u00e9 muito essencial para o crescimento do nosso neg\u00f3cio. \u00c9 por isso que, utilizando a minha experi\u00eancia para orientar decis\u00f5es financeiras importantes, aplicar integridade e intelig\u00eancia \u00e9 muito capital.<\/p><\/div><div class=\"read-more\"><a href=\"https:\/\/namba22.com\/pt\/perada_team\/carmen-belinda-3\/\" title=\"Carmen Belinda\">More<\/a><\/div><\/div>\r\n\t\t\t\t\t<\/div><div class=\"team-widget-item\"><div class=\"image\" style=\"background-image:url(https:\/\/namba22.com\/wp-content\/uploads\/2016\/02\/Gerard-Manfries-580x381.jpg);\"><a href=\"https:\/\/namba22.com\/pt\/perada_team\/bambakana-tshibanda-3\/\" title=\"Bambakana Tshibanda\"><div class=\"separate\"><\/div><\/a><\/div>\r\n\t\t\t\t\t\t<div class=\"content\"><h4>Bambakana Tshibanda<\/h4><h3>Representante do cliente<\/h3><div class=\"excerpt\"><p>Na qualidade de Representante de Servi\u00e7o ao Cliente Inteiro, sou competente em Consultoria com os clientes para avaliar as suas necessidades, determinar os melhores servi\u00e7os, e sugerir servi\u00e7os adicionais que possam ser de interesse. Para fazer correctamente o que estou a fazer, \u00e9 necess\u00e1ria a capacidade de lidar com m\u00faltiplas tarefas. N\u00e3o sou esse tipo de RSE que apenas recebe informa\u00e7\u00f5es sobre chamadas telef\u00f3nicas recebidas por telefone,<\/p><\/div><div class=\"read-more\"><a href=\"https:\/\/namba22.com\/pt\/perada_team\/bambakana-tshibanda-3\/\" title=\"Bambakana Tshibanda\">More<\/a><\/div><\/div>\r\n\t\t\t\t\t<\/div><\/div>[vc_row_inner css=&#8221;.vc_custom_1456056595515{margin-top: 70px !important;margin-bottom: 68px !important;}&#8221; el_class=&#8221;perada-button-white-hover&#8221;][vc_column_inner]<div class=\"perada-button text-center\"><a href=\"\" title=\"ALL THE DETAILS\">ALL THE DETAILS<\/a><\/div>[\/vc_column_inner][\/vc_row_inner][\/vc_column][\/vc_row][vc_row el_class=&#8221;container&#8221; css=&#8221;.vc_custom_1456056810678{padding-right: 0px !important;padding-bottom: 20px !important;padding-left: 0px !important;}&#8221;][vc_column width=&#8221;1\/2&#8243;][vc_column_text]Our Translation Office specializes in providing accurate legal translations using only legal professionals as well as legal translators and proofreaders with professional qualifications in legal translations and related fields.<\/p>\n<p><strong>Top Quality Translation of Legal Documents<\/strong><\/p>\n<p>Take advantage of our extensive experience in the translation of legal documents of all kinds. Our blend of experienced, skilled language professionals, industry experts, and project managers makes our agency the ideal partner for even the most complex and specialist legal translation needs.<\/p>\n<p>We also provide all types of legal interpreting services, including <a href=\"https:\/\/www.rosettatranslation.com\/court-interpreting\/\">court interpreting<\/a>.<\/p>\n<p>For a free instant quote, please complete the form or <a href=\"https:\/\/www.rosettatranslation.com\/contact-us\/\">contact us<\/a><\/p>\n<p><strong>Legal Translations You Can Trust<\/strong><\/p>\n<p>We maintain our rigorously high standards in legal translation by only assigning translation work to translators and proofreaders who will either have extensive experience working in the legal industry or will have undergone dedicated legal translation training. This specialization means that terminology or constructions specific to legal documents will always be translated correctly.<\/p>\n<p>In addition, we only use highly qualified translators who translate exclusively into their own native language, ensuring that the translations are read like original documents.<\/p>\n<p>[\/vc_column_text][\/vc_column][vc_column width=&#8221;1\/2&#8243;][vc_row_inner css=&#8221;.vc_custom_1455796774414{margin-bottom: 18px !important;}&#8221;][vc_column_inner]<div class=\"perada-progress-bar progressv2\"><div class=\"percent\" style=\"color:#ffba00;\"><span>%<\/span><label class=\"counter-2119947450\">75<\/label><\/div><div class=\"progress-content\"><div class=\"title\" style=\"color:#6d6e71;\">DE PROJECTOS BEM SUCEDIDOS<\/div><div id=\"progress-wrap-2119947450\" class=\"progress-wrap progress\" data-progress-percent=\"75\" style=\"background-color:#ffba00;\">\r\n\t\t\t\t\t\t\t\t\t\t<div id=\"progress-bar-2119947450\" class=\"progress-bar progress\" style=\"background-color:#e2e2e2;\" style=\"left: 0;\"><\/div>\r\n\t\t\t\t\t\t\t\t\t<\/div><\/div><\/div><script>\t\t\t\t\t\t\t\r\n\t\t\t\t\t\t\tjQuery(document).ready(function($){\t\t\t\t\t\t\r\n\t\t\t\t\t\t\t\tvar progressBar = function() {\r\n\t\t\t\t\t\t\t\t\tvar percent = $('#progress-wrap-2119947450').attr('data-progress-percent');\r\n\t\t\t\t\t\t\t\t\t$('#progress-bar-2119947450').animate({\r\n\t\t\t\t\t\t\t\t\t\tleft: percent + '%'\r\n\t\t\t\t\t\t\t\t\t}, 3500);\r\n\t\t\t\t\t\t\t\t}\r\n\t\t\t\t\t\t\t\t$('#progress-bar-2119947450').waypoint(progressBar, { offset: '100%', triggerOnce: true });\r\n\r\n\t\t\t\t\t\t\t\t$('.counter-2119947450').counterUp({\r\n\t\t\t\t\t\t\t\t\tdelay: 10,\r\n\t\t\t\t\t\t\t\t\ttime: 2500\r\n\t\t\t\t\t\t\t\t});\r\n\t\t\t\t\t\t\t});\r\n\t\t\t\t\t\t<\/script>[\/vc_column_inner][\/vc_row_inner][vc_row_inner css=&#8221;.vc_custom_1455796781146{margin-bottom: 18px !important;}&#8221;][vc_column_inner]<div class=\"perada-progress-bar progressv2\"><div class=\"percent\" style=\"color:#ffba00;\"><span>%<\/span><label class=\"counter-1544628755\">85<\/label><\/div><div class=\"progress-content\"><div class=\"title\" style=\"color:#6d6e71;\">DE NOVOS CLIENTES EM RELA\u00c7\u00c3O AOS ANTERIORES<\/div><div id=\"progress-wrap-1544628755\" class=\"progress-wrap progress\" data-progress-percent=\"85\" style=\"background-color:#ffba00;\">\r\n\t\t\t\t\t\t\t\t\t\t<div id=\"progress-bar-1544628755\" class=\"progress-bar progress\" style=\"background-color:#e2e2e2;\" style=\"left: 0;\"><\/div>\r\n\t\t\t\t\t\t\t\t\t<\/div><\/div><\/div><script>\t\t\t\t\t\t\t\r\n\t\t\t\t\t\t\tjQuery(document).ready(function($){\t\t\t\t\t\t\r\n\t\t\t\t\t\t\t\tvar progressBar = function() {\r\n\t\t\t\t\t\t\t\t\tvar percent = $('#progress-wrap-1544628755').attr('data-progress-percent');\r\n\t\t\t\t\t\t\t\t\t$('#progress-bar-1544628755').animate({\r\n\t\t\t\t\t\t\t\t\t\tleft: percent + '%'\r\n\t\t\t\t\t\t\t\t\t}, 3500);\r\n\t\t\t\t\t\t\t\t}\r\n\t\t\t\t\t\t\t\t$('#progress-bar-1544628755').waypoint(progressBar, { offset: '100%', triggerOnce: true });\r\n\r\n\t\t\t\t\t\t\t\t$('.counter-1544628755').counterUp({\r\n\t\t\t\t\t\t\t\t\tdelay: 10,\r\n\t\t\t\t\t\t\t\t\ttime: 2500\r\n\t\t\t\t\t\t\t\t});\r\n\t\t\t\t\t\t\t});\r\n\t\t\t\t\t\t<\/script>[\/vc_column_inner][\/vc_row_inner][vc_row_inner css=&#8221;.vc_custom_1455796785789{margin-bottom: 18px !important;}&#8221;][vc_column_inner]<div class=\"perada-progress-bar progressv2\"><div class=\"percent\" style=\"color:#ffba00;\"><span>%<\/span><label class=\"counter-1149943950\">45<\/label><\/div><div class=\"progress-content\"><div class=\"title\" style=\"color:#6d6e71;\">DE SATISFA\u00c7\u00c3O PELA TRADU\u00c7\u00c3O ONLINE<\/div><div id=\"progress-wrap-1149943950\" class=\"progress-wrap progress\" data-progress-percent=\"45\" style=\"background-color:#ffba00;\">\r\n\t\t\t\t\t\t\t\t\t\t<div id=\"progress-bar-1149943950\" class=\"progress-bar progress\" style=\"background-color:#e2e2e2;\" style=\"left: 0;\"><\/div>\r\n\t\t\t\t\t\t\t\t\t<\/div><\/div><\/div><script>\t\t\t\t\t\t\t\r\n\t\t\t\t\t\t\tjQuery(document).ready(function($){\t\t\t\t\t\t\r\n\t\t\t\t\t\t\t\tvar progressBar = function() {\r\n\t\t\t\t\t\t\t\t\tvar percent = $('#progress-wrap-1149943950').attr('data-progress-percent');\r\n\t\t\t\t\t\t\t\t\t$('#progress-bar-1149943950').animate({\r\n\t\t\t\t\t\t\t\t\t\tleft: percent + '%'\r\n\t\t\t\t\t\t\t\t\t}, 3500);\r\n\t\t\t\t\t\t\t\t}\r\n\t\t\t\t\t\t\t\t$('#progress-bar-1149943950').waypoint(progressBar, { offset: '100%', triggerOnce: true });\r\n\r\n\t\t\t\t\t\t\t\t$('.counter-1149943950').counterUp({\r\n\t\t\t\t\t\t\t\t\tdelay: 10,\r\n\t\t\t\t\t\t\t\t\ttime: 2500\r\n\t\t\t\t\t\t\t\t});\r\n\t\t\t\t\t\t\t});\r\n\t\t\t\t\t\t<\/script>[\/vc_column_inner][\/vc_row_inner][vc_row_inner css=&#8221;.vc_custom_1455796789839{margin-bottom: 0px !important;}&#8221;][vc_column_inner]<div class=\"perada-progress-bar progressv2\"><div class=\"percent\" style=\"color:#ffba00;\"><span>%<\/span><label class=\"counter-125305620\">5<\/label><\/div><div class=\"progress-content\"><div class=\"title\" style=\"color:#6d6e71;\">DE CLIENTES QUE N\u00c3O POD\u00cdAMOS SATISFAZER<\/div><div id=\"progress-wrap-125305620\" class=\"progress-wrap progress\" data-progress-percent=\"5\" style=\"background-color:#ffba00;\">\r\n\t\t\t\t\t\t\t\t\t\t<div id=\"progress-bar-125305620\" class=\"progress-bar progress\" style=\"background-color:#e2e2e2;\" style=\"left: 0;\"><\/div>\r\n\t\t\t\t\t\t\t\t\t<\/div><\/div><\/div><script>\t\t\t\t\t\t\t\r\n\t\t\t\t\t\t\tjQuery(document).ready(function($){\t\t\t\t\t\t\r\n\t\t\t\t\t\t\t\tvar progressBar = function() {\r\n\t\t\t\t\t\t\t\t\tvar percent = $('#progress-wrap-125305620').attr('data-progress-percent');\r\n\t\t\t\t\t\t\t\t\t$('#progress-bar-125305620').animate({\r\n\t\t\t\t\t\t\t\t\t\tleft: percent + '%'\r\n\t\t\t\t\t\t\t\t\t}, 3500);\r\n\t\t\t\t\t\t\t\t}\r\n\t\t\t\t\t\t\t\t$('#progress-bar-125305620').waypoint(progressBar, { offset: '100%', triggerOnce: true });\r\n\r\n\t\t\t\t\t\t\t\t$('.counter-125305620').counterUp({\r\n\t\t\t\t\t\t\t\t\tdelay: 10,\r\n\t\t\t\t\t\t\t\t\ttime: 2500\r\n\t\t\t\t\t\t\t\t});\r\n\t\t\t\t\t\t\t});\r\n\t\t\t\t\t\t<\/script>[\/vc_column_inner][\/vc_row_inner][\/vc_column][\/vc_row]<\/p>\n<\/div>","protected":false},"excerpt":{"rendered":"<p>Utilizamos apenas tradutores altamente qualificados que traduzem exclusivamente para a sua pr\u00f3pria l\u00edngua materna, assegurando que as tradu\u00e7\u00f5es s\u00e3o lidas como documentos originais.<\/p>\n","protected":false},"author":1,"featured_media":0,"parent":0,"menu_order":0,"comment_status":"closed","ping_status":"closed","template":"","meta":{"_rsvp_to":"","_rsvp_max":"","_rsvp_show_attendees":"","_rsvp_instructions":"","simple_price":"","simple_price_label":"","venue":"","_template_start_hour":"","_template_start_minutes":"","_sked_minutes":"","_sked_stop":"","_sked_duration":"","_payment_gateway":"Cash or Custom","_rsvp_currency":"USD","_sked_hour":"12","_sked_end":"13:00","rsvp_tx_template":0,"_rsvp_start":0,"_rsvp_deadline":0,"_rsvp_deadline_daysbefore":"0","_rsvp_deadline_hours":"0","_rsvp_reg_daysbefore":"0","_rsvp_reg_hours":"0","_rsvp_count_party":"1","_timezone":"+00:00","_rsvp_on":false,"_add_timezone":false,"_convert_timezone":false,"_calendar_icons":true,"_rsvp_end_display":false,"_rsvp_rsvpmaker_send_confirmation_email":false,"_rsvp_confirmation_after_payment":false,"_rsvp_confirmation_include_event":false,"_rsvp_count":true,"_rsvp_yesno":true,"_rsvp_captcha":false,"_rsvp_login_required":false,"_rsvp_form_show_date":false,"footnotes":""},"class_list":["post-565","page","type-page","status-publish","hentry"],"yoast_head":"<!-- This site is optimized with the Yoast SEO plugin v27.4 - https:\/\/yoast.com\/product\/yoast-seo-wordpress\/ -->\n<title>a nossa equipa<\/title>\n<meta name=\"description\" content=\"Utilizamos apenas tradutores altamente qualificados que traduzem exclusivamente para a sua pr\u00f3pria l\u00edngua materna, assegurando que as tradu\u00e7\u00f5es s\u00e3o lidas como documentos originais.\" \/>\n<meta name=\"robots\" content=\"index, follow, max-snippet:-1, max-image-preview:large, max-video-preview:-1\" \/>\n<link rel=\"canonical\" href=\"http:\/\/Utilizamos%20apenas%20tradutores%20altamente%20qualificados%20que%20traduzem%20exclusivamente%20para%20a%20sua%20pr\u00f3pria%20l\u00edngua%20materna,%20assegurando%20que%20as%20tradu\u00e7\u00f5es%20s\u00e3o%20lidas%20como%20documentos%20originais.\" \/>\n<meta property=\"og:locale\" content=\"pt_BR\" \/>\n<meta property=\"og:type\" content=\"article\" \/>\n<meta property=\"og:title\" content=\"a nossa equipa\" \/>\n<meta property=\"og:description\" content=\"Utilizamos apenas tradutores altamente qualificados que traduzem exclusivamente para a sua pr\u00f3pria l\u00edngua materna, assegurando que as tradu\u00e7\u00f5es s\u00e3o lidas como documentos originais.\" \/>\n<meta property=\"og:url\" content=\"https:\/\/namba22.com\/pt\/our-team\/\" \/>\n<meta property=\"og:site_name\" content=\"m-translations.com\" \/>\n<meta property=\"article:modified_time\" content=\"2020-11-15T23:22:57+00:00\" \/>\n<meta name=\"twitter:card\" content=\"summary_large_image\" \/>\n<meta name=\"twitter:label1\" content=\"Est. reading time\" \/>\n\t<meta name=\"twitter:data1\" content=\"3 minutes\" \/>\n<script type=\"application\/ld+json\" class=\"yoast-schema-graph\">{\"@context\":\"https:\\\/\\\/schema.org\",\"@graph\":[{\"@type\":\"WebPage\",\"@id\":\"https:\\\/\\\/namba22.com\\\/pt\\\/our-team\\\/\",\"url\":\"https:\\\/\\\/namba22.com\\\/pt\\\/our-team\\\/\",\"name\":\"Our Team - m-translations.com\",\"isPartOf\":{\"@id\":\"https:\\\/\\\/namba22.com\\\/en\\\/#website\"},\"datePublished\":\"2016-02-17T14:59:48+00:00\",\"dateModified\":\"2020-11-15T23:22:57+00:00\",\"breadcrumb\":{\"@id\":\"https:\\\/\\\/namba22.com\\\/pt\\\/our-team\\\/#breadcrumb\"},\"inLanguage\":\"pt-BR\",\"potentialAction\":[{\"@type\":\"ReadAction\",\"target\":[\"https:\\\/\\\/namba22.com\\\/pt\\\/our-team\\\/\"]}]},{\"@type\":\"BreadcrumbList\",\"@id\":\"https:\\\/\\\/namba22.com\\\/pt\\\/our-team\\\/#breadcrumb\",\"itemListElement\":[{\"@type\":\"ListItem\",\"position\":1,\"name\":\"Casa - Padr\u00e3o\",\"item\":\"https:\\\/\\\/namba22.com\\\/\"},{\"@type\":\"ListItem\",\"position\":2,\"name\":\"a nossa equipa\"}]},{\"@type\":\"WebSite\",\"@id\":\"https:\\\/\\\/namba22.com\\\/pt\\\/en\\\/#website\",\"url\":\"https:\\\/\\\/namba22.com\\\/pt\\\/en\\\/\",\"name\":\"m-translations.com\",\"description\":\"m-translations.com\",\"potentialAction\":[{\"@type\":\"SearchAction\",\"target\":{\"@type\":\"EntryPoint\",\"urlTemplate\":\"https:\\\/\\\/namba22.com\\\/pt\\\/en\\\/?s={search_term_string}\"},\"query-input\":{\"@type\":\"PropertyValueSpecification\",\"valueRequired\":true,\"valueName\":\"search_term_string\"}}],\"inLanguage\":\"pt-BR\"}]}<\/script>\n<!-- \/ Yoast SEO plugin. -->","yoast_head_json":{"title":"a nossa equipa","description":"Utilizamos apenas tradutores altamente qualificados que traduzem exclusivamente para a sua pr\u00f3pria l\u00edngua materna, assegurando que as tradu\u00e7\u00f5es s\u00e3o lidas como documentos originais.","robots":{"index":"index","follow":"follow","max-snippet":"max-snippet:-1","max-image-preview":"max-image-preview:large","max-video-preview":"max-video-preview:-1"},"canonical":"Utilizamos apenas tradutores altamente qualificados que traduzem exclusivamente para a sua pr\u00f3pria l\u00edngua materna, assegurando que as tradu\u00e7\u00f5es s\u00e3o lidas como documentos originais.","og_locale":"pt_BR","og_type":"article","og_title":"a nossa equipa","og_description":"Utilizamos apenas tradutores altamente qualificados que traduzem exclusivamente para a sua pr\u00f3pria l\u00edngua materna, assegurando que as tradu\u00e7\u00f5es s\u00e3o lidas como documentos originais.","og_url":"https:\/\/namba22.com\/pt\/our-team\/","og_site_name":"m-translations.com","article_modified_time":"2020-11-15T23:22:57+00:00","twitter_card":"summary_large_image","twitter_misc":{"Est. reading time":"3 minutes"},"schema":{"@context":"https:\/\/schema.org","@graph":[{"@type":"WebPage","@id":"https:\/\/namba22.com\/pt\/our-team\/","url":"https:\/\/namba22.com\/pt\/our-team\/","name":"Our Team - m-translations.com","isPartOf":{"@id":"https:\/\/namba22.com\/en\/#website"},"datePublished":"2016-02-17T14:59:48+00:00","dateModified":"2020-11-15T23:22:57+00:00","breadcrumb":{"@id":"https:\/\/namba22.com\/pt\/our-team\/#breadcrumb"},"inLanguage":"pt-BR","potentialAction":[{"@type":"ReadAction","target":["https:\/\/namba22.com\/pt\/our-team\/"]}]},{"@type":"BreadcrumbList","@id":"https:\/\/namba22.com\/pt\/our-team\/#breadcrumb","itemListElement":[{"@type":"ListItem","position":1,"name":"Casa - Padr\u00e3o","item":"https:\/\/namba22.com\/"},{"@type":"ListItem","position":2,"name":"a nossa equipa"}]},{"@type":"WebSite","@id":"https:\/\/namba22.com\/pt\/en\/#website","url":"https:\/\/namba22.com\/pt\/en\/","name":"m-translations.com","description":"m-translations.com","potentialAction":[{"@type":"SearchAction","target":{"@type":"EntryPoint","urlTemplate":"https:\/\/namba22.com\/pt\/en\/?s={search_term_string}"},"query-input":{"@type":"PropertyValueSpecification","valueRequired":true,"valueName":"search_term_string"}}],"inLanguage":"pt-BR"}]}},"_links":{"self":[{"href":"https:\/\/namba22.com\/pt\/wp-json\/wp\/v2\/pages\/565","targetHints":{"allow":["GET"]}}],"collection":[{"href":"https:\/\/namba22.com\/pt\/wp-json\/wp\/v2\/pages"}],"about":[{"href":"https:\/\/namba22.com\/pt\/wp-json\/wp\/v2\/types\/page"}],"author":[{"embeddable":true,"href":"https:\/\/namba22.com\/pt\/wp-json\/wp\/v2\/users\/1"}],"replies":[{"embeddable":true,"href":"https:\/\/namba22.com\/pt\/wp-json\/wp\/v2\/comments?post=565"}],"version-history":[{"count":5,"href":"https:\/\/namba22.com\/pt\/wp-json\/wp\/v2\/pages\/565\/revisions"}],"predecessor-version":[{"id":2568,"href":"https:\/\/namba22.com\/pt\/wp-json\/wp\/v2\/pages\/565\/revisions\/2568"}],"wp:attachment":[{"href":"https:\/\/namba22.com\/pt\/wp-json\/wp\/v2\/media?parent=565"}],"curies":[{"name":"wp","href":"https:\/\/api.w.org\/{rel}","templated":true}]}}