{"id":560,"date":"2016-02-17T14:59:03","date_gmt":"2016-02-17T14:59:03","guid":{"rendered":"http:\/\/demo.gloriathemes.com\/wp\/perada\/?page_id=560"},"modified":"2021-08-20T06:32:22","modified_gmt":"2021-08-20T06:32:22","slug":"full-width","status":"publish","type":"page","link":"https:\/\/namba22.com\/pt\/full-width\/","title":{"rendered":"largura completa"},"content":{"rendered":"<div class=\"wpb-content-wrapper\"><p>[vc_row full_width=&#8221;stretch_row_content_no_spaces&#8221; equal_height=&#8221;yes&#8221; css=&#8221;.vc_custom_1461071664627{padding-right: 70px !important;padding-left: 70px !important;}&#8221; el_class=&#8221;mobile-normal-width-padding&#8221;][vc_column][vc_custom_heading text=&#8221;Tradu\u00e7\u00e3o De \u00c1udio E V\u00eddeo&#8221; font_container=&#8221;tag:h2|font_size:40|text_align:left|color:%236d6e71&#8243; use_theme_fonts=&#8221;yes&#8221; css=&#8221;.vc_custom_1604876897692{margin-top: 0px !important;margin-bottom: 20px !important;}&#8221; el_class=&#8221;normalfont&#8221;][vc_column_text]<\/p>\n<ol>\n<li><strong>Transcricao<\/strong><\/li>\n<\/ol>\n<p>Os visuais no site podem ajudar a alcan\u00e7ar os clientes, mas nada diz &#8220;N\u00f3s falamos o seu idioma&#8221;, bem como realmente falando o idioma do p\u00fablico-alvo. A linguagem \u00e9 a \u00fanica maneira de envolver plenamente a cultura de uma pessoa, porque <strong><u>a linguagem \u00e9 cultura<\/u><\/strong>.<\/p>\n<p>Pode-se desafiar isso, sugerindo que um v\u00eddeo pode fornecer uma conex\u00e3o pessoal, mas para faz\u00ea-lo mesmo <strong><u>um v\u00eddeo requer palavras em texto ou \u00e1udio<\/u><\/strong>. As palavras s\u00e3o sempre necess\u00e1rias, e precisam sempre de ser traduzidas.<\/p>\n<p>Voc\u00ea tem uma grava\u00e7\u00e3o de \u00e1udio ou v\u00eddeo de um discurso, uma apresenta\u00e7\u00e3o, um debate, um workshop, ou um painel de discuss\u00e3o e voc\u00ea precisa t\u00ea-lo apresentado na forma de texto e traduzido de uma l\u00edngua estrangeira para a sua l\u00edngua nativa ou mesmo qualquer outra l\u00edngua solicitada ou vice-versa? \u00c0 primeira vista, n\u00e3o parece uma tarefa dif\u00edcil-n\u00e3o at\u00e9 que voc\u00ea tente por si mesmo. Uma vez que voc\u00ea d\u00e1 uma chance, voc\u00ea vai descobrir que n\u00e3o ser\u00e1 poss\u00edvel fazer o trabalho sem ter habilidades profissionais.<\/p>\n<p>Acontece que este tipo de trabalho requer dilig\u00eancia, aten\u00e7\u00e3o, alfabetiza\u00e7\u00e3o, alta velocidade de digita\u00e7\u00e3o, uma capacidade de n\u00e3o apenas ouvir e descobrir o que foi proferido pelo orador (a grava\u00e7\u00e3o pode ser de baixa qualidade), mas o que est\u00e1 por tr\u00e1s das palavras \u2013 os pensamentos e inten\u00e7\u00f5es do falante, com a entona\u00e7\u00e3o suscept\u00edvel de ser crucial em algumas partes do endere\u00e7o. Ou est\u00e1 a lidar com uma grava\u00e7\u00e3o de um debate acalorado onde os participantes continuam a incomodar-se uns aos outros a tentar interpor um coment\u00e1rio ou at\u00e9 por acaso a falar tudo ao mesmo tempo? Tudo isso feito em uma l\u00edngua estrangeira e numerosos termos especializados ou um lingo profissional usado ao longo do caminho? A qualidade da grava\u00e7\u00e3o pobre? Al\u00e9m disso, h\u00e1 momentos em que \u00e9 preciso reconhecer os oradores pela sua voz e descobrir de quem vem uma determinada declara\u00e7\u00e3o. Pode-se facilmente dizer quando se lida com v\u00eddeos, enquanto \u00e9 dif\u00edcil faz\u00ea-lo quando se trata de grava\u00e7\u00f5es de \u00e1udio. No entanto, tudo isso pode ser alcan\u00e7ado se feito por algu\u00e9m com vasta experi\u00eancia e usando programas de computador especiais.<\/p>\n<p>Transcri\u00e7\u00e3o de 1 minuto de grava\u00e7\u00e3o:<\/p>\n<ol style=\"color: #ffba00; font-weight: 600;\">\n<li><span style=\"color: #6d6e71; font-weight: 500;\">de russo: a partir de 0,85 EUR;<\/span><\/li>\n<li><span style=\"color: #6d6e71; font-weight: 500;\">a partir de ingl\u00eas e outras l\u00ednguas europeias: a partir de 3,50 EUR;<br \/>\n<\/span><\/li>\n<li><span style=\"color: #6d6e71; font-weight: 500;\">a partir de outras l\u00ednguas estrangeiras: dispon\u00edvel mediante pedido.<\/span><\/li>\n<\/ol>\n<ol>\n<li><strong>V\u00e1rias formas de traduzir um meio audiovisual<br \/>\n<\/strong><\/li>\n<\/ol>\n<p><strong>Localiza\u00e7\u00e3o Vocal<\/strong><\/p>\n<p><strong> <\/strong><strong>Voz sobre Tradu\u00e7\u00e3o<\/strong><\/p>\n<p><strong> <\/strong>A localiza\u00e7\u00e3o Vocal \u00e9 um dos tipos mais importantes de grava\u00e7\u00e3o de som. H\u00e1 dois tipos principais de localiza\u00e7\u00e3o vocal: tradu\u00e7\u00e3o por voz e dublagem. Em tradu\u00e7\u00e3o de voz-over (voz-over localiza\u00e7\u00e3o), o discurso traduzido dos artistas de voz (voz-trabalho) \u00e9 ouvido no topo da trilha sonora original. A tradu\u00e7\u00e3o vocal-over pode ser feita por um \u00fanico artista de voz ou por uma equipe inteira de dubladores profissionais e anunciantes. Este tipo de tradu\u00e7\u00e3o est\u00e1 entre os mais populares e preferidos quando se trata de Transmiss\u00f5es de TV, localiza\u00e7\u00e3o vocal de filmes, s\u00e9ries de TV, e desenhos animados, como \u00e9 muito mais barato do que dublagem e leva muito menos tempo para implementar.<\/p>\n<ol>\n<li><strong>Dobragem<\/strong><\/li>\n<\/ol>\n<p>A diferen\u00e7a entre Localiza\u00e7\u00e3o por voz e dublagem \u00e9 que na dublagem toda a trilha sonora original \u00e9 substitu\u00edda pela criada pelos artistas de voz, com todos os efeitos sonoros originais substitu\u00eddos tamb\u00e9m. Al\u00e9m destes dois tipos de tradu\u00e7\u00e3o vocal, h\u00e1 tamb\u00e9m um usando legendas.<\/p>\n<p>Acompanhamento Vocal de qualquer conte\u00fado de v\u00eddeo, tais como filmes ou comerciais de TV \u00e9 amplamente popular hoje em dia. Quando se trata de agradar ao espectador, a percep\u00e7\u00e3o visual \u00e9 apenas um dos fatores do sucesso. O outro fator crucial \u00e9 sobre como competentemente e profissionalmente o acompanhamento vocal foi montado. Se ouvir uma voz desagrad\u00e1vel fora do ecr\u00e3 ou<\/p>\n<p>m\u00fasica de m\u00e1 qualidade no que voc\u00ea est\u00e1 assistindo, duvidamos que sua impress\u00e3o do show ser\u00e1 satisfat\u00f3ria, mesmo que a &#8220;imagem&#8221; em si \u00e9 informativa e atraente para os olhos.<\/p>\n<p>O acompanhamento de qualidade da Fala permite alcan\u00e7ar o objetivo mais importante: atrair e reter o espectador. A tradu\u00e7\u00e3o cinematogr\u00e1fica tende a exigir muito esfor\u00e7o, tempo, bem como uma disposi\u00e7\u00e3o emocional particular.<\/p>\n<p>Nossa empresa est\u00e1 \u00e0 altura da tarefa de lidar com qualquer trabalho na forma de localiza\u00e7\u00e3o de voz, uma vez que tem acesso a anunciantes experientes e artistas de voz, bem como todos os equipamentos necess\u00e1rios, e garante qualidade e localiza\u00e7\u00e3o vocal oportuna de qualquer trabalho que voc\u00ea possa precisar, seja um programa de r\u00e1dio ou um filme.<\/p>\n<p>Esta combina\u00e7\u00e3o \u00fanica de tradutores profissionais, artistas de voz e equipamentos concentrados dentro dos limites de uma empresa permite-nos cumprir as ordens de localiza\u00e7\u00e3o vocal dos nossos clientes dentro de prazos mais curtos e a custos mais baixos, em compara\u00e7\u00e3o com quando estes componentes separados de um trabalho s\u00e3o tratados por diferentes ag\u00eancias. Al\u00e9m disso, esta unidade permite resolver as quest\u00f5es que surgem no decurso do processo de localiza\u00e7\u00e3o de forma mais r\u00e1pida e eficiente.<\/p>\n<p>O pre\u00e7o do servi\u00e7o:<\/p>\n<p style=\"text-align: left;\">Discurso russo-a partir de 8,50 \u20ac \/ min<\/p>\n<p style=\"text-align: left;\">Discurso em ingl\u00eas-a partir de 15,00 \u20ac \/ min.<\/p>\n<ol>\n<li><strong>Podes contar connosco<\/strong><\/li>\n<\/ol>\n<p>Nossos servi\u00e7os incluem empresas afiliadas. Agradecemos todos os contratos que possam vir de si. Por favor, n\u00e3o hesite em contactar-nos.<\/p>\n<p>&nbsp;[\/vc_column_text][\/vc_column][\/vc_row][vc_row equal_height=&#8221;yes&#8221; content_placement=&#8221;bottom&#8221; el_class=&#8221;bgfixed&#8221; css=&#8221;.vc_custom_1460114814860{padding-right: 55px !important;padding-left: 55px !important;background-image: url(http:\/\/www.m-translations.com\/wp-content\/uploads\/2016\/02\/full-width-testimonial-bg-new.jpg?id=1005) !important;}&#8221;][vc_column width=&#8221;3\/4&#8243; css=&#8221;.vc_custom_1456071447347{padding-top: 100px !important;padding-bottom: 100px !important;}&#8221;]<div class=\"testimonial-single\"><div class=\"icon\" style=\"color:#ffba00;\"><i class=\"fa fa-quote-right testimonial-blockquote-icon\"><\/i><\/div><div class=\"testimonial-single-content\" style=\"color:#ffffff;\"><p>O servi\u00e7o que recebemos da M-Translations \u00e9 sempre extremamente profissional. Estamos continuamente impressionados com o alto padr\u00e3o e velocidade de seu trabalho de tradu\u00e7\u00e3o.<\/p><\/div><div class=\"testimonial-single-name\"><span class=\"name\" style=\"color:#ffba00;\">SANJOH DOE,<\/span><span class=\"company\" style=\"color:#ffffff;\">SALAMA CONFERENCES<\/span><\/div><\/div>[\/vc_column][vc_column width=&#8221;1\/4&#8243; offset=&#8221;vc_hidden-xs&#8221;][vc_single_image image=&#8221;654&#8243; img_size=&#8221;full&#8221; alignment=&#8221;right&#8221; css=&#8221;.vc_custom_1455738160118{margin-top: 0px !important;margin-bottom: 0px !important;padding-top: 0px !important;padding-bottom: 0px !important;}&#8221;][\/vc_column][\/vc_row][vc_row el_class=&#8221;backgroundbottomright&#8221; css=&#8221;.vc_custom_1459457137940{padding-top: 22px !important;padding-right: 55px !important;padding-bottom: 53px !important;padding-left: 55px !important;background-image: url(http:\/\/www.m-translations.com\/wp-content\/uploads\/2016\/02\/full-width-step-boxes-bg-1.png?id=1214) !important;background-position: 0 0 !important;background-repeat: no-repeat !important;}&#8221;][vc_column width=&#8221;3\/4&#8243;]<div class=\"step-boxes step-boxes-three-column\"><div class=\"item \"><div class=\"step-boxes-icon\"><i class=\"fa fa-arrow-circle-o-up\"><\/i><\/div><h3>Servi\u00e7o lingu\u00edstico completo<\/h3><\/div><div class=\"item \"><div class=\"step-boxes-icon\"><i class=\"fa fa-spinner\"><\/i><\/div><h3>Servi\u00e7o R\u00e1pido <\/h3><\/div><div class=\"item \"><div class=\"step-boxes-icon\"><i class=\"fa fa-refresh\"><\/i><\/div><h3>Sortidos De Artigos<\/h3><\/div><\/div>[\/vc_column][vc_column width=&#8221;1\/4&#8243;][\/vc_column][\/vc_row][vc_row full_width=&#8221;stretch_row_content&#8221; equal_height=&#8221;yes&#8221;][vc_column width=&#8221;1\/2&#8243; css=&#8221;.vc_custom_1455743017117{background-color: #ffba00 !important;}&#8221;][vc_row_inner css=&#8221;.vc_custom_1456071513171{margin-top: 45px !important;margin-bottom: 45px !important;padding-right: 75px !important;padding-left: 75px !important;}&#8221;][vc_column_inner]<div class=\"testimonial-single\"><div class=\"icon\" style=\"color:#ffffff;\"><i class=\"fa fa-quote-right testimonial-blockquote-icon\"><\/i><\/div><div class=\"testimonial-single-content\" style=\"color:#ffffff;\"><p>Sua empresa tem estado dispon\u00edvel em horas inexper\u00e1veis e disposto a fazer o que for preciso para obter-nos tradu\u00e7\u00f5es em uma pressa. Apreciamos imensamente o seu trabalho e o encaminharemos de bom grado.<\/p><\/div><div class=\"testimonial-single-name\"><span class=\"name\" style=\"color:#ffffff;\">EVA BILONDA<\/span><span class=\"company\" style=\"color:#ffffff;\">TREE SPIRIT<\/span><\/div><\/div>[\/vc_column_inner][\/vc_row_inner][\/vc_column][vc_column width=&#8221;1\/2&#8243; el_class=&#8221;bgfixed&#8221; css=&#8221;.vc_custom_1455745016263{padding-top: 58px !important;padding-right: 75px !important;padding-bottom: 50px !important;padding-left: 75px !important;background-image: url(http:\/\/demo.gloriathemes.com\/wp\/perada\/wp-content\/uploads\/2016\/02\/full-width-testimonial-layer-2.jpg?id=666) !important;}&#8221;][vc_row_inner css=&#8221;.vc_custom_1455744292178{margin-bottom: 15px !important;}&#8221;][vc_column_inner]<div class=\"services-box services-box-small services-box-small-alternative \"><div class=\"services-box-icon\"><i class=\"fa fa-paper-plane-o\" style=\"color:#ffba00;\"><\/i><\/div><div class=\"services-box-texts\"><h3 style=\"color:#ffba00;\">Servi\u00e7o R\u00e1pido<\/h3><p style=\"color:#6d6e71;\">Nossa ferramenta de app MT \u00e9 uma op\u00e7\u00e3o conveniente e simples para uma tradu\u00e7\u00e3o de m\u00e1quina on-line. Nosso site oferece um \u00f3timo lugar para parar para uma visita espec\u00edfica \u00e0 web casual ou apenas uma navega\u00e7\u00e3o aleat\u00f3ria entre toda a excita\u00e7\u00e3o da web. Quando \u00e9 hora de voc\u00ea descobrir sobre um conte\u00fado em uma l\u00edngua estrangeira, ou para obter um documento ser traduzido, basta fazer uso da nossa op\u00e7\u00e3o de cita\u00e7\u00e3o on-line. Em seguida, depois de tomar a decis\u00e3o sobre se deve colocar um pedido para a tradu\u00e7\u00e3o do(s) Seu (s) Documento (s) ou n\u00e3o, voc\u00ea deve colocar o seu pedido on-line por meio do nosso formul\u00e1rio de pedido on-line.<\/p><\/div><\/div>[\/vc_column_inner][\/vc_row_inner][vc_row_inner css=&#8221;.vc_custom_1455744292178{margin-bottom: 15px !important;}&#8221;][vc_column_inner]<div class=\"services-box services-box-small services-box-small-alternative \"><div class=\"services-box-icon\"><i class=\"fa fa-repeat\" style=\"color:#ffba00;\"><\/i><\/div><div class=\"services-box-texts\"><h3 style=\"color:#ffba00;\">Traduzir Para Todas As L\u00ednguas<\/h3><p style=\"color:#6d6e71;\">Como ag\u00eancia de tradu\u00e7\u00e3o nossa principal miss\u00e3o \u00e9 ir ao redor do mundo e recrutar entre os melhores tradutores para seu pr\u00f3prio benef\u00edcio. Despertamos o seu interesse pelos nossos diversos servi\u00e7os em v\u00e1rios campos da vida? Assim que voc\u00ea se encontrar no contexto da vida, onde voc\u00ea n\u00e3o pode ir mais longe sem a tradu\u00e7\u00e3o, por favor, sinta-se livre para entrar em contato com o nosso escrit\u00f3rio. Traduziremos o idioma que desejar ser traduzido.<\/p><\/div><\/div>[\/vc_column_inner][\/vc_row_inner][vc_row_inner css=&#8221;.vc_custom_1455744292178{margin-bottom: 15px !important;}&#8221;][vc_column_inner]<div class=\"services-box services-box-small services-box-small-alternative \"><div class=\"services-box-icon\"><i class=\"fa fa-thumbs-o-up\" style=\"color:#ffba00;\"><\/i><\/div><div class=\"services-box-texts\"><h3 style=\"color:#ffba00;\">Fiabilidade em todas as l\u00ednguas<\/h3><p style=\"color:#6d6e71;\">Tradu\u00e7\u00e3o de alta qualidade de documentos legais aproveitar a nossa vasta experi\u00eancia na tradu\u00e7\u00e3o de documentos legais de todos os tipos. A nossa mistura de profissionais de l\u00ednguas experientes e Qualificados, especialistas da ind\u00fastria e gestores de projetos faz da M-Translations o parceiro ideal para as mais complexas e especializadas necessidades de Tradu\u00e7\u00e3o legal. N\u00f3s tamb\u00e9m fornecemos todos os tipos de servi\u00e7os de interpreta\u00e7\u00e3o legal, incluindo interpreta\u00e7\u00e3o judicial.<\/p><\/div><\/div>[\/vc_column_inner][\/vc_row_inner][\/vc_column][\/vc_row]<\/p>\n<\/div>","protected":false},"excerpt":{"rendered":"<p>\u00a0&nbsp;<\/p>\n","protected":false},"author":1,"featured_media":493,"parent":0,"menu_order":0,"comment_status":"closed","ping_status":"closed","template":"","meta":{"_rsvp_to":"","_rsvp_max":"","_rsvp_show_attendees":"","_rsvp_instructions":"","simple_price":"","simple_price_label":"","venue":"","_template_start_hour":"","_template_start_minutes":"","_sked_minutes":"","_sked_stop":"","_sked_duration":"","_payment_gateway":"Cash or Custom","_rsvp_currency":"USD","_sked_hour":"12","_sked_end":"13:00","rsvp_tx_template":0,"_rsvp_start":0,"_rsvp_deadline":0,"_rsvp_deadline_daysbefore":"0","_rsvp_deadline_hours":"0","_rsvp_reg_daysbefore":"0","_rsvp_reg_hours":"0","_rsvp_count_party":"1","_timezone":"+00:00","_rsvp_on":false,"_add_timezone":false,"_convert_timezone":false,"_calendar_icons":true,"_rsvp_end_display":false,"_rsvp_rsvpmaker_send_confirmation_email":false,"_rsvp_confirmation_after_payment":false,"_rsvp_confirmation_include_event":false,"_rsvp_count":true,"_rsvp_yesno":true,"_rsvp_captcha":false,"_rsvp_login_required":false,"_rsvp_form_show_date":false,"footnotes":""},"class_list":["post-560","page","type-page","status-publish","has-post-thumbnail","hentry"],"yoast_head":"<!-- This site is optimized with the Yoast SEO plugin v27.4 - https:\/\/yoast.com\/product\/yoast-seo-wordpress\/ -->\n<title>largura completa<\/title>\n<meta name=\"description\" content=\"\u00a0&nbsp;\" \/>\n<meta name=\"robots\" content=\"index, follow, max-snippet:-1, max-image-preview:large, max-video-preview:-1\" \/>\n<link rel=\"canonical\" href=\"http:\/\/\u00a0&nbsp;\" \/>\n<meta property=\"og:locale\" content=\"pt_BR\" \/>\n<meta property=\"og:type\" content=\"article\" \/>\n<meta property=\"og:title\" content=\"largura completa\" \/>\n<meta property=\"og:description\" content=\"\u00a0&nbsp;\" \/>\n<meta property=\"og:url\" content=\"https:\/\/namba22.com\/pt\/full-width\/\" \/>\n<meta property=\"og:site_name\" content=\"m-translations.com\" \/>\n<meta property=\"article:modified_time\" content=\"2021-08-20T06:32:22+00:00\" \/>\n<meta property=\"og:image\" content=\"https:\/\/namba22.com\/wp-content\/uploads\/2016\/02\/services.jpg\" \/>\n\t<meta property=\"og:image:width\" content=\"1814\" \/>\n\t<meta property=\"og:image:height\" content=\"356\" \/>\n\t<meta property=\"og:image:type\" content=\"image\/jpeg\" \/>\n<meta name=\"twitter:card\" content=\"summary_large_image\" \/>\n<meta name=\"twitter:label1\" content=\"Est. reading time\" \/>\n\t<meta name=\"twitter:data1\" content=\"8 minutes\" \/>\n<script type=\"application\/ld+json\" class=\"yoast-schema-graph\">{\"@context\":\"https:\\\/\\\/schema.org\",\"@graph\":[{\"@type\":\"WebPage\",\"@id\":\"https:\\\/\\\/namba22.com\\\/pt\\\/full-width\\\/\",\"url\":\"https:\\\/\\\/namba22.com\\\/pt\\\/full-width\\\/\",\"name\":\"Full Width - m-translations.com\",\"isPartOf\":{\"@id\":\"https:\\\/\\\/namba22.com\\\/en\\\/#website\"},\"primaryImageOfPage\":{\"@id\":\"https:\\\/\\\/namba22.com\\\/pt\\\/full-width\\\/#primaryimage\"},\"image\":{\"@id\":\"https:\\\/\\\/namba22.com\\\/pt\\\/full-width\\\/#primaryimage\"},\"thumbnailUrl\":\"https:\\\/\\\/namba22.com\\\/wp-content\\\/uploads\\\/2016\\\/02\\\/services.jpg\",\"datePublished\":\"2016-02-17T14:59:03+00:00\",\"dateModified\":\"2021-08-20T06:32:22+00:00\",\"breadcrumb\":{\"@id\":\"https:\\\/\\\/namba22.com\\\/pt\\\/full-width\\\/#breadcrumb\"},\"inLanguage\":\"pt-BR\",\"potentialAction\":[{\"@type\":\"ReadAction\",\"target\":[\"https:\\\/\\\/namba22.com\\\/pt\\\/full-width\\\/\"]}]},{\"@type\":\"ImageObject\",\"inLanguage\":\"pt-BR\",\"@id\":\"https:\\\/\\\/namba22.com\\\/pt\\\/full-width\\\/#primaryimage\",\"url\":\"https:\\\/\\\/namba22.com\\\/wp-content\\\/uploads\\\/2016\\\/02\\\/services.jpg\",\"contentUrl\":\"https:\\\/\\\/namba22.com\\\/wp-content\\\/uploads\\\/2016\\\/02\\\/services.jpg\",\"width\":1814,\"height\":356},{\"@type\":\"BreadcrumbList\",\"@id\":\"https:\\\/\\\/namba22.com\\\/pt\\\/full-width\\\/#breadcrumb\",\"itemListElement\":[{\"@type\":\"ListItem\",\"position\":1,\"name\":\"Casa - Padr\u00e3o\",\"item\":\"https:\\\/\\\/namba22.com\\\/\"},{\"@type\":\"ListItem\",\"position\":2,\"name\":\"largura completa\"}]},{\"@type\":\"WebSite\",\"@id\":\"https:\\\/\\\/namba22.com\\\/pt\\\/en\\\/#website\",\"url\":\"https:\\\/\\\/namba22.com\\\/pt\\\/en\\\/\",\"name\":\"m-translations.com\",\"description\":\"m-translations.com\",\"potentialAction\":[{\"@type\":\"SearchAction\",\"target\":{\"@type\":\"EntryPoint\",\"urlTemplate\":\"https:\\\/\\\/namba22.com\\\/pt\\\/en\\\/?s={search_term_string}\"},\"query-input\":{\"@type\":\"PropertyValueSpecification\",\"valueRequired\":true,\"valueName\":\"search_term_string\"}}],\"inLanguage\":\"pt-BR\"}]}<\/script>\n<!-- \/ Yoast SEO plugin. -->","yoast_head_json":{"title":"largura completa","description":"\u00a0&nbsp;","robots":{"index":"index","follow":"follow","max-snippet":"max-snippet:-1","max-image-preview":"max-image-preview:large","max-video-preview":"max-video-preview:-1"},"canonical":"\u00a0&nbsp;","og_locale":"pt_BR","og_type":"article","og_title":"largura completa","og_description":"\u00a0&nbsp;","og_url":"https:\/\/namba22.com\/pt\/full-width\/","og_site_name":"m-translations.com","article_modified_time":"2021-08-20T06:32:22+00:00","og_image":[{"width":1814,"height":356,"url":"https:\/\/namba22.com\/wp-content\/uploads\/2016\/02\/services.jpg","type":"image\/jpeg"}],"twitter_card":"summary_large_image","twitter_misc":{"Est. reading time":"8 minutes"},"schema":{"@context":"https:\/\/schema.org","@graph":[{"@type":"WebPage","@id":"https:\/\/namba22.com\/pt\/full-width\/","url":"https:\/\/namba22.com\/pt\/full-width\/","name":"Full Width - m-translations.com","isPartOf":{"@id":"https:\/\/namba22.com\/en\/#website"},"primaryImageOfPage":{"@id":"https:\/\/namba22.com\/pt\/full-width\/#primaryimage"},"image":{"@id":"https:\/\/namba22.com\/pt\/full-width\/#primaryimage"},"thumbnailUrl":"https:\/\/namba22.com\/wp-content\/uploads\/2016\/02\/services.jpg","datePublished":"2016-02-17T14:59:03+00:00","dateModified":"2021-08-20T06:32:22+00:00","breadcrumb":{"@id":"https:\/\/namba22.com\/pt\/full-width\/#breadcrumb"},"inLanguage":"pt-BR","potentialAction":[{"@type":"ReadAction","target":["https:\/\/namba22.com\/pt\/full-width\/"]}]},{"@type":"ImageObject","inLanguage":"pt-BR","@id":"https:\/\/namba22.com\/pt\/full-width\/#primaryimage","url":"https:\/\/namba22.com\/wp-content\/uploads\/2016\/02\/services.jpg","contentUrl":"https:\/\/namba22.com\/wp-content\/uploads\/2016\/02\/services.jpg","width":1814,"height":356},{"@type":"BreadcrumbList","@id":"https:\/\/namba22.com\/pt\/full-width\/#breadcrumb","itemListElement":[{"@type":"ListItem","position":1,"name":"Casa - Padr\u00e3o","item":"https:\/\/namba22.com\/"},{"@type":"ListItem","position":2,"name":"largura completa"}]},{"@type":"WebSite","@id":"https:\/\/namba22.com\/pt\/en\/#website","url":"https:\/\/namba22.com\/pt\/en\/","name":"m-translations.com","description":"m-translations.com","potentialAction":[{"@type":"SearchAction","target":{"@type":"EntryPoint","urlTemplate":"https:\/\/namba22.com\/pt\/en\/?s={search_term_string}"},"query-input":{"@type":"PropertyValueSpecification","valueRequired":true,"valueName":"search_term_string"}}],"inLanguage":"pt-BR"}]}},"_links":{"self":[{"href":"https:\/\/namba22.com\/pt\/wp-json\/wp\/v2\/pages\/560","targetHints":{"allow":["GET"]}}],"collection":[{"href":"https:\/\/namba22.com\/pt\/wp-json\/wp\/v2\/pages"}],"about":[{"href":"https:\/\/namba22.com\/pt\/wp-json\/wp\/v2\/types\/page"}],"author":[{"embeddable":true,"href":"https:\/\/namba22.com\/pt\/wp-json\/wp\/v2\/users\/1"}],"replies":[{"embeddable":true,"href":"https:\/\/namba22.com\/pt\/wp-json\/wp\/v2\/comments?post=560"}],"version-history":[{"count":8,"href":"https:\/\/namba22.com\/pt\/wp-json\/wp\/v2\/pages\/560\/revisions"}],"predecessor-version":[{"id":2579,"href":"https:\/\/namba22.com\/pt\/wp-json\/wp\/v2\/pages\/560\/revisions\/2579"}],"wp:featuredmedia":[{"embeddable":true,"href":"https:\/\/namba22.com\/pt\/wp-json\/wp\/v2\/media\/493"}],"wp:attachment":[{"href":"https:\/\/namba22.com\/pt\/wp-json\/wp\/v2\/media?parent=560"}],"curies":[{"name":"wp","href":"https:\/\/api.w.org\/{rel}","templated":true}]}}