{"id":558,"date":"2016-02-17T14:58:50","date_gmt":"2016-02-17T14:58:50","guid":{"rendered":"http:\/\/demo.gloriathemes.com\/wp\/perada\/?page_id=558"},"modified":"2022-04-26T16:09:01","modified_gmt":"2022-04-26T16:09:01","slug":"f-a-q","status":"publish","type":"page","link":"https:\/\/namba22.com\/pt\/f-a-q\/","title":{"rendered":"FAQ"},"content":{"rendered":"<div class=\"wpb-content-wrapper\"><p>[vc_row el_class=&#8221;container&#8221; css=&#8221;.vc_custom_1455806275992{padding-right: 0px !important;padding-left: 0px !important;}&#8221;][vc_column][vc_column_text]Tem perguntas sobre o <br \/>seu projecto ?<\/p>\n<p>Contacte-nos em qualquer altura:<\/p>\n<p><strong>info@m-translations.com<\/strong><\/p>\n<p>Como posso confiar que as vossas tradu\u00e7\u00f5es ser\u00e3o exactas? Tem alguma refer\u00eancia?<\/p>\n<p>Quando trabalha com a M-Translations.com, est\u00e1 em boas m\u00e3os. Estamos orgulhosos da sua experi\u00eancia adquirida ao longo dos anos desde a 13\u00aa. Janeiro de 1994, em quase todos os campos da vida. Mas n\u00e3o acredite apenas na nossa palavra. A \u00fanica forma de garantir que o nosso trabalho \u00e9 preciso e fi\u00e1vel \u00e9 experiment\u00e1-lo. N\u00e3o ficar\u00e1 desapontado.<\/p>\n<p>A qualidade e precis\u00e3o s\u00e3o da maior import\u00e2ncia para n\u00f3s e atribu\u00edmos sempre cada projecto \u00e0 equipa de tradu\u00e7\u00e3o com os conhecimentos mais adequados na sua \u00e1rea relacionada.<\/p>\n<p><strong>Onde est\u00e1 localizada a M-Translations?<\/strong>[\/vc_column_text][\/vc_column][\/vc_row][vc_row el_class=&#8221;container&#8221; css=&#8221;.vc_custom_1455806291302{margin-bottom: 12px !important;padding-right: 0px !important;padding-left: 0px !important;}&#8221;][vc_column width=&#8221;1\/3&#8243;][vc_column_text]<\/p>\n<ul>\n<li><strong><span style=\"color: #6d6e71;\">Escrit\u00f3rio na Alemanha &#8211; Nuremberga:<\/span><\/strong><\/li>\n<li><span style=\"color: #6d6e71; font-weight: 500;\">Peter-Henlein-Strasse 73 <\/span><\/li>\n<li><span style=\"color: #6d6e71; font-weight: 500;\"><span style=\"color: #6d6e71; font-weight: 500;\">90459, Nuremberga<br \/>\n<\/span><\/span><span style=\"color: #6d6e71;\">Alemanha<\/span><\/li>\n<\/ul>\n<p>[\/vc_column_text][\/vc_column][vc_column width=&#8221;1\/3&#8243;][vc_column_text]<\/p>\n<ul style=\"color: #ffba00; font-weight: 600;\">\n<li><span style=\"color: #6d6e71; font-weight: 500;\"><strong>Escrit\u00f3rio dos EUA:<\/strong> <\/span><\/li>\n<li><span style=\"color: #6d6e71; font-weight: 500;\">Ainda por vir <\/span><\/li>\n<li><span style=\"color: #6d6e71; font-weight: 500;\">Seja parte da solu\u00e7\u00e3o<\/span><\/li>\n<\/ul>\n<p>[\/vc_column_text][\/vc_column][vc_column width=&#8221;1\/3&#8243;][vc_column_text]<\/p>\n<ol style=\"color: #ffba00; font-weight: 600;\">\n<li><span style=\"color: #6d6e71; font-weight: 500;\"><strong>Gabinete da Rep\u00fablica Democr\u00e1tica do Congo:<\/strong> Ainda por vir<\/span><\/li>\n<li><span style=\"color: #6d6e71; font-weight: 500;\"><strong>Escrit\u00f3rio da RSA:<\/strong> Ainda por vir<\/span><\/li>\n<li><span style=\"color: #6d6e71; font-weight: 500;\"><strong>Escrit\u00f3rio Turky:<\/strong> Ainda por vir<\/span><\/li>\n<\/ol>\n<p>[\/vc_column_text][\/vc_column][\/vc_row][vc_row el_class=&#8221;container&#8221; css=&#8221;.vc_custom_1455808244539{margin-bottom: 27px !important;padding-right: 0px !important;padding-left: 0px !important;}&#8221;][vc_column][vc_column_text]<strong>Que l\u00ednguas traduzem?<\/strong><\/p>\n<p>Desde Afrikaans a Zulu, oferecemos tradu\u00e7\u00f5es para e de qualquer par de l\u00ednguas do mundo.[\/vc_column_text][\/vc_column][\/vc_row][vc_row css=&#8221;.vc_custom_1460114293307{margin-bottom: 45px !important;padding-left: 0px !important;}&#8221; el_class=&#8221;container&#8221;][vc_column width=&#8221;1\/2&#8243;][vc_tta_accordion style=&#8221;flat&#8221; color=&#8221;white&#8221; c_icon=&#8221;chevron&#8221; c_position=&#8221;right&#8221; active_section=&#8221;1&#8243; el_class=&#8221;perada-accordion full-area-container-content-right&#8221; css=&#8221;.vc_custom_1456241554028{margin-top: -39px !important;margin-left: 0px !important;border-left-width: 0px !important;padding-left: 0px !important;}&#8221;][vc_tta_section title=&#8221;1. Como posso confiar que as vossas tradu\u00e7\u00f5es ser\u00e3o exactas? Tem alguma refer\u00eancia?&#8221; tab_id=&#8221;1455807586151-ea6c2ae8-5760&#8243; el_class=&#8221;animate anim-fadeInUp animate-delay-0-30&#8243;][vc_column_text]Quando trabalha com a M-Translations.com, est\u00e1 em boas m\u00e3os. Estamos orgulhosos da sua experi\u00eancia adquirida ao longo dos anos desde a 13\u00aa. Janeiro de 1994, em quase todos os campos da vida. Mas n\u00e3o acredite apenas na nossa palavra. A \u00fanica forma de garantir que o nosso trabalho \u00e9 preciso e fi\u00e1vel \u00e9 experiment\u00e1-lo. N\u00e3o ficar\u00e1 desapontado.<\/p>\n<p>A qualidade e precis\u00e3o s\u00e3o da maior import\u00e2ncia para n\u00f3s e atribu\u00edmos sempre cada projecto \u00e0 equipa de tradu\u00e7\u00e3o com os conhecimentos mais adequados na sua \u00e1rea relacionada.[\/vc_column_text][\/vc_tta_section][vc_tta_section title=&#8221;2. Onde est\u00e1 localizada a M-Translations?&#8221; tab_id=&#8221;1455807586245-66f37af8-9147&#8243; el_class=&#8221;animate anim-fadeInUp animate-delay-0-60&#8243;][vc_column_text]<\/p>\n<ul>\n<li><strong><span style=\"color: #6d6e71;\">Escrit\u00f3rio na Alemanha &#8211; Nuremberga:<\/span><\/strong><\/li>\n<li><span style=\"color: #6d6e71; font-weight: 500;\">Peter-Henlein-Strasse 73 <\/span><\/li>\n<li><span style=\"color: #6d6e71; font-weight: 500;\"><span style=\"color: #6d6e71; font-weight: 500;\">90459, Nuremberga<br \/>\n<\/span><\/span><span style=\"color: #6d6e71;\">Alemanha<\/span><\/li>\n<\/ul>\n<ul style=\"color: #ffba00; font-weight: 600;\">\n<li><span style=\"color: #6d6e71; font-weight: 500;\"><strong>Escrit\u00f3rio dos EUA:<\/strong> <\/span><\/li>\n<li><span style=\"color: #6d6e71; font-weight: 500;\">Ainda por vir <\/span><\/li>\n<li><span style=\"color: #6d6e71; font-weight: 500;\">Seja parte da solu\u00e7\u00e3o<\/span><\/li>\n<\/ul>\n<ol style=\"color: #ffba00; font-weight: 600;\">\n<li><span style=\"color: #6d6e71; font-weight: 500;\"><strong>Gabinete da Rep\u00fablica Democr\u00e1tica do Congo:<\/strong> Ainda por vir<\/span><\/li>\n<li><span style=\"color: #6d6e71; font-weight: 500;\"><strong>Escrit\u00f3rio da RSA:<\/strong> Ainda por vir<\/span><\/li>\n<li><span style=\"color: #6d6e71; font-weight: 500;\"><strong>Escrit\u00f3rio Turky:<\/strong> Ainda por vir<\/span><\/li>\n<\/ol>\n<p>[\/vc_column_text][\/vc_tta_section][vc_tta_section title=&#8221;3. Que l\u00ednguas traduzem?&#8221; tab_id=&#8221;1455807925912-8a322220-ac8e&#8221; el_class=&#8221;animate anim-fadeInUp animate-delay-0-90&#8243;][vc_column_text]Desde Afrikaans a Zulu, oferecemos tradu\u00e7\u00f5es para e de qualquer par de l\u00ednguas do mundo.[\/vc_column_text][\/vc_tta_section][vc_tta_section title=&#8221;4.  Qual \u00e9 a diferen\u00e7a entre uma tradu\u00e7\u00e3o certificada e uma tradu\u00e7\u00e3o autenticada?&#8221; tab_id=&#8221;1455807935994-6dafcc03-ff0d&#8221; el_class=&#8221;animate anim-fadeInUp animate-delay-1-20&#8243;][vc_column_text]Uma tradu\u00e7\u00e3o certificada \u00e9 um documento traduzido por um tradutor profissional e acompanhado por um Certificado de Exactid\u00e3o assinado. Uma tradu\u00e7\u00e3o autenticada ostenta um carimbo notarial e \u00e9 um servi\u00e7o adicional que envolve a adi\u00e7\u00e3o da assinatura de um not\u00e1rio ao seu documento. Pode sempre contactar-nos se n\u00e3o tiver a certeza do tipo de documento de que necessita. Os nossos consultores experientes est\u00e3o aqui para o ajudar.[\/vc_column_text][\/vc_tta_section][vc_tta_section title=&#8221;5.  O que \u00e9 um tradutor ajuramentado e tem algum dispon\u00edvel?&#8221; tab_id=&#8221;1455807935327-f628d3e8-2c96&#8243; el_class=&#8221;animate anim-fadeInUp animate-delay-1-50&#8243;][vc_column_text]Um tradutor ajuramentado \u00e9 um tradutor que tenha sido certificado pelo governo da sua resid\u00eancia e possa carimbar directamente as suas tradu\u00e7\u00f5es como exactas e fi\u00e9is ao documento original. O sistema nos EUA e em muitos outros pa\u00edses funciona de forma diferente e combinamos a nossa certifica\u00e7\u00e3o de ag\u00eancia com a assinatura de um not\u00e1rio para alcan\u00e7ar o padr\u00e3o equivalente.[\/vc_column_text][\/vc_tta_section][vc_tta_section title=&#8221;6.  Tenho uma certid\u00e3o de nascimento que quero ver traduzida e certificada. Pode prestar este servi\u00e7o?&#8221; tab_id=&#8221;1455807934612-70798848-6f7d&#8221; el_class=&#8221;animate anim-fadeInUp animate-delay-1-80&#8243;][vc_column_text]Sim. M-Translations fornece tradu\u00e7\u00f5es certificadas para todos os documentos oficiais, tais como certid\u00f5es de nascimento. At\u00e9 certificamos o seu documento gratuitamente.[\/vc_column_text][\/vc_tta_section][vc_tta_section title=&#8221;7.  Como posso enviar os meus documentos para a M-Translations?&#8221; tab_id=&#8221;1455807933911-5dedded8-adde&#8221; el_class=&#8221;animate anim-fadeInUp animate-delay-2-10&#8243;][vc_column_text]Envie os seus documentos por e-mail para <a href=\"mailto:contact@m-translations.com\">contact@m-translations.com<\/a>, envie-os por fax para +49 911 47 20 669, ou envie-os por SMS do seu telem\u00f3vel para +49 171 99 55 1 77 e fornecer-lhe-emos um or\u00e7amento GRATUITO em menos de 10 minutos.[\/vc_column_text][\/vc_tta_section][vc_tta_section title=&#8221;8.  Quanto tempo demorar\u00e1 a traduzir os meus documentos?&#8221; tab_id=&#8221;1455807933063-0cb3a377-2509&#8243; el_class=&#8221;animate anim-fadeInUp animate-delay-2-40&#8243;][vc_column_text]O tempo que levamos a traduzir os seus documentos depender\u00e1 do tamanho do seu projecto, da complexidade do documento e da(s) l\u00edngua(s) exigida(s). N\u00e3o oferecemos uma solu\u00e7\u00e3o ou servi\u00e7o de &#8220;tamanho \u00fanico&#8221;. E, como cada pedido \u00e9 diferente, convidamo-lo a contactar-nos para discutir as suas necessidades individuais. Faremos sempre o nosso melhor para exceder as suas expectativas, dentro de qualquer prazo.[\/vc_column_text][\/vc_tta_section][vc_tta_section title=&#8221;9.  Preciso de lhe apresentar documentos originais?&#8221; tab_id=&#8221;1455807933063-0cb3a377-2509&#8243; el_class=&#8221;animate anim-fadeInUp animate-delay-2-40&#8243;][vc_column_text]<strong>Und Quais s\u00e3o as vossas condi\u00e7\u00f5es e m\u00e9todos de pagamento?<\/strong><\/p>\n<p>N\u00e3o. Uma c\u00f3pia original do seu documento n\u00e3o \u00e9 necess\u00e1ria. Uma c\u00f3pia digitalizada via e-mail, fax, ou fotografia \u00e9 suficiente.<\/p>\n<p>Aceitamos cart\u00f5es de cr\u00e9dito, cart\u00f5es de d\u00e9bito, PayPal, cheques e transfer\u00eancias banc\u00e1rias. O pagamento \u00e9 solicitado com anteced\u00eancia.[\/vc_column_text][\/vc_tta_section][\/vc_tta_accordion][\/vc_column][vc_column width=&#8221;1\/2&#8243; el_class=&#8221;bgfixed&#8221; css=&#8221;.vc_custom_1456058143762{background-image: url(http:\/\/www.m-translations.com\/wp-content\/uploads\/2016\/02\/faq-testimonial-new.jpg?id=999) !important;}&#8221;][vc_row_inner css=&#8221;.vc_custom_1460114269919{padding-top: 99px !important;padding-right: 100px !important;padding-bottom: 99px !important;padding-left: 100px !important;}&#8221;][vc_column_inner]<div class=\"testimonial-single\"><div class=\"icon\" style=\"color:#ffffff;\"><i class=\"fa fa-quote-right testimonial-blockquote-icon\"><\/i><\/div><div class=\"testimonial-single-content\" style=\"color:#ffffff;\"><p>our services Our translation agency is a multi-sector language services specialist. We are able to guarantee a consistently excellent quality of translation services in various fields by ensuring every document translation is assigned to the most appropriate members of our specialized team of highly qualified translators, proofreaders and editors. Quick Response \u2013 Worldwide Our globe-spanning operation ensures that our office is able to respond to your request. We guarantee to send you a binding quote.<\/p><\/div><\/div>[\/vc_column_inner][\/vc_row_inner][\/vc_column][\/vc_row][vc_row el_class=&#8221;container&#8221; css=&#8221;.vc_custom_1455813229346{margin-bottom: 17px !important;padding-right: 0px !important;padding-left: 0px !important;}&#8221;][vc_column][vc_column_text]<strong>Qual \u00e9 a diferen\u00e7a entre uma tradu\u00e7\u00e3o certificada e uma tradu\u00e7\u00e3o autenticada?<\/strong><\/p>\n<p>Uma tradu\u00e7\u00e3o certificada \u00e9 um documento traduzido por um tradutor profissional e acompanhado por um Certificado de Exactid\u00e3o assinado. Uma tradu\u00e7\u00e3o autenticada ostenta um carimbo notarial e \u00e9 um servi\u00e7o adicional que envolve a adi\u00e7\u00e3o da assinatura de um not\u00e1rio ao seu documento. Pode sempre <strong><a href=\"https:\/\/www.daytranslations.com\/contact-us\/\">contactar-nos<\/a><\/strong> se n\u00e3o tiver a certeza do tipo de documento de que necessita. Os nossos consultores experientes est\u00e3o aqui para o ajudar.<\/p>\n<p><strong>O que \u00e9 um &#8220;tradutor ajuramentado&#8221; e tem algum dispon\u00edvel?<\/strong><\/p>\n<p>Um tradutor ajuramentado \u00e9 um tradutor que tenha sido certificado pelo governo da sua resid\u00eancia e possa carimbar directamente as suas tradu\u00e7\u00f5es como exactas e fi\u00e9is ao documento original. O sistema nos EUA e em muitos outros pa\u00edses funciona de forma diferente e combinamos a nossa certifica\u00e7\u00e3o de ag\u00eancia com a assinatura de um not\u00e1rio para alcan\u00e7ar o padr\u00e3o equivalente.<\/p>\n<p><strong>I have a birth certificate that I want translated and certified. Can you provide this service?<\/strong><\/p>\n<p>Sim. M-Translations fornece <a href=\"https:\/\/www.daytranslations.com\/certified-translation-services\/\">tradu\u00e7\u00f5es certificadas<\/a> para todos os documentos oficiais, tais como certid\u00f5es de nascimento. At\u00e9 certificamos o seu documento gratuitamente.<\/p>\n<p><strong>Como posso enviar os meus documentos para a M-Translations?<\/strong><\/p>\n<p>Envie os seus documentos por e-mail para <a href=\"mailto:contact@daytranslations.com?Subject=Hello%20again\">contact@daytranslations.com<\/a>, envie-os por fax para 1-800-856-2759, ou envie-os por SMS do seu telem\u00f3vel para 1-415-335-4877 e fornecer-lhe-emos um or\u00e7amento GRATUITO em menos de 10 minutos.<\/p>\n<p><strong>Quanto tempo demorar\u00e1 a traduzir os meus documentos?<\/strong><\/p>\n<p>oferecemos uma solu\u00e7\u00e3o ou servi\u00e7o de &#8220;tamanho \u00fanico&#8221;. E, como cada pedido \u00e9 diferente, convidamo-lo a <a href=\"https:\/\/www.daytranslations.com\/contact-us\/\">contactar-nos<\/a> para discutir as suas necessidades individuais. Faremos sempre o nosso melhor para exceder as suas expectativas, dentro de qualquer prazo.<\/p>\n<p><strong>Preciso de lhe apresentar documentos originais?<\/strong><\/p>\n<p>N\u00e3o. Uma c\u00f3pia original do seu documento n\u00e3o \u00e9 necess\u00e1ria. Uma c\u00f3pia digitalizada via e-mail, fax, ou fotografia \u00e9 suficiente.<\/p>\n<p><strong>Quais s\u00e3o as vossas condi\u00e7\u00f5es e m\u00e9todos de pagamento?<\/strong><\/p>\n<p>Aceitamos cart\u00f5es de cr\u00e9dito, cart\u00f5es de d\u00e9bito, PayPal, cheques e transfer\u00eancias banc\u00e1rias. O pagamento \u00e9 solicitado com anteced\u00eancia.[\/vc_column_text][\/vc_column][\/vc_row][vc_row css=&#8221;.vc_custom_1455804959465{padding-top: 6px !important;padding-bottom: 40px !important;background-color: #ffba00 !important;}&#8221;][vc_column][vc_row_inner el_class=&#8221;container&#8221; css=&#8221;.vc_custom_1455804950320{padding-right: 0px !important;padding-left: 0px !important;}&#8221;][vc_column_inner]<div class=\"clients-widget\"><div class=\"owl-carousel-clients-533936892\"><div class=\"item\"><a href=\"\" title=\"Client\" ><img decoding=\"async\" src=\"https:\/\/namba22.com\/wp-content\/uploads\/2016\/02\/ref1.png\" alt=\"Client\" \/><\/a><\/div><div class=\"item\"><a href=\"\" title=\"Client\" ><img decoding=\"async\" src=\"https:\/\/namba22.com\/wp-content\/uploads\/2016\/02\/ref2.png\" alt=\"Client\" \/><\/a><\/div><div class=\"item\"><a href=\"\" title=\"Client\" ><img decoding=\"async\" src=\"https:\/\/namba22.com\/wp-content\/uploads\/2016\/02\/ref3.png\" alt=\"Client\" \/><\/a><\/div><div class=\"item\"><a href=\"\" title=\"Client\" ><img decoding=\"async\" src=\"https:\/\/namba22.com\/wp-content\/uploads\/2016\/02\/ref4.png\" alt=\"Client\" \/><\/a><\/div><div class=\"item\"><a href=\"\" title=\"Client\" ><img decoding=\"async\" src=\"https:\/\/namba22.com\/wp-content\/uploads\/2016\/02\/ref5.png\" alt=\"Client\" \/><\/a><\/div><div class=\"item\"><a href=\"\" title=\"Client\" ><img decoding=\"async\" src=\"https:\/\/namba22.com\/wp-content\/uploads\/2016\/02\/ref6.png\" alt=\"Client\" \/><\/a><\/div><\/div><\/div><script>\r\n\t\t\t\t\t\t\tjQuery(document).ready(function($){\r\n\t\t\t\t\t\t\t\t$('.owl-carousel-clients-533936892').owlCarousel({\r\n\t\t\t\t\t\t\t\t\tloop:true,\r\n\t\t\t\t\t\t\t\t\tnav:false,\r\n\t\t\t\t\t\t\t\t\tmargin:80,\r\n\t\t\t\t\t\t\t\t\tdots:false,\r\n\t\t\t\t\t\t\t\t\tautoWidth:true,\r\n\t\t\t\t\t\t\t\t\tresponsive:{\r\n\t\t\t\t\t\t\t\t\t\t0:{\r\n\t\t\t\t\t\t\t\t\t\t\titems:2,\r\n\t\t\t\t\t\t\t\t\t\t},\r\n\t\t\t\t\t\t\t\t\t\t768:{\r\n\t\t\t\t\t\t\t\t\t\t\titems:6,\r\n\t\t\t\t\t\t\t\t\t\t},\r\n\t\t\t\t\t\t\t\t\t}\r\n\t\t\t\t\t\t\t\t});\r\n\t\t\t\t\t\t\t});\r\n\t\t\t\t\t\t<\/script>[\/vc_column_inner][\/vc_row_inner][\/vc_column][\/vc_row]<\/p>\n<\/div>","protected":false},"excerpt":{"rendered":"<p>Tem perguntas sobre o seu projecto ?<\/p>\n","protected":false},"author":1,"featured_media":0,"parent":0,"menu_order":0,"comment_status":"closed","ping_status":"closed","template":"","meta":{"_rsvp_to":"","_rsvp_max":"","_rsvp_show_attendees":"","_rsvp_instructions":"","simple_price":"","simple_price_label":"","venue":"","_template_start_hour":"","_template_start_minutes":"","_sked_minutes":"","_sked_stop":"","_sked_duration":"","_payment_gateway":"Cash or Custom","_rsvp_currency":"USD","_sked_hour":"12","_sked_end":"13:00","rsvp_tx_template":0,"_rsvp_start":0,"_rsvp_deadline":0,"_rsvp_deadline_daysbefore":"0","_rsvp_deadline_hours":"0","_rsvp_reg_daysbefore":"0","_rsvp_reg_hours":"0","_rsvp_count_party":"1","_timezone":"+00:00","_rsvp_on":false,"_add_timezone":false,"_convert_timezone":false,"_calendar_icons":true,"_rsvp_end_display":false,"_rsvp_rsvpmaker_send_confirmation_email":false,"_rsvp_confirmation_after_payment":false,"_rsvp_confirmation_include_event":false,"_rsvp_count":true,"_rsvp_yesno":true,"_rsvp_captcha":false,"_rsvp_login_required":false,"_rsvp_form_show_date":false,"footnotes":""},"class_list":["post-558","page","type-page","status-publish","hentry"],"yoast_head":"<!-- This site is optimized with the Yoast SEO plugin v27.4 - https:\/\/yoast.com\/product\/yoast-seo-wordpress\/ -->\n<title>FAQ<\/title>\n<meta name=\"description\" content=\"Tem perguntas sobre o seu projecto ?\" \/>\n<meta name=\"robots\" content=\"index, follow, max-snippet:-1, max-image-preview:large, max-video-preview:-1\" \/>\n<link rel=\"canonical\" href=\"http:\/\/Tem%20perguntas%20sobre%20o%20seu%20projecto%20?\" \/>\n<meta property=\"og:locale\" content=\"pt_BR\" \/>\n<meta property=\"og:type\" content=\"article\" \/>\n<meta property=\"og:title\" content=\"FAQ\" \/>\n<meta property=\"og:description\" content=\"Tem perguntas sobre o seu projecto ?\" \/>\n<meta property=\"og:url\" content=\"https:\/\/namba22.com\/pt\/f-a-q\/\" \/>\n<meta property=\"og:site_name\" content=\"m-translations.com\" \/>\n<meta property=\"article:modified_time\" content=\"2022-04-26T16:09:01+00:00\" \/>\n<meta name=\"twitter:card\" content=\"summary_large_image\" \/>\n<meta name=\"twitter:label1\" content=\"Est. reading time\" \/>\n\t<meta name=\"twitter:data1\" content=\"8 minutes\" \/>\n<script type=\"application\/ld+json\" class=\"yoast-schema-graph\">{\"@context\":\"https:\\\/\\\/schema.org\",\"@graph\":[{\"@type\":\"WebPage\",\"@id\":\"https:\\\/\\\/namba22.com\\\/pt\\\/f-a-q\\\/\",\"url\":\"https:\\\/\\\/namba22.com\\\/pt\\\/f-a-q\\\/\",\"name\":\"F.A.Q - m-translations.com\",\"isPartOf\":{\"@id\":\"https:\\\/\\\/namba22.com\\\/en\\\/#website\"},\"datePublished\":\"2016-02-17T14:58:50+00:00\",\"dateModified\":\"2022-04-26T16:09:01+00:00\",\"breadcrumb\":{\"@id\":\"https:\\\/\\\/namba22.com\\\/pt\\\/f-a-q\\\/#breadcrumb\"},\"inLanguage\":\"pt-BR\",\"potentialAction\":[{\"@type\":\"ReadAction\",\"target\":[\"https:\\\/\\\/namba22.com\\\/pt\\\/f-a-q\\\/\"]}]},{\"@type\":\"BreadcrumbList\",\"@id\":\"https:\\\/\\\/namba22.com\\\/pt\\\/f-a-q\\\/#breadcrumb\",\"itemListElement\":[{\"@type\":\"ListItem\",\"position\":1,\"name\":\"Casa - Padr\u00e3o\",\"item\":\"https:\\\/\\\/namba22.com\\\/\"},{\"@type\":\"ListItem\",\"position\":2,\"name\":\"FAQ\"}]},{\"@type\":\"WebSite\",\"@id\":\"https:\\\/\\\/namba22.com\\\/pt\\\/en\\\/#website\",\"url\":\"https:\\\/\\\/namba22.com\\\/pt\\\/en\\\/\",\"name\":\"m-translations.com\",\"description\":\"m-translations.com\",\"potentialAction\":[{\"@type\":\"SearchAction\",\"target\":{\"@type\":\"EntryPoint\",\"urlTemplate\":\"https:\\\/\\\/namba22.com\\\/pt\\\/en\\\/?s={search_term_string}\"},\"query-input\":{\"@type\":\"PropertyValueSpecification\",\"valueRequired\":true,\"valueName\":\"search_term_string\"}}],\"inLanguage\":\"pt-BR\"}]}<\/script>\n<!-- \/ Yoast SEO plugin. -->","yoast_head_json":{"title":"FAQ","description":"Tem perguntas sobre o seu projecto ?","robots":{"index":"index","follow":"follow","max-snippet":"max-snippet:-1","max-image-preview":"max-image-preview:large","max-video-preview":"max-video-preview:-1"},"canonical":"Tem perguntas sobre o seu projecto ?","og_locale":"pt_BR","og_type":"article","og_title":"FAQ","og_description":"Tem perguntas sobre o seu projecto ?","og_url":"https:\/\/namba22.com\/pt\/f-a-q\/","og_site_name":"m-translations.com","article_modified_time":"2022-04-26T16:09:01+00:00","twitter_card":"summary_large_image","twitter_misc":{"Est. reading time":"8 minutes"},"schema":{"@context":"https:\/\/schema.org","@graph":[{"@type":"WebPage","@id":"https:\/\/namba22.com\/pt\/f-a-q\/","url":"https:\/\/namba22.com\/pt\/f-a-q\/","name":"F.A.Q - m-translations.com","isPartOf":{"@id":"https:\/\/namba22.com\/en\/#website"},"datePublished":"2016-02-17T14:58:50+00:00","dateModified":"2022-04-26T16:09:01+00:00","breadcrumb":{"@id":"https:\/\/namba22.com\/pt\/f-a-q\/#breadcrumb"},"inLanguage":"pt-BR","potentialAction":[{"@type":"ReadAction","target":["https:\/\/namba22.com\/pt\/f-a-q\/"]}]},{"@type":"BreadcrumbList","@id":"https:\/\/namba22.com\/pt\/f-a-q\/#breadcrumb","itemListElement":[{"@type":"ListItem","position":1,"name":"Casa - Padr\u00e3o","item":"https:\/\/namba22.com\/"},{"@type":"ListItem","position":2,"name":"FAQ"}]},{"@type":"WebSite","@id":"https:\/\/namba22.com\/pt\/en\/#website","url":"https:\/\/namba22.com\/pt\/en\/","name":"m-translations.com","description":"m-translations.com","potentialAction":[{"@type":"SearchAction","target":{"@type":"EntryPoint","urlTemplate":"https:\/\/namba22.com\/pt\/en\/?s={search_term_string}"},"query-input":{"@type":"PropertyValueSpecification","valueRequired":true,"valueName":"search_term_string"}}],"inLanguage":"pt-BR"}]}},"_links":{"self":[{"href":"https:\/\/namba22.com\/pt\/wp-json\/wp\/v2\/pages\/558","targetHints":{"allow":["GET"]}}],"collection":[{"href":"https:\/\/namba22.com\/pt\/wp-json\/wp\/v2\/pages"}],"about":[{"href":"https:\/\/namba22.com\/pt\/wp-json\/wp\/v2\/types\/page"}],"author":[{"embeddable":true,"href":"https:\/\/namba22.com\/pt\/wp-json\/wp\/v2\/users\/1"}],"replies":[{"embeddable":true,"href":"https:\/\/namba22.com\/pt\/wp-json\/wp\/v2\/comments?post=558"}],"version-history":[{"count":14,"href":"https:\/\/namba22.com\/pt\/wp-json\/wp\/v2\/pages\/558\/revisions"}],"predecessor-version":[{"id":2729,"href":"https:\/\/namba22.com\/pt\/wp-json\/wp\/v2\/pages\/558\/revisions\/2729"}],"wp:attachment":[{"href":"https:\/\/namba22.com\/pt\/wp-json\/wp\/v2\/media?parent=558"}],"curies":[{"name":"wp","href":"https:\/\/api.w.org\/{rel}","templated":true}]}}