{"id":554,"date":"2016-02-17T14:57:16","date_gmt":"2016-02-17T14:57:16","guid":{"rendered":"http:\/\/demo.gloriathemes.com\/wp\/perada\/?page_id=554"},"modified":"2020-12-29T07:01:01","modified_gmt":"2020-12-29T07:01:01","slug":"contact-compact","status":"publish","type":"page","link":"https:\/\/namba22.com\/pt\/contact-compact\/","title":{"rendered":"contacto \u2013 compacto"},"content":{"rendered":"<div class=\"wpb-content-wrapper\"><p>[vc_row el_class=&#8221;container&#8221; css=&#8221;.vc_custom_1455725773485{margin-bottom: 18px !important;padding-right: 0px !important;padding-left: 0px !important;}&#8221;][vc_column][vc_column_text]Bem-vindo \u00e0 nossa ag\u00eancia de tradu\u00e7\u00e3o online. A visita ao nosso s\u00edtio web d\u00e1-lhe acesso a muitas ferramentas \u00fateis de aplica\u00e7\u00e3o de tradu\u00e7\u00e3o, entre as quais uma ferramenta MT que o ajuda a traduzir conte\u00fados de texto via API. Se desejar Tradu\u00e7\u00e3o Humana, o nosso website tem uma op\u00e7\u00e3o de Cota\u00e7\u00e3o Instant\u00e2nea, bem como um contador de palavras para que possa decidir depois de ter uma ideia do pre\u00e7o que poder\u00e1 ser.<\/p>\n<p><strong>Tradu\u00e7\u00f5es de Alta Qualidade<\/strong><\/p>\n<p>Tradu\u00e7\u00e3o de Qualidade Garantida &#8211; Tradu\u00e7\u00f5es de alta qualidade Aqui compreendemos que os seus projectos de tradu\u00e7\u00e3o exigem resultados de alta qualidade e de grande confian\u00e7a. Tradu\u00e7\u00e3o profissional: os tradutores que trabalham na tradu\u00e7\u00e3o de textos s\u00e3o pessoas especializadas nas \u00e1reas espec\u00edficas e com compet\u00eancias lingu\u00edsticas proficientes e uma vasta experi\u00eancia de tradu\u00e7\u00e3o.<\/p>\n<p><strong>Rela\u00e7\u00e3o custo-benef\u00edcio<\/strong><\/p>\n<p>Quando os nossos clientes recebem o melhor valor pela quantidade de dinheiro que pagaram, sentem que t\u00eam o valor do seu dinheiro ou um bom valor pelo seu dinheiro. O que tem de compreender e perceber sobre a rela\u00e7\u00e3o custo-benef\u00edcio \u00e9 que n\u00e3o se trata apenas do pre\u00e7o dos produtos ou servi\u00e7os pelos quais os seus clientes est\u00e3o dispostos a pagar. \u00c9 mais significativo do que apenas o pre\u00e7o. Envolve tamb\u00e9m toda a experi\u00eancia que vem com ele do in\u00edcio ao fim da transac\u00e7\u00e3o comercial. Isto inclui, mas n\u00e3o est\u00e1 limitado \u00e0 interac\u00e7\u00e3o com os empregados, n\u00edvel de esfor\u00e7o, qualidade do produto ou servi\u00e7o, adequa\u00e7\u00e3o do produto ou servi\u00e7o \u00e0s necessidades dos clientes, e utiliza\u00e7\u00e3o efectiva do produto ou servi\u00e7o em si. Importante \u00e9 ver os nossos clientes a darem import\u00e2ncia ao valor do seu dinheiro, independentemente de estarem a comprar um artigo de baixo ou alto pre\u00e7o. Eles procuram e esperam sempre um valor global para o seu dinheiro. Contudo, quanto mais alto for o pre\u00e7o do artigo, mais valor os nossos clientes esperam. E n\u00f3s fazemos tudo o que podemos para corresponder \u00e0s expectativas dos nossos clientes.<\/p>\n<p><strong>Entregue a tempo<\/strong><\/p>\n<p>O tempo de resposta depende do n\u00famero de palavras e do estilo de linguagem (por exemplo, quanta linguagem t\u00e9cnica ou jarg\u00e3o da ind\u00fastria). A precipita\u00e7\u00e3o \u00e9 o pior inimigo da qualidade, que \u00e9 a nossa principal preocupa\u00e7\u00e3o. Garantimos que o seu prazo ser\u00e1 cumprido, desde que as nossas linhas de comunica\u00e7\u00e3o permane\u00e7am abertas. No caso de grandes projectos de tradu\u00e7\u00e3o, a cada tradutor \u00e9 atribu\u00edda uma tarefa adicional: gest\u00e3o de projectos, constru\u00e7\u00e3o de um gloss\u00e1rio bilingue, ou algum outro aspecto do seu trabalho. Esta abordagem abrangente e colabora\u00e7\u00e3o estreita permite-nos entregar resultados superiores em tempo \u00fatil.<\/p>\n<p>As poucas palavras introdut\u00f3rias acima referidas destinam-se a permitir-lhe o acesso a todos os nossos servi\u00e7os online de uma forma muito simples como cliente. Mas tamb\u00e9m poder\u00e1 ser apenas um freelancer, cliente regular ou cliente afiliado. Neste caso, sugerimos-lhe que v\u00e1 ao menu superior, depois v\u00e1 l\u00e1 para Traduzir e clique no bot\u00e3o Sign Up.<\/p>\n<p><strong>Informa\u00e7\u00f5es de contacto<\/strong><\/p>\n<p>Para nos contactar, utilize por favor o formul\u00e1rio de contacto ou os dados de contacto alternativos abaixo.<\/p>\n<ul>\n<li>Peter-Henlein-Stra\u00dfe 73 &#8211; 90459 Nuremberga<\/li>\n<li>+49 911 473708<\/li>\n<li>+49 911 4720669<\/li>\n<li>info@muteba.de ou\/ e fax.muteba@gmail.com<\/li>\n<\/ul>\n<p>[\/vc_column_text][\/vc_column][\/vc_row][vc_row el_class=&#8221;container animate anim-fadeIn&#8221; css=&#8221;.vc_custom_1461073712448{padding-right: 0px !important;padding-left: 0px !important;}&#8221;][vc_column width=&#8221;1\/4&#8243; css=&#8221;.vc_custom_1461073716157{margin-bottom: 44px !important;}&#8221;][vc_custom_heading text=&#8221;Endere\u00e7o&#8221; font_container=&#8221;tag:h3|font_size:17|text_align:left|color:%23ffba00&#8243; use_theme_fonts=&#8221;yes&#8221; css=&#8221;.vc_custom_1456073692611{margin-top: 0px !important;margin-bottom: 23px !important;}&#8221;][vc_column_text css=&#8221;.vc_custom_1605479250617{margin-bottom: 19px !important;}&#8221;]<\/p>\n<p style=\"margin-bottom: 0px;\"><strong>Escrit\u00f3rio de Nuremberga<\/strong><br \/>\n90459 Nuremberga , Peter-Henlein-Str. 73 , Baviera, Alemanha<\/p>\n<p>[\/vc_column_text][vc_column_text css=&#8221;.vc_custom_1605479552888{margin-bottom: 0px !important;}&#8221;]<\/p>\n<p style=\"margin-bottom: 0px;\"><strong>Escrit\u00f3rio de Nuremberga<\/strong><br \/>\n90459 Nuremberga , Peter-Henlein-Str. 73 , Baviera, Alemanha<\/p>\n<p>[\/vc_column_text][\/vc_column][vc_column width=&#8221;1\/4&#8243; css=&#8221;.vc_custom_1461073720227{margin-bottom: 44px !important;}&#8221;][vc_custom_heading text=&#8221;Telefone&#8221; font_container=&#8221;tag:h3|font_size:17|text_align:left|color:%23ffba00&#8243; use_theme_fonts=&#8221;yes&#8221; css=&#8221;.vc_custom_1456073699003{margin-top: 0px !important;margin-bottom: 23px !important;}&#8221;][vc_column_text css=&#8221;.vc_custom_1605479372714{margin-bottom: 19px !important;}&#8221;]<\/p>\n<p style=\"margin-bottom: 0px;\"><strong>Telefone do escrit\u00f3rio de Nuremberga<\/strong><br \/>\n+49 &#8211; 911 &#8211; 473708        +49 &#8211; 171 &#8211; 9955177<\/p>\n<p>[\/vc_column_text][vc_column_text css=&#8221;.vc_custom_1605479582672{margin-bottom: 0px !important;}&#8221;]<\/p>\n<p style=\"margin-bottom: 0px;\"><strong>Telefone do escrit\u00f3rio de Nuremberga<\/strong><br \/>\n+49 &#8211; 911 &#8211; 473708        +49 &#8211; 171 &#8211; 9955177<\/p>\n<p>[\/vc_column_text][\/vc_column][vc_column width=&#8221;1\/4&#8243; css=&#8221;.vc_custom_1461073723655{margin-bottom: 44px !important;}&#8221;][vc_custom_heading text=&#8221;E- Mail&#8221; font_container=&#8221;tag:h3|font_size:17|text_align:left|color:%23ffba00&#8243; use_theme_fonts=&#8221;yes&#8221; css=&#8221;.vc_custom_1456073704860{margin-top: 0px !important;margin-bottom: 23px !important;}&#8221;][vc_column_text css=&#8221;.vc_custom_1605479485271{margin-bottom: 19px !important;}&#8221;]<\/p>\n<p style=\"margin-bottom: 0px;\"><strong>E-Mail do escrit\u00f3rio de Nuremberga<\/strong><br \/>\ncontact@m-translations.com<\/p>\n<p>[\/vc_column_text][vc_column_text css=&#8221;.vc_custom_1605479605439{margin-bottom: 0px !important;}&#8221;]<\/p>\n<p style=\"margin-bottom: 0px;\"><strong>E-Mail do escrit\u00f3rio de Nuremberga<\/strong><br \/>\ncontact@m-translations.com<\/p>\n<p>[\/vc_column_text][\/vc_column][vc_column width=&#8221;1\/4&#8243; css=&#8221;.vc_custom_1461073728076{margin-bottom: 44px !important;}&#8221;][vc_custom_heading text=&#8221;Meios de comunica\u00e7\u00e3o social&#8221; font_container=&#8221;tag:h3|font_size:17|text_align:left|color:%23ffba00&#8243; use_theme_fonts=&#8221;yes&#8221; css=&#8221;.vc_custom_1456073716255{margin-top: 0px !important;margin-bottom: 23px !important;}&#8221;][vc_column_text css=&#8221;.vc_custom_1605479671640{margin-bottom: 19px !important;}&#8221;]<\/p>\n<p style=\"margin-bottom: 0px;\">Junte-se a n\u00f3s nas Redes Sociais<\/p>\n<p>[\/vc_column_text][vc_row_inner el_class=&#8221;text-right&#8221;][vc_column_inner]<div class=\"social-media-radius\"><ul><\/ul><\/div>[\/vc_column_inner][\/vc_row_inner][\/vc_column][\/vc_row][vc_row el_class=&#8221;container animate anim-fadeIn&#8221; css=&#8221;.vc_custom_1456242478763{padding-right: 0px !important;padding-left: 0px !important;}&#8221;][vc_column][vc_row_inner][vc_column_inner][vc_custom_heading text=&#8221;Enviar uma mensagem&#8221; font_container=&#8221;tag:h3|font_size:17|text_align:left|color:%23ffba00&#8243; use_theme_fonts=&#8221;yes&#8221; css=&#8221;.vc_custom_1456073870619{margin-top: 0px !important;margin-bottom: 23px !important;}&#8221;][\/vc_column_inner][\/vc_row_inner]\n<div class=\"wpcf7 no-js\" id=\"wpcf7-f2450-o1\" lang=\"en-US\" dir=\"ltr\" data-wpcf7-id=\"2450\">\n<div class=\"screen-reader-response\"><p role=\"status\" aria-live=\"polite\" aria-atomic=\"true\"><\/p> <ul><\/ul><\/div>\n<form action=\"\/pt\/wp-json\/wp\/v2\/pages\/554#wpcf7-f2450-o1\" method=\"post\" class=\"wpcf7-form init\" aria-label=\"Contact form\" novalidate=\"novalidate\" data-status=\"init\">\n<fieldset class=\"hidden-fields-container\"><input type=\"hidden\" name=\"_wpcf7\" value=\"2450\" \/><input type=\"hidden\" name=\"_wpcf7_version\" value=\"6.1\" \/><input type=\"hidden\" name=\"_wpcf7_locale\" value=\"en_US\" \/><input type=\"hidden\" name=\"_wpcf7_unit_tag\" value=\"wpcf7-f2450-o1\" \/><input type=\"hidden\" name=\"_wpcf7_container_post\" value=\"0\" \/><input type=\"hidden\" name=\"_wpcf7_posted_data_hash\" value=\"\" \/>\n<\/fieldset>\n<p><label> O seu nome<br \/>\n<span class=\"wpcf7-form-control-wrap\" data-name=\"your-name\"><input size=\"40\" maxlength=\"400\" class=\"wpcf7-form-control wpcf7-text wpcf7-validates-as-required\" aria-required=\"true\" aria-invalid=\"false\" value=\"\" type=\"text\" name=\"your-name\" \/><\/span> <\/label>\n<\/p>\n<p><label> O seu e-mail<br \/>\n<span class=\"wpcf7-form-control-wrap\" data-name=\"your-email\"><input size=\"40\" maxlength=\"400\" class=\"wpcf7-form-control wpcf7-email wpcf7-validates-as-required wpcf7-text wpcf7-validates-as-email\" aria-required=\"true\" aria-invalid=\"false\" value=\"\" type=\"email\" name=\"your-email\" \/><\/span> <\/label>\n<\/p>\n<p><label> Assunto<br \/>\n<span class=\"wpcf7-form-control-wrap\" data-name=\"your-subject\"><input size=\"40\" maxlength=\"400\" class=\"wpcf7-form-control wpcf7-text wpcf7-validates-as-required\" aria-required=\"true\" aria-invalid=\"false\" value=\"\" type=\"text\" name=\"your-subject\" \/><\/span> <\/label>\n<\/p>\n<p><label> A sua mensagem (opcional)<br \/>\n<span class=\"wpcf7-form-control-wrap\" data-name=\"your-message\"><textarea cols=\"40\" rows=\"10\" maxlength=\"2000\" class=\"wpcf7-form-control wpcf7-textarea\" aria-invalid=\"false\" name=\"your-message\"><\/textarea><\/span> <\/label>\n<\/p>\n<p><input class=\"wpcf7-form-control wpcf7-submit has-spinner\" type=\"submit\" value=\"submeter\" \/>\n<\/p><div class=\"wpcf7-response-output\" aria-hidden=\"true\"><\/div>\n<\/form>\n<\/div>\n[\/vc_column][\/vc_row][vc_row full_width=&#8221;stretch_row_content_no_spaces&#8221; css=&#8221;.vc_custom_1455722240590{margin-bottom: 0px !important;}&#8221;][vc_column][vc_row_inner el_class=&#8221;container&#8221;][vc_column_inner][vc_custom_heading text=&#8221;Google Maps&#8221; font_container=&#8221;tag:h3|font_size:17|text_align:left|color:%236d6e71&#8243; use_theme_fonts=&#8221;yes&#8221; css=&#8221;.vc_custom_1456073866677{margin-top: 28px !important;margin-bottom: 33px !important;}&#8221;][\/vc_column_inner][\/vc_row_inner][vc_gmaps link=&#8221;#E-8_JTNDaWZyYW1lJTIwc3JjJTNEJTIyaHR0cHMlM0ElMkYlMkZ3d3cuZ29vZ2xlLmNvbSUyRm1hcHMlMkZlbWJlZCUzRnBiJTNEJTIxMW0xOCUyMTFtMTIlMjExbTMlMjExZDE5MzU3MS40MzgyODg5OTYyJTIxMmQtNzQuMTE4MDg2NDEyMzA5NDclMjEzZDQwLjcwNTgyNTM2MzE2NDcwNiUyMTJtMyUyMTFmMCUyMTJmMCUyMTNmMCUyMTNtMiUyMTFpMTAyNCUyMTJpNzY4JTIxNGYxMy4xJTIxM20zJTIxMW0yJTIxMXMweDg5YzI0ZmE1ZDMzZjA4M2IlMjUzQTB4YzgwYjhmMDZlMTc3ZmU2MiUyMTJzTmV3JTJCWW9yayUyNTJDJTJCQmlybGUlMjVDNSUyNTlGaWslMkJEZXZsZXRsZXIlMjE1ZTAlMjEzbTIlMjExc3RyJTIxMnN0ciUyMTR2MTQ1NTcyMTY4MDg5NCUyMiUyMHdpZHRoJTNEJTIyMTAwJTI1JTIyJTIwaGVpZ2h0JTNEJTIyMzUwJTIyJTIwZnJhbWVib3JkZXIlM0QlMjIwJTIyJTIwc3R5bGUlM0QlMjJib3JkZXIlM0EwJTIyJTIwYWxsb3dmdWxsc2NyZWVuJTNFJTNDJTJGaWZyYW1lJTNF&#8221; size=&#8221;350&#8243; el_class=&#8221;nopaddingmap&#8221; css=&#8221;.vc_custom_1455722267653{margin-bottom: 0px !important;}&#8221;][\/vc_column][\/vc_row][vc_row full_width=&#8221;stretch_row_content_no_spaces&#8221; css=&#8221;.vc_custom_1455726928386{margin-top: 0px !important;padding-top: 18px !important;padding-bottom: 55px !important;background-image: url(http:\/\/demo.gloriathemes.com\/wp\/perada\/wp-content\/uploads\/2016\/02\/get-a-quote-bg.jpg?id=142) !important;background-position: 0 0 !important;background-repeat: no-repeat !important;}&#8221; el_class=&#8221;backgroundbottomright&#8221;][vc_column][vc_row_inner el_class=&#8221;container&#8221;][vc_column_inner][vc_custom_heading text=&#8221;Fa\u00e7a um or\u00e7amento&#8221; font_container=&#8221;tag:h3|font_size:17|text_align:left|color:%23ffba00&#8243; use_theme_fonts=&#8221;yes&#8221; css=&#8221;.vc_custom_1456074228077{margin-top: 0px !important;margin-bottom: 21px !important;}&#8221;][vc_column_text css=&#8221;.vc_custom_1455727012865{margin-bottom: 30px !important;}&#8221;]<\/p>\n<p style=\"margin-bottom: 0px;\">Carregue o arquivo que deseja traduzir, enviaremos uma oferta de pre\u00e7o para o seu e-mail.<\/p>\n<p>[\/vc_column_text][\/vc_column_inner][\/vc_row_inner][vc_row_inner el_class=&#8221;container&#8221;][vc_column_inner width=&#8221;2\/3&#8243;]\n<div class=\"wpcf7 no-js\" id=\"wpcf7-f2450-o2\" lang=\"en-US\" dir=\"ltr\" data-wpcf7-id=\"2450\">\n<div class=\"screen-reader-response\"><p role=\"status\" aria-live=\"polite\" aria-atomic=\"true\"><\/p> <ul><\/ul><\/div>\n<form action=\"\/pt\/wp-json\/wp\/v2\/pages\/554#wpcf7-f2450-o2\" method=\"post\" class=\"wpcf7-form init\" aria-label=\"Contact form\" novalidate=\"novalidate\" data-status=\"init\">\n<fieldset class=\"hidden-fields-container\"><input type=\"hidden\" name=\"_wpcf7\" value=\"2450\" \/><input type=\"hidden\" name=\"_wpcf7_version\" value=\"6.1\" \/><input type=\"hidden\" name=\"_wpcf7_locale\" value=\"en_US\" \/><input type=\"hidden\" name=\"_wpcf7_unit_tag\" value=\"wpcf7-f2450-o2\" \/><input type=\"hidden\" name=\"_wpcf7_container_post\" value=\"0\" \/><input type=\"hidden\" name=\"_wpcf7_posted_data_hash\" value=\"\" \/>\n<\/fieldset>\n<p><label> O seu nome<br \/>\n<span class=\"wpcf7-form-control-wrap\" data-name=\"your-name\"><input size=\"40\" maxlength=\"400\" class=\"wpcf7-form-control wpcf7-text wpcf7-validates-as-required\" aria-required=\"true\" aria-invalid=\"false\" value=\"\" type=\"text\" name=\"your-name\" \/><\/span> <\/label>\n<\/p>\n<p><label> O seu e-mail<br \/>\n<span class=\"wpcf7-form-control-wrap\" data-name=\"your-email\"><input size=\"40\" maxlength=\"400\" class=\"wpcf7-form-control wpcf7-email wpcf7-validates-as-required wpcf7-text wpcf7-validates-as-email\" aria-required=\"true\" aria-invalid=\"false\" value=\"\" type=\"email\" name=\"your-email\" \/><\/span> <\/label>\n<\/p>\n<p><label> Assunto<br \/>\n<span class=\"wpcf7-form-control-wrap\" data-name=\"your-subject\"><input size=\"40\" maxlength=\"400\" class=\"wpcf7-form-control wpcf7-text wpcf7-validates-as-required\" aria-required=\"true\" aria-invalid=\"false\" value=\"\" type=\"text\" name=\"your-subject\" \/><\/span> <\/label>\n<\/p>\n<p><label> A sua mensagem (opcional)<br \/>\n<span class=\"wpcf7-form-control-wrap\" data-name=\"your-message\"><textarea cols=\"40\" rows=\"10\" maxlength=\"2000\" class=\"wpcf7-form-control wpcf7-textarea\" aria-invalid=\"false\" name=\"your-message\"><\/textarea><\/span> <\/label>\n<\/p>\n<p><input class=\"wpcf7-form-control wpcf7-submit has-spinner\" type=\"submit\" value=\"submeter\" \/>\n<\/p><div class=\"wpcf7-response-output\" aria-hidden=\"true\"><\/div>\n<\/form>\n<\/div>\n[\/vc_column_inner][vc_column_inner width=&#8221;1\/3&#8243;][\/vc_column_inner][\/vc_row_inner][\/vc_column][\/vc_row]<\/p>\n<\/div>","protected":false},"excerpt":{"rendered":"<p>As nossas informa\u00e7\u00f5es de contacto podem ser acedidas a partir desta p\u00e1gina.<\/p>\n","protected":false},"author":1,"featured_media":600,"parent":0,"menu_order":0,"comment_status":"closed","ping_status":"closed","template":"","meta":{"_rsvp_to":"","_rsvp_max":"","_rsvp_show_attendees":"","_rsvp_instructions":"","simple_price":"","simple_price_label":"","venue":"","_template_start_hour":"","_template_start_minutes":"","_sked_minutes":"","_sked_stop":"","_sked_duration":"","_payment_gateway":"Cash or Custom","_rsvp_currency":"USD","_sked_hour":"12","_sked_end":"13:00","rsvp_tx_template":0,"_rsvp_start":0,"_rsvp_deadline":0,"_rsvp_deadline_daysbefore":"0","_rsvp_deadline_hours":"0","_rsvp_reg_daysbefore":"0","_rsvp_reg_hours":"0","_rsvp_count_party":"1","_timezone":"+00:00","_rsvp_on":false,"_add_timezone":false,"_convert_timezone":false,"_calendar_icons":true,"_rsvp_end_display":false,"_rsvp_rsvpmaker_send_confirmation_email":false,"_rsvp_confirmation_after_payment":false,"_rsvp_confirmation_include_event":false,"_rsvp_count":true,"_rsvp_yesno":true,"_rsvp_captcha":false,"_rsvp_login_required":false,"_rsvp_form_show_date":false,"footnotes":""},"class_list":["post-554","page","type-page","status-publish","has-post-thumbnail","hentry"],"yoast_head":"<!-- This site is optimized with the Yoast SEO plugin v27.4 - https:\/\/yoast.com\/product\/yoast-seo-wordpress\/ -->\n<title>contacto \u2013 compacto<\/title>\n<meta name=\"description\" content=\"As nossas informa\u00e7\u00f5es de contacto podem ser acedidas a partir desta p\u00e1gina.\" \/>\n<meta name=\"robots\" content=\"index, follow, max-snippet:-1, max-image-preview:large, max-video-preview:-1\" \/>\n<link rel=\"canonical\" href=\"http:\/\/As%20nossas%20informa\u00e7\u00f5es%20de%20contacto%20podem%20ser%20acedidas%20a%20partir%20desta%20p\u00e1gina.\" \/>\n<meta property=\"og:locale\" content=\"pt_BR\" \/>\n<meta property=\"og:type\" content=\"article\" \/>\n<meta property=\"og:title\" content=\"contacto \u2013 compacto\" \/>\n<meta property=\"og:description\" content=\"As nossas informa\u00e7\u00f5es de contacto podem ser acedidas a partir desta p\u00e1gina.\" \/>\n<meta property=\"og:url\" content=\"https:\/\/namba22.com\/pt\/contact-compact\/\" \/>\n<meta property=\"og:site_name\" content=\"m-translations.com\" \/>\n<meta property=\"article:modified_time\" content=\"2020-12-29T07:01:01+00:00\" \/>\n<meta property=\"og:image\" content=\"https:\/\/namba22.com\/wp-content\/uploads\/2016\/02\/contact-compact-page-title.jpg\" \/>\n\t<meta property=\"og:image:width\" content=\"1814\" \/>\n\t<meta property=\"og:image:height\" content=\"354\" \/>\n\t<meta property=\"og:image:type\" content=\"image\/jpeg\" \/>\n<meta name=\"twitter:card\" content=\"summary_large_image\" \/>\n<meta name=\"twitter:label1\" content=\"Est. reading time\" \/>\n\t<meta name=\"twitter:data1\" content=\"6 minutes\" \/>\n<script type=\"application\/ld+json\" class=\"yoast-schema-graph\">{\"@context\":\"https:\\\/\\\/schema.org\",\"@graph\":[{\"@type\":\"WebPage\",\"@id\":\"https:\\\/\\\/namba22.com\\\/pt\\\/contact-compact\\\/\",\"url\":\"https:\\\/\\\/namba22.com\\\/pt\\\/contact-compact\\\/\",\"name\":\"Contact - Compact - m-translations.com\",\"isPartOf\":{\"@id\":\"https:\\\/\\\/namba22.com\\\/en\\\/#website\"},\"primaryImageOfPage\":{\"@id\":\"https:\\\/\\\/namba22.com\\\/pt\\\/contact-compact\\\/#primaryimage\"},\"image\":{\"@id\":\"https:\\\/\\\/namba22.com\\\/pt\\\/contact-compact\\\/#primaryimage\"},\"thumbnailUrl\":\"https:\\\/\\\/namba22.com\\\/wp-content\\\/uploads\\\/2016\\\/02\\\/contact-compact-page-title.jpg\",\"datePublished\":\"2016-02-17T14:57:16+00:00\",\"dateModified\":\"2020-12-29T07:01:01+00:00\",\"breadcrumb\":{\"@id\":\"https:\\\/\\\/namba22.com\\\/pt\\\/contact-compact\\\/#breadcrumb\"},\"inLanguage\":\"pt-BR\",\"potentialAction\":[{\"@type\":\"ReadAction\",\"target\":[\"https:\\\/\\\/namba22.com\\\/pt\\\/contact-compact\\\/\"]}]},{\"@type\":\"ImageObject\",\"inLanguage\":\"pt-BR\",\"@id\":\"https:\\\/\\\/namba22.com\\\/pt\\\/contact-compact\\\/#primaryimage\",\"url\":\"https:\\\/\\\/namba22.com\\\/wp-content\\\/uploads\\\/2016\\\/02\\\/contact-compact-page-title.jpg\",\"contentUrl\":\"https:\\\/\\\/namba22.com\\\/wp-content\\\/uploads\\\/2016\\\/02\\\/contact-compact-page-title.jpg\",\"width\":1814,\"height\":354},{\"@type\":\"BreadcrumbList\",\"@id\":\"https:\\\/\\\/namba22.com\\\/pt\\\/contact-compact\\\/#breadcrumb\",\"itemListElement\":[{\"@type\":\"ListItem\",\"position\":1,\"name\":\"Casa - Padr\u00e3o\",\"item\":\"https:\\\/\\\/namba22.com\\\/\"},{\"@type\":\"ListItem\",\"position\":2,\"name\":\"contacto \u2013 compacto\"}]},{\"@type\":\"WebSite\",\"@id\":\"https:\\\/\\\/namba22.com\\\/pt\\\/en\\\/#website\",\"url\":\"https:\\\/\\\/namba22.com\\\/pt\\\/en\\\/\",\"name\":\"m-translations.com\",\"description\":\"m-translations.com\",\"potentialAction\":[{\"@type\":\"SearchAction\",\"target\":{\"@type\":\"EntryPoint\",\"urlTemplate\":\"https:\\\/\\\/namba22.com\\\/pt\\\/en\\\/?s={search_term_string}\"},\"query-input\":{\"@type\":\"PropertyValueSpecification\",\"valueRequired\":true,\"valueName\":\"search_term_string\"}}],\"inLanguage\":\"pt-BR\"}]}<\/script>\n<!-- \/ Yoast SEO plugin. -->","yoast_head_json":{"title":"contacto \u2013 compacto","description":"As nossas informa\u00e7\u00f5es de contacto podem ser acedidas a partir desta p\u00e1gina.","robots":{"index":"index","follow":"follow","max-snippet":"max-snippet:-1","max-image-preview":"max-image-preview:large","max-video-preview":"max-video-preview:-1"},"canonical":"As nossas informa\u00e7\u00f5es de contacto podem ser acedidas a partir desta p\u00e1gina.","og_locale":"pt_BR","og_type":"article","og_title":"contacto \u2013 compacto","og_description":"As nossas informa\u00e7\u00f5es de contacto podem ser acedidas a partir desta p\u00e1gina.","og_url":"https:\/\/namba22.com\/pt\/contact-compact\/","og_site_name":"m-translations.com","article_modified_time":"2020-12-29T07:01:01+00:00","og_image":[{"width":1814,"height":354,"url":"https:\/\/namba22.com\/wp-content\/uploads\/2016\/02\/contact-compact-page-title.jpg","type":"image\/jpeg"}],"twitter_card":"summary_large_image","twitter_misc":{"Est. reading time":"6 minutes"},"schema":{"@context":"https:\/\/schema.org","@graph":[{"@type":"WebPage","@id":"https:\/\/namba22.com\/pt\/contact-compact\/","url":"https:\/\/namba22.com\/pt\/contact-compact\/","name":"Contact - Compact - m-translations.com","isPartOf":{"@id":"https:\/\/namba22.com\/en\/#website"},"primaryImageOfPage":{"@id":"https:\/\/namba22.com\/pt\/contact-compact\/#primaryimage"},"image":{"@id":"https:\/\/namba22.com\/pt\/contact-compact\/#primaryimage"},"thumbnailUrl":"https:\/\/namba22.com\/wp-content\/uploads\/2016\/02\/contact-compact-page-title.jpg","datePublished":"2016-02-17T14:57:16+00:00","dateModified":"2020-12-29T07:01:01+00:00","breadcrumb":{"@id":"https:\/\/namba22.com\/pt\/contact-compact\/#breadcrumb"},"inLanguage":"pt-BR","potentialAction":[{"@type":"ReadAction","target":["https:\/\/namba22.com\/pt\/contact-compact\/"]}]},{"@type":"ImageObject","inLanguage":"pt-BR","@id":"https:\/\/namba22.com\/pt\/contact-compact\/#primaryimage","url":"https:\/\/namba22.com\/wp-content\/uploads\/2016\/02\/contact-compact-page-title.jpg","contentUrl":"https:\/\/namba22.com\/wp-content\/uploads\/2016\/02\/contact-compact-page-title.jpg","width":1814,"height":354},{"@type":"BreadcrumbList","@id":"https:\/\/namba22.com\/pt\/contact-compact\/#breadcrumb","itemListElement":[{"@type":"ListItem","position":1,"name":"Casa - Padr\u00e3o","item":"https:\/\/namba22.com\/"},{"@type":"ListItem","position":2,"name":"contacto \u2013 compacto"}]},{"@type":"WebSite","@id":"https:\/\/namba22.com\/pt\/en\/#website","url":"https:\/\/namba22.com\/pt\/en\/","name":"m-translations.com","description":"m-translations.com","potentialAction":[{"@type":"SearchAction","target":{"@type":"EntryPoint","urlTemplate":"https:\/\/namba22.com\/pt\/en\/?s={search_term_string}"},"query-input":{"@type":"PropertyValueSpecification","valueRequired":true,"valueName":"search_term_string"}}],"inLanguage":"pt-BR"}]}},"_links":{"self":[{"href":"https:\/\/namba22.com\/pt\/wp-json\/wp\/v2\/pages\/554","targetHints":{"allow":["GET"]}}],"collection":[{"href":"https:\/\/namba22.com\/pt\/wp-json\/wp\/v2\/pages"}],"about":[{"href":"https:\/\/namba22.com\/pt\/wp-json\/wp\/v2\/types\/page"}],"author":[{"embeddable":true,"href":"https:\/\/namba22.com\/pt\/wp-json\/wp\/v2\/users\/1"}],"replies":[{"embeddable":true,"href":"https:\/\/namba22.com\/pt\/wp-json\/wp\/v2\/comments?post=554"}],"version-history":[{"count":5,"href":"https:\/\/namba22.com\/pt\/wp-json\/wp\/v2\/pages\/554\/revisions"}],"predecessor-version":[{"id":2631,"href":"https:\/\/namba22.com\/pt\/wp-json\/wp\/v2\/pages\/554\/revisions\/2631"}],"wp:featuredmedia":[{"embeddable":true,"href":"https:\/\/namba22.com\/pt\/wp-json\/wp\/v2\/media\/600"}],"wp:attachment":[{"href":"https:\/\/namba22.com\/pt\/wp-json\/wp\/v2\/media?parent=554"}],"curies":[{"name":"wp","href":"https:\/\/api.w.org\/{rel}","templated":true}]}}