{"id":306,"date":"2016-02-15T16:49:15","date_gmt":"2016-02-15T16:49:15","guid":{"rendered":"http:\/\/demo.gloriathemes.com\/wp\/perada\/?page_id=306"},"modified":"2020-05-18T18:39:46","modified_gmt":"2020-05-18T18:39:46","slug":"online-translate","status":"publish","type":"page","link":"https:\/\/namba22.com\/pt\/online-translate\/","title":{"rendered":"traduzido em linha"},"content":{"rendered":"<div class=\"wpb-content-wrapper\"><p>[vc_row el_class=&#8221;container&#8221; css=&#8221;.vc_custom_1455896968564{margin-bottom: 0px !important;padding-right: 0px !important;padding-bottom: 0px !important;padding-left: 0px !important;}&#8221;][vc_column][vc_custom_heading text=&#8221;o que \u00e9 traduzir em linha?&#8221; font_container=&#8221;tag:h2|font_size:45|text_align:left|color:%238a8b8e&#8221; use_theme_fonts=&#8221;yes&#8221; css=&#8221;.vc_custom_1589743981007{margin-top: 12px !important;margin-bottom: 23px !important;}&#8221; el_class=&#8221;normalfont&#8221;][vc_row_inner css=&#8221;.vc_custom_1455896880928{margin-bottom: 0px !important;padding-bottom: 0px !important;}&#8221;][vc_column_inner css=&#8221;.vc_custom_1455646659839{margin-bottom: 20px !important;}&#8221;][vc_column_text css=&#8221;.vc_custom_1589623146991{margin-bottom: 0px !important;padding-bottom: 0px !important;}&#8221;]As tradu\u00e7\u00f5es em linha s\u00e3o uma ferramenta de aplica\u00e7\u00e3o que a M-TRANSLATIONS.COM utiliza para benef\u00edcio de todos os nossos visitantes em linha que gostariam de obter instantaneamente o significado de uma palavra de qualquer l\u00edngua para qualquer outra l\u00edngua. \u00c9 uma ferramenta com a qual pode fazer tradu\u00e7\u00f5es online atrav\u00e9s de Yandex API no seu s\u00edtio web. Com o apoio de mais de 60 l\u00ednguas, pode fazer tradu\u00e7\u00f5es r\u00e1pidas e precisas.<\/p>\n<p>Com M-TRANSLATIONS.COM, voc\u00ea pode formar seu pr\u00f3prio sistema de tradu\u00e7\u00e3o e fornecer a seus clientes a melhor experi\u00eancia de tradu\u00e7\u00e3o. Uma vez que estamos fazendo uso da tradu\u00e7\u00e3o autom\u00e1tica via Yandex, \u00e9 muito \u00fatil para voc\u00ea, como nosso cliente, saber o que realmente \u00e9 a tradu\u00e7\u00e3o autom\u00e1tica.<\/p>\n<p><strong>O que \u00e9 tradu\u00e7\u00e3o autom\u00e1tica?<\/strong><\/p>\n<p>A tradu\u00e7\u00e3o autom\u00e1tica (MT) se refere a um software totalmente automatizado que pode traduzir o conte\u00fado de origem para os idiomas de destino. Os humanos podem usar a MT para ajud\u00e1-los a converter texto e fala em outro idioma, ou o software MT pode operar sem interven\u00e7\u00e3o humana.<\/p>\n<p>As ferramentas de MT s\u00e3o freq\u00fcentemente usadas para traduzir grandes quantidades de informa\u00e7\u00f5es envolvendo milh\u00f5es de palavras que n\u00e3o poderiam ser traduzidas da maneira tradicional. A qualidade da sa\u00edda do MT pode variar consideravelmente; Os sistemas de MT requerem \u201ctreinamento\u201d no dom\u00ednio e par de idiomas desejados para aumentar a qualidade.<\/p>\n<p><strong>Sistemas de MT<\/strong><\/p>\n<p><strong>MT gen\u00e9rico<\/strong> refere-se geralmente a plataformas como Google Translate, Bing, Yandex, e Naver. Estas plataformas fornecem MT para tradu\u00e7\u00f5es ad hoc a milh\u00f5es de pessoas. As empresas podem comprar MT gen\u00e9ricas para pr\u00e9-tradu\u00e7\u00e3o de lotes e ligar-se aos seus pr\u00f3prios sistemas atrav\u00e9s de API.<\/p>\n<p><strong>MT personaliz\u00e1vel<\/strong> refere-se ao software MT que tem uma componente b\u00e1sica e pode ser treinado para melhorar a precis\u00e3o terminol\u00f3gica num dom\u00ednio escolhido (m\u00e9dico, legal, IP, ou a terminologia preferida por uma empresa). Por exemplo, o motor MT especializado da OMPI traduz as patentes com mais precis\u00e3o do que os motores MT generalistas, e a solu\u00e7\u00e3o do eBay pode compreender e renderizar noutras l\u00ednguas centenas de abreviaturas utilizadas no com\u00e9rcio electr\u00f3nico.<\/p>\n<p><strong>A MT adaptativa<\/strong> oferece sugest\u00f5es aos tradutores \u00e0 medida que digitam na sua ferramenta CAT, e aprende com o seu contributo continuamente em tempo real. Introduzida pela Lilt em 2016 e pela SDL em 2017, acredita-se que a MT adaptativa melhora significativamente a produtividade dos tradutores e pode desafiar a tecnologia da mem\u00f3ria de tradu\u00e7\u00e3o no futuro.<\/p>\n<p>Existem mais de 100 fornecedores de tecnologias de MT. Alguns deles s\u00e3o estritamente desenvolvedores de MT, outros s\u00e3o empresas de tradu\u00e7\u00e3o e gigantes de TI.[\/vc_column_text][\/vc_column_inner][\/vc_row_inner][\/vc_column][\/vc_row][vc_row content_placement=&#8221;middle&#8221; el_class=&#8221;container&#8221; css=&#8221;.vc_custom_1455896941438{border-bottom-width: 1px !important;padding-bottom: 50px !important;border-bottom-color: #e1e1e1 !important;border-bottom-style: solid !important;}&#8221;][vc_column]<div class=\"step-boxes step-boxes-three-column\"><div class=\"item animate anim-fadeIn animate-delay-0\"><div class=\"step-boxes-icon\"><i class=\"fa fa-arrow-circle-o-up\"><\/i><\/div><h3>ESCOLHA A L\u00cdNGUA DE ORIGEM E A L\u00cdNGUA DE DESTINO.<\/h3><\/div><div class=\"item animate anim-fadeIn animate-delay-0-50\"><div class=\"step-boxes-icon\"><i class=\"fa fa-spinner\"><\/i><\/div><h3>CLIQUE NO BOT\u00c3O DE TRADU\u00c7\u00c3O E TRADUZA O TEXTO.<\/h3><\/div><div class=\"item animate anim-fadeIn animate-delay-1\"><div class=\"step-boxes-icon\"><i class=\"fa fa-refresh\"><\/i><\/div><h3>TRADUZA O TEXTO DE VOLTA PARA A SUA L\u00cdNGUA DE ORIGEM.<\/h3><\/div><\/div>[\/vc_column][\/vc_row][vc_row css=&#8221;.vc_custom_1455897964731{margin-top: 22px !important;padding-right: 0px !important;padding-left: 0px !important;}&#8221; el_class=&#8221;container translate-form-alternative-button&#8221;][vc_column css=&#8221;.vc_custom_1455649757086{padding-bottom: 58px !important;}&#8221;][vc_custom_heading text=&#8221;PODE FACILMENTE TRADUZIR O QUE QUISER UTILIZANDO A APLICA\u00c7\u00c3O ABAIXO&#8221; font_container=&#8221;tag:h2|font_size:17|text_align:center|color:%238b8b8e&#8221; use_theme_fonts=&#8221;yes&#8221; css=&#8221;.vc_custom_1589624918836{margin-top: 0px !important;margin-bottom: 33px !important;}&#8221; el_class=&#8221;normalfont letterspacingonlinetranslatetitle&#8221;]<script type=\"text\/javascript\">\r\n\t\t\tvar apiKey = \"trnsl.1.1.20150402T164524Z.471c228b745a4498.0fd834aaa436ab70502f6c8c72d0684f23afaaaa\";\r\n\t\t\tvar userInterfaceId = \"en\";\r\n\t\t\tvar DEFAULT_SELECTION_TEXT = \"Select Language\";\r\n\t\t\tvar INPUT_LANGUAGE_NOT_SELECTED = \"Input language not selected.\";\r\n\t\t\tvar TRANSLATION_LANGUAGE_NOT_SELECTED = \"Translation language not selected.\";\r\n\t\t\tvar INPUT_TEXT_NOT_FOUND = \"Input text not found.\";\r\n\t\t\tvar ERROR_MESSAGE = \"Error!\";\r\n\t\t<\/script><div class=\"translate-widget-form center-block translate-form-defaultstyle\">\r\n\t\t<div class=\"translate-form-top-content\"><div id=\"inputSide\">\r\n\t\t\t\t<div id=\"inputSelection\" class=\"styled-select slate\">\r\n\t\t\t\t\t<select id=\"inputLanguageSelect\"><option value=\"\">Select Language<\/option><option value=\"af\">Afrikaans<\/option><option value=\"sq\">Albanian<\/option><option value=\"ar\">Arabic<\/option><option value=\"hy\">Armenian<\/option><option value=\"az\">Azerbaijani<\/option><option value=\"ba\">Bashkir<\/option><option value=\"eu\">Basque<\/option><option value=\"be\">Belarusian<\/option><option value=\"bs\">Bosnian<\/option><option value=\"bg\">Bulgarian<\/option><option value=\"ca\">Catalan<\/option><option value=\"zh\">Chinese<\/option><option value=\"hr\">Croatian<\/option><option value=\"cs\">Czech<\/option><option value=\"da\">Danish<\/option><option value=\"nl\">Dutch<\/option><option value=\"en\">English<\/option><option value=\"et\">Estonian<\/option><option value=\"fi\">Finnish<\/option><option value=\"fr\">French<\/option><option value=\"gl\">Galician<\/option><option value=\"ka\">Georgian<\/option><option value=\"de\">German<\/option><option value=\"el\">Greek<\/option><option value=\"ht\">Haitian<\/option><option value=\"he\">Hebrew<\/option><option value=\"hi\">Hindi<\/option><option value=\"hu\">Hungarian<\/option><option value=\"is\">Icelandic<\/option><option value=\"id\">Indonesian<\/option><option value=\"ga\">Irish<\/option><option value=\"it\">Italian<\/option><option value=\"ja\">Japanese<\/option><option value=\"kk\">Kazakh<\/option><option value=\"ky\">Kirghiz<\/option><option value=\"ko\">Korean<\/option><option value=\"la\">Latin<\/option><option value=\"lv\">Latvian<\/option><option value=\"lt\">Lithuanian<\/option><option value=\"mk\">Macedonian<\/option><option value=\"mg\">Malagasy<\/option><option value=\"ms\">Malay<\/option><option value=\"mt\">Maltese<\/option><option value=\"mn\">Mongolian<\/option><option value=\"no\">Norwegian<\/option><option value=\"fa\">Persian<\/option><option value=\"pl\">Polish<\/option><option value=\"pt\">Portuguese<\/option><option value=\"ro\">Romanian<\/option><option value=\"ru\">Russian<\/option><option value=\"sr\">Serbian<\/option><option value=\"sk\">Slovak<\/option><option value=\"sl\">Slovenian<\/option><option value=\"es\">Spanish<\/option><option value=\"sw\">Swahili<\/option><option value=\"sv\">Swedish<\/option><option value=\"tl\">Tagalog<\/option><option value=\"tg\">Tajik<\/option><option value=\"tt\">Tatar<\/option><option value=\"th\">Thai<\/option><option value=\"tr\">Turkish<\/option><option value=\"uk\">Ukrainian<\/option><option value=\"ur\">Urdu<\/option><option value=\"uz\">Uzbek<\/option><option value=\"vi\">Vietnamese<\/option><option value=\"cy\">Welsh<\/option><\/select>\r\n\t\t\t\t<\/div>\r\n\t\t\t\t<i id=\"virtual-keyboard-input\" data-toggle=\"tooltip\" data-placement=\"top\" title=\"Click to open the virtual keyboard\" class=\"tooltip-tipsy fa fa-keyboard-o\"><\/i>\r\n\t\t\t\t<div id=\"inputText\">\r\n\t\t\t\t\t<textarea id=\"inputTextEntry\" rows=\"7\" placeholder=\"Write your text..\"><\/textarea>\r\n\t\t\t\t<\/div>\r\n\t\t\t<\/div>\r\n\t\t\t<div id=\"navigation\">\r\n\t\t\t\t<div id=\"changeSelection\">\r\n\t\t\t\t\t<div id=\"changeBtn\"><i class=\"fa fa-exchange\"><\/i><\/div>\r\n\t\t\t\t<\/div>\r\n\t\t\t<\/div>\r\n\t\t\t<div id=\"outputSide\">\r\n\t\t\t\t<div id=\"outputSelection\" class=\"styled-select slate\">\r\n\t\t\t\t\t<select id=\"outputLanguageSelect\"><option value=\"\">Select Language<\/option><option value=\"af\">Afrikaans<\/option><option value=\"sq\">Albanian<\/option><option value=\"ar\">Arabic<\/option><option value=\"hy\">Armenian<\/option><option value=\"az\">Azerbaijani<\/option><option value=\"ba\">Bashkir<\/option><option value=\"eu\">Basque<\/option><option value=\"be\">Belarusian<\/option><option value=\"bs\">Bosnian<\/option><option value=\"bg\">Bulgarian<\/option><option value=\"ca\">Catalan<\/option><option value=\"zh\">Chinese<\/option><option value=\"hr\">Croatian<\/option><option value=\"cs\">Czech<\/option><option value=\"da\">Danish<\/option><option value=\"nl\">Dutch<\/option><option value=\"en\">English<\/option><option value=\"et\">Estonian<\/option><option value=\"fi\">Finnish<\/option><option value=\"fr\">French<\/option><option value=\"gl\">Galician<\/option><option value=\"ka\">Georgian<\/option><option value=\"de\">German<\/option><option value=\"el\">Greek<\/option><option value=\"ht\">Haitian<\/option><option value=\"he\">Hebrew<\/option><option value=\"hi\">Hindi<\/option><option value=\"hu\">Hungarian<\/option><option value=\"is\">Icelandic<\/option><option value=\"id\">Indonesian<\/option><option value=\"ga\">Irish<\/option><option value=\"it\">Italian<\/option><option value=\"ja\">Japanese<\/option><option value=\"kk\">Kazakh<\/option><option value=\"ky\">Kirghiz<\/option><option value=\"ko\">Korean<\/option><option value=\"la\">Latin<\/option><option value=\"lv\">Latvian<\/option><option value=\"lt\">Lithuanian<\/option><option value=\"mk\">Macedonian<\/option><option value=\"mg\">Malagasy<\/option><option value=\"ms\">Malay<\/option><option value=\"mt\">Maltese<\/option><option value=\"mn\">Mongolian<\/option><option value=\"no\">Norwegian<\/option><option value=\"fa\">Persian<\/option><option value=\"pl\">Polish<\/option><option value=\"pt\">Portuguese<\/option><option value=\"ro\">Romanian<\/option><option value=\"ru\">Russian<\/option><option value=\"sr\">Serbian<\/option><option value=\"sk\">Slovak<\/option><option value=\"sl\">Slovenian<\/option><option value=\"es\">Spanish<\/option><option value=\"sw\">Swahili<\/option><option value=\"sv\">Swedish<\/option><option value=\"tl\">Tagalog<\/option><option value=\"tg\">Tajik<\/option><option value=\"tt\">Tatar<\/option><option value=\"th\">Thai<\/option><option value=\"tr\">Turkish<\/option><option value=\"uk\">Ukrainian<\/option><option value=\"ur\">Urdu<\/option><option value=\"uz\">Uzbek<\/option><option value=\"vi\">Vietnamese<\/option><option value=\"cy\">Welsh<\/option><\/select>\r\n\t\t\t\t<\/div>\r\n\t\t\t\t<i id=\"virtual-keyboard-output\" data-toggle=\"tooltip\" data-placement=\"top\" title=\"Click to open the virtual keyboard\" class=\"tooltip-tipsy fa fa-keyboard-o\"><\/i>\r\n\t\t\t\t<div id=\"outputText\">\r\n\t\t\t\t\t<textarea id=\"outputTextEntry\" rows=\"7\"><\/textarea>\r\n\t\t\t\t<\/div>\r\n\t\t\t<\/div>\r\n\t\t<\/div>\r\n\t\t<div id=\"translateToOutput\">\r\n\t\t\t<div id=\"translateBtn\">Translate<\/div>\r\n\t\t<\/div>\r\n        <div id=\"infoMessages\"><\/div>\r\n    <\/div>[\/vc_column][\/vc_row][vc_row full_width=&#8221;stretch_row_content&#8221; css=&#8221;.vc_custom_1455709831151{padding-top: 25px !important;padding-bottom: 55px !important;background-image: url(http:\/\/demo.gloriathemes.com\/wp\/perada\/wp-content\/uploads\/2016\/02\/online-translate-page-features-bg.jpg?id=506) !important;background-position: 0 0 !important;background-repeat: no-repeat !important;}&#8221; el_class=&#8221;bgfixed&#8221;][vc_column][vc_row_inner equal_height=&#8221;yes&#8221; el_class=&#8221;container&#8221; css=&#8221;.vc_custom_1589630080015{padding-right: 0px !important;padding-left: 0px !important;}&#8221;][vc_column_inner width=&#8221;1\/4&#8243;]<div class=\"feature-box\"><div class=\"image\"><img decoding=\"async\" src=\"https:\/\/namba22.com\/wp-content\/uploads\/2016\/02\/feature-box-1.jpg\" alt=\"Traduzir Online \u00e9 Gratuito\" \/><div class=\"category\">GRATUITO<\/div><\/div><div class=\"content\"><h4>Traduzir Online \u00e9 Gratuito<\/h4><p>Tradlate Online \u00e9 uma ferramenta de aplica\u00e7\u00e3o para benef\u00edcio de todos entre os nossos visitantes online que gostariam de obter instantaneamente o significado de uma palavra de qualquer l\u00edngua para qualquer outra l\u00edngua.<\/p><\/div><\/div>[\/vc_column_inner][vc_column_inner width=&#8221;1\/4&#8243; offset=&#8221;vc_col-xs-2&#8243;]<div class=\"feature-box\"><div class=\"image\"><img decoding=\"async\" src=\"https:\/\/namba22.com\/wp-content\/uploads\/2016\/02\/feature-box-2.jpg\" alt=\"Fiabilidade em todas as l\u00ednguas\" \/><div class=\"category\">FIABILIDADE<\/div><\/div><div class=\"content\"><h4>Fiabilidade em todas as l\u00ednguas<\/h4><p>Com o apoio de mais de 60 l\u00ednguas atrav\u00e9s do Yandex API, \u00e9 poss\u00edvel fazer tradu\u00e7\u00f5es r\u00e1pidas e precisas. Pode tamb\u00e9m formar o seu pr\u00f3prio sistema de tradu\u00e7\u00e3o, e fornecer a si pr\u00f3prio a melhor experi\u00eancia de tradu\u00e7\u00e3o e Reabilidade em todas as l\u00ednguas.<\/p><\/div><\/div>[\/vc_column_inner][vc_column_inner width=&#8221;1\/2&#8243;]<div class=\"feature-banner\" style=\"background-image:url(https:\/\/namba22.com\/wp-content\/uploads\/2016\/02\/feature-box-3.jpg);background-position:bottom right;background-repeat:no-repeat;\"><div class=\"content\"><h4>Servi\u00e7os Avan\u00e7ados de Tradu\u00e7\u00e3o<\/h4><p>Para os nossos Servi\u00e7os Avan\u00e7ados de Tradu\u00e7\u00e3o, para al\u00e9m da Tradu\u00e7\u00e3o Online, por favor examine as op\u00e7\u00f5es de pre\u00e7os especiais para si.<\/p><div class=\"feature-banner-button\"><a href=\"http:\/\/www.m-translations.com\/?page_id=100&#038;lang=en\" title=\"PRE\u00c7OS\">PRE\u00c7OS<\/a><\/div><\/div><\/div>[\/vc_column_inner][\/vc_row_inner][\/vc_column][\/vc_row]<\/p>\n<\/div>","protected":false},"excerpt":{"rendered":"<p>A l\u00edngua \u00e9 o segredo!<\/p>\n","protected":false},"author":1,"featured_media":415,"parent":0,"menu_order":0,"comment_status":"closed","ping_status":"closed","template":"","meta":{"_rsvp_to":"","_rsvp_max":"","_rsvp_show_attendees":"","_rsvp_instructions":"","simple_price":"","simple_price_label":"","venue":"","_template_start_hour":"","_template_start_minutes":"","_sked_minutes":"","_sked_stop":"","_sked_duration":"","_payment_gateway":"Cash or Custom","_rsvp_currency":"USD","_sked_hour":"12","_sked_end":"13:00","rsvp_tx_template":0,"_rsvp_start":0,"_rsvp_deadline":0,"_rsvp_deadline_daysbefore":"0","_rsvp_deadline_hours":"0","_rsvp_reg_daysbefore":"0","_rsvp_reg_hours":"0","_rsvp_count_party":"1","_timezone":"+00:00","_rsvp_on":false,"_add_timezone":false,"_convert_timezone":false,"_calendar_icons":true,"_rsvp_end_display":false,"_rsvp_rsvpmaker_send_confirmation_email":false,"_rsvp_confirmation_after_payment":false,"_rsvp_confirmation_include_event":false,"_rsvp_count":true,"_rsvp_yesno":true,"_rsvp_captcha":false,"_rsvp_login_required":false,"_rsvp_form_show_date":false,"footnotes":""},"class_list":["post-306","page","type-page","status-publish","has-post-thumbnail","hentry"],"yoast_head":"<!-- This site is optimized with the Yoast SEO plugin v27.4 - https:\/\/yoast.com\/product\/yoast-seo-wordpress\/ -->\n<title>traduzido em linha<\/title>\n<meta name=\"description\" content=\"A l\u00edngua \u00e9 o segredo!\" \/>\n<meta name=\"robots\" content=\"index, follow, max-snippet:-1, max-image-preview:large, max-video-preview:-1\" \/>\n<link rel=\"canonical\" href=\"http:\/\/A%20l\u00edngua%20\u00e9%20o%20segredo!\" \/>\n<meta property=\"og:locale\" content=\"pt_BR\" \/>\n<meta property=\"og:type\" content=\"article\" \/>\n<meta property=\"og:title\" content=\"traduzido em linha\" \/>\n<meta property=\"og:description\" content=\"A l\u00edngua \u00e9 o segredo!\" \/>\n<meta property=\"og:url\" content=\"https:\/\/namba22.com\/pt\/online-translate\/\" \/>\n<meta property=\"og:site_name\" content=\"m-translations.com\" \/>\n<meta property=\"article:modified_time\" content=\"2020-05-18T18:39:46+00:00\" \/>\n<meta property=\"og:image\" content=\"https:\/\/namba22.com\/wp-content\/uploads\/2016\/02\/online-translate-page-title.jpg\" \/>\n\t<meta property=\"og:image:width\" content=\"1814\" \/>\n\t<meta property=\"og:image:height\" content=\"356\" \/>\n\t<meta property=\"og:image:type\" content=\"image\/jpeg\" \/>\n<meta name=\"twitter:card\" content=\"summary_large_image\" \/>\n<meta name=\"twitter:label1\" content=\"Est. reading time\" \/>\n\t<meta name=\"twitter:data1\" content=\"5 minutes\" \/>\n<script type=\"application\/ld+json\" class=\"yoast-schema-graph\">{\"@context\":\"https:\\\/\\\/schema.org\",\"@graph\":[{\"@type\":\"WebPage\",\"@id\":\"https:\\\/\\\/namba22.com\\\/pt\\\/online-translate\\\/\",\"url\":\"https:\\\/\\\/namba22.com\\\/pt\\\/online-translate\\\/\",\"name\":\"Translate Online - m-translations.com\",\"isPartOf\":{\"@id\":\"https:\\\/\\\/namba22.com\\\/en\\\/#website\"},\"primaryImageOfPage\":{\"@id\":\"https:\\\/\\\/namba22.com\\\/pt\\\/online-translate\\\/#primaryimage\"},\"image\":{\"@id\":\"https:\\\/\\\/namba22.com\\\/pt\\\/online-translate\\\/#primaryimage\"},\"thumbnailUrl\":\"https:\\\/\\\/namba22.com\\\/wp-content\\\/uploads\\\/2016\\\/02\\\/online-translate-page-title.jpg\",\"datePublished\":\"2016-02-15T16:49:15+00:00\",\"dateModified\":\"2020-05-18T18:39:46+00:00\",\"breadcrumb\":{\"@id\":\"https:\\\/\\\/namba22.com\\\/pt\\\/online-translate\\\/#breadcrumb\"},\"inLanguage\":\"pt-BR\",\"potentialAction\":[{\"@type\":\"ReadAction\",\"target\":[\"https:\\\/\\\/namba22.com\\\/pt\\\/online-translate\\\/\"]}]},{\"@type\":\"ImageObject\",\"inLanguage\":\"pt-BR\",\"@id\":\"https:\\\/\\\/namba22.com\\\/pt\\\/online-translate\\\/#primaryimage\",\"url\":\"https:\\\/\\\/namba22.com\\\/wp-content\\\/uploads\\\/2016\\\/02\\\/online-translate-page-title.jpg\",\"contentUrl\":\"https:\\\/\\\/namba22.com\\\/wp-content\\\/uploads\\\/2016\\\/02\\\/online-translate-page-title.jpg\",\"width\":1814,\"height\":356},{\"@type\":\"BreadcrumbList\",\"@id\":\"https:\\\/\\\/namba22.com\\\/pt\\\/online-translate\\\/#breadcrumb\",\"itemListElement\":[{\"@type\":\"ListItem\",\"position\":1,\"name\":\"Casa - Padr\u00e3o\",\"item\":\"https:\\\/\\\/namba22.com\\\/\"},{\"@type\":\"ListItem\",\"position\":2,\"name\":\"traduzido em linha\"}]},{\"@type\":\"WebSite\",\"@id\":\"https:\\\/\\\/namba22.com\\\/pt\\\/en\\\/#website\",\"url\":\"https:\\\/\\\/namba22.com\\\/pt\\\/en\\\/\",\"name\":\"m-translations.com\",\"description\":\"m-translations.com\",\"potentialAction\":[{\"@type\":\"SearchAction\",\"target\":{\"@type\":\"EntryPoint\",\"urlTemplate\":\"https:\\\/\\\/namba22.com\\\/pt\\\/en\\\/?s={search_term_string}\"},\"query-input\":{\"@type\":\"PropertyValueSpecification\",\"valueRequired\":true,\"valueName\":\"search_term_string\"}}],\"inLanguage\":\"pt-BR\"}]}<\/script>\n<!-- \/ Yoast SEO plugin. -->","yoast_head_json":{"title":"traduzido em linha","description":"A l\u00edngua \u00e9 o segredo!","robots":{"index":"index","follow":"follow","max-snippet":"max-snippet:-1","max-image-preview":"max-image-preview:large","max-video-preview":"max-video-preview:-1"},"canonical":"A l\u00edngua \u00e9 o segredo!","og_locale":"pt_BR","og_type":"article","og_title":"traduzido em linha","og_description":"A l\u00edngua \u00e9 o segredo!","og_url":"https:\/\/namba22.com\/pt\/online-translate\/","og_site_name":"m-translations.com","article_modified_time":"2020-05-18T18:39:46+00:00","og_image":[{"width":1814,"height":356,"url":"https:\/\/namba22.com\/wp-content\/uploads\/2016\/02\/online-translate-page-title.jpg","type":"image\/jpeg"}],"twitter_card":"summary_large_image","twitter_misc":{"Est. reading time":"5 minutes"},"schema":{"@context":"https:\/\/schema.org","@graph":[{"@type":"WebPage","@id":"https:\/\/namba22.com\/pt\/online-translate\/","url":"https:\/\/namba22.com\/pt\/online-translate\/","name":"Translate Online - m-translations.com","isPartOf":{"@id":"https:\/\/namba22.com\/en\/#website"},"primaryImageOfPage":{"@id":"https:\/\/namba22.com\/pt\/online-translate\/#primaryimage"},"image":{"@id":"https:\/\/namba22.com\/pt\/online-translate\/#primaryimage"},"thumbnailUrl":"https:\/\/namba22.com\/wp-content\/uploads\/2016\/02\/online-translate-page-title.jpg","datePublished":"2016-02-15T16:49:15+00:00","dateModified":"2020-05-18T18:39:46+00:00","breadcrumb":{"@id":"https:\/\/namba22.com\/pt\/online-translate\/#breadcrumb"},"inLanguage":"pt-BR","potentialAction":[{"@type":"ReadAction","target":["https:\/\/namba22.com\/pt\/online-translate\/"]}]},{"@type":"ImageObject","inLanguage":"pt-BR","@id":"https:\/\/namba22.com\/pt\/online-translate\/#primaryimage","url":"https:\/\/namba22.com\/wp-content\/uploads\/2016\/02\/online-translate-page-title.jpg","contentUrl":"https:\/\/namba22.com\/wp-content\/uploads\/2016\/02\/online-translate-page-title.jpg","width":1814,"height":356},{"@type":"BreadcrumbList","@id":"https:\/\/namba22.com\/pt\/online-translate\/#breadcrumb","itemListElement":[{"@type":"ListItem","position":1,"name":"Casa - Padr\u00e3o","item":"https:\/\/namba22.com\/"},{"@type":"ListItem","position":2,"name":"traduzido em linha"}]},{"@type":"WebSite","@id":"https:\/\/namba22.com\/pt\/en\/#website","url":"https:\/\/namba22.com\/pt\/en\/","name":"m-translations.com","description":"m-translations.com","potentialAction":[{"@type":"SearchAction","target":{"@type":"EntryPoint","urlTemplate":"https:\/\/namba22.com\/pt\/en\/?s={search_term_string}"},"query-input":{"@type":"PropertyValueSpecification","valueRequired":true,"valueName":"search_term_string"}}],"inLanguage":"pt-BR"}]}},"_links":{"self":[{"href":"https:\/\/namba22.com\/pt\/wp-json\/wp\/v2\/pages\/306","targetHints":{"allow":["GET"]}}],"collection":[{"href":"https:\/\/namba22.com\/pt\/wp-json\/wp\/v2\/pages"}],"about":[{"href":"https:\/\/namba22.com\/pt\/wp-json\/wp\/v2\/types\/page"}],"author":[{"embeddable":true,"href":"https:\/\/namba22.com\/pt\/wp-json\/wp\/v2\/users\/1"}],"replies":[{"embeddable":true,"href":"https:\/\/namba22.com\/pt\/wp-json\/wp\/v2\/comments?post=306"}],"version-history":[{"count":10,"href":"https:\/\/namba22.com\/pt\/wp-json\/wp\/v2\/pages\/306\/revisions"}],"predecessor-version":[{"id":2716,"href":"https:\/\/namba22.com\/pt\/wp-json\/wp\/v2\/pages\/306\/revisions\/2716"}],"wp:featuredmedia":[{"embeddable":true,"href":"https:\/\/namba22.com\/pt\/wp-json\/wp\/v2\/media\/415"}],"wp:attachment":[{"href":"https:\/\/namba22.com\/pt\/wp-json\/wp\/v2\/media?parent=306"}],"curies":[{"name":"wp","href":"https:\/\/api.w.org\/{rel}","templated":true}]}}