{"id":2398,"date":"2021-02-28T05:47:22","date_gmt":"2021-02-28T05:47:22","guid":{"rendered":"https:\/\/namba22.com\/\/?page_id=2398&#038;lang=en"},"modified":"2022-10-03T06:50:39","modified_gmt":"2022-10-03T06:50:39","slug":"prices-standard-2","status":"publish","type":"page","link":"https:\/\/namba22.com\/pt\/precos-norma\/","title":{"rendered":"Pre\u00e7os - Norma"},"content":{"rendered":"<p>Se, como nosso valioso cliente, apontar a sua escolha ao n\u00edvel padr\u00e3o dos nossos servi\u00e7os de tradu\u00e7\u00e3o, n\u00e3o h\u00e1 nada com que se preocupar porque o trabalho com que nos contrata est\u00e1 nas m\u00e3os de profissionais da \u00e1rea da tradu\u00e7\u00e3o. S\u00f3 desejamos que obtenha o m\u00e1ximo lucro do nosso trabalho para si. A menos que tenha desejos especiais, esta \u00e9 a escolha certa para si.<\/p>\n<div class=\"wpsc_product\"><div class=\"wp_cart_button_wrapper\"><form method=\"post\" class=\"wp-cart-button-form\" action=\"\" style=\"display:inline\" onsubmit=\"return ReadForm(this, true);\" ><input type=\"hidden\" id=\"_wpnonce\" name=\"_wpnonce\" value=\"3754e2d71a\" \/><input type=\"hidden\" name=\"_wp_http_referer\" value=\"\/pt\/wp-json\/wp\/v2\/pages\/2398\" \/><div class=\"wp_cart_variation_section\"><span class=\"wp_cart_variation_name\">N\u00edvel de pre\u00e7os de tradu\u00e7\u00e3o : <\/span><select name=\"variation1\" class=\"wp_cart_variation1_select\" onchange=\"ReadForm (this.form, false);\"><option value=\"NORMA\" data-display-text=\"NORMA\" data-price=\"0\">NORMA<\/option><\/select><br \/><\/div><input type=\"submit\" class=\"wspsc_add_cart_submit\" name=\"wspsc_add_cart_submit\" value=\"Add to Cart\" \/><input type=\"hidden\" name=\"wspsc_product\" value=\"Nivel de Pre\u00e7o\" \/><input type=\"hidden\" name=\"price\" value=\"19.99\" \/><input type=\"hidden\" name=\"shipping\" value=\"1.99\" \/><input type=\"hidden\" name=\"addcart\" value=\"1\" \/><input type=\"hidden\" name=\"cartLink\" value=\"https:\/\/namba22.com\/pt\/wp-json\/wp\/v2\/pages\/2398\" \/><input type=\"hidden\" name=\"product_tmp\" value=\"Nivel de Pre\u00e7o\" \/><input type=\"hidden\" name=\"product_tmp_two\" value=\"Nivel de Pre&ccedil;o\" \/><input type=\"hidden\" name=\"item_number\" value=\"\" \/><div class=\"wpsc_add_cart_response_div\"><\/div><\/form><\/div><\/div><div class=\"wpsc_shopping_cart_container\"><\/div>\n<p>&nbsp;<\/p>\n","protected":false},"excerpt":{"rendered":"<p>Se, como nosso valioso cliente, apontar a sua escolha ao n\u00edvel padr\u00e3o dos nossos servi\u00e7os de tradu\u00e7\u00e3o, n\u00e3o h\u00e1 nada com que se preocupar porque o trabalho com que nos contrata est\u00e1 nas m\u00e3os de profissionais da \u00e1rea da tradu\u00e7\u00e3o. S\u00f3 desejamos que obtenha o m\u00e1ximo lucro do nosso trabalho para si. A menos que&#8230;<\/p>\n","protected":false},"author":1,"featured_media":0,"parent":0,"menu_order":0,"comment_status":"closed","ping_status":"closed","template":"","meta":{"_rsvp_to":"","_rsvp_max":"","_rsvp_show_attendees":"","_rsvp_instructions":"","simple_price":"","simple_price_label":"","venue":"","_template_start_hour":"","_template_start_minutes":"","_sked_minutes":"","_sked_stop":"","_sked_duration":"","_payment_gateway":"Cash or Custom","_rsvp_currency":"USD","_sked_hour":"12","_sked_end":"13:00","rsvp_tx_template":0,"_rsvp_start":0,"_rsvp_deadline":0,"_rsvp_deadline_daysbefore":"0","_rsvp_deadline_hours":"0","_rsvp_reg_daysbefore":"0","_rsvp_reg_hours":"0","_rsvp_count_party":"1","_timezone":"+00:00","_rsvp_on":false,"_add_timezone":false,"_convert_timezone":false,"_calendar_icons":true,"_rsvp_end_display":false,"_rsvp_rsvpmaker_send_confirmation_email":false,"_rsvp_confirmation_after_payment":false,"_rsvp_confirmation_include_event":false,"_rsvp_count":true,"_rsvp_yesno":true,"_rsvp_captcha":false,"_rsvp_login_required":false,"_rsvp_form_show_date":false,"footnotes":""},"class_list":["post-2398","page","type-page","status-publish","hentry"],"yoast_head":"<!-- This site is optimized with the Yoast SEO plugin v27.4 - https:\/\/yoast.com\/product\/yoast-seo-wordpress\/ -->\n<title>Pre\u00e7os - Norma<\/title>\n<meta name=\"description\" content=\"Se, como nosso valioso cliente, apontar a sua escolha ao n\u00edvel padr\u00e3o dos nossos servi\u00e7os de tradu\u00e7\u00e3o, n\u00e3o h\u00e1 nada com que se preocupar porque o trabalho com que nos contrata est\u00e1 nas m\u00e3os de profissionais da \u00e1rea da tradu\u00e7\u00e3o. S\u00f3 desejamos que obtenha o m\u00e1ximo lucro do nosso trabalho para si. A menos que&hellip;\" \/>\n<meta name=\"robots\" content=\"index, follow, max-snippet:-1, max-image-preview:large, max-video-preview:-1\" \/>\n<link rel=\"canonical\" href=\"http:\/\/Se,%20como%20nosso%20valioso%20cliente,%20apontar%20a%20sua%20escolha%20ao%20n\u00edvel%20padr\u00e3o%20dos%20nossos%20servi\u00e7os%20de%20tradu\u00e7\u00e3o,%20n\u00e3o%20h\u00e1%20nada%20com%20que%20se%20preocupar%20porque%20o%20trabalho%20com%20que%20nos%20contrata%20est\u00e1%20nas%20m\u00e3os%20de%20profissionais%20da%20\u00e1rea%20da%20tradu\u00e7\u00e3o.%20S\u00f3%20desejamos%20que%20obtenha%20o%20m\u00e1ximo%20lucro%20do%20nosso%20trabalho%20para%20si.%20A%20menos%20que&hellip;\" \/>\n<meta property=\"og:locale\" content=\"pt_BR\" \/>\n<meta property=\"og:type\" content=\"article\" \/>\n<meta property=\"og:title\" content=\"Pre\u00e7os - Norma\" \/>\n<meta property=\"og:description\" content=\"Se, como nosso valioso cliente, apontar a sua escolha ao n\u00edvel padr\u00e3o dos nossos servi\u00e7os de tradu\u00e7\u00e3o, n\u00e3o h\u00e1 nada com que se preocupar porque o trabalho com que nos contrata est\u00e1 nas m\u00e3os de profissionais da \u00e1rea da tradu\u00e7\u00e3o. S\u00f3 desejamos que obtenha o m\u00e1ximo lucro do nosso trabalho para si. A menos que&hellip;\" \/>\n<meta property=\"og:url\" content=\"https:\/\/namba22.com\/pt\/precos-norma\/\" \/>\n<meta property=\"og:site_name\" content=\"m-translations.com\" \/>\n<meta property=\"article:modified_time\" content=\"2022-10-03T06:50:39+00:00\" \/>\n<meta name=\"twitter:card\" content=\"summary_large_image\" \/>\n<script type=\"application\/ld+json\" class=\"yoast-schema-graph\">{\"@context\":\"https:\\\/\\\/schema.org\",\"@graph\":[{\"@type\":\"WebPage\",\"@id\":\"https:\\\/\\\/namba22.com\\\/pt\\\/precos-norma\\\/\",\"url\":\"https:\\\/\\\/namba22.com\\\/pt\\\/precos-norma\\\/\",\"name\":\"Prices - Standard - m-translations.com\",\"isPartOf\":{\"@id\":\"https:\\\/\\\/namba22.com\\\/en\\\/#website\"},\"datePublished\":\"2021-02-28T05:47:22+00:00\",\"dateModified\":\"2022-10-03T06:50:39+00:00\",\"breadcrumb\":{\"@id\":\"https:\\\/\\\/namba22.com\\\/pt\\\/precos-norma\\\/#breadcrumb\"},\"inLanguage\":\"pt-BR\",\"potentialAction\":[{\"@type\":\"ReadAction\",\"target\":[\"https:\\\/\\\/namba22.com\\\/pt\\\/precos-norma\\\/\"]}]},{\"@type\":\"BreadcrumbList\",\"@id\":\"https:\\\/\\\/namba22.com\\\/pt\\\/precos-norma\\\/#breadcrumb\",\"itemListElement\":[{\"@type\":\"ListItem\",\"position\":1,\"name\":\"Casa - Padr\u00e3o\",\"item\":\"https:\\\/\\\/namba22.com\\\/\"},{\"@type\":\"ListItem\",\"position\":2,\"name\":\"Pre\u00e7os - Norma\"}]},{\"@type\":\"WebSite\",\"@id\":\"https:\\\/\\\/namba22.com\\\/pt\\\/en\\\/#website\",\"url\":\"https:\\\/\\\/namba22.com\\\/pt\\\/en\\\/\",\"name\":\"m-translations.com\",\"description\":\"m-translations.com\",\"potentialAction\":[{\"@type\":\"SearchAction\",\"target\":{\"@type\":\"EntryPoint\",\"urlTemplate\":\"https:\\\/\\\/namba22.com\\\/pt\\\/en\\\/?s={search_term_string}\"},\"query-input\":{\"@type\":\"PropertyValueSpecification\",\"valueRequired\":true,\"valueName\":\"search_term_string\"}}],\"inLanguage\":\"pt-BR\"}]}<\/script>\n<!-- \/ Yoast SEO plugin. -->","yoast_head_json":{"title":"Pre\u00e7os - Norma","description":"Se, como nosso valioso cliente, apontar a sua escolha ao n\u00edvel padr\u00e3o dos nossos servi\u00e7os de tradu\u00e7\u00e3o, n\u00e3o h\u00e1 nada com que se preocupar porque o trabalho com que nos contrata est\u00e1 nas m\u00e3os de profissionais da \u00e1rea da tradu\u00e7\u00e3o. S\u00f3 desejamos que obtenha o m\u00e1ximo lucro do nosso trabalho para si. A menos que&hellip;","robots":{"index":"index","follow":"follow","max-snippet":"max-snippet:-1","max-image-preview":"max-image-preview:large","max-video-preview":"max-video-preview:-1"},"canonical":"Se, como nosso valioso cliente, apontar a sua escolha ao n\u00edvel padr\u00e3o dos nossos servi\u00e7os de tradu\u00e7\u00e3o, n\u00e3o h\u00e1 nada com que se preocupar porque o trabalho com que nos contrata est\u00e1 nas m\u00e3os de profissionais da \u00e1rea da tradu\u00e7\u00e3o. S\u00f3 desejamos que obtenha o m\u00e1ximo lucro do nosso trabalho para si. A menos que&hellip;","og_locale":"pt_BR","og_type":"article","og_title":"Pre\u00e7os - Norma","og_description":"Se, como nosso valioso cliente, apontar a sua escolha ao n\u00edvel padr\u00e3o dos nossos servi\u00e7os de tradu\u00e7\u00e3o, n\u00e3o h\u00e1 nada com que se preocupar porque o trabalho com que nos contrata est\u00e1 nas m\u00e3os de profissionais da \u00e1rea da tradu\u00e7\u00e3o. S\u00f3 desejamos que obtenha o m\u00e1ximo lucro do nosso trabalho para si. A menos que&hellip;","og_url":"https:\/\/namba22.com\/pt\/precos-norma\/","og_site_name":"m-translations.com","article_modified_time":"2022-10-03T06:50:39+00:00","twitter_card":"summary_large_image","schema":{"@context":"https:\/\/schema.org","@graph":[{"@type":"WebPage","@id":"https:\/\/namba22.com\/pt\/precos-norma\/","url":"https:\/\/namba22.com\/pt\/precos-norma\/","name":"Prices - Standard - m-translations.com","isPartOf":{"@id":"https:\/\/namba22.com\/en\/#website"},"datePublished":"2021-02-28T05:47:22+00:00","dateModified":"2022-10-03T06:50:39+00:00","breadcrumb":{"@id":"https:\/\/namba22.com\/pt\/precos-norma\/#breadcrumb"},"inLanguage":"pt-BR","potentialAction":[{"@type":"ReadAction","target":["https:\/\/namba22.com\/pt\/precos-norma\/"]}]},{"@type":"BreadcrumbList","@id":"https:\/\/namba22.com\/pt\/precos-norma\/#breadcrumb","itemListElement":[{"@type":"ListItem","position":1,"name":"Casa - Padr\u00e3o","item":"https:\/\/namba22.com\/"},{"@type":"ListItem","position":2,"name":"Pre\u00e7os - Norma"}]},{"@type":"WebSite","@id":"https:\/\/namba22.com\/pt\/en\/#website","url":"https:\/\/namba22.com\/pt\/en\/","name":"m-translations.com","description":"m-translations.com","potentialAction":[{"@type":"SearchAction","target":{"@type":"EntryPoint","urlTemplate":"https:\/\/namba22.com\/pt\/en\/?s={search_term_string}"},"query-input":{"@type":"PropertyValueSpecification","valueRequired":true,"valueName":"search_term_string"}}],"inLanguage":"pt-BR"}]}},"_links":{"self":[{"href":"https:\/\/namba22.com\/pt\/wp-json\/wp\/v2\/pages\/2398","targetHints":{"allow":["GET"]}}],"collection":[{"href":"https:\/\/namba22.com\/pt\/wp-json\/wp\/v2\/pages"}],"about":[{"href":"https:\/\/namba22.com\/pt\/wp-json\/wp\/v2\/types\/page"}],"author":[{"embeddable":true,"href":"https:\/\/namba22.com\/pt\/wp-json\/wp\/v2\/users\/1"}],"replies":[{"embeddable":true,"href":"https:\/\/namba22.com\/pt\/wp-json\/wp\/v2\/comments?post=2398"}],"version-history":[{"count":6,"href":"https:\/\/namba22.com\/pt\/wp-json\/wp\/v2\/pages\/2398\/revisions"}],"predecessor-version":[{"id":2797,"href":"https:\/\/namba22.com\/pt\/wp-json\/wp\/v2\/pages\/2398\/revisions\/2797"}],"wp:attachment":[{"href":"https:\/\/namba22.com\/pt\/wp-json\/wp\/v2\/media?parent=2398"}],"curies":[{"name":"wp","href":"https:\/\/api.w.org\/{rel}","templated":true}]}}