{"id":2371,"date":"2021-02-28T05:09:34","date_gmt":"2021-02-28T05:09:34","guid":{"rendered":"https:\/\/namba22.com\/\/?page_id=2371&#038;lang=en"},"modified":"2022-10-03T14:18:53","modified_gmt":"2022-10-03T14:18:53","slug":"prices-premium","status":"publish","type":"page","link":"https:\/\/namba22.com\/pt\/precos-premium\/","title":{"rendered":"Pre\u00e7os - Premium"},"content":{"rendered":"<p>PREMIUM \u00e9 o nosso n\u00edvel de servi\u00e7o ALL-COMFORT. \u00c9 o nosso n\u00edvel de pre\u00e7o de servi\u00e7o de tradu\u00e7\u00e3o mais elevado. Se esta \u00e9 a sua escolha, apreciamo-la extremamente e desejamos-lhe o m\u00e1ximo que possa fazer com ela.<\/p>\n<div class=\"wpsc_product\"><div class=\"wp_cart_button_wrapper\"><form method=\"post\" class=\"wp-cart-button-form\" action=\"\" style=\"display:inline\" onsubmit=\"return ReadForm(this, true);\" ><input type=\"hidden\" id=\"_wpnonce\" name=\"_wpnonce\" value=\"3754e2d71a\" \/><input type=\"hidden\" name=\"_wp_http_referer\" value=\"\/pt\/wp-json\/wp\/v2\/pages\/2371\" \/><div class=\"wp_cart_variation_section\"><span class=\"wp_cart_variation_name\">N\u00edvel de pre\u00e7os de tradu\u00e7\u00e3o : <\/span><select name=\"variation1\" class=\"wp_cart_variation1_select\" onchange=\"ReadForm (this.form, false);\"><option value=\"PREMIUM\" data-display-text=\"PREMIUM\" data-price=\"0\">PREMIUM<\/option><\/select><br \/><\/div><input type=\"submit\" class=\"wspsc_add_cart_submit\" name=\"wspsc_add_cart_submit\" value=\"Add to Cart\" \/><input type=\"hidden\" name=\"wspsc_product\" value=\"N\u00edvel de pre\u00e7o\" \/><input type=\"hidden\" name=\"price\" value=\"39.99\" \/><input type=\"hidden\" name=\"shipping\" value=\"1.99\" \/><input type=\"hidden\" name=\"addcart\" value=\"1\" \/><input type=\"hidden\" name=\"cartLink\" value=\"https:\/\/namba22.com\/pt\/wp-json\/wp\/v2\/pages\/2371\" \/><input type=\"hidden\" name=\"product_tmp\" value=\"N\u00edvel de pre\u00e7o\" \/><input type=\"hidden\" name=\"product_tmp_two\" value=\"N&iacute;vel de pre&ccedil;o\" \/><input type=\"hidden\" name=\"item_number\" value=\"\" \/><div class=\"wpsc_add_cart_response_div\"><\/div><\/form><\/div><\/div>\n<div class=\"wpsc_shopping_cart_container\"><\/div>\n<p>&nbsp;<\/p>\n","protected":false},"excerpt":{"rendered":"<p>PREMIUM \u00e9 o nosso n\u00edvel de servi\u00e7o ALL-COMFORT. \u00c9 o nosso n\u00edvel de pre\u00e7o de servi\u00e7o de tradu\u00e7\u00e3o mais elevado. Se esta \u00e9 a sua escolha, apreciamo-la extremamente e desejamos-lhe o m\u00e1ximo que possa fazer com ela.<\/p>\n","protected":false},"author":1,"featured_media":0,"parent":0,"menu_order":0,"comment_status":"closed","ping_status":"closed","template":"","meta":{"_rsvp_to":"","_rsvp_max":"","_rsvp_show_attendees":"","_rsvp_instructions":"","simple_price":"","simple_price_label":"","venue":"","_template_start_hour":"","_template_start_minutes":"","_sked_minutes":"","_sked_stop":"","_sked_duration":"","_payment_gateway":"Cash or Custom","_rsvp_currency":"USD","_sked_hour":"12","_sked_end":"13:00","rsvp_tx_template":0,"_rsvp_start":0,"_rsvp_deadline":0,"_rsvp_deadline_daysbefore":"0","_rsvp_deadline_hours":"0","_rsvp_reg_daysbefore":"0","_rsvp_reg_hours":"0","_rsvp_count_party":"1","_timezone":"+00:00","_rsvp_on":false,"_add_timezone":false,"_convert_timezone":false,"_calendar_icons":true,"_rsvp_end_display":false,"_rsvp_rsvpmaker_send_confirmation_email":false,"_rsvp_confirmation_after_payment":false,"_rsvp_confirmation_include_event":false,"_rsvp_count":true,"_rsvp_yesno":true,"_rsvp_captcha":false,"_rsvp_login_required":false,"_rsvp_form_show_date":false,"footnotes":""},"class_list":["post-2371","page","type-page","status-publish","hentry"],"yoast_head":"<!-- This site is optimized with the Yoast SEO plugin v27.4 - https:\/\/yoast.com\/product\/yoast-seo-wordpress\/ -->\n<title>Pre\u00e7os - Premium<\/title>\n<meta name=\"description\" content=\"PREMIUM \u00e9 o nosso n\u00edvel de servi\u00e7o ALL-COMFORT. \u00c9 o nosso n\u00edvel de pre\u00e7o de servi\u00e7o de tradu\u00e7\u00e3o mais elevado. Se esta \u00e9 a sua escolha, apreciamo-la extremamente e desejamos-lhe o m\u00e1ximo que possa fazer com ela.\" \/>\n<meta name=\"robots\" content=\"index, follow, max-snippet:-1, max-image-preview:large, max-video-preview:-1\" \/>\n<link rel=\"canonical\" href=\"http:\/\/PREMIUM%20\u00e9%20o%20nosso%20n\u00edvel%20de%20servi\u00e7o%20ALL-COMFORT.%20\u00c9%20o%20nosso%20n\u00edvel%20de%20pre\u00e7o%20de%20servi\u00e7o%20de%20tradu\u00e7\u00e3o%20mais%20elevado.%20Se%20esta%20\u00e9%20a%20sua%20escolha,%20apreciamo-la%20extremamente%20e%20desejamos-lhe%20o%20m\u00e1ximo%20que%20possa%20fazer%20com%20ela.\" \/>\n<meta property=\"og:locale\" content=\"pt_BR\" \/>\n<meta property=\"og:type\" content=\"article\" \/>\n<meta property=\"og:title\" content=\"Pre\u00e7os - Premium\" \/>\n<meta property=\"og:description\" content=\"PREMIUM \u00e9 o nosso n\u00edvel de servi\u00e7o ALL-COMFORT. \u00c9 o nosso n\u00edvel de pre\u00e7o de servi\u00e7o de tradu\u00e7\u00e3o mais elevado. Se esta \u00e9 a sua escolha, apreciamo-la extremamente e desejamos-lhe o m\u00e1ximo que possa fazer com ela.\" \/>\n<meta property=\"og:url\" content=\"https:\/\/namba22.com\/pt\/precos-premium\/\" \/>\n<meta property=\"og:site_name\" content=\"m-translations.com\" \/>\n<meta property=\"article:modified_time\" content=\"2022-10-03T14:18:53+00:00\" \/>\n<meta name=\"twitter:card\" content=\"summary_large_image\" \/>\n<script type=\"application\/ld+json\" class=\"yoast-schema-graph\">{\"@context\":\"https:\\\/\\\/schema.org\",\"@graph\":[{\"@type\":\"WebPage\",\"@id\":\"https:\\\/\\\/namba22.com\\\/pt\\\/precos-premium\\\/\",\"url\":\"https:\\\/\\\/namba22.com\\\/pt\\\/precos-premium\\\/\",\"name\":\"Prices - PREMIUM - m-translations.com\",\"isPartOf\":{\"@id\":\"https:\\\/\\\/namba22.com\\\/en\\\/#website\"},\"datePublished\":\"2021-02-28T05:09:34+00:00\",\"dateModified\":\"2022-10-03T14:18:53+00:00\",\"breadcrumb\":{\"@id\":\"https:\\\/\\\/namba22.com\\\/pt\\\/precos-premium\\\/#breadcrumb\"},\"inLanguage\":\"pt-BR\",\"potentialAction\":[{\"@type\":\"ReadAction\",\"target\":[\"https:\\\/\\\/namba22.com\\\/pt\\\/precos-premium\\\/\"]}]},{\"@type\":\"BreadcrumbList\",\"@id\":\"https:\\\/\\\/namba22.com\\\/pt\\\/precos-premium\\\/#breadcrumb\",\"itemListElement\":[{\"@type\":\"ListItem\",\"position\":1,\"name\":\"Casa - Padr\u00e3o\",\"item\":\"https:\\\/\\\/namba22.com\\\/\"},{\"@type\":\"ListItem\",\"position\":2,\"name\":\"Pre\u00e7os - Premium\"}]},{\"@type\":\"WebSite\",\"@id\":\"https:\\\/\\\/namba22.com\\\/pt\\\/en\\\/#website\",\"url\":\"https:\\\/\\\/namba22.com\\\/pt\\\/en\\\/\",\"name\":\"m-translations.com\",\"description\":\"m-translations.com\",\"potentialAction\":[{\"@type\":\"SearchAction\",\"target\":{\"@type\":\"EntryPoint\",\"urlTemplate\":\"https:\\\/\\\/namba22.com\\\/pt\\\/en\\\/?s={search_term_string}\"},\"query-input\":{\"@type\":\"PropertyValueSpecification\",\"valueRequired\":true,\"valueName\":\"search_term_string\"}}],\"inLanguage\":\"pt-BR\"}]}<\/script>\n<!-- \/ Yoast SEO plugin. -->","yoast_head_json":{"title":"Pre\u00e7os - Premium","description":"PREMIUM \u00e9 o nosso n\u00edvel de servi\u00e7o ALL-COMFORT. \u00c9 o nosso n\u00edvel de pre\u00e7o de servi\u00e7o de tradu\u00e7\u00e3o mais elevado. Se esta \u00e9 a sua escolha, apreciamo-la extremamente e desejamos-lhe o m\u00e1ximo que possa fazer com ela.","robots":{"index":"index","follow":"follow","max-snippet":"max-snippet:-1","max-image-preview":"max-image-preview:large","max-video-preview":"max-video-preview:-1"},"canonical":"PREMIUM \u00e9 o nosso n\u00edvel de servi\u00e7o ALL-COMFORT. \u00c9 o nosso n\u00edvel de pre\u00e7o de servi\u00e7o de tradu\u00e7\u00e3o mais elevado. Se esta \u00e9 a sua escolha, apreciamo-la extremamente e desejamos-lhe o m\u00e1ximo que possa fazer com ela.","og_locale":"pt_BR","og_type":"article","og_title":"Pre\u00e7os - Premium","og_description":"PREMIUM \u00e9 o nosso n\u00edvel de servi\u00e7o ALL-COMFORT. \u00c9 o nosso n\u00edvel de pre\u00e7o de servi\u00e7o de tradu\u00e7\u00e3o mais elevado. Se esta \u00e9 a sua escolha, apreciamo-la extremamente e desejamos-lhe o m\u00e1ximo que possa fazer com ela.","og_url":"https:\/\/namba22.com\/pt\/precos-premium\/","og_site_name":"m-translations.com","article_modified_time":"2022-10-03T14:18:53+00:00","twitter_card":"summary_large_image","schema":{"@context":"https:\/\/schema.org","@graph":[{"@type":"WebPage","@id":"https:\/\/namba22.com\/pt\/precos-premium\/","url":"https:\/\/namba22.com\/pt\/precos-premium\/","name":"Prices - PREMIUM - m-translations.com","isPartOf":{"@id":"https:\/\/namba22.com\/en\/#website"},"datePublished":"2021-02-28T05:09:34+00:00","dateModified":"2022-10-03T14:18:53+00:00","breadcrumb":{"@id":"https:\/\/namba22.com\/pt\/precos-premium\/#breadcrumb"},"inLanguage":"pt-BR","potentialAction":[{"@type":"ReadAction","target":["https:\/\/namba22.com\/pt\/precos-premium\/"]}]},{"@type":"BreadcrumbList","@id":"https:\/\/namba22.com\/pt\/precos-premium\/#breadcrumb","itemListElement":[{"@type":"ListItem","position":1,"name":"Casa - Padr\u00e3o","item":"https:\/\/namba22.com\/"},{"@type":"ListItem","position":2,"name":"Pre\u00e7os - Premium"}]},{"@type":"WebSite","@id":"https:\/\/namba22.com\/pt\/en\/#website","url":"https:\/\/namba22.com\/pt\/en\/","name":"m-translations.com","description":"m-translations.com","potentialAction":[{"@type":"SearchAction","target":{"@type":"EntryPoint","urlTemplate":"https:\/\/namba22.com\/pt\/en\/?s={search_term_string}"},"query-input":{"@type":"PropertyValueSpecification","valueRequired":true,"valueName":"search_term_string"}}],"inLanguage":"pt-BR"}]}},"_links":{"self":[{"href":"https:\/\/namba22.com\/pt\/wp-json\/wp\/v2\/pages\/2371","targetHints":{"allow":["GET"]}}],"collection":[{"href":"https:\/\/namba22.com\/pt\/wp-json\/wp\/v2\/pages"}],"about":[{"href":"https:\/\/namba22.com\/pt\/wp-json\/wp\/v2\/types\/page"}],"author":[{"embeddable":true,"href":"https:\/\/namba22.com\/pt\/wp-json\/wp\/v2\/users\/1"}],"replies":[{"embeddable":true,"href":"https:\/\/namba22.com\/pt\/wp-json\/wp\/v2\/comments?post=2371"}],"version-history":[{"count":13,"href":"https:\/\/namba22.com\/pt\/wp-json\/wp\/v2\/pages\/2371\/revisions"}],"predecessor-version":[{"id":2818,"href":"https:\/\/namba22.com\/pt\/wp-json\/wp\/v2\/pages\/2371\/revisions\/2818"}],"wp:attachment":[{"href":"https:\/\/namba22.com\/pt\/wp-json\/wp\/v2\/media?parent=2371"}],"curies":[{"name":"wp","href":"https:\/\/api.w.org\/{rel}","templated":true}]}}