{"id":567,"date":"2016-02-17T14:59:59","date_gmt":"2016-02-17T14:59:59","guid":{"rendered":"http:\/\/demo.gloriathemes.com\/wp\/perada\/?page_id=567"},"modified":"2020-11-09T00:29:17","modified_gmt":"2020-11-09T00:29:17","slug":"page-left","status":"publish","type":"page","link":"https:\/\/namba22.com\/fr\/page-left\/","title":{"rendered":"page gauche"},"content":{"rendered":"<div class=\"wpb-content-wrapper\"><p>[vc_row el_class=&#8221;container&#8221; css=&#8221;.vc_custom_1455789557886{padding-right: 0px !important;padding-left: 0px !important;}&#8221;][vc_column width=&#8221;3\/4&#8243; css=&#8221;.vc_custom_1461073386056{padding-right: 100px !important;}&#8221; el_class=&#8221;mobile-no-padding&#8221; offset=&#8221;vc_hidden-xs&#8221;][vc_custom_heading text=&#8221;Rapport Qualit\u00e9-Prix&#8221; font_container=&#8221;tag:h2|font_size:40|text_align:left|color:%238a8b8e&#8221; use_theme_fonts=&#8221;yes&#8221; css=&#8221;.vc_custom_1604881680977{margin-top: 0px !important;margin-bottom: 22px !important;}&#8221; el_class=&#8221;normalfont&#8221;][vc_column_text]HABITUELLEMENT, CELA IMPLIQUE LE LANGAGE Parfois l&#8217;information est plus utile sous une forme qu&#8217;une autre. Cela peut signifier la parole traduite en audio (g\u00e9n\u00e9ralement au moyen d&#8217;un appareil d&#8217;enregistrement), une langue traduite dans une autre langue (fran\u00e7ais, allemand ou espagnol, par exemple, traduit en hongrois, Belge, arabe, etc.) HABITUELLEMENT, IL S&#8217;AGIT DE LANGAGE Parfois l&#8217;information est plus utile sous une forme qu&#8217;une autre. Cela peut signifier la parole traduite en audio (g\u00e9n\u00e9ralement au moyen d&#8217;un dispositif d&#8217;enregistrement), une langue traduite dans une autre langue (fran\u00e7ais, allemand ou espagnol, par exemple, traduit en hongrois, Belge, arabe, etc.) Cependant, si vous enregistrez un discours de[\/vc_column_text][vc_column_text]<\/p>\n<ol style=\"color: #ffba00; font-weight: 600;\">\n<li><span style=\"color: #6d6e71; font-weight: 500;\">Entrevue,<\/span><\/li>\n<li><span style=\"color: #6d6e71; font-weight: 500;\">Groupes de discussion pour<\/span><\/li>\n<li><span style=\"color: #6d6e71; font-weight: 500;\">Dict\u00e9es ou m\u00eame la production vid\u00e9o du processus<\/span><\/li>\n<\/ol>\n<p>[\/vc_column_text][\/vc_column][vc_column width=&#8221;1\/4&#8243;][vc_wp_custommenu nav_menu=&#8221;8&#8243; el_class=&#8221;page-menus&#8221; title=&#8221;Page Right&#8221;][\/vc_column][\/vc_row][vc_row el_class=&#8221;container&#8221; css=&#8221;.vc_custom_1455825733932{margin-top: 9px !important;padding-right: 0px !important;padding-left: 0px !important;}&#8221;][vc_column][vc_column_text]vous devrez consid\u00e9rer est de traduire l&#8217;audio en texte. Avec la transcription audio, nous traduisons l&#8217;audio d&#8217;une forme \u00e0 une autre, principalement dans un document WORD ou tout autre format sur demande. Tout ce dont nous avons besoin est un fichier num\u00e9rique (audio ou vid\u00e9o) et nos transcripteurs \u00e9coutent le son, transcrivant avec soin et pr\u00e9cision en texte la parole enregistr\u00e9e sur le fichier num\u00e9rique (et m\u00eame les bruits sur l&#8217;enregistrement, si demand\u00e9). Il existe deux options pour <strong>traduire l&#8217;audio en texte<\/strong>. Traduire <strong>l&#8217;audio \u00e0 l&#8217;aide d&#8217;un logiciel:<\/strong> Dans de rares cas o\u00f9 votre qualit\u00e9 audio est excellente lorsqu&#8217;il n&#8217;y a qu&#8217;un seul haut-parleur dans l&#8217;enregistrement, et lorsque ce haut-parleur parle tr\u00e8s clairement, lentement et distinctement, avec seulement un accent minimal, vous pouvez compter sur un logiciel pour g\u00e9n\u00e9rer une transcription assez fiable. Traduire l&#8217;audio \u00e0 l&#8217;aide de transcripteurs: Cependant, dans tous les autres cas \u2013 deux haut \u2013 parleurs ou plus dans l&#8217;audio, haut-parleurs parlant rapidement, haut-parleurs parlant les uns sur les autres, haut-parleurs avec une vari\u00e9t\u00e9 d&#8217;accents, haut-parleurs qui b\u00e9gaient ou r\u00e9p\u00e9ter ou utiliser &#8221; ums &#8221; et &#8221; ahs &#8221; tout en pensant-alors il est de loin pr\u00e9f\u00e9rable de traduire l&#8217;audio manuellement. <strong>TRANSCRIPTION AUDIO<\/strong> Ceci est le travail de transcripteurs qualifi\u00e9s et professionnels. Encore une fois, une &#8220;transcription machine&#8221; peut produire une transcription avec de nombreuses inexactitudes en fonction de la qualit\u00e9 de l&#8217;enregistrement et de la prononciation de la langue par les locuteurs. C&#8217;est pr\u00e9cis\u00e9ment ce qui fait notre sp\u00e9cialit\u00e9: nous faisons appel \u00e0 des transcripteurs audio exp\u00e9riment\u00e9s et hautement qualifi\u00e9s en langue anglaise pour traduire l&#8217;audio en documents WORD ou dans d&#8217;autres formats. Quand il est trop important de ne pas avoir raison \u2013 laissez-nous traduire votre audio en texte.[\/vc_column_text][\/vc_column][\/vc_row][vc_row content_placement=&#8221;bottom&#8221; el_class=&#8221;bgfixed&#8221; css=&#8221;.vc_custom_1461072284059{margin-top: 18px !important;margin-bottom: 8px !important;padding-right: 55px !important;padding-left: 55px !important;background-image: url(http:\/\/www.m-translations.com\/wp-content\/uploads\/2016\/02\/full-width-testimonial-bg-new.jpg?id=1005) !important;}&#8221;][vc_column css=&#8221;.vc_custom_1461072628229{margin-top: 0px !important;padding-top: 0px !important;}&#8221;][vc_row_inner content_placement=&#8221;bottom&#8221; el_class=&#8221;container&#8221; css=&#8221;.vc_custom_1461072586533{margin-top: 0px !important;padding-top: 0px !important;padding-right: 0px !important;padding-left: 0px !important;}&#8221;][vc_column_inner el_class=&#8221;mobile-no-padding&#8221; width=&#8221;3\/4&#8243; css=&#8221;.vc_custom_1461072435199{margin-top: 90px !important;margin-bottom: 90px !important;}&#8221;]<div class=\"testimonial-single\"><div class=\"icon\" style=\"color:#ffba00;\"><i class=\"fa fa-quote-right testimonial-blockquote-icon\"><\/i><\/div><div class=\"testimonial-single-content\" style=\"color:#ffffff;\"><p>Le service que nous recevons de M-Translations est toujours extr\u00eamement professionnel. Nous sommes continuellement impressionn\u00e9s par le haut niveau et la rapidit\u00e9 de leur travail de traduction.<\/p><\/div><div class=\"testimonial-single-name\"><span class=\"name\" style=\"color:#ffba00;\">SANJOH DOE,<\/span><span class=\"company\" style=\"color:#ffffff;\">SALAMA CONFERENCES<\/span><\/div><\/div>[\/vc_column_inner][vc_column_inner width=&#8221;1\/4&#8243; offset=&#8221;vc_hidden-xs&#8221; css=&#8221;.vc_custom_1461072600083{margin-top: 25px !important;}&#8221;][vc_single_image image=&#8221;654&#8243; img_size=&#8221;full&#8221; css=&#8221;.vc_custom_1455790005600{margin-top: 0px !important;margin-bottom: 0px !important;padding-top: 0px !important;padding-bottom: 0px !important;}&#8221;][\/vc_column_inner][\/vc_row_inner][\/vc_column][\/vc_row][vc_row equal_height=&#8221;yes&#8221; content_placement=&#8221;bottom&#8221; el_class=&#8221;container&#8221; css=&#8221;.vc_custom_1461072689442{padding-right: 0px !important;padding-left: 0px !important;}&#8221;][vc_column width=&#8221;1\/2&#8243; offset=&#8221;vc_hidden-xs&#8221;][vc_single_image image=&#8221;815&#8243; img_size=&#8221;full&#8221; css=&#8221;.vc_custom_1455822821862{margin-top: 0px !important;margin-bottom: 0px !important;}&#8221;][\/vc_column][vc_column width=&#8221;1\/2&#8243; css=&#8221;.vc_custom_1461072749782{padding-bottom: 15px !important;}&#8221;][vc_column_text]Lorsque nos clients re\u00e7oivent la meilleure valeur pour le montant d&#8217;argent qu&#8217;ils ont pay\u00e9, ils ont l&#8217;impression qu&#8217;ils en ont pour leur argent ou qu&#8217;ils en ont pour leur argent. Ce que vous devez comprendre et r\u00e9aliser au sujet du rapport qualit\u00e9-prix, c&#8217;est qu&#8217;il ne s&#8217;agit pas seulement du prix des produits ou services que vos clients sont pr\u00eats \u00e0 payer. C&#8217;est plus important que juste le prix. Cela implique \u00e9galement toute l&#8217;exp\u00e9rience qui l&#8217;accompagne du d\u00e9but \u00e0 la fin de la transaction commerciale. Cela inclut, mais sans s&#8217;y limiter, l&#8217;interaction avec les employ\u00e9s, le niveau d&#8217;effort, la qualit\u00e9 du produit ou du service, l&#8217;ad\u00e9quation du produit ou du service aux besoins des clients et l&#8217;utilisation r\u00e9elle du produit ou du service lui-m\u00eame. Cela nous d\u00e9range de voir nos clients mettre de l&#8217;importance sur la valeur pour leur argent, peu importe s&#8217;ils ach\u00e8tent un article \u00e0 bas prix ou \u00e0 prix \u00e9lev\u00e9. Ils recherchent et attendent toujours une valeur globale pour leur argent. Cependant, plus le prix de l&#8217;article est \u00e9lev\u00e9, plus nos clients attendent de valeur. And Et nous faisons tout notre possible pour r\u00e9pondre aux attentes de nos clients.[\/vc_column_text][vc_row_inner css=&#8221;.vc_custom_1455825378855{margin-top: 20px !important;}&#8221;][vc_column_inner width=&#8221;1\/2&#8243;]<div class=\"countimator\"><div id=\"myStathalf8543234182\" data-dimension=\"128\" data-text=\"\" data-info=\"\" data-width=\"100\" data-percent=\"98\" data-fgcolor=\"#FFBA00\" data-bgcolor=\"#eee\" data-type=\"half\" data-icon=\"\"><\/div><h3><span>%<\/span><div class=\"counter scounter8543234182\" data-last=\"98\">98<\/div><\/h3><h4>PROJETS R\u00c9USSIS<\/h4><\/div><script type=\"text\/javascript\">\r\n\t\t\t\t\tjQuery(document).ready(function($){\r\n\t\t\t\t\t\tvar circlePercent = function() {\r\n\t\t\t\t\t\t\t$(\"#myStathalf8543234182\").circliful();\r\n\t\t\t\t\t\t}\r\n\t\t\t\t\t\t$(\"#myStathalf8543234182\").waypoint(circlePercent, { offset: \"100%\", triggerOnce: true });\r\n\t\t\t\t\t\t\r\n\t\t\t\t\t\t$(\".scounter8543234182\").counterUp({\r\n\t\t\t\t\t\t\tdelay: 10,\r\n\t\t\t\t\t\t\ttime: 1200\r\n\t\t\t\t\t\t});\r\n\t\t\t\t\t});\r\n    <\/script>[\/vc_column_inner][vc_column_inner width=&#8221;1\/2&#8243;]<div class=\"countimator\"><div id=\"myStathalf1969254800\" data-dimension=\"128\" data-text=\"\" data-info=\"\" data-width=\"100\" data-percent=\"50\" data-fgcolor=\"#FFBA00\" data-bgcolor=\"#eee\" data-type=\"half\" data-icon=\"\"><\/div><h3><span>%<\/span><div class=\"counter scounter1969254800\" data-last=\"50\">50<\/div><\/h3><h4>TAUX DE NOUVEAUX CLIENTS<\/h4><\/div><script type=\"text\/javascript\">\r\n\t\t\t\t\tjQuery(document).ready(function($){\r\n\t\t\t\t\t\tvar circlePercent = function() {\r\n\t\t\t\t\t\t\t$(\"#myStathalf1969254800\").circliful();\r\n\t\t\t\t\t\t}\r\n\t\t\t\t\t\t$(\"#myStathalf1969254800\").waypoint(circlePercent, { offset: \"100%\", triggerOnce: true });\r\n\t\t\t\t\t\t\r\n\t\t\t\t\t\t$(\".scounter1969254800\").counterUp({\r\n\t\t\t\t\t\t\tdelay: 10,\r\n\t\t\t\t\t\t\ttime: 1200\r\n\t\t\t\t\t\t});\r\n\t\t\t\t\t});\r\n    <\/script>[\/vc_column_inner][\/vc_row_inner][vc_row_inner css=&#8221;.vc_custom_1455827803071{margin-top: 20px !important;}&#8221;][vc_column_inner width=&#8221;1\/2&#8243;]<div class=\"countimator\"><div id=\"myStathalf4409533458\" data-dimension=\"128\" data-text=\"\" data-info=\"\" data-width=\"100\" data-percent=\"99\" data-fgcolor=\"#FFBA00\" data-bgcolor=\"#eee\" data-type=\"half\" data-icon=\"\"><\/div><h3><span>%<\/span><div class=\"counter scounter4409533458\" data-last=\"99\">99<\/div><\/h3><h4>SATISFACTION DE LA CLIENT\u00c8LE<\/h4><\/div><script type=\"text\/javascript\">\r\n\t\t\t\t\tjQuery(document).ready(function($){\r\n\t\t\t\t\t\tvar circlePercent = function() {\r\n\t\t\t\t\t\t\t$(\"#myStathalf4409533458\").circliful();\r\n\t\t\t\t\t\t}\r\n\t\t\t\t\t\t$(\"#myStathalf4409533458\").waypoint(circlePercent, { offset: \"100%\", triggerOnce: true });\r\n\t\t\t\t\t\t\r\n\t\t\t\t\t\t$(\".scounter4409533458\").counterUp({\r\n\t\t\t\t\t\t\tdelay: 10,\r\n\t\t\t\t\t\t\ttime: 1200\r\n\t\t\t\t\t\t});\r\n\t\t\t\t\t});\r\n    <\/script>[\/vc_column_inner][vc_column_inner width=&#8221;1\/2&#8243;]<div class=\"countimator\"><div id=\"myStathalf55964216\" data-dimension=\"128\" data-text=\"\" data-info=\"\" data-width=\"100\" data-percent=\"2\" data-fgcolor=\"#FFBA00\" data-bgcolor=\"#eee\" data-type=\"half\" data-icon=\"\"><\/div><h3><span>%<\/span><div class=\"counter scounter55964216\" data-last=\"2\">2<\/div><\/h3><h4>N'ONT PAS PU \u00caTRE SATISFAITS<\/h4><\/div><script type=\"text\/javascript\">\r\n\t\t\t\t\tjQuery(document).ready(function($){\r\n\t\t\t\t\t\tvar circlePercent = function() {\r\n\t\t\t\t\t\t\t$(\"#myStathalf55964216\").circliful();\r\n\t\t\t\t\t\t}\r\n\t\t\t\t\t\t$(\"#myStathalf55964216\").waypoint(circlePercent, { offset: \"100%\", triggerOnce: true });\r\n\t\t\t\t\t\t\r\n\t\t\t\t\t\t$(\".scounter55964216\").counterUp({\r\n\t\t\t\t\t\t\tdelay: 10,\r\n\t\t\t\t\t\t\ttime: 1200\r\n\t\t\t\t\t\t});\r\n\t\t\t\t\t});\r\n    <\/script>[\/vc_column_inner][\/vc_row_inner][\/vc_column][\/vc_row][vc_row css=&#8221;.vc_custom_1455792229492{background-color: #ffba00 !important;}&#8221;][vc_column][vc_row_inner el_class=&#8221;container&#8221; css=&#8221;.vc_custom_1455792237431{margin-top: 6px !important;margin-bottom: 40px !important;padding-right: 0px !important;padding-left: 0px !important;}&#8221;][vc_column_inner]<div class=\"clients-widget\"><div class=\"owl-carousel-clients-495889512\"><div class=\"item\"><a href=\"\" title=\"Client\" ><img decoding=\"async\" src=\"https:\/\/namba22.com\/wp-content\/uploads\/2016\/02\/ref1.png\" alt=\"Client\" \/><\/a><\/div><div class=\"item\"><a href=\"\" title=\"Client\" ><img decoding=\"async\" src=\"https:\/\/namba22.com\/wp-content\/uploads\/2016\/02\/ref2.png\" alt=\"Client\" \/><\/a><\/div><div class=\"item\"><a href=\"\" title=\"Client\" ><img decoding=\"async\" src=\"https:\/\/namba22.com\/wp-content\/uploads\/2016\/02\/ref3.png\" alt=\"Client\" \/><\/a><\/div><div class=\"item\"><a href=\"\" title=\"Client\" ><img decoding=\"async\" src=\"https:\/\/namba22.com\/wp-content\/uploads\/2016\/02\/ref4.png\" alt=\"Client\" \/><\/a><\/div><div class=\"item\"><a href=\"\" title=\"Client\" ><img decoding=\"async\" src=\"https:\/\/namba22.com\/wp-content\/uploads\/2016\/02\/ref5.png\" alt=\"Client\" \/><\/a><\/div><div class=\"item\"><a href=\"\" title=\"Client\" ><img decoding=\"async\" src=\"https:\/\/namba22.com\/wp-content\/uploads\/2016\/02\/ref6.png\" alt=\"Client\" \/><\/a><\/div><\/div><\/div><script>\r\n\t\t\t\t\t\t\tjQuery(document).ready(function($){\r\n\t\t\t\t\t\t\t\t$('.owl-carousel-clients-495889512').owlCarousel({\r\n\t\t\t\t\t\t\t\t\tloop:true,\r\n\t\t\t\t\t\t\t\t\tnav:false,\r\n\t\t\t\t\t\t\t\t\tmargin:80,\r\n\t\t\t\t\t\t\t\t\tdots:false,\r\n\t\t\t\t\t\t\t\t\tautoWidth:true,\r\n\t\t\t\t\t\t\t\t\tresponsive:{\r\n\t\t\t\t\t\t\t\t\t\t0:{\r\n\t\t\t\t\t\t\t\t\t\t\titems:2,\r\n\t\t\t\t\t\t\t\t\t\t},\r\n\t\t\t\t\t\t\t\t\t\t768:{\r\n\t\t\t\t\t\t\t\t\t\t\titems:6,\r\n\t\t\t\t\t\t\t\t\t\t},\r\n\t\t\t\t\t\t\t\t\t}\r\n\t\t\t\t\t\t\t\t});\r\n\t\t\t\t\t\t\t});\r\n\t\t\t\t\t\t<\/script>[\/vc_column_inner][\/vc_row_inner][\/vc_column][\/vc_row]<\/p>\n<\/div>","protected":false},"excerpt":{"rendered":"<p>&nbsp;<\/p>\n","protected":false},"author":1,"featured_media":493,"parent":0,"menu_order":0,"comment_status":"closed","ping_status":"closed","template":"","meta":{"_rsvp_to":"","_rsvp_max":"","_rsvp_show_attendees":"","_rsvp_instructions":"","simple_price":"","simple_price_label":"","venue":"","_template_start_hour":"","_template_start_minutes":"","_sked_minutes":"","_sked_stop":"","_sked_duration":"","_payment_gateway":"Cash or Custom","_rsvp_currency":"USD","_sked_hour":"12","_sked_end":"13:00","rsvp_tx_template":0,"_rsvp_start":0,"_rsvp_deadline":0,"_rsvp_deadline_daysbefore":"0","_rsvp_deadline_hours":"0","_rsvp_reg_daysbefore":"0","_rsvp_reg_hours":"0","_rsvp_count_party":"1","_timezone":"+00:00","_rsvp_on":false,"_add_timezone":false,"_convert_timezone":false,"_calendar_icons":true,"_rsvp_end_display":false,"_rsvp_rsvpmaker_send_confirmation_email":false,"_rsvp_confirmation_after_payment":false,"_rsvp_confirmation_include_event":false,"_rsvp_count":true,"_rsvp_yesno":true,"_rsvp_captcha":false,"_rsvp_login_required":false,"_rsvp_form_show_date":false,"footnotes":""},"class_list":["post-567","page","type-page","status-publish","has-post-thumbnail","hentry"],"yoast_head":"<!-- This site is optimized with the Yoast SEO plugin v27.4 - https:\/\/yoast.com\/product\/yoast-seo-wordpress\/ -->\n<title>page gauche<\/title>\n<meta name=\"description\" content=\"&nbsp;\" \/>\n<meta name=\"robots\" content=\"index, follow, max-snippet:-1, max-image-preview:large, max-video-preview:-1\" \/>\n<link rel=\"canonical\" href=\"http:\/\/&nbsp;\" \/>\n<meta property=\"og:locale\" content=\"fr_FR\" \/>\n<meta property=\"og:type\" content=\"article\" \/>\n<meta property=\"og:title\" content=\"page gauche\" \/>\n<meta property=\"og:description\" content=\"&nbsp;\" \/>\n<meta property=\"og:url\" content=\"https:\/\/namba22.com\/fr\/page-left\/\" \/>\n<meta property=\"og:site_name\" content=\"m-translations.com\" \/>\n<meta property=\"article:modified_time\" content=\"2020-11-09T00:29:17+00:00\" \/>\n<meta property=\"og:image\" content=\"https:\/\/namba22.com\/wp-content\/uploads\/2016\/02\/services.jpg\" \/>\n\t<meta property=\"og:image:width\" content=\"1814\" \/>\n\t<meta property=\"og:image:height\" content=\"356\" \/>\n\t<meta property=\"og:image:type\" content=\"image\/jpeg\" \/>\n<meta name=\"twitter:card\" content=\"summary_large_image\" \/>\n<meta name=\"twitter:label1\" content=\"Dur\u00e9e de lecture estim\u00e9e\" \/>\n\t<meta name=\"twitter:data1\" content=\"5 minutes\" \/>\n<script type=\"application\/ld+json\" class=\"yoast-schema-graph\">{\"@context\":\"https:\\\/\\\/schema.org\",\"@graph\":[{\"@type\":\"WebPage\",\"@id\":\"https:\\\/\\\/namba22.com\\\/fr\\\/page-left\\\/\",\"url\":\"https:\\\/\\\/namba22.com\\\/fr\\\/page-left\\\/\",\"name\":\"Page Left - m-translations.com\",\"isPartOf\":{\"@id\":\"https:\\\/\\\/namba22.com\\\/en\\\/#website\"},\"primaryImageOfPage\":{\"@id\":\"https:\\\/\\\/namba22.com\\\/fr\\\/page-left\\\/#primaryimage\"},\"image\":{\"@id\":\"https:\\\/\\\/namba22.com\\\/fr\\\/page-left\\\/#primaryimage\"},\"thumbnailUrl\":\"https:\\\/\\\/namba22.com\\\/wp-content\\\/uploads\\\/2016\\\/02\\\/services.jpg\",\"datePublished\":\"2016-02-17T14:59:59+00:00\",\"dateModified\":\"2020-11-09T00:29:17+00:00\",\"breadcrumb\":{\"@id\":\"https:\\\/\\\/namba22.com\\\/fr\\\/page-left\\\/#breadcrumb\"},\"inLanguage\":\"fr-FR\",\"potentialAction\":[{\"@type\":\"ReadAction\",\"target\":[\"https:\\\/\\\/namba22.com\\\/fr\\\/page-left\\\/\"]}]},{\"@type\":\"ImageObject\",\"inLanguage\":\"fr-FR\",\"@id\":\"https:\\\/\\\/namba22.com\\\/fr\\\/page-left\\\/#primaryimage\",\"url\":\"https:\\\/\\\/namba22.com\\\/wp-content\\\/uploads\\\/2016\\\/02\\\/services.jpg\",\"contentUrl\":\"https:\\\/\\\/namba22.com\\\/wp-content\\\/uploads\\\/2016\\\/02\\\/services.jpg\",\"width\":1814,\"height\":356},{\"@type\":\"BreadcrumbList\",\"@id\":\"https:\\\/\\\/namba22.com\\\/fr\\\/page-left\\\/#breadcrumb\",\"itemListElement\":[{\"@type\":\"ListItem\",\"position\":1,\"name\":\"Home\",\"item\":\"https:\\\/\\\/namba22.com\\\/\"},{\"@type\":\"ListItem\",\"position\":2,\"name\":\"page gauche\"}]},{\"@type\":\"WebSite\",\"@id\":\"https:\\\/\\\/namba22.com\\\/fr\\\/en\\\/#website\",\"url\":\"https:\\\/\\\/namba22.com\\\/fr\\\/en\\\/\",\"name\":\"m-translations.com\",\"description\":\"m-translations.com\",\"potentialAction\":[{\"@type\":\"SearchAction\",\"target\":{\"@type\":\"EntryPoint\",\"urlTemplate\":\"https:\\\/\\\/namba22.com\\\/fr\\\/en\\\/?s={search_term_string}\"},\"query-input\":{\"@type\":\"PropertyValueSpecification\",\"valueRequired\":true,\"valueName\":\"search_term_string\"}}],\"inLanguage\":\"fr-FR\"}]}<\/script>\n<!-- \/ Yoast SEO plugin. -->","yoast_head_json":{"title":"page gauche","description":"&nbsp;","robots":{"index":"index","follow":"follow","max-snippet":"max-snippet:-1","max-image-preview":"max-image-preview:large","max-video-preview":"max-video-preview:-1"},"canonical":"&nbsp;","og_locale":"fr_FR","og_type":"article","og_title":"page gauche","og_description":"&nbsp;","og_url":"https:\/\/namba22.com\/fr\/page-left\/","og_site_name":"m-translations.com","article_modified_time":"2020-11-09T00:29:17+00:00","og_image":[{"width":1814,"height":356,"url":"https:\/\/namba22.com\/wp-content\/uploads\/2016\/02\/services.jpg","type":"image\/jpeg"}],"twitter_card":"summary_large_image","twitter_misc":{"Dur\u00e9e de lecture estim\u00e9e":"5 minutes"},"schema":{"@context":"https:\/\/schema.org","@graph":[{"@type":"WebPage","@id":"https:\/\/namba22.com\/fr\/page-left\/","url":"https:\/\/namba22.com\/fr\/page-left\/","name":"Page Left - m-translations.com","isPartOf":{"@id":"https:\/\/namba22.com\/en\/#website"},"primaryImageOfPage":{"@id":"https:\/\/namba22.com\/fr\/page-left\/#primaryimage"},"image":{"@id":"https:\/\/namba22.com\/fr\/page-left\/#primaryimage"},"thumbnailUrl":"https:\/\/namba22.com\/wp-content\/uploads\/2016\/02\/services.jpg","datePublished":"2016-02-17T14:59:59+00:00","dateModified":"2020-11-09T00:29:17+00:00","breadcrumb":{"@id":"https:\/\/namba22.com\/fr\/page-left\/#breadcrumb"},"inLanguage":"fr-FR","potentialAction":[{"@type":"ReadAction","target":["https:\/\/namba22.com\/fr\/page-left\/"]}]},{"@type":"ImageObject","inLanguage":"fr-FR","@id":"https:\/\/namba22.com\/fr\/page-left\/#primaryimage","url":"https:\/\/namba22.com\/wp-content\/uploads\/2016\/02\/services.jpg","contentUrl":"https:\/\/namba22.com\/wp-content\/uploads\/2016\/02\/services.jpg","width":1814,"height":356},{"@type":"BreadcrumbList","@id":"https:\/\/namba22.com\/fr\/page-left\/#breadcrumb","itemListElement":[{"@type":"ListItem","position":1,"name":"Home","item":"https:\/\/namba22.com\/"},{"@type":"ListItem","position":2,"name":"page gauche"}]},{"@type":"WebSite","@id":"https:\/\/namba22.com\/fr\/en\/#website","url":"https:\/\/namba22.com\/fr\/en\/","name":"m-translations.com","description":"m-translations.com","potentialAction":[{"@type":"SearchAction","target":{"@type":"EntryPoint","urlTemplate":"https:\/\/namba22.com\/fr\/en\/?s={search_term_string}"},"query-input":{"@type":"PropertyValueSpecification","valueRequired":true,"valueName":"search_term_string"}}],"inLanguage":"fr-FR"}]}},"_links":{"self":[{"href":"https:\/\/namba22.com\/fr\/wp-json\/wp\/v2\/pages\/567","targetHints":{"allow":["GET"]}}],"collection":[{"href":"https:\/\/namba22.com\/fr\/wp-json\/wp\/v2\/pages"}],"about":[{"href":"https:\/\/namba22.com\/fr\/wp-json\/wp\/v2\/types\/page"}],"author":[{"embeddable":true,"href":"https:\/\/namba22.com\/fr\/wp-json\/wp\/v2\/users\/1"}],"replies":[{"embeddable":true,"href":"https:\/\/namba22.com\/fr\/wp-json\/wp\/v2\/comments?post=567"}],"version-history":[{"count":6,"href":"https:\/\/namba22.com\/fr\/wp-json\/wp\/v2\/pages\/567\/revisions"}],"predecessor-version":[{"id":2580,"href":"https:\/\/namba22.com\/fr\/wp-json\/wp\/v2\/pages\/567\/revisions\/2580"}],"wp:featuredmedia":[{"embeddable":true,"href":"https:\/\/namba22.com\/fr\/wp-json\/wp\/v2\/media\/493"}],"wp:attachment":[{"href":"https:\/\/namba22.com\/fr\/wp-json\/wp\/v2\/media?parent=567"}],"curies":[{"name":"wp","href":"https:\/\/api.w.org\/{rel}","templated":true}]}}