{"id":560,"date":"2016-02-17T14:59:03","date_gmt":"2016-02-17T14:59:03","guid":{"rendered":"http:\/\/demo.gloriathemes.com\/wp\/perada\/?page_id=560"},"modified":"2021-08-20T06:32:22","modified_gmt":"2021-08-20T06:32:22","slug":"full-width","status":"publish","type":"page","link":"https:\/\/namba22.com\/fr\/full-width\/","title":{"rendered":"largeur compl\u00e8te"},"content":{"rendered":"<div class=\"wpb-content-wrapper\"><p>[vc_row full_width=&#8221;stretch_row_content_no_spaces&#8221; equal_height=&#8221;yes&#8221; css=&#8221;.vc_custom_1461071664627{padding-right: 70px !important;padding-left: 70px !important;}&#8221; el_class=&#8221;mobile-normal-width-padding&#8221;][vc_column][vc_custom_heading text=&#8221;Traduction Audio et Vid\u00e9o&#8221; font_container=&#8221;tag:h2|font_size:40|text_align:left|color:%236d6e71&#8243; use_theme_fonts=&#8221;yes&#8221; css=&#8221;.vc_custom_1604876897692{margin-top: 0px !important;margin-bottom: 20px !important;}&#8221; el_class=&#8221;normalfont&#8221;][vc_column_text]<\/p>\n<ol>\n<li><strong>Transcription<\/strong><\/li>\n<\/ol>\n<p>Les visuels dans le site Web peuvent aider \u00e0 atteindre les clients, mais rien ne dit \u201cnous parlons votre langue\u201d ainsi que de parler r\u00e9ellement la langue du public cible. La langue est le seul moyen d&#8217;engager pleinement la culture d&#8217;une personne, car la <strong><u>angue est la culture<\/u><\/strong>.<\/p>\n<p>On pourrait contester cela en sugg\u00e9rant qu&#8217;une vid\u00e9o peut fournir une connexion personnelle, mais pour ce faire, m\u00eame <strong><u>une vid\u00e9o n\u00e9cessite des mots en texte ou en audio<\/u><\/strong>. Les mots sont toujours n\u00e9cessaires et doivent toujours \u00eatre traduits.<\/p>\n<p>Avez &#8211; vous un enregistrement audio ou vid\u00e9o d&#8217;un discours, d&#8217;une pr\u00e9sentation, d&#8217;un d\u00e9bat, d&#8217;un atelier ou d&#8217;une table ronde et vous devez le faire pr\u00e9senter sous forme de texte et traduit d&#8217;une langue \u00e9trang\u00e8re vers votre langue maternelle ou m\u00eame toute autre langue demand\u00e9e ou vice versa? \u00c0 premi\u00e8re vue, cela ne semble pas \u00eatre une t\u00e2che difficile \u2014 pas avant de l&#8217;essayer par vous-m\u00eame. Une fois que vous lui donnez un coup de feu, vous d\u00e9couvrirez qu&#8217;il ne sera pas possible de faire le travail sans avoir des comp\u00e9tences professionnelles.<\/p>\n<p>Il s&#8217;av\u00e8re que ce type de travail n\u00e9cessite de la diligence, de l&#8217;attention, de l&#8217;alphab\u00e9tisation, une vitesse de frappe \u00e9lev\u00e9e, une capacit\u00e9 non seulement \u00e0 entendre et \u00e0 comprendre ce qui a \u00e9t\u00e9 prononc\u00e9 par le locuteur (l&#8217;enregistrement peut \u00eatre de qualit\u00e9 plut\u00f4t m\u00e9diocre), mais ce qui se cache derri\u00e8re ces mots \u2013 les pens\u00e9es et les intentions du locuteur, l&#8217;intonation de ce dernier \u00e9tant susceptible d&#8217;\u00eatre cruciale dans certaines parties de l&#8217;adresse. Ou avez-vous affaire \u00e0 un enregistrement d&#8217;un d\u00e9bat houleux o\u00f9 les participants continuent de se chahuter en essayant d&#8217;interposer un commentaire ou m\u00eame de parler en m\u00eame temps? Tout cela fait dans une langue \u00e9trang\u00e8re et de nombreux termes sp\u00e9cialis\u00e9s ou un jargon professionnel utilis\u00e9 en cours de route? La qualit\u00e9 de l&#8217;enregistrement pauvre? En outre, il y a des moments o\u00f9 il faut reconna\u00eetre les orateurs par leur voix et comprendre de qui vient une certaine d\u00e9claration. On peut facilement le dire lorsqu&#8217;il s&#8217;agit de vid\u00e9os, alors qu&#8217;il est difficile de le faire en ce qui concerne les enregistrements audio. Cependant, tout cela peut \u00eatre r\u00e9alis\u00e9 si quelqu&#8217;un a une vaste exp\u00e9rience et utilise des programmes informatiques sp\u00e9ciaux.<\/p>\n<p>Transcription Transcription de 1 minute d&#8217;enregistrement:<\/p>\n<ol style=\"color: #ffba00; font-weight: 600;\">\n<li><span style=\"color: #6d6e71; font-weight: 500;\">1. du russe: \u00e0 partir de 0,85 EUR;<\/span><\/li>\n<li><span style=\"color: #6d6e71; font-weight: 500;\">2. de l&#8217;anglais et d&#8217;autres langues europ\u00e9ennes: \u00e0 partir de 3,50 EUR;<br \/>\n<\/span><\/li>\n<li><span style=\"color: #6d6e71; font-weight: 500;\">3. d&#8217;autres langues \u00e9trang\u00e8res: disponible sur demande.<\/span><\/li>\n<\/ol>\n<ol>\n<li><strong>Diverses fa\u00e7ons de traduire un m\u00e9dia audiovisuel <br \/>\n<\/strong><\/li>\n<\/ol>\n<p><strong>Localisation Vocale<\/strong><\/p>\n<p><strong> <\/strong><strong>Traduction Vocale<\/strong><\/p>\n<p><strong> <\/strong>La localisation vocale est l&#8217;un des types les plus importants d&#8217;enregistrement sonore. Il existe deux grands types de localisation vocale: la traduction vocale et le doublage. Dans la traduction de voix off (localisation de voix off), le discours traduit des artistes vocaux (travail vocal) est entendu au-dessus de la bande originale. La traduction de voix off peut \u00eatre effectu\u00e9e par un seul artiste vocal ou toute une \u00e9quipe d&#8217;artistes vocaux et d&#8217;annonceurs professionnels. Ce type de traduction est parmi les plus populaires et pr\u00e9f\u00e9r\u00e9s en ce qui concerne les \u00e9missions de t\u00e9l\u00e9vision, la localisation vocale de films, de s\u00e9ries t\u00e9l\u00e9vis\u00e9es et de dessins anim\u00e9s, car il est beaucoup moins cher que le doublage et prend beaucoup moins de temps \u00e0 mettre en \u0153uvre.<\/p>\n<ol>\n<li><strong>Doublage<\/strong><\/li>\n<\/ol>\n<p>La diff\u00e9rence entre la localisation de la voix off et le doublage est que dans le doublage, toute la bande originale est remplac\u00e9e par celle cr\u00e9\u00e9e par les artistes vocaux, tous les effets sonores originaux \u00e9tant \u00e9galement remplac\u00e9s. En plus de ces deux types de traduction vocale, il y en a aussi un utilisant des sous-titres.<\/p>\n<p>L&#8217;accompagnement vocal de tout contenu vid\u00e9o tel que des films ou des publicit\u00e9s t\u00e9l\u00e9vis\u00e9es est largement populaire de nos jours. Quand il s&#8217;agit de plaire au spectateur, la perception visuelle n&#8217;est qu&#8217;un des facteurs de succ\u00e8s. L&#8217;autre facteur crucial concerne la comp\u00e9tence et le professionnalisme de l&#8217;accompagnement vocal. Si vous entendez une voix hors \u00e9cran d\u00e9sagr\u00e9able ou<\/p>\n<p>musique de mauvaise qualit\u00e9 dans ce que vous regardez, nous doutons que votre impression du spectacle soit satisfaisante, m\u00eame si l &#8216; \u201cimage\u201d elle-m\u00eame est informative et attrayante pour les yeux.<\/p>\n<p>Un accompagnement vocal de qualit\u00e9 permet d&#8217;atteindre l&#8217;objectif le plus important: attirer et retenir le spectateur. La traduction de films a tendance \u00e0 exiger beaucoup d&#8217;efforts, de temps, ainsi qu&#8217;une disposition \u00e9motionnelle particuli\u00e8re.<\/p>\n<p>Notre soci\u00e9t\u00e9 est \u00e0 la hauteur de tout travail de localisation vocale, car elle a acc\u00e8s \u00e0 des annonceurs et des artistes vocaux exp\u00e9riment\u00e9s, ainsi qu&#8217;\u00e0 tout le mat\u00e9riel n\u00e9cessaire, et garantit la localisation vocale de qualit\u00e9 et en temps opportun de tout travail dont vous pourriez avoir besoin, qu&#8217;il s&#8217;agisse d&#8217;une \u00e9mission de radio ou d&#8217;un film.<\/p>\n<p>Cette combinaison unique de traducteurs professionnels, d&#8217;artistes vocaux et d&#8217;\u00e9quipements concentr\u00e9s dans les limites d&#8217;une entreprise nous permet de r\u00e9pondre aux commandes de localisation vocale de nos clients dans des d\u00e9lais plus courts et \u00e0 des co\u00fbts inf\u00e9rieurs, par rapport \u00e0 lorsque ces composants distincts d&#8217;un travail sont g\u00e9r\u00e9s par diff\u00e9rentes agences. En outre, cette unit\u00e9 permet de r\u00e9soudre plus rapidement et plus efficacement les probl\u00e8mes qui se posent au cours du processus de localisation.<\/p>\n<p>Le prix du service:<\/p>\n<p style=\"text-align: left;\">Discours russe \u2014 \u00e0 partir de 8,50 \u20ac \/ min<\/p>\n<p style=\"text-align: left;\">Discours anglais \u2014 \u00e0 partir de 15,00 \u20ac \/ min.<\/p>\n<ol>\n<li><strong>Vous pouvez compter sur nous <\/strong><\/li>\n<\/ol>\n<p>Nos services incluent des soci\u00e9t\u00e9s affili\u00e9es. Nous appr\u00e9cions chaque contrat qui pourrait venir de vous. N&#8217;h\u00e9sitez pas \u00e0 nous contacter.<\/p>\n<p>&nbsp;[\/vc_column_text][\/vc_column][\/vc_row][vc_row equal_height=&#8221;yes&#8221; content_placement=&#8221;bottom&#8221; el_class=&#8221;bgfixed&#8221; css=&#8221;.vc_custom_1460114814860{padding-right: 55px !important;padding-left: 55px !important;background-image: url(http:\/\/www.m-translations.com\/wp-content\/uploads\/2016\/02\/full-width-testimonial-bg-new.jpg?id=1005) !important;}&#8221;][vc_column width=&#8221;3\/4&#8243; css=&#8221;.vc_custom_1456071447347{padding-top: 100px !important;padding-bottom: 100px !important;}&#8221;]<div class=\"testimonial-single\"><div class=\"icon\" style=\"color:#ffba00;\"><i class=\"fa fa-quote-right testimonial-blockquote-icon\"><\/i><\/div><div class=\"testimonial-single-content\" style=\"color:#ffffff;\"><p>Le service que nous recevons de M-Translations est toujours extr\u00eamement professionnel. Nous sommes continuellement impressionn\u00e9s par le haut niveau et la rapidit\u00e9 de leur travail de traduction.<\/p><\/div><div class=\"testimonial-single-name\"><span class=\"name\" style=\"color:#ffba00;\">SANJOH DOE,<\/span><span class=\"company\" style=\"color:#ffffff;\">SALAMA CONFERENCES<\/span><\/div><\/div>[\/vc_column][vc_column width=&#8221;1\/4&#8243; offset=&#8221;vc_hidden-xs&#8221;][vc_single_image image=&#8221;654&#8243; img_size=&#8221;full&#8221; alignment=&#8221;right&#8221; css=&#8221;.vc_custom_1455738160118{margin-top: 0px !important;margin-bottom: 0px !important;padding-top: 0px !important;padding-bottom: 0px !important;}&#8221;][\/vc_column][\/vc_row][vc_row el_class=&#8221;backgroundbottomright&#8221; css=&#8221;.vc_custom_1459457137940{padding-top: 22px !important;padding-right: 55px !important;padding-bottom: 53px !important;padding-left: 55px !important;background-image: url(http:\/\/www.m-translations.com\/wp-content\/uploads\/2016\/02\/full-width-step-boxes-bg-1.png?id=1214) !important;background-position: 0 0 !important;background-repeat: no-repeat !important;}&#8221;][vc_column width=&#8221;3\/4&#8243;]<div class=\"step-boxes step-boxes-three-column\"><div class=\"item \"><div class=\"step-boxes-icon\"><i class=\"fa fa-arrow-circle-o-up\"><\/i><\/div><h3>Service Linguistique complet<\/h3><\/div><div class=\"item \"><div class=\"step-boxes-icon\"><i class=\"fa fa-spinner\"><\/i><\/div><h3>Service Rapide<\/h3><\/div><div class=\"item \"><div class=\"step-boxes-icon\"><i class=\"fa fa-refresh\"><\/i><\/div><h3>Setings d&#039;Article<\/h3><\/div><\/div>[\/vc_column][vc_column width=&#8221;1\/4&#8243;][\/vc_column][\/vc_row][vc_row full_width=&#8221;stretch_row_content&#8221; equal_height=&#8221;yes&#8221;][vc_column width=&#8221;1\/2&#8243; css=&#8221;.vc_custom_1455743017117{background-color: #ffba00 !important;}&#8221;][vc_row_inner css=&#8221;.vc_custom_1456071513171{margin-top: 45px !important;margin-bottom: 45px !important;padding-right: 75px !important;padding-left: 75px !important;}&#8221;][vc_column_inner]<div class=\"testimonial-single\"><div class=\"icon\" style=\"color:#ffffff;\"><i class=\"fa fa-quote-right testimonial-blockquote-icon\"><\/i><\/div><div class=\"testimonial-single-content\" style=\"color:#ffffff;\"><p>Votre entreprise a \u00e9t\u00e9 disponible \u00e0 des heures inattendues et pr\u00eate \u00e0 faire ce qu'il faut pour nous faire traduire rapidement. Nous appr\u00e9cions \u00e9norm\u00e9ment votre travail et vous recommanderons volontiers.<\/p><\/div><div class=\"testimonial-single-name\"><span class=\"name\" style=\"color:#ffffff;\">EVA BILONDA<\/span><span class=\"company\" style=\"color:#ffffff;\">TREE SPIRIT<\/span><\/div><\/div>[\/vc_column_inner][\/vc_row_inner][\/vc_column][vc_column width=&#8221;1\/2&#8243; el_class=&#8221;bgfixed&#8221; css=&#8221;.vc_custom_1455745016263{padding-top: 58px !important;padding-right: 75px !important;padding-bottom: 50px !important;padding-left: 75px !important;background-image: url(http:\/\/demo.gloriathemes.com\/wp\/perada\/wp-content\/uploads\/2016\/02\/full-width-testimonial-layer-2.jpg?id=666) !important;}&#8221;][vc_row_inner css=&#8221;.vc_custom_1455744292178{margin-bottom: 15px !important;}&#8221;][vc_column_inner]<div class=\"services-box services-box-small services-box-small-alternative \"><div class=\"services-box-icon\"><i class=\"fa fa-paper-plane-o\" style=\"color:#ffba00;\"><\/i><\/div><div class=\"services-box-texts\"><h3 style=\"color:#ffba00;\">Service Rapide<\/h3><p style=\"color:#6d6e71;\">Notre outil app MT est une option pratique et simple pour une traduction automatique en ligne. Notre site Web offre un endroit id\u00e9al pour s&#039;arr\u00eater pour une visite Web sp\u00e9cifique occasionnelle ou juste une navigation al\u00e9atoire entre toute l&#039;excitation du Web. Lorsqu&#039;il est temps de vous renseigner sur un contenu dans une langue \u00e9trang\u00e8re ou de faire traduire un document, veuillez simplement utiliser notre option de devis en ligne. Ensuite, apr\u00e8s avoir pris la d\u00e9cision de passer une commande pour la traduction de votre(vos) document (s) ou non, vous devez passer votre commande en ligne au moyen de notre formulaire de commande en ligne.<\/p><\/div><\/div>[\/vc_column_inner][\/vc_row_inner][vc_row_inner css=&#8221;.vc_custom_1455744292178{margin-bottom: 15px !important;}&#8221;][vc_column_inner]<div class=\"services-box services-box-small services-box-small-alternative \"><div class=\"services-box-icon\"><i class=\"fa fa-repeat\" style=\"color:#ffba00;\"><\/i><\/div><div class=\"services-box-texts\"><h3 style=\"color:#ffba00;\">Traduire Pour Toutes Les Langues<\/h3><p style=\"color:#6d6e71;\">En tant qu&#039;agence de traduction, notre mission principale est de faire le tour du monde et de recruter parmi les meilleurs traducteurs \u00e0 votre avantage. Avons-nous \u00e9veill\u00e9 votre int\u00e9r\u00eat pour nos divers services dans divers domaines de la vie? D\u00e8s que vous vous trouvez dans un contexte de vie o\u00f9 vous ne pouvez pas aller plus loin sans traduction, n&#039;h\u00e9sitez pas \u00e0 prendre contact avec notre bureau. Nous traduisons toutes les langues que vous souhaitez traduire.<\/p><\/div><\/div>[\/vc_column_inner][\/vc_row_inner][vc_row_inner css=&#8221;.vc_custom_1455744292178{margin-bottom: 15px !important;}&#8221;][vc_column_inner]<div class=\"services-box services-box-small services-box-small-alternative \"><div class=\"services-box-icon\"><i class=\"fa fa-thumbs-o-up\" style=\"color:#ffba00;\"><\/i><\/div><div class=\"services-box-texts\"><h3 style=\"color:#ffba00;\">Fiabilit\u00e9 dans Toutes les langues<\/h3><p style=\"color:#6d6e71;\">Traduction de qualit\u00e9 sup\u00e9rieure de Documents juridiques Profitez de notre vaste exp\u00e9rience dans la traduction de documents juridiques de toutes sortes. Notre m\u00e9lange de professionnels de la langue exp\u00e9riment\u00e9s et qualifi\u00e9s, d&#039;experts de l&#039;industrie et de chefs de projet fait de M-Translations le partenaire id\u00e9al pour les besoins de traduction juridique les plus complexes et sp\u00e9cialis\u00e9s. Nous fournissons \u00e9galement tous les types de services d&#039;interpr\u00e9tation juridique, y compris l&#039;interpr\u00e9tation judiciaire.<\/p><\/div><\/div>[\/vc_column_inner][\/vc_row_inner][\/vc_column][\/vc_row]<\/p>\n<\/div>","protected":false},"excerpt":{"rendered":"<p>&nbsp;<\/p>\n","protected":false},"author":1,"featured_media":493,"parent":0,"menu_order":0,"comment_status":"closed","ping_status":"closed","template":"","meta":{"_rsvp_to":"","_rsvp_max":"","_rsvp_show_attendees":"","_rsvp_instructions":"","simple_price":"","simple_price_label":"","venue":"","_template_start_hour":"","_template_start_minutes":"","_sked_minutes":"","_sked_stop":"","_sked_duration":"","_payment_gateway":"Cash or Custom","_rsvp_currency":"USD","_sked_hour":"12","_sked_end":"13:00","rsvp_tx_template":0,"_rsvp_start":0,"_rsvp_deadline":0,"_rsvp_deadline_daysbefore":"0","_rsvp_deadline_hours":"0","_rsvp_reg_daysbefore":"0","_rsvp_reg_hours":"0","_rsvp_count_party":"1","_timezone":"+00:00","_rsvp_on":false,"_add_timezone":false,"_convert_timezone":false,"_calendar_icons":true,"_rsvp_end_display":false,"_rsvp_rsvpmaker_send_confirmation_email":false,"_rsvp_confirmation_after_payment":false,"_rsvp_confirmation_include_event":false,"_rsvp_count":true,"_rsvp_yesno":true,"_rsvp_captcha":false,"_rsvp_login_required":false,"_rsvp_form_show_date":false,"footnotes":""},"class_list":["post-560","page","type-page","status-publish","has-post-thumbnail","hentry"],"yoast_head":"<!-- This site is optimized with the Yoast SEO plugin v27.4 - https:\/\/yoast.com\/product\/yoast-seo-wordpress\/ -->\n<title>largeur compl\u00e8te<\/title>\n<meta name=\"description\" content=\"&nbsp;\" \/>\n<meta name=\"robots\" content=\"index, follow, max-snippet:-1, max-image-preview:large, max-video-preview:-1\" \/>\n<link rel=\"canonical\" href=\"http:\/\/&nbsp;\" \/>\n<meta property=\"og:locale\" content=\"fr_FR\" \/>\n<meta property=\"og:type\" content=\"article\" \/>\n<meta property=\"og:title\" content=\"largeur compl\u00e8te\" \/>\n<meta property=\"og:description\" content=\"&nbsp;\" \/>\n<meta property=\"og:url\" content=\"https:\/\/namba22.com\/fr\/full-width\/\" \/>\n<meta property=\"og:site_name\" content=\"m-translations.com\" \/>\n<meta property=\"article:modified_time\" content=\"2021-08-20T06:32:22+00:00\" \/>\n<meta property=\"og:image\" content=\"https:\/\/namba22.com\/wp-content\/uploads\/2016\/02\/services.jpg\" \/>\n\t<meta property=\"og:image:width\" content=\"1814\" \/>\n\t<meta property=\"og:image:height\" content=\"356\" \/>\n\t<meta property=\"og:image:type\" content=\"image\/jpeg\" \/>\n<meta name=\"twitter:card\" content=\"summary_large_image\" \/>\n<meta name=\"twitter:label1\" content=\"Dur\u00e9e de lecture estim\u00e9e\" \/>\n\t<meta name=\"twitter:data1\" content=\"8 minutes\" \/>\n<script type=\"application\/ld+json\" class=\"yoast-schema-graph\">{\"@context\":\"https:\\\/\\\/schema.org\",\"@graph\":[{\"@type\":\"WebPage\",\"@id\":\"https:\\\/\\\/namba22.com\\\/fr\\\/full-width\\\/\",\"url\":\"https:\\\/\\\/namba22.com\\\/fr\\\/full-width\\\/\",\"name\":\"Full Width - m-translations.com\",\"isPartOf\":{\"@id\":\"https:\\\/\\\/namba22.com\\\/en\\\/#website\"},\"primaryImageOfPage\":{\"@id\":\"https:\\\/\\\/namba22.com\\\/fr\\\/full-width\\\/#primaryimage\"},\"image\":{\"@id\":\"https:\\\/\\\/namba22.com\\\/fr\\\/full-width\\\/#primaryimage\"},\"thumbnailUrl\":\"https:\\\/\\\/namba22.com\\\/wp-content\\\/uploads\\\/2016\\\/02\\\/services.jpg\",\"datePublished\":\"2016-02-17T14:59:03+00:00\",\"dateModified\":\"2021-08-20T06:32:22+00:00\",\"breadcrumb\":{\"@id\":\"https:\\\/\\\/namba22.com\\\/fr\\\/full-width\\\/#breadcrumb\"},\"inLanguage\":\"fr-FR\",\"potentialAction\":[{\"@type\":\"ReadAction\",\"target\":[\"https:\\\/\\\/namba22.com\\\/fr\\\/full-width\\\/\"]}]},{\"@type\":\"ImageObject\",\"inLanguage\":\"fr-FR\",\"@id\":\"https:\\\/\\\/namba22.com\\\/fr\\\/full-width\\\/#primaryimage\",\"url\":\"https:\\\/\\\/namba22.com\\\/wp-content\\\/uploads\\\/2016\\\/02\\\/services.jpg\",\"contentUrl\":\"https:\\\/\\\/namba22.com\\\/wp-content\\\/uploads\\\/2016\\\/02\\\/services.jpg\",\"width\":1814,\"height\":356},{\"@type\":\"BreadcrumbList\",\"@id\":\"https:\\\/\\\/namba22.com\\\/fr\\\/full-width\\\/#breadcrumb\",\"itemListElement\":[{\"@type\":\"ListItem\",\"position\":1,\"name\":\"Home\",\"item\":\"https:\\\/\\\/namba22.com\\\/\"},{\"@type\":\"ListItem\",\"position\":2,\"name\":\"largeur compl\u00e8te\"}]},{\"@type\":\"WebSite\",\"@id\":\"https:\\\/\\\/namba22.com\\\/fr\\\/en\\\/#website\",\"url\":\"https:\\\/\\\/namba22.com\\\/fr\\\/en\\\/\",\"name\":\"m-translations.com\",\"description\":\"m-translations.com\",\"potentialAction\":[{\"@type\":\"SearchAction\",\"target\":{\"@type\":\"EntryPoint\",\"urlTemplate\":\"https:\\\/\\\/namba22.com\\\/fr\\\/en\\\/?s={search_term_string}\"},\"query-input\":{\"@type\":\"PropertyValueSpecification\",\"valueRequired\":true,\"valueName\":\"search_term_string\"}}],\"inLanguage\":\"fr-FR\"}]}<\/script>\n<!-- \/ Yoast SEO plugin. -->","yoast_head_json":{"title":"largeur compl\u00e8te","description":"&nbsp;","robots":{"index":"index","follow":"follow","max-snippet":"max-snippet:-1","max-image-preview":"max-image-preview:large","max-video-preview":"max-video-preview:-1"},"canonical":"&nbsp;","og_locale":"fr_FR","og_type":"article","og_title":"largeur compl\u00e8te","og_description":"&nbsp;","og_url":"https:\/\/namba22.com\/fr\/full-width\/","og_site_name":"m-translations.com","article_modified_time":"2021-08-20T06:32:22+00:00","og_image":[{"width":1814,"height":356,"url":"https:\/\/namba22.com\/wp-content\/uploads\/2016\/02\/services.jpg","type":"image\/jpeg"}],"twitter_card":"summary_large_image","twitter_misc":{"Dur\u00e9e de lecture estim\u00e9e":"8 minutes"},"schema":{"@context":"https:\/\/schema.org","@graph":[{"@type":"WebPage","@id":"https:\/\/namba22.com\/fr\/full-width\/","url":"https:\/\/namba22.com\/fr\/full-width\/","name":"Full Width - m-translations.com","isPartOf":{"@id":"https:\/\/namba22.com\/en\/#website"},"primaryImageOfPage":{"@id":"https:\/\/namba22.com\/fr\/full-width\/#primaryimage"},"image":{"@id":"https:\/\/namba22.com\/fr\/full-width\/#primaryimage"},"thumbnailUrl":"https:\/\/namba22.com\/wp-content\/uploads\/2016\/02\/services.jpg","datePublished":"2016-02-17T14:59:03+00:00","dateModified":"2021-08-20T06:32:22+00:00","breadcrumb":{"@id":"https:\/\/namba22.com\/fr\/full-width\/#breadcrumb"},"inLanguage":"fr-FR","potentialAction":[{"@type":"ReadAction","target":["https:\/\/namba22.com\/fr\/full-width\/"]}]},{"@type":"ImageObject","inLanguage":"fr-FR","@id":"https:\/\/namba22.com\/fr\/full-width\/#primaryimage","url":"https:\/\/namba22.com\/wp-content\/uploads\/2016\/02\/services.jpg","contentUrl":"https:\/\/namba22.com\/wp-content\/uploads\/2016\/02\/services.jpg","width":1814,"height":356},{"@type":"BreadcrumbList","@id":"https:\/\/namba22.com\/fr\/full-width\/#breadcrumb","itemListElement":[{"@type":"ListItem","position":1,"name":"Home","item":"https:\/\/namba22.com\/"},{"@type":"ListItem","position":2,"name":"largeur compl\u00e8te"}]},{"@type":"WebSite","@id":"https:\/\/namba22.com\/fr\/en\/#website","url":"https:\/\/namba22.com\/fr\/en\/","name":"m-translations.com","description":"m-translations.com","potentialAction":[{"@type":"SearchAction","target":{"@type":"EntryPoint","urlTemplate":"https:\/\/namba22.com\/fr\/en\/?s={search_term_string}"},"query-input":{"@type":"PropertyValueSpecification","valueRequired":true,"valueName":"search_term_string"}}],"inLanguage":"fr-FR"}]}},"_links":{"self":[{"href":"https:\/\/namba22.com\/fr\/wp-json\/wp\/v2\/pages\/560","targetHints":{"allow":["GET"]}}],"collection":[{"href":"https:\/\/namba22.com\/fr\/wp-json\/wp\/v2\/pages"}],"about":[{"href":"https:\/\/namba22.com\/fr\/wp-json\/wp\/v2\/types\/page"}],"author":[{"embeddable":true,"href":"https:\/\/namba22.com\/fr\/wp-json\/wp\/v2\/users\/1"}],"replies":[{"embeddable":true,"href":"https:\/\/namba22.com\/fr\/wp-json\/wp\/v2\/comments?post=560"}],"version-history":[{"count":8,"href":"https:\/\/namba22.com\/fr\/wp-json\/wp\/v2\/pages\/560\/revisions"}],"predecessor-version":[{"id":2579,"href":"https:\/\/namba22.com\/fr\/wp-json\/wp\/v2\/pages\/560\/revisions\/2579"}],"wp:featuredmedia":[{"embeddable":true,"href":"https:\/\/namba22.com\/fr\/wp-json\/wp\/v2\/media\/493"}],"wp:attachment":[{"href":"https:\/\/namba22.com\/fr\/wp-json\/wp\/v2\/media?parent=560"}],"curies":[{"name":"wp","href":"https:\/\/api.w.org\/{rel}","templated":true}]}}