{"id":554,"date":"2016-02-17T14:57:16","date_gmt":"2016-02-17T14:57:16","guid":{"rendered":"http:\/\/demo.gloriathemes.com\/wp\/perada\/?page_id=554"},"modified":"2020-12-29T07:01:01","modified_gmt":"2020-12-29T07:01:01","slug":"contact-compact","status":"publish","type":"page","link":"https:\/\/namba22.com\/fr\/contact-compact\/","title":{"rendered":"contact \u2013 compact"},"content":{"rendered":"<div class=\"wpb-content-wrapper\"><p>[vc_row el_class=&#8221;container&#8221; css=&#8221;.vc_custom_1455725773485{margin-bottom: 18px !important;padding-right: 0px !important;padding-left: 0px !important;}&#8221;][vc_column][vc_column_text]Bienvenue dans notre agence de traduction en ligne. En visitant notre site Web, vous aurez acc\u00e8s \u00e0 de nombreux outils d&#8217;application de traduction utiles, dont un outil de TA qui vous aidera \u00e0 traduire des contenus textuels via une API. Si vous souhaitez une traduction humaine, notre site Web propose une option de devis instantan\u00e9 ainsi qu&#8217;un compteur de mots qui vous permettra de vous d\u00e9cider apr\u00e8s avoir eu une id\u00e9e du prix.<\/p>\n<p><strong>Traductions de qualit\u00e9 sup\u00e9rieure<\/strong><\/p>\n<p>Traduction de qualit\u00e9 garantie &#8211; Traductions de haute qualit\u00e9 Ici, nous comprenons que vos projets de traduction exigent des r\u00e9sultats de haute qualit\u00e9 et dignes de confiance. Traduction professionnelle : les traducteurs qui travaillent sur les textes \u00e0 traduire sont des personnes sp\u00e9cialis\u00e9es dans des domaines sp\u00e9cifiques et poss\u00e8dent des comp\u00e9tences linguistiques pointues et une grande exp\u00e9rience de la traduction.<\/p>\n<p><strong>Rapport qualit\u00e9-prix<\/strong><\/p>\n<p>Lorsque nos clients re\u00e7oivent la meilleure valeur pour le montant qu&#8217;ils ont pay\u00e9, ils ont le sentiment d&#8217;en avoir eu pour leur argent ou d&#8217;en avoir eu pour leur argent. Ce que vous devez comprendre et r\u00e9aliser \u00e0 propos du rapport qualit\u00e9-prix, c&#8217;est qu&#8217;il ne s&#8217;agit pas seulement du prix des produits ou des services que vos clients sont pr\u00eats \u00e0 payer. Le rapport qualit\u00e9-prix est plus important que le simple prix. Il implique \u00e9galement toute l&#8217;exp\u00e9rience qui l&#8217;accompagne du d\u00e9but \u00e0 la fin de la transaction commerciale. Cela inclut, sans s&#8217;y limiter, l&#8217;interaction avec les employ\u00e9s, le niveau d&#8217;effort, la qualit\u00e9 du produit ou du service, l&#8217;ad\u00e9quation du produit ou du service aux besoins des clients, et l&#8217;utilisation r\u00e9elle du produit ou du service lui-m\u00eame. Nous aimons voir nos clients accorder de l&#8217;importance \u00e0 la valeur de leur argent, qu&#8217;ils ach\u00e8tent un article \u00e0 bas prix ou \u00e0 prix \u00e9lev\u00e9. Ils recherchent et attendent toujours une valeur globale pour leur argent. Cependant, plus le prix de l&#8217;article est \u00e9lev\u00e9, plus nos clients attendent de la valeur. &#8230;Et nous faisons tout ce qui est en notre pouvoir pour r\u00e9pondre aux attentes de nos clients.<\/p>\n<p><strong>Livr\u00e9 \u00e0 temps<\/strong><\/p>\n<p>Le d\u00e9lai de livraison d\u00e9pend du nombre de mots et du style de langage (par exemple, la quantit\u00e9 de langage technique ou de jargon industriel). La pr\u00e9cipitation est le pire ennemi de la qualit\u00e9, qui est notre principale pr\u00e9occupation. Nous vous garantissons que votre d\u00e9lai sera respect\u00e9, \u00e0 condition que nos lignes de communication restent ouvertes. Dans le cas de projets de traduction de grande envergure, chaque traducteur se voit confier une t\u00e2che suppl\u00e9mentaire : gestion de projet, constitution d&#8217;un glossaire bilingue ou tout autre aspect de votre travail. Cette approche globale et cette \u00e9troite collaboration nous permettent de fournir des r\u00e9sultats de qualit\u00e9 sup\u00e9rieure dans les d\u00e9lais impartis.<\/p>\n<p>Les quelques mots d&#8217;introduction ci-dessus ont pour but de vous permettre d&#8217;acc\u00e9der \u00e0 tous nos services en ligne de mani\u00e8re tr\u00e8s simple en tant que client. Mais il se peut aussi que vous ne soyez qu&#8217;un pigiste, un client r\u00e9gulier ou un client affili\u00e9. Dans ce cas, nous vous sugg\u00e9rons d&#8217;aller dans le menu sup\u00e9rieur, puis de vous rendre dans la rubrique Traduire et de cliquer sur le bouton S&#8217;inscrire.<\/p>\n<p><strong>Informations de contact<\/strong><\/p>\n<p>Pour nous contacter, veuillez utiliser le formulaire de contact ou les donn\u00e9es de contact alternatives ci-dessous.<\/p>\n<ul>\n<li>Peter-Henlein-Stra\u00dfe 73 &#8211; 90459 Nuremberg<\/li>\n<li>+49 911 473708<\/li>\n<li>+49 911 4720669<\/li>\n<li>info@muteba.de or\/ and fax.muteba@gmail.com<\/li>\n<\/ul>\n<p>[\/vc_column_text][\/vc_column][\/vc_row][vc_row el_class=&#8221;container animate anim-fadeIn&#8221; css=&#8221;.vc_custom_1461073712448{padding-right: 0px !important;padding-left: 0px !important;}&#8221;][vc_column width=&#8221;1\/4&#8243; css=&#8221;.vc_custom_1461073716157{margin-bottom: 44px !important;}&#8221;][vc_custom_heading text=&#8221;Adresse&#8221; font_container=&#8221;tag:h3|font_size:17|text_align:left|color:%23ffba00&#8243; use_theme_fonts=&#8221;yes&#8221; css=&#8221;.vc_custom_1456073692611{margin-top: 0px !important;margin-bottom: 23px !important;}&#8221;][vc_column_text css=&#8221;.vc_custom_1605479250617{margin-bottom: 19px !important;}&#8221;]<\/p>\n<p style=\"margin-bottom: 0px;\"><strong>Bureau de Nuremberg<\/strong><br \/>\n90459 Nuremberg , Peter-Henlein-Str. 73 , Bavi\u00e8re, Allemagne<\/p>\n<p>[\/vc_column_text][vc_column_text css=&#8221;.vc_custom_1605479552888{margin-bottom: 0px !important;}&#8221;]<\/p>\n<p style=\"margin-bottom: 0px;\"><strong>Bureau de Nuremberg<\/strong><br \/>\n90459 Nuremberg , Peter-Henlein-Str. 73 , Bavi\u00e8re, Allemagne<\/p>\n<p>[\/vc_column_text][\/vc_column][vc_column width=&#8221;1\/4&#8243; css=&#8221;.vc_custom_1461073720227{margin-bottom: 44px !important;}&#8221;][vc_custom_heading text=&#8221;T\u00e9l\u00e9phone&#8221; font_container=&#8221;tag:h3|font_size:17|text_align:left|color:%23ffba00&#8243; use_theme_fonts=&#8221;yes&#8221; css=&#8221;.vc_custom_1456073699003{margin-top: 0px !important;margin-bottom: 23px !important;}&#8221;][vc_column_text css=&#8221;.vc_custom_1605479372714{margin-bottom: 19px !important;}&#8221;]<\/p>\n<p style=\"margin-bottom: 0px;\"><strong>Bureau de Nuremberg T\u00e9l\u00e9phone<\/strong><br \/>\n+49 &#8211; 911 &#8211; 473708        +49 &#8211; 171 &#8211; 9955177<\/p>\n<p>[\/vc_column_text][vc_column_text css=&#8221;.vc_custom_1605479582672{margin-bottom: 0px !important;}&#8221;]<\/p>\n<p style=\"margin-bottom: 0px;\"><strong>Bureau de Nuremberg T\u00e9l\u00e9phone<\/strong><br \/>\n+49 &#8211; 911 &#8211; 473708        +49 &#8211; 171 &#8211; 9955177<\/p>\n<p>[\/vc_column_text][\/vc_column][vc_column width=&#8221;1\/4&#8243; css=&#8221;.vc_custom_1461073723655{margin-bottom: 44px !important;}&#8221;][vc_custom_heading text=&#8221;Courriel&#8221; font_container=&#8221;tag:h3|font_size:17|text_align:left|color:%23ffba00&#8243; use_theme_fonts=&#8221;yes&#8221; css=&#8221;.vc_custom_1456073704860{margin-top: 0px !important;margin-bottom: 23px !important;}&#8221;][vc_column_text css=&#8221;.vc_custom_1605479485271{margin-bottom: 19px !important;}&#8221;]<\/p>\n<p style=\"margin-bottom: 0px;\"><strong>Courriel du bureau de Nuremberg<\/strong><br \/>\ncontact@m-translations.com<\/p>\n<p>[\/vc_column_text][vc_column_text css=&#8221;.vc_custom_1605479605439{margin-bottom: 0px !important;}&#8221;]<\/p>\n<p style=\"margin-bottom: 0px;\"><strong>Courriel du bureau de Nuremberg<\/strong><br \/>\ncontact@m-translations.com<\/p>\n<p>[\/vc_column_text][\/vc_column][vc_column width=&#8221;1\/4&#8243; css=&#8221;.vc_custom_1461073728076{margin-bottom: 44px !important;}&#8221;][vc_custom_heading text=&#8221;M\u00e9dias sociaux&#8221; font_container=&#8221;tag:h3|font_size:17|text_align:left|color:%23ffba00&#8243; use_theme_fonts=&#8221;yes&#8221; css=&#8221;.vc_custom_1456073716255{margin-top: 0px !important;margin-bottom: 23px !important;}&#8221;][vc_column_text css=&#8221;.vc_custom_1605479671640{margin-bottom: 19px !important;}&#8221;]<\/p>\n<p style=\"margin-bottom: 0px;\">Rejoignez-nous sur les m\u00e9dias sociaux<\/p>\n<p>[\/vc_column_text][vc_row_inner el_class=&#8221;text-right&#8221;][vc_column_inner]<div class=\"social-media-radius\"><ul><\/ul><\/div>[\/vc_column_inner][\/vc_row_inner][\/vc_column][\/vc_row][vc_row el_class=&#8221;container animate anim-fadeIn&#8221; css=&#8221;.vc_custom_1456242478763{padding-right: 0px !important;padding-left: 0px !important;}&#8221;][vc_column][vc_row_inner][vc_column_inner][vc_custom_heading text=&#8221;Envoyer un message&#8221; font_container=&#8221;tag:h3|font_size:17|text_align:left|color:%23ffba00&#8243; use_theme_fonts=&#8221;yes&#8221; css=&#8221;.vc_custom_1456073870619{margin-top: 0px !important;margin-bottom: 23px !important;}&#8221;][\/vc_column_inner][\/vc_row_inner]\n<div class=\"wpcf7 no-js\" id=\"wpcf7-f2446-o1\" lang=\"en-US\" dir=\"ltr\" data-wpcf7-id=\"2446\">\n<div class=\"screen-reader-response\"><p role=\"status\" aria-live=\"polite\" aria-atomic=\"true\"><\/p> <ul><\/ul><\/div>\n<form action=\"\/fr\/wp-json\/wp\/v2\/pages\/554#wpcf7-f2446-o1\" method=\"post\" class=\"wpcf7-form init\" aria-label=\"Contact form\" novalidate=\"novalidate\" data-status=\"init\">\n<fieldset class=\"hidden-fields-container\"><input type=\"hidden\" name=\"_wpcf7\" value=\"2446\" \/><input type=\"hidden\" name=\"_wpcf7_version\" value=\"6.1\" \/><input type=\"hidden\" name=\"_wpcf7_locale\" value=\"en_US\" \/><input type=\"hidden\" name=\"_wpcf7_unit_tag\" value=\"wpcf7-f2446-o1\" \/><input type=\"hidden\" name=\"_wpcf7_container_post\" value=\"0\" \/><input type=\"hidden\" name=\"_wpcf7_posted_data_hash\" value=\"\" \/>\n<\/fieldset>\n<p><label> Votre nom<br \/>\n<span class=\"wpcf7-form-control-wrap\" data-name=\"your-name\"><input size=\"40\" maxlength=\"400\" class=\"wpcf7-form-control wpcf7-text wpcf7-validates-as-required\" aria-required=\"true\" aria-invalid=\"false\" value=\"\" type=\"text\" name=\"your-name\" \/><\/span> <\/label>\n<\/p>\n<p><label> Votre adresse \u00e9lectronique<br \/>\n<span class=\"wpcf7-form-control-wrap\" data-name=\"your-email\"><input size=\"40\" maxlength=\"400\" class=\"wpcf7-form-control wpcf7-email wpcf7-validates-as-required wpcf7-text wpcf7-validates-as-email\" aria-required=\"true\" aria-invalid=\"false\" value=\"\" type=\"email\" name=\"your-email\" \/><\/span> <\/label>\n<\/p>\n<p><label> Sujet<br \/>\n<span class=\"wpcf7-form-control-wrap\" data-name=\"your-subject\"><input size=\"40\" maxlength=\"400\" class=\"wpcf7-form-control wpcf7-text wpcf7-validates-as-required\" aria-required=\"true\" aria-invalid=\"false\" value=\"\" type=\"text\" name=\"your-subject\" \/><\/span> <\/label>\n<\/p>\n<p><label> otre message (facultatif)<br \/>\n<span class=\"wpcf7-form-control-wrap\" data-name=\"your-message\"><textarea cols=\"40\" rows=\"10\" maxlength=\"2000\" class=\"wpcf7-form-control wpcf7-textarea\" aria-invalid=\"false\" name=\"your-message\"><\/textarea><\/span> <\/label>\n<\/p>\n<p><input class=\"wpcf7-form-control wpcf7-submit has-spinner\" type=\"submit\" value=\"Soumettre\" \/>\n<\/p><div class=\"wpcf7-response-output\" aria-hidden=\"true\"><\/div>\n<\/form>\n<\/div>\n[\/vc_column][\/vc_row][vc_row full_width=&#8221;stretch_row_content_no_spaces&#8221; css=&#8221;.vc_custom_1455722240590{margin-bottom: 0px !important;}&#8221;][vc_column][vc_row_inner el_class=&#8221;container&#8221;][vc_column_inner][vc_custom_heading text=&#8221;Google Maps&#8221; font_container=&#8221;tag:h3|font_size:17|text_align:left|color:%236d6e71&#8243; use_theme_fonts=&#8221;yes&#8221; css=&#8221;.vc_custom_1456073866677{margin-top: 28px !important;margin-bottom: 33px !important;}&#8221;][\/vc_column_inner][\/vc_row_inner][vc_gmaps link=&#8221;#E-8_JTNDaWZyYW1lJTIwc3JjJTNEJTIyaHR0cHMlM0ElMkYlMkZ3d3cuZ29vZ2xlLmNvbSUyRm1hcHMlMkZlbWJlZCUzRnBiJTNEJTIxMW0xOCUyMTFtMTIlMjExbTMlMjExZDE5MzU3MS40MzgyODg5OTYyJTIxMmQtNzQuMTE4MDg2NDEyMzA5NDclMjEzZDQwLjcwNTgyNTM2MzE2NDcwNiUyMTJtMyUyMTFmMCUyMTJmMCUyMTNmMCUyMTNtMiUyMTFpMTAyNCUyMTJpNzY4JTIxNGYxMy4xJTIxM20zJTIxMW0yJTIxMXMweDg5YzI0ZmE1ZDMzZjA4M2IlMjUzQTB4YzgwYjhmMDZlMTc3ZmU2MiUyMTJzTmV3JTJCWW9yayUyNTJDJTJCQmlybGUlMjVDNSUyNTlGaWslMkJEZXZsZXRsZXIlMjE1ZTAlMjEzbTIlMjExc3RyJTIxMnN0ciUyMTR2MTQ1NTcyMTY4MDg5NCUyMiUyMHdpZHRoJTNEJTIyMTAwJTI1JTIyJTIwaGVpZ2h0JTNEJTIyMzUwJTIyJTIwZnJhbWVib3JkZXIlM0QlMjIwJTIyJTIwc3R5bGUlM0QlMjJib3JkZXIlM0EwJTIyJTIwYWxsb3dmdWxsc2NyZWVuJTNFJTNDJTJGaWZyYW1lJTNF&#8221; size=&#8221;350&#8243; el_class=&#8221;nopaddingmap&#8221; css=&#8221;.vc_custom_1455722267653{margin-bottom: 0px !important;}&#8221;][\/vc_column][\/vc_row][vc_row full_width=&#8221;stretch_row_content_no_spaces&#8221; css=&#8221;.vc_custom_1455726928386{margin-top: 0px !important;padding-top: 18px !important;padding-bottom: 55px !important;background-image: url(http:\/\/demo.gloriathemes.com\/wp\/perada\/wp-content\/uploads\/2016\/02\/get-a-quote-bg.jpg?id=142) !important;background-position: 0 0 !important;background-repeat: no-repeat !important;}&#8221; el_class=&#8221;backgroundbottomright&#8221;][vc_column][vc_row_inner el_class=&#8221;container&#8221;][vc_column_inner][vc_custom_heading text=&#8221;Obtenez un devis&#8221; font_container=&#8221;tag:h3|font_size:17|text_align:left|color:%23ffba00&#8243; use_theme_fonts=&#8221;yes&#8221; css=&#8221;.vc_custom_1456074228077{margin-top: 0px !important;margin-bottom: 21px !important;}&#8221;][vc_column_text css=&#8221;.vc_custom_1455727012865{margin-bottom: 30px !important;}&#8221;]<\/p>\n<p style=\"margin-bottom: 0px;\">T\u00e9l\u00e9chargez votre fichier que vous souhaitez traduire, nous vous enverrons une offre de prix \u00e0 votre adresse e-mail.<\/p>\n<p>[\/vc_column_text][\/vc_column_inner][\/vc_row_inner][vc_row_inner el_class=&#8221;container&#8221;][vc_column_inner width=&#8221;2\/3&#8243;]\n<div class=\"wpcf7 no-js\" id=\"wpcf7-f2446-o2\" lang=\"en-US\" dir=\"ltr\" data-wpcf7-id=\"2446\">\n<div class=\"screen-reader-response\"><p role=\"status\" aria-live=\"polite\" aria-atomic=\"true\"><\/p> <ul><\/ul><\/div>\n<form action=\"\/fr\/wp-json\/wp\/v2\/pages\/554#wpcf7-f2446-o2\" method=\"post\" class=\"wpcf7-form init\" aria-label=\"Contact form\" novalidate=\"novalidate\" data-status=\"init\">\n<fieldset class=\"hidden-fields-container\"><input type=\"hidden\" name=\"_wpcf7\" value=\"2446\" \/><input type=\"hidden\" name=\"_wpcf7_version\" value=\"6.1\" \/><input type=\"hidden\" name=\"_wpcf7_locale\" value=\"en_US\" \/><input type=\"hidden\" name=\"_wpcf7_unit_tag\" value=\"wpcf7-f2446-o2\" \/><input type=\"hidden\" name=\"_wpcf7_container_post\" value=\"0\" \/><input type=\"hidden\" name=\"_wpcf7_posted_data_hash\" value=\"\" \/>\n<\/fieldset>\n<p><label> Votre nom<br \/>\n<span class=\"wpcf7-form-control-wrap\" data-name=\"your-name\"><input size=\"40\" maxlength=\"400\" class=\"wpcf7-form-control wpcf7-text wpcf7-validates-as-required\" aria-required=\"true\" aria-invalid=\"false\" value=\"\" type=\"text\" name=\"your-name\" \/><\/span> <\/label>\n<\/p>\n<p><label> Votre adresse \u00e9lectronique<br \/>\n<span class=\"wpcf7-form-control-wrap\" data-name=\"your-email\"><input size=\"40\" maxlength=\"400\" class=\"wpcf7-form-control wpcf7-email wpcf7-validates-as-required wpcf7-text wpcf7-validates-as-email\" aria-required=\"true\" aria-invalid=\"false\" value=\"\" type=\"email\" name=\"your-email\" \/><\/span> <\/label>\n<\/p>\n<p><label> Sujet<br \/>\n<span class=\"wpcf7-form-control-wrap\" data-name=\"your-subject\"><input size=\"40\" maxlength=\"400\" class=\"wpcf7-form-control wpcf7-text wpcf7-validates-as-required\" aria-required=\"true\" aria-invalid=\"false\" value=\"\" type=\"text\" name=\"your-subject\" \/><\/span> <\/label>\n<\/p>\n<p><label> otre message (facultatif)<br \/>\n<span class=\"wpcf7-form-control-wrap\" data-name=\"your-message\"><textarea cols=\"40\" rows=\"10\" maxlength=\"2000\" class=\"wpcf7-form-control wpcf7-textarea\" aria-invalid=\"false\" name=\"your-message\"><\/textarea><\/span> <\/label>\n<\/p>\n<p><input class=\"wpcf7-form-control wpcf7-submit has-spinner\" type=\"submit\" value=\"Soumettre\" \/>\n<\/p><div class=\"wpcf7-response-output\" aria-hidden=\"true\"><\/div>\n<\/form>\n<\/div>\n[\/vc_column_inner][vc_column_inner width=&#8221;1\/3&#8243;][\/vc_column_inner][\/vc_row_inner][\/vc_column][\/vc_row]<\/p>\n<\/div>","protected":false},"excerpt":{"rendered":"<p>Nos coordonn\u00e9es sont accessibles \u00e0 partir de cette page.<\/p>\n","protected":false},"author":1,"featured_media":600,"parent":0,"menu_order":0,"comment_status":"closed","ping_status":"closed","template":"","meta":{"_rsvp_to":"","_rsvp_max":"","_rsvp_show_attendees":"","_rsvp_instructions":"","simple_price":"","simple_price_label":"","venue":"","_template_start_hour":"","_template_start_minutes":"","_sked_minutes":"","_sked_stop":"","_sked_duration":"","_payment_gateway":"Cash or Custom","_rsvp_currency":"USD","_sked_hour":"12","_sked_end":"13:00","rsvp_tx_template":0,"_rsvp_start":0,"_rsvp_deadline":0,"_rsvp_deadline_daysbefore":"0","_rsvp_deadline_hours":"0","_rsvp_reg_daysbefore":"0","_rsvp_reg_hours":"0","_rsvp_count_party":"1","_timezone":"+00:00","_rsvp_on":false,"_add_timezone":false,"_convert_timezone":false,"_calendar_icons":true,"_rsvp_end_display":false,"_rsvp_rsvpmaker_send_confirmation_email":false,"_rsvp_confirmation_after_payment":false,"_rsvp_confirmation_include_event":false,"_rsvp_count":true,"_rsvp_yesno":true,"_rsvp_captcha":false,"_rsvp_login_required":false,"_rsvp_form_show_date":false,"footnotes":""},"class_list":["post-554","page","type-page","status-publish","has-post-thumbnail","hentry"],"yoast_head":"<!-- This site is optimized with the Yoast SEO plugin v27.4 - https:\/\/yoast.com\/product\/yoast-seo-wordpress\/ -->\n<title>contact \u2013 compact<\/title>\n<meta name=\"description\" content=\"Nos coordonn\u00e9es sont accessibles \u00e0 partir de cette page.\" \/>\n<meta name=\"robots\" content=\"index, follow, max-snippet:-1, max-image-preview:large, max-video-preview:-1\" \/>\n<link rel=\"canonical\" href=\"http:\/\/Nos%20coordonn\u00e9es%20sont%20accessibles%20\u00e0%20partir%20de%20cette%20page.\" \/>\n<meta property=\"og:locale\" content=\"fr_FR\" \/>\n<meta property=\"og:type\" content=\"article\" \/>\n<meta property=\"og:title\" content=\"contact \u2013 compact\" \/>\n<meta property=\"og:description\" content=\"Nos coordonn\u00e9es sont accessibles \u00e0 partir de cette page.\" \/>\n<meta property=\"og:url\" content=\"https:\/\/namba22.com\/fr\/contact-compact\/\" \/>\n<meta property=\"og:site_name\" content=\"m-translations.com\" \/>\n<meta property=\"article:modified_time\" content=\"2020-12-29T07:01:01+00:00\" \/>\n<meta property=\"og:image\" content=\"https:\/\/namba22.com\/wp-content\/uploads\/2016\/02\/contact-compact-page-title.jpg\" \/>\n\t<meta property=\"og:image:width\" content=\"1814\" \/>\n\t<meta property=\"og:image:height\" content=\"354\" \/>\n\t<meta property=\"og:image:type\" content=\"image\/jpeg\" \/>\n<meta name=\"twitter:card\" content=\"summary_large_image\" \/>\n<meta name=\"twitter:label1\" content=\"Dur\u00e9e de lecture estim\u00e9e\" \/>\n\t<meta name=\"twitter:data1\" content=\"6 minutes\" \/>\n<script type=\"application\/ld+json\" class=\"yoast-schema-graph\">{\"@context\":\"https:\\\/\\\/schema.org\",\"@graph\":[{\"@type\":\"WebPage\",\"@id\":\"https:\\\/\\\/namba22.com\\\/fr\\\/contact-compact\\\/\",\"url\":\"https:\\\/\\\/namba22.com\\\/fr\\\/contact-compact\\\/\",\"name\":\"Contact - Compact - m-translations.com\",\"isPartOf\":{\"@id\":\"https:\\\/\\\/namba22.com\\\/en\\\/#website\"},\"primaryImageOfPage\":{\"@id\":\"https:\\\/\\\/namba22.com\\\/fr\\\/contact-compact\\\/#primaryimage\"},\"image\":{\"@id\":\"https:\\\/\\\/namba22.com\\\/fr\\\/contact-compact\\\/#primaryimage\"},\"thumbnailUrl\":\"https:\\\/\\\/namba22.com\\\/wp-content\\\/uploads\\\/2016\\\/02\\\/contact-compact-page-title.jpg\",\"datePublished\":\"2016-02-17T14:57:16+00:00\",\"dateModified\":\"2020-12-29T07:01:01+00:00\",\"breadcrumb\":{\"@id\":\"https:\\\/\\\/namba22.com\\\/fr\\\/contact-compact\\\/#breadcrumb\"},\"inLanguage\":\"fr-FR\",\"potentialAction\":[{\"@type\":\"ReadAction\",\"target\":[\"https:\\\/\\\/namba22.com\\\/fr\\\/contact-compact\\\/\"]}]},{\"@type\":\"ImageObject\",\"inLanguage\":\"fr-FR\",\"@id\":\"https:\\\/\\\/namba22.com\\\/fr\\\/contact-compact\\\/#primaryimage\",\"url\":\"https:\\\/\\\/namba22.com\\\/wp-content\\\/uploads\\\/2016\\\/02\\\/contact-compact-page-title.jpg\",\"contentUrl\":\"https:\\\/\\\/namba22.com\\\/wp-content\\\/uploads\\\/2016\\\/02\\\/contact-compact-page-title.jpg\",\"width\":1814,\"height\":354},{\"@type\":\"BreadcrumbList\",\"@id\":\"https:\\\/\\\/namba22.com\\\/fr\\\/contact-compact\\\/#breadcrumb\",\"itemListElement\":[{\"@type\":\"ListItem\",\"position\":1,\"name\":\"Home\",\"item\":\"https:\\\/\\\/namba22.com\\\/\"},{\"@type\":\"ListItem\",\"position\":2,\"name\":\"contact \u2013 compact\"}]},{\"@type\":\"WebSite\",\"@id\":\"https:\\\/\\\/namba22.com\\\/fr\\\/en\\\/#website\",\"url\":\"https:\\\/\\\/namba22.com\\\/fr\\\/en\\\/\",\"name\":\"m-translations.com\",\"description\":\"m-translations.com\",\"potentialAction\":[{\"@type\":\"SearchAction\",\"target\":{\"@type\":\"EntryPoint\",\"urlTemplate\":\"https:\\\/\\\/namba22.com\\\/fr\\\/en\\\/?s={search_term_string}\"},\"query-input\":{\"@type\":\"PropertyValueSpecification\",\"valueRequired\":true,\"valueName\":\"search_term_string\"}}],\"inLanguage\":\"fr-FR\"}]}<\/script>\n<!-- \/ Yoast SEO plugin. -->","yoast_head_json":{"title":"contact \u2013 compact","description":"Nos coordonn\u00e9es sont accessibles \u00e0 partir de cette page.","robots":{"index":"index","follow":"follow","max-snippet":"max-snippet:-1","max-image-preview":"max-image-preview:large","max-video-preview":"max-video-preview:-1"},"canonical":"Nos coordonn\u00e9es sont accessibles \u00e0 partir de cette page.","og_locale":"fr_FR","og_type":"article","og_title":"contact \u2013 compact","og_description":"Nos coordonn\u00e9es sont accessibles \u00e0 partir de cette page.","og_url":"https:\/\/namba22.com\/fr\/contact-compact\/","og_site_name":"m-translations.com","article_modified_time":"2020-12-29T07:01:01+00:00","og_image":[{"width":1814,"height":354,"url":"https:\/\/namba22.com\/wp-content\/uploads\/2016\/02\/contact-compact-page-title.jpg","type":"image\/jpeg"}],"twitter_card":"summary_large_image","twitter_misc":{"Dur\u00e9e de lecture estim\u00e9e":"6 minutes"},"schema":{"@context":"https:\/\/schema.org","@graph":[{"@type":"WebPage","@id":"https:\/\/namba22.com\/fr\/contact-compact\/","url":"https:\/\/namba22.com\/fr\/contact-compact\/","name":"Contact - Compact - m-translations.com","isPartOf":{"@id":"https:\/\/namba22.com\/en\/#website"},"primaryImageOfPage":{"@id":"https:\/\/namba22.com\/fr\/contact-compact\/#primaryimage"},"image":{"@id":"https:\/\/namba22.com\/fr\/contact-compact\/#primaryimage"},"thumbnailUrl":"https:\/\/namba22.com\/wp-content\/uploads\/2016\/02\/contact-compact-page-title.jpg","datePublished":"2016-02-17T14:57:16+00:00","dateModified":"2020-12-29T07:01:01+00:00","breadcrumb":{"@id":"https:\/\/namba22.com\/fr\/contact-compact\/#breadcrumb"},"inLanguage":"fr-FR","potentialAction":[{"@type":"ReadAction","target":["https:\/\/namba22.com\/fr\/contact-compact\/"]}]},{"@type":"ImageObject","inLanguage":"fr-FR","@id":"https:\/\/namba22.com\/fr\/contact-compact\/#primaryimage","url":"https:\/\/namba22.com\/wp-content\/uploads\/2016\/02\/contact-compact-page-title.jpg","contentUrl":"https:\/\/namba22.com\/wp-content\/uploads\/2016\/02\/contact-compact-page-title.jpg","width":1814,"height":354},{"@type":"BreadcrumbList","@id":"https:\/\/namba22.com\/fr\/contact-compact\/#breadcrumb","itemListElement":[{"@type":"ListItem","position":1,"name":"Home","item":"https:\/\/namba22.com\/"},{"@type":"ListItem","position":2,"name":"contact \u2013 compact"}]},{"@type":"WebSite","@id":"https:\/\/namba22.com\/fr\/en\/#website","url":"https:\/\/namba22.com\/fr\/en\/","name":"m-translations.com","description":"m-translations.com","potentialAction":[{"@type":"SearchAction","target":{"@type":"EntryPoint","urlTemplate":"https:\/\/namba22.com\/fr\/en\/?s={search_term_string}"},"query-input":{"@type":"PropertyValueSpecification","valueRequired":true,"valueName":"search_term_string"}}],"inLanguage":"fr-FR"}]}},"_links":{"self":[{"href":"https:\/\/namba22.com\/fr\/wp-json\/wp\/v2\/pages\/554","targetHints":{"allow":["GET"]}}],"collection":[{"href":"https:\/\/namba22.com\/fr\/wp-json\/wp\/v2\/pages"}],"about":[{"href":"https:\/\/namba22.com\/fr\/wp-json\/wp\/v2\/types\/page"}],"author":[{"embeddable":true,"href":"https:\/\/namba22.com\/fr\/wp-json\/wp\/v2\/users\/1"}],"replies":[{"embeddable":true,"href":"https:\/\/namba22.com\/fr\/wp-json\/wp\/v2\/comments?post=554"}],"version-history":[{"count":5,"href":"https:\/\/namba22.com\/fr\/wp-json\/wp\/v2\/pages\/554\/revisions"}],"predecessor-version":[{"id":2631,"href":"https:\/\/namba22.com\/fr\/wp-json\/wp\/v2\/pages\/554\/revisions\/2631"}],"wp:featuredmedia":[{"embeddable":true,"href":"https:\/\/namba22.com\/fr\/wp-json\/wp\/v2\/media\/600"}],"wp:attachment":[{"href":"https:\/\/namba22.com\/fr\/wp-json\/wp\/v2\/media?parent=554"}],"curies":[{"name":"wp","href":"https:\/\/api.w.org\/{rel}","templated":true}]}}