{"id":306,"date":"2016-02-15T16:49:15","date_gmt":"2016-02-15T16:49:15","guid":{"rendered":"http:\/\/demo.gloriathemes.com\/wp\/perada\/?page_id=306"},"modified":"2020-05-18T18:39:46","modified_gmt":"2020-05-18T18:39:46","slug":"online-translate","status":"publish","type":"page","link":"https:\/\/namba22.com\/fr\/online-translate\/","title":{"rendered":"traduire en ligne"},"content":{"rendered":"<div class=\"wpb-content-wrapper\"><p>[vc_row el_class=&#8221;container&#8221; css=&#8221;.vc_custom_1455896968564{margin-bottom: 0px !important;padding-right: 0px !important;padding-bottom: 0px !important;padding-left: 0px !important;}&#8221;][vc_column][vc_custom_heading text=&#8221;qu&#8217;est-ce que translate online?&#8221; font_container=&#8221;tag:h2|font_size:45|text_align:left|color:%238a8b8e&#8221; use_theme_fonts=&#8221;yes&#8221; css=&#8221;.vc_custom_1589743981007{margin-top: 12px !important;margin-bottom: 23px !important;}&#8221; el_class=&#8221;normalfont&#8221;][vc_row_inner css=&#8221;.vc_custom_1455896880928{margin-bottom: 0px !important;padding-bottom: 0px !important;}&#8221;][vc_column_inner css=&#8221;.vc_custom_1455646659839{margin-bottom: 20px !important;}&#8221;][vc_column_text css=&#8221;.vc_custom_1589623146991{margin-bottom: 0px !important;padding-bottom: 0px !important;}&#8221;]Onlinetranslations est un outil d&#8217;application que M-TRANSLATIONS.COM utilise au profit de tous nos visiteurs en ligne qui souhaitent instantan\u00e9ment obtenir la signification d&#8217;un mot de n&#8217;importe quelle langue vers n&#8217;importe quelle autre langue. Il s&#8217;agit d&#8217;un outil avec lequel vous pouvez effectuer des traductions en ligne via l&#8217;API Yandex sur votre site Web. Gr\u00e2ce \u00e0 la prise en charge de plus de 60 langues, vous pouvez effectuer des traductions rapides et pr\u00e9cises.<\/p>\n<p>Avec M-TRANSLATIONS.COM, vous pouvez cr\u00e9er votre propre syst\u00e8me de traduction et offrir \u00e0 vos clients la meilleure exp\u00e9rience de traduction. Puisque nous utilisons la traduction automatique via Yandex, il est tr\u00e8s utile pour vous, notre client, de savoir ce qu&#8217;est r\u00e9ellement la traduction automatique.<\/p>\n<p><strong>Qu&#8217;est-ce que la traduction automatique?<\/strong><\/p>\n<p>La traduction automatique (TA) d\u00e9signe un logiciel enti\u00e8rement automatis\u00e9 capable de traduire un contenu source dans une langue cible. Les humains peuvent utiliser la TA pour les aider \u00e0 restituer du texte et de la parole dans une autre langue, ou le logiciel de TA peut fonctionner sans intervention humaine.<\/p>\n<p>Les outils de TA sont souvent utilis\u00e9s pour traduire de vastes quantit\u00e9s d&#8217;informations comprenant des millions de mots qu&#8217;il serait impossible de traduire de mani\u00e8re traditionnelle. La qualit\u00e9 des r\u00e9sultats de la TA peut varier consid\u00e9rablement ; les syst\u00e8mes de TA n\u00e9cessitent une &#8220;formation&#8221; dans le domaine et la paire de langues souhait\u00e9s pour am\u00e9liorer la qualit\u00e9.<\/p>\n<p><strong>Syst\u00e8mes de TA<\/strong><\/p>\n<p>La <strong>TA g\u00e9n\u00e9rique<\/strong> fait g\u00e9n\u00e9ralement r\u00e9f\u00e9rence \u00e0 des plateformes telles que Google Translate, Bing, Yandex et Naver. Ces plateformes fournissent de la TA pour des traductions ad hoc \u00e0 des millions de personnes. Les entreprises peuvent acheter de la TA g\u00e9n\u00e9rique pour la pr\u00e9traduction par lots et la connecter \u00e0 leurs propres syst\u00e8mes via une API.<\/p>\n<p>La <strong>TA personnalisable<\/strong> d\u00e9signe un logiciel de TA dot\u00e9 d&#8217;un composant de base et pouvant \u00eatre entra\u00een\u00e9 pour am\u00e9liorer la pr\u00e9cision terminologique dans un domaine choisi (m\u00e9dical, juridique, propri\u00e9t\u00e9 intellectuelle ou terminologie pr\u00e9f\u00e9r\u00e9e d&#8217;une entreprise). Par exemple, le moteur de TA sp\u00e9cialis\u00e9 de l&#8217;OMPI traduit les brevets avec plus de pr\u00e9cision que les moteurs de TA g\u00e9n\u00e9ralistes, et la solution d&#8217;eBay peut comprendre et restituer dans d&#8217;autres langues des centaines d&#8217;abr\u00e9viations utilis\u00e9es dans le commerce \u00e9lectronique.<\/p>\n<p>La <\/strong>TA adaptative<\/strong> offre des suggestions aux traducteurs au fur et \u00e0 mesure qu&#8217;ils tapent dans leur outil de TAO, et apprend de leurs donn\u00e9es en continu et en temps r\u00e9el. Introduite par Lilt en 2016 et par SDL en 2017, la TA adaptative est cens\u00e9e am\u00e9liorer consid\u00e9rablement la productivit\u00e9 des traducteurs et peut, \u00e0 l&#8217;avenir, concurrencer la technologie des m\u00e9moires de traduction.<\/p>\n<p>Il existe plus de 100 fournisseurs de technologies de TA. Certains d&#8217;entre eux sont strictement des d\u00e9veloppeurs de TA, d&#8217;autres sont des cabinets de traduction et des g\u00e9ants de l&#8217;informatique.[\/vc_column_text][\/vc_column_inner][\/vc_row_inner][\/vc_column][\/vc_row][vc_row content_placement=&#8221;middle&#8221; el_class=&#8221;container&#8221; css=&#8221;.vc_custom_1455896941438{border-bottom-width: 1px !important;padding-bottom: 50px !important;border-bottom-color: #e1e1e1 !important;border-bottom-style: solid !important;}&#8221;][vc_column]<div class=\"step-boxes step-boxes-three-column\"><div class=\"item animate anim-fadeIn animate-delay-0\"><div class=\"step-boxes-icon\"><i class=\"fa fa-arrow-circle-o-up\"><\/i><\/div><h3>CHOISISSEZ LA LANGUE SOURCE ET LA LANGUE CIBLE.<\/h3><\/div><div class=\"item animate anim-fadeIn animate-delay-0-50\"><div class=\"step-boxes-icon\"><i class=\"fa fa-spinner\"><\/i><\/div><h3>CLIQUEZ SUR LE BOUTON TRANSLATE ET TRADUISEZ LE TEXTE.<\/h3><\/div><div class=\"item animate anim-fadeIn animate-delay-1\"><div class=\"step-boxes-icon\"><i class=\"fa fa-refresh\"><\/i><\/div><h3>TRADUISEZ LE TEXTE DANS VOTRE LANGUE SOURCE.<\/h3><\/div><\/div>[\/vc_column][\/vc_row][vc_row css=&#8221;.vc_custom_1455897964731{margin-top: 22px !important;padding-right: 0px !important;padding-left: 0px !important;}&#8221; el_class=&#8221;container translate-form-alternative-button&#8221;][vc_column css=&#8221;.vc_custom_1455649757086{padding-bottom: 58px !important;}&#8221;][vc_custom_heading text=&#8221;VOUS POUVEZ FACILEMENT TRADUIRE TOUT CE QUE VOUS VOULEZ EN UTILISANT L&#8217;APPLICATION CI-DESSOUS&#8221; font_container=&#8221;tag:h2|font_size:17|text_align:center|color:%238b8b8e&#8221; use_theme_fonts=&#8221;yes&#8221; css=&#8221;.vc_custom_1589624918836{margin-top: 0px !important;margin-bottom: 33px !important;}&#8221; el_class=&#8221;normalfont letterspacingonlinetranslatetitle&#8221;]<script type=\"text\/javascript\">\r\n\t\t\tvar apiKey = \"trnsl.1.1.20150402T164524Z.471c228b745a4498.0fd834aaa436ab70502f6c8c72d0684f23afaaaa\";\r\n\t\t\tvar userInterfaceId = \"en\";\r\n\t\t\tvar DEFAULT_SELECTION_TEXT = \"Select Language\";\r\n\t\t\tvar INPUT_LANGUAGE_NOT_SELECTED = \"Input language not selected.\";\r\n\t\t\tvar TRANSLATION_LANGUAGE_NOT_SELECTED = \"Translation language not selected.\";\r\n\t\t\tvar INPUT_TEXT_NOT_FOUND = \"Input text not found.\";\r\n\t\t\tvar ERROR_MESSAGE = \"Error!\";\r\n\t\t<\/script><div class=\"translate-widget-form center-block translate-form-defaultstyle\">\r\n\t\t<div class=\"translate-form-top-content\"><div id=\"inputSide\">\r\n\t\t\t\t<div id=\"inputSelection\" class=\"styled-select slate\">\r\n\t\t\t\t\t<select id=\"inputLanguageSelect\"><option value=\"\">Select Language<\/option><option value=\"af\">Afrikaans<\/option><option value=\"sq\">Albanian<\/option><option value=\"ar\">Arabic<\/option><option value=\"hy\">Armenian<\/option><option value=\"az\">Azerbaijani<\/option><option value=\"ba\">Bashkir<\/option><option value=\"eu\">Basque<\/option><option value=\"be\">Belarusian<\/option><option value=\"bs\">Bosnian<\/option><option value=\"bg\">Bulgarian<\/option><option value=\"ca\">Catalan<\/option><option value=\"zh\">Chinese<\/option><option value=\"hr\">Croatian<\/option><option value=\"cs\">Czech<\/option><option value=\"da\">Danish<\/option><option value=\"nl\">Dutch<\/option><option value=\"en\">English<\/option><option value=\"et\">Estonian<\/option><option value=\"fi\">Finnish<\/option><option value=\"fr\">French<\/option><option value=\"gl\">Galician<\/option><option value=\"ka\">Georgian<\/option><option value=\"de\">German<\/option><option value=\"el\">Greek<\/option><option value=\"ht\">Haitian<\/option><option value=\"he\">Hebrew<\/option><option value=\"hi\">Hindi<\/option><option value=\"hu\">Hungarian<\/option><option value=\"is\">Icelandic<\/option><option value=\"id\">Indonesian<\/option><option value=\"ga\">Irish<\/option><option value=\"it\">Italian<\/option><option value=\"ja\">Japanese<\/option><option value=\"kk\">Kazakh<\/option><option value=\"ky\">Kirghiz<\/option><option value=\"ko\">Korean<\/option><option value=\"la\">Latin<\/option><option value=\"lv\">Latvian<\/option><option value=\"lt\">Lithuanian<\/option><option value=\"mk\">Macedonian<\/option><option value=\"mg\">Malagasy<\/option><option value=\"ms\">Malay<\/option><option value=\"mt\">Maltese<\/option><option value=\"mn\">Mongolian<\/option><option value=\"no\">Norwegian<\/option><option value=\"fa\">Persian<\/option><option value=\"pl\">Polish<\/option><option value=\"pt\">Portuguese<\/option><option value=\"ro\">Romanian<\/option><option value=\"ru\">Russian<\/option><option value=\"sr\">Serbian<\/option><option value=\"sk\">Slovak<\/option><option value=\"sl\">Slovenian<\/option><option value=\"es\">Spanish<\/option><option value=\"sw\">Swahili<\/option><option value=\"sv\">Swedish<\/option><option value=\"tl\">Tagalog<\/option><option value=\"tg\">Tajik<\/option><option value=\"tt\">Tatar<\/option><option value=\"th\">Thai<\/option><option value=\"tr\">Turkish<\/option><option value=\"uk\">Ukrainian<\/option><option value=\"ur\">Urdu<\/option><option value=\"uz\">Uzbek<\/option><option value=\"vi\">Vietnamese<\/option><option value=\"cy\">Welsh<\/option><\/select>\r\n\t\t\t\t<\/div>\r\n\t\t\t\t<i id=\"virtual-keyboard-input\" data-toggle=\"tooltip\" data-placement=\"top\" title=\"Click to open the virtual keyboard\" class=\"tooltip-tipsy fa fa-keyboard-o\"><\/i>\r\n\t\t\t\t<div id=\"inputText\">\r\n\t\t\t\t\t<textarea id=\"inputTextEntry\" rows=\"7\" placeholder=\"Write your text..\"><\/textarea>\r\n\t\t\t\t<\/div>\r\n\t\t\t<\/div>\r\n\t\t\t<div id=\"navigation\">\r\n\t\t\t\t<div id=\"changeSelection\">\r\n\t\t\t\t\t<div id=\"changeBtn\"><i class=\"fa fa-exchange\"><\/i><\/div>\r\n\t\t\t\t<\/div>\r\n\t\t\t<\/div>\r\n\t\t\t<div id=\"outputSide\">\r\n\t\t\t\t<div id=\"outputSelection\" class=\"styled-select slate\">\r\n\t\t\t\t\t<select id=\"outputLanguageSelect\"><option value=\"\">Select Language<\/option><option value=\"af\">Afrikaans<\/option><option value=\"sq\">Albanian<\/option><option value=\"ar\">Arabic<\/option><option value=\"hy\">Armenian<\/option><option value=\"az\">Azerbaijani<\/option><option value=\"ba\">Bashkir<\/option><option value=\"eu\">Basque<\/option><option value=\"be\">Belarusian<\/option><option value=\"bs\">Bosnian<\/option><option value=\"bg\">Bulgarian<\/option><option value=\"ca\">Catalan<\/option><option value=\"zh\">Chinese<\/option><option value=\"hr\">Croatian<\/option><option value=\"cs\">Czech<\/option><option value=\"da\">Danish<\/option><option value=\"nl\">Dutch<\/option><option value=\"en\">English<\/option><option value=\"et\">Estonian<\/option><option value=\"fi\">Finnish<\/option><option value=\"fr\">French<\/option><option value=\"gl\">Galician<\/option><option value=\"ka\">Georgian<\/option><option value=\"de\">German<\/option><option value=\"el\">Greek<\/option><option value=\"ht\">Haitian<\/option><option value=\"he\">Hebrew<\/option><option value=\"hi\">Hindi<\/option><option value=\"hu\">Hungarian<\/option><option value=\"is\">Icelandic<\/option><option value=\"id\">Indonesian<\/option><option value=\"ga\">Irish<\/option><option value=\"it\">Italian<\/option><option value=\"ja\">Japanese<\/option><option value=\"kk\">Kazakh<\/option><option value=\"ky\">Kirghiz<\/option><option value=\"ko\">Korean<\/option><option value=\"la\">Latin<\/option><option value=\"lv\">Latvian<\/option><option value=\"lt\">Lithuanian<\/option><option value=\"mk\">Macedonian<\/option><option value=\"mg\">Malagasy<\/option><option value=\"ms\">Malay<\/option><option value=\"mt\">Maltese<\/option><option value=\"mn\">Mongolian<\/option><option value=\"no\">Norwegian<\/option><option value=\"fa\">Persian<\/option><option value=\"pl\">Polish<\/option><option value=\"pt\">Portuguese<\/option><option value=\"ro\">Romanian<\/option><option value=\"ru\">Russian<\/option><option value=\"sr\">Serbian<\/option><option value=\"sk\">Slovak<\/option><option value=\"sl\">Slovenian<\/option><option value=\"es\">Spanish<\/option><option value=\"sw\">Swahili<\/option><option value=\"sv\">Swedish<\/option><option value=\"tl\">Tagalog<\/option><option value=\"tg\">Tajik<\/option><option value=\"tt\">Tatar<\/option><option value=\"th\">Thai<\/option><option value=\"tr\">Turkish<\/option><option value=\"uk\">Ukrainian<\/option><option value=\"ur\">Urdu<\/option><option value=\"uz\">Uzbek<\/option><option value=\"vi\">Vietnamese<\/option><option value=\"cy\">Welsh<\/option><\/select>\r\n\t\t\t\t<\/div>\r\n\t\t\t\t<i id=\"virtual-keyboard-output\" data-toggle=\"tooltip\" data-placement=\"top\" title=\"Click to open the virtual keyboard\" class=\"tooltip-tipsy fa fa-keyboard-o\"><\/i>\r\n\t\t\t\t<div id=\"outputText\">\r\n\t\t\t\t\t<textarea id=\"outputTextEntry\" rows=\"7\"><\/textarea>\r\n\t\t\t\t<\/div>\r\n\t\t\t<\/div>\r\n\t\t<\/div>\r\n\t\t<div id=\"translateToOutput\">\r\n\t\t\t<div id=\"translateBtn\">Translate<\/div>\r\n\t\t<\/div>\r\n        <div id=\"infoMessages\"><\/div>\r\n    <\/div>[\/vc_column][\/vc_row][vc_row full_width=&#8221;stretch_row_content&#8221; css=&#8221;.vc_custom_1455709831151{padding-top: 25px !important;padding-bottom: 55px !important;background-image: url(http:\/\/demo.gloriathemes.com\/wp\/perada\/wp-content\/uploads\/2016\/02\/online-translate-page-features-bg.jpg?id=506) !important;background-position: 0 0 !important;background-repeat: no-repeat !important;}&#8221; el_class=&#8221;bgfixed&#8221;][vc_column][vc_row_inner equal_height=&#8221;yes&#8221; el_class=&#8221;container&#8221; css=&#8221;.vc_custom_1589630080015{padding-right: 0px !important;padding-left: 0px !important;}&#8221;][vc_column_inner width=&#8221;1\/4&#8243;]<div class=\"feature-box\"><div class=\"image\"><img decoding=\"async\" src=\"https:\/\/namba22.com\/wp-content\/uploads\/2016\/02\/feature-box-1.jpg\" alt=\"Translate Online est gratuit\" \/><div class=\"category\">GRATUIT<\/div><\/div><div class=\"content\"><h4>Translate Online est gratuit<\/h4><p>Translate Online est une application destin\u00e9e \u00e0 tous nos visiteurs en ligne qui souhaitent instantan\u00e9ment obtenir la signification d&#039;un mot de n&#039;importe quelle langue vers n&#039;importe quelle autre langue.<\/p><\/div><\/div>[\/vc_column_inner][vc_column_inner width=&#8221;1\/4&#8243; offset=&#8221;vc_col-xs-2&#8243;]<div class=\"feature-box\"><div class=\"image\"><img decoding=\"async\" src=\"https:\/\/namba22.com\/wp-content\/uploads\/2016\/02\/feature-box-2.jpg\" alt=\"Fiabilit\u00e9 dans toutes les langues\" \/><div class=\"category\">FIABILIT\u00c9<\/div><\/div><div class=\"content\"><h4>Fiabilit\u00e9 dans toutes les langues<\/h4><p>Gr\u00e2ce \u00e0 la prise en charge de plus de 60 langues via l&#039;API Yandex, vous pouvez effectuer des traductions rapides et pr\u00e9cises. Vous pouvez \u00e9galement cr\u00e9er votre propre syst\u00e8me de traduction, et vous offrir la meilleure exp\u00e9rience de traduction et la meilleure fiabilit\u00e9 dans toutes les langues.<\/p><\/div><\/div>[\/vc_column_inner][vc_column_inner width=&#8221;1\/2&#8243;]<div class=\"feature-banner\" style=\"background-image:url(https:\/\/namba22.com\/wp-content\/uploads\/2016\/02\/feature-box-3.jpg);background-position:bottom right;background-repeat:no-repeat;\"><div class=\"content\"><h4>Services de traduction avanc\u00e9e<\/h4><p>Pour nos services de traduction avanc\u00e9s, outre la traduction en ligne, veuillez examiner les options d'offres de prix sp\u00e9ciales qui vous sont propos\u00e9es.<\/p><div class=\"feature-banner-button\"><a href=\"http:\/\/www.m-translations.com\/?page_id=100&#038;lang=en\" title=\"PRIX\">PRIX<\/a><\/div><\/div><\/div>[\/vc_column_inner][\/vc_row_inner][\/vc_column][\/vc_row]<\/p>\n<\/div>","protected":false},"excerpt":{"rendered":"<p>La langue est le secret!<\/p>\n","protected":false},"author":1,"featured_media":415,"parent":0,"menu_order":0,"comment_status":"closed","ping_status":"closed","template":"","meta":{"_rsvp_to":"","_rsvp_max":"","_rsvp_show_attendees":"","_rsvp_instructions":"","simple_price":"","simple_price_label":"","venue":"","_template_start_hour":"","_template_start_minutes":"","_sked_minutes":"","_sked_stop":"","_sked_duration":"","_payment_gateway":"Cash or Custom","_rsvp_currency":"USD","_sked_hour":"12","_sked_end":"13:00","rsvp_tx_template":0,"_rsvp_start":0,"_rsvp_deadline":0,"_rsvp_deadline_daysbefore":"0","_rsvp_deadline_hours":"0","_rsvp_reg_daysbefore":"0","_rsvp_reg_hours":"0","_rsvp_count_party":"1","_timezone":"+00:00","_rsvp_on":false,"_add_timezone":false,"_convert_timezone":false,"_calendar_icons":true,"_rsvp_end_display":false,"_rsvp_rsvpmaker_send_confirmation_email":false,"_rsvp_confirmation_after_payment":false,"_rsvp_confirmation_include_event":false,"_rsvp_count":true,"_rsvp_yesno":true,"_rsvp_captcha":false,"_rsvp_login_required":false,"_rsvp_form_show_date":false,"footnotes":""},"class_list":["post-306","page","type-page","status-publish","has-post-thumbnail","hentry"],"yoast_head":"<!-- This site is optimized with the Yoast SEO plugin v27.4 - https:\/\/yoast.com\/product\/yoast-seo-wordpress\/ -->\n<title>traduire en ligne<\/title>\n<meta name=\"description\" content=\"La langue est le secret!\" \/>\n<meta name=\"robots\" content=\"index, follow, max-snippet:-1, max-image-preview:large, max-video-preview:-1\" \/>\n<link rel=\"canonical\" href=\"http:\/\/La%20langue%20est%20le%20secret!\" \/>\n<meta property=\"og:locale\" content=\"fr_FR\" \/>\n<meta property=\"og:type\" content=\"article\" \/>\n<meta property=\"og:title\" content=\"traduire en ligne\" \/>\n<meta property=\"og:description\" content=\"La langue est le secret!\" \/>\n<meta property=\"og:url\" content=\"https:\/\/namba22.com\/fr\/online-translate\/\" \/>\n<meta property=\"og:site_name\" content=\"m-translations.com\" \/>\n<meta property=\"article:modified_time\" content=\"2020-05-18T18:39:46+00:00\" \/>\n<meta property=\"og:image\" content=\"https:\/\/namba22.com\/wp-content\/uploads\/2016\/02\/online-translate-page-title.jpg\" \/>\n\t<meta property=\"og:image:width\" content=\"1814\" \/>\n\t<meta property=\"og:image:height\" content=\"356\" \/>\n\t<meta property=\"og:image:type\" content=\"image\/jpeg\" \/>\n<meta name=\"twitter:card\" content=\"summary_large_image\" \/>\n<meta name=\"twitter:label1\" content=\"Dur\u00e9e de lecture estim\u00e9e\" \/>\n\t<meta name=\"twitter:data1\" content=\"5 minutes\" \/>\n<script type=\"application\/ld+json\" class=\"yoast-schema-graph\">{\"@context\":\"https:\\\/\\\/schema.org\",\"@graph\":[{\"@type\":\"WebPage\",\"@id\":\"https:\\\/\\\/namba22.com\\\/fr\\\/online-translate\\\/\",\"url\":\"https:\\\/\\\/namba22.com\\\/fr\\\/online-translate\\\/\",\"name\":\"Translate Online - m-translations.com\",\"isPartOf\":{\"@id\":\"https:\\\/\\\/namba22.com\\\/en\\\/#website\"},\"primaryImageOfPage\":{\"@id\":\"https:\\\/\\\/namba22.com\\\/fr\\\/online-translate\\\/#primaryimage\"},\"image\":{\"@id\":\"https:\\\/\\\/namba22.com\\\/fr\\\/online-translate\\\/#primaryimage\"},\"thumbnailUrl\":\"https:\\\/\\\/namba22.com\\\/wp-content\\\/uploads\\\/2016\\\/02\\\/online-translate-page-title.jpg\",\"datePublished\":\"2016-02-15T16:49:15+00:00\",\"dateModified\":\"2020-05-18T18:39:46+00:00\",\"breadcrumb\":{\"@id\":\"https:\\\/\\\/namba22.com\\\/fr\\\/online-translate\\\/#breadcrumb\"},\"inLanguage\":\"fr-FR\",\"potentialAction\":[{\"@type\":\"ReadAction\",\"target\":[\"https:\\\/\\\/namba22.com\\\/fr\\\/online-translate\\\/\"]}]},{\"@type\":\"ImageObject\",\"inLanguage\":\"fr-FR\",\"@id\":\"https:\\\/\\\/namba22.com\\\/fr\\\/online-translate\\\/#primaryimage\",\"url\":\"https:\\\/\\\/namba22.com\\\/wp-content\\\/uploads\\\/2016\\\/02\\\/online-translate-page-title.jpg\",\"contentUrl\":\"https:\\\/\\\/namba22.com\\\/wp-content\\\/uploads\\\/2016\\\/02\\\/online-translate-page-title.jpg\",\"width\":1814,\"height\":356},{\"@type\":\"BreadcrumbList\",\"@id\":\"https:\\\/\\\/namba22.com\\\/fr\\\/online-translate\\\/#breadcrumb\",\"itemListElement\":[{\"@type\":\"ListItem\",\"position\":1,\"name\":\"Home\",\"item\":\"https:\\\/\\\/namba22.com\\\/\"},{\"@type\":\"ListItem\",\"position\":2,\"name\":\"traduire en ligne\"}]},{\"@type\":\"WebSite\",\"@id\":\"https:\\\/\\\/namba22.com\\\/fr\\\/en\\\/#website\",\"url\":\"https:\\\/\\\/namba22.com\\\/fr\\\/en\\\/\",\"name\":\"m-translations.com\",\"description\":\"m-translations.com\",\"potentialAction\":[{\"@type\":\"SearchAction\",\"target\":{\"@type\":\"EntryPoint\",\"urlTemplate\":\"https:\\\/\\\/namba22.com\\\/fr\\\/en\\\/?s={search_term_string}\"},\"query-input\":{\"@type\":\"PropertyValueSpecification\",\"valueRequired\":true,\"valueName\":\"search_term_string\"}}],\"inLanguage\":\"fr-FR\"}]}<\/script>\n<!-- \/ Yoast SEO plugin. -->","yoast_head_json":{"title":"traduire en ligne","description":"La langue est le secret!","robots":{"index":"index","follow":"follow","max-snippet":"max-snippet:-1","max-image-preview":"max-image-preview:large","max-video-preview":"max-video-preview:-1"},"canonical":"La langue est le secret!","og_locale":"fr_FR","og_type":"article","og_title":"traduire en ligne","og_description":"La langue est le secret!","og_url":"https:\/\/namba22.com\/fr\/online-translate\/","og_site_name":"m-translations.com","article_modified_time":"2020-05-18T18:39:46+00:00","og_image":[{"width":1814,"height":356,"url":"https:\/\/namba22.com\/wp-content\/uploads\/2016\/02\/online-translate-page-title.jpg","type":"image\/jpeg"}],"twitter_card":"summary_large_image","twitter_misc":{"Dur\u00e9e de lecture estim\u00e9e":"5 minutes"},"schema":{"@context":"https:\/\/schema.org","@graph":[{"@type":"WebPage","@id":"https:\/\/namba22.com\/fr\/online-translate\/","url":"https:\/\/namba22.com\/fr\/online-translate\/","name":"Translate Online - m-translations.com","isPartOf":{"@id":"https:\/\/namba22.com\/en\/#website"},"primaryImageOfPage":{"@id":"https:\/\/namba22.com\/fr\/online-translate\/#primaryimage"},"image":{"@id":"https:\/\/namba22.com\/fr\/online-translate\/#primaryimage"},"thumbnailUrl":"https:\/\/namba22.com\/wp-content\/uploads\/2016\/02\/online-translate-page-title.jpg","datePublished":"2016-02-15T16:49:15+00:00","dateModified":"2020-05-18T18:39:46+00:00","breadcrumb":{"@id":"https:\/\/namba22.com\/fr\/online-translate\/#breadcrumb"},"inLanguage":"fr-FR","potentialAction":[{"@type":"ReadAction","target":["https:\/\/namba22.com\/fr\/online-translate\/"]}]},{"@type":"ImageObject","inLanguage":"fr-FR","@id":"https:\/\/namba22.com\/fr\/online-translate\/#primaryimage","url":"https:\/\/namba22.com\/wp-content\/uploads\/2016\/02\/online-translate-page-title.jpg","contentUrl":"https:\/\/namba22.com\/wp-content\/uploads\/2016\/02\/online-translate-page-title.jpg","width":1814,"height":356},{"@type":"BreadcrumbList","@id":"https:\/\/namba22.com\/fr\/online-translate\/#breadcrumb","itemListElement":[{"@type":"ListItem","position":1,"name":"Home","item":"https:\/\/namba22.com\/"},{"@type":"ListItem","position":2,"name":"traduire en ligne"}]},{"@type":"WebSite","@id":"https:\/\/namba22.com\/fr\/en\/#website","url":"https:\/\/namba22.com\/fr\/en\/","name":"m-translations.com","description":"m-translations.com","potentialAction":[{"@type":"SearchAction","target":{"@type":"EntryPoint","urlTemplate":"https:\/\/namba22.com\/fr\/en\/?s={search_term_string}"},"query-input":{"@type":"PropertyValueSpecification","valueRequired":true,"valueName":"search_term_string"}}],"inLanguage":"fr-FR"}]}},"_links":{"self":[{"href":"https:\/\/namba22.com\/fr\/wp-json\/wp\/v2\/pages\/306","targetHints":{"allow":["GET"]}}],"collection":[{"href":"https:\/\/namba22.com\/fr\/wp-json\/wp\/v2\/pages"}],"about":[{"href":"https:\/\/namba22.com\/fr\/wp-json\/wp\/v2\/types\/page"}],"author":[{"embeddable":true,"href":"https:\/\/namba22.com\/fr\/wp-json\/wp\/v2\/users\/1"}],"replies":[{"embeddable":true,"href":"https:\/\/namba22.com\/fr\/wp-json\/wp\/v2\/comments?post=306"}],"version-history":[{"count":10,"href":"https:\/\/namba22.com\/fr\/wp-json\/wp\/v2\/pages\/306\/revisions"}],"predecessor-version":[{"id":2716,"href":"https:\/\/namba22.com\/fr\/wp-json\/wp\/v2\/pages\/306\/revisions\/2716"}],"wp:featuredmedia":[{"embeddable":true,"href":"https:\/\/namba22.com\/fr\/wp-json\/wp\/v2\/media\/415"}],"wp:attachment":[{"href":"https:\/\/namba22.com\/fr\/wp-json\/wp\/v2\/media?parent=306"}],"curies":[{"name":"wp","href":"https:\/\/api.w.org\/{rel}","templated":true}]}}