{"id":2398,"date":"2021-02-28T05:47:22","date_gmt":"2021-02-28T05:47:22","guid":{"rendered":"https:\/\/namba22.com\/\/?page_id=2398&#038;lang=en"},"modified":"2022-10-03T06:50:39","modified_gmt":"2022-10-03T06:50:39","slug":"prices-standard-2","status":"publish","type":"page","link":"https:\/\/namba22.com\/fr\/prix-standard\/","title":{"rendered":"Prix - Standard "},"content":{"rendered":"<p>Si vous, en tant que notre pr\u00e9cieux client, faites votre choix sur le niveau de qualit\u00e9 de nos services de traduction, vous n&#8217;avez pas \u00e0 vous inqui\u00e9ter car le travail que vous nous confiez est entre les mains de professionnels de la traduction. Nous souhaitons simplement que vous tiriez le maximum de profit de notre travail pour vous. \u00c0 moins que vous n&#8217;ayez des souhaits particuliers, c&#8217;est le bon choix pour vous.<\/p>\n<div class=\"wpsc_product\"><div class=\"wp_cart_button_wrapper\"><form method=\"post\" class=\"wp-cart-button-form\" action=\"\" style=\"display:inline\" onsubmit=\"return ReadForm(this, true);\" ><input type=\"hidden\" id=\"_wpnonce\" name=\"_wpnonce\" value=\"3754e2d71a\" \/><input type=\"hidden\" name=\"_wp_http_referer\" value=\"\/fr\/wp-json\/wp\/v2\/pages\/2398\" \/><div class=\"wp_cart_variation_section\"><span class=\"wp_cart_variation_name\">Niveau de prix de la traduction : <\/span><select name=\"variation1\" class=\"wp_cart_variation1_select\" onchange=\"ReadForm (this.form, false);\"><option value=\"STANDARD\" data-display-text=\"STANDARD\" data-price=\"0\">STANDARD<\/option><\/select><br \/><\/div><input type=\"submit\" class=\"wspsc_add_cart_submit\" name=\"wspsc_add_cart_submit\" value=\"Add to Cart\" \/><input type=\"hidden\" name=\"wspsc_product\" value=\"Prix Standard\" \/><input type=\"hidden\" name=\"price\" value=\"19.99\" \/><input type=\"hidden\" name=\"shipping\" value=\"1.99\" \/><input type=\"hidden\" name=\"addcart\" value=\"1\" \/><input type=\"hidden\" name=\"cartLink\" value=\"https:\/\/namba22.com\/fr\/wp-json\/wp\/v2\/pages\/2398\" \/><input type=\"hidden\" name=\"product_tmp\" value=\"Prix Standard\" \/><input type=\"hidden\" name=\"product_tmp_two\" value=\"Prix Standard\" \/><input type=\"hidden\" name=\"item_number\" value=\"\" \/><div class=\"wpsc_add_cart_response_div\"><\/div><\/form><\/div><\/div><div class=\"wpsc_shopping_cart_container\"><\/div>\n<p>&nbsp;<\/p>\n","protected":false},"excerpt":{"rendered":"<p>Si vous, en tant que notre pr\u00e9cieux client, faites votre choix sur le niveau de qualit\u00e9 de nos services de traduction, vous n&#8217;avez pas \u00e0 vous inqui\u00e9ter car le travail que vous nous confiez est entre les mains de professionnels de la traduction. Nous souhaitons simplement que vous tiriez le maximum de profit de notre&#8230;<\/p>\n","protected":false},"author":1,"featured_media":0,"parent":0,"menu_order":0,"comment_status":"closed","ping_status":"closed","template":"","meta":{"_rsvp_to":"","_rsvp_max":"","_rsvp_show_attendees":"","_rsvp_instructions":"","simple_price":"","simple_price_label":"","venue":"","_template_start_hour":"","_template_start_minutes":"","_sked_minutes":"","_sked_stop":"","_sked_duration":"","_payment_gateway":"Cash or Custom","_rsvp_currency":"USD","_sked_hour":"12","_sked_end":"13:00","rsvp_tx_template":0,"_rsvp_start":0,"_rsvp_deadline":0,"_rsvp_deadline_daysbefore":"0","_rsvp_deadline_hours":"0","_rsvp_reg_daysbefore":"0","_rsvp_reg_hours":"0","_rsvp_count_party":"1","_timezone":"+00:00","_rsvp_on":false,"_add_timezone":false,"_convert_timezone":false,"_calendar_icons":true,"_rsvp_end_display":false,"_rsvp_rsvpmaker_send_confirmation_email":false,"_rsvp_confirmation_after_payment":false,"_rsvp_confirmation_include_event":false,"_rsvp_count":true,"_rsvp_yesno":true,"_rsvp_captcha":false,"_rsvp_login_required":false,"_rsvp_form_show_date":false,"footnotes":""},"class_list":["post-2398","page","type-page","status-publish","hentry"],"yoast_head":"<!-- This site is optimized with the Yoast SEO plugin v27.4 - https:\/\/yoast.com\/product\/yoast-seo-wordpress\/ -->\n<title>Prix - Standard<\/title>\n<meta name=\"description\" content=\"Si vous, en tant que notre pr\u00e9cieux client, faites votre choix sur le niveau de qualit\u00e9 de nos services de traduction, vous n&#039;avez pas \u00e0 vous inqui\u00e9ter car le travail que vous nous confiez est entre les mains de professionnels de la traduction. Nous souhaitons simplement que vous tiriez le maximum de profit de notre\u2026\" \/>\n<meta name=\"robots\" content=\"index, follow, max-snippet:-1, max-image-preview:large, max-video-preview:-1\" \/>\n<link rel=\"canonical\" href=\"http:\/\/Si%20vous,%20en%20tant%20que%20notre%20pr\u00e9cieux%20client,%20faites%20votre%20choix%20sur%20le%20niveau%20de%20qualit\u00e9%20de%20nos%20services%20de%20traduction,%20vous%20n'avez%20pas%20\u00e0%20vous%20inqui\u00e9ter%20car%20le%20travail%20que%20vous%20nous%20confiez%20est%20entre%20les%20mains%20de%20professionnels%20de%20la%20traduction.%20Nous%20souhaitons%20simplement%20que%20vous%20tiriez%20le%20maximum%20de%20profit%20de%20notre\u2026\" \/>\n<meta property=\"og:locale\" content=\"fr_FR\" \/>\n<meta property=\"og:type\" content=\"article\" \/>\n<meta property=\"og:title\" content=\"Prix - Standard\" \/>\n<meta property=\"og:description\" content=\"Si vous, en tant que notre pr\u00e9cieux client, faites votre choix sur le niveau de qualit\u00e9 de nos services de traduction, vous n&#039;avez pas \u00e0 vous inqui\u00e9ter car le travail que vous nous confiez est entre les mains de professionnels de la traduction. Nous souhaitons simplement que vous tiriez le maximum de profit de notre\u2026\" \/>\n<meta property=\"og:url\" content=\"https:\/\/namba22.com\/fr\/prix-standard\/\" \/>\n<meta property=\"og:site_name\" content=\"m-translations.com\" \/>\n<meta property=\"article:modified_time\" content=\"2022-10-03T06:50:39+00:00\" \/>\n<meta name=\"twitter:card\" content=\"summary_large_image\" \/>\n<script type=\"application\/ld+json\" class=\"yoast-schema-graph\">{\"@context\":\"https:\\\/\\\/schema.org\",\"@graph\":[{\"@type\":\"WebPage\",\"@id\":\"https:\\\/\\\/namba22.com\\\/fr\\\/prix-standard\\\/\",\"url\":\"https:\\\/\\\/namba22.com\\\/fr\\\/prix-standard\\\/\",\"name\":\"Prices - Standard - m-translations.com\",\"isPartOf\":{\"@id\":\"https:\\\/\\\/namba22.com\\\/en\\\/#website\"},\"datePublished\":\"2021-02-28T05:47:22+00:00\",\"dateModified\":\"2022-10-03T06:50:39+00:00\",\"breadcrumb\":{\"@id\":\"https:\\\/\\\/namba22.com\\\/fr\\\/prix-standard\\\/#breadcrumb\"},\"inLanguage\":\"fr-FR\",\"potentialAction\":[{\"@type\":\"ReadAction\",\"target\":[\"https:\\\/\\\/namba22.com\\\/fr\\\/prix-standard\\\/\"]}]},{\"@type\":\"BreadcrumbList\",\"@id\":\"https:\\\/\\\/namba22.com\\\/fr\\\/prix-standard\\\/#breadcrumb\",\"itemListElement\":[{\"@type\":\"ListItem\",\"position\":1,\"name\":\"Home\",\"item\":\"https:\\\/\\\/namba22.com\\\/\"},{\"@type\":\"ListItem\",\"position\":2,\"name\":\"Prix - Standard\"}]},{\"@type\":\"WebSite\",\"@id\":\"https:\\\/\\\/namba22.com\\\/fr\\\/en\\\/#website\",\"url\":\"https:\\\/\\\/namba22.com\\\/fr\\\/en\\\/\",\"name\":\"m-translations.com\",\"description\":\"m-translations.com\",\"potentialAction\":[{\"@type\":\"SearchAction\",\"target\":{\"@type\":\"EntryPoint\",\"urlTemplate\":\"https:\\\/\\\/namba22.com\\\/fr\\\/en\\\/?s={search_term_string}\"},\"query-input\":{\"@type\":\"PropertyValueSpecification\",\"valueRequired\":true,\"valueName\":\"search_term_string\"}}],\"inLanguage\":\"fr-FR\"}]}<\/script>\n<!-- \/ Yoast SEO plugin. -->","yoast_head_json":{"title":"Prix - Standard","description":"Si vous, en tant que notre pr\u00e9cieux client, faites votre choix sur le niveau de qualit\u00e9 de nos services de traduction, vous n'avez pas \u00e0 vous inqui\u00e9ter car le travail que vous nous confiez est entre les mains de professionnels de la traduction. Nous souhaitons simplement que vous tiriez le maximum de profit de notre\u2026","robots":{"index":"index","follow":"follow","max-snippet":"max-snippet:-1","max-image-preview":"max-image-preview:large","max-video-preview":"max-video-preview:-1"},"canonical":"Si vous, en tant que notre pr\u00e9cieux client, faites votre choix sur le niveau de qualit\u00e9 de nos services de traduction, vous n'avez pas \u00e0 vous inqui\u00e9ter car le travail que vous nous confiez est entre les mains de professionnels de la traduction. Nous souhaitons simplement que vous tiriez le maximum de profit de notre\u2026","og_locale":"fr_FR","og_type":"article","og_title":"Prix - Standard","og_description":"Si vous, en tant que notre pr\u00e9cieux client, faites votre choix sur le niveau de qualit\u00e9 de nos services de traduction, vous n'avez pas \u00e0 vous inqui\u00e9ter car le travail que vous nous confiez est entre les mains de professionnels de la traduction. Nous souhaitons simplement que vous tiriez le maximum de profit de notre\u2026","og_url":"https:\/\/namba22.com\/fr\/prix-standard\/","og_site_name":"m-translations.com","article_modified_time":"2022-10-03T06:50:39+00:00","twitter_card":"summary_large_image","schema":{"@context":"https:\/\/schema.org","@graph":[{"@type":"WebPage","@id":"https:\/\/namba22.com\/fr\/prix-standard\/","url":"https:\/\/namba22.com\/fr\/prix-standard\/","name":"Prices - Standard - m-translations.com","isPartOf":{"@id":"https:\/\/namba22.com\/en\/#website"},"datePublished":"2021-02-28T05:47:22+00:00","dateModified":"2022-10-03T06:50:39+00:00","breadcrumb":{"@id":"https:\/\/namba22.com\/fr\/prix-standard\/#breadcrumb"},"inLanguage":"fr-FR","potentialAction":[{"@type":"ReadAction","target":["https:\/\/namba22.com\/fr\/prix-standard\/"]}]},{"@type":"BreadcrumbList","@id":"https:\/\/namba22.com\/fr\/prix-standard\/#breadcrumb","itemListElement":[{"@type":"ListItem","position":1,"name":"Home","item":"https:\/\/namba22.com\/"},{"@type":"ListItem","position":2,"name":"Prix - Standard"}]},{"@type":"WebSite","@id":"https:\/\/namba22.com\/fr\/en\/#website","url":"https:\/\/namba22.com\/fr\/en\/","name":"m-translations.com","description":"m-translations.com","potentialAction":[{"@type":"SearchAction","target":{"@type":"EntryPoint","urlTemplate":"https:\/\/namba22.com\/fr\/en\/?s={search_term_string}"},"query-input":{"@type":"PropertyValueSpecification","valueRequired":true,"valueName":"search_term_string"}}],"inLanguage":"fr-FR"}]}},"_links":{"self":[{"href":"https:\/\/namba22.com\/fr\/wp-json\/wp\/v2\/pages\/2398","targetHints":{"allow":["GET"]}}],"collection":[{"href":"https:\/\/namba22.com\/fr\/wp-json\/wp\/v2\/pages"}],"about":[{"href":"https:\/\/namba22.com\/fr\/wp-json\/wp\/v2\/types\/page"}],"author":[{"embeddable":true,"href":"https:\/\/namba22.com\/fr\/wp-json\/wp\/v2\/users\/1"}],"replies":[{"embeddable":true,"href":"https:\/\/namba22.com\/fr\/wp-json\/wp\/v2\/comments?post=2398"}],"version-history":[{"count":6,"href":"https:\/\/namba22.com\/fr\/wp-json\/wp\/v2\/pages\/2398\/revisions"}],"predecessor-version":[{"id":2797,"href":"https:\/\/namba22.com\/fr\/wp-json\/wp\/v2\/pages\/2398\/revisions\/2797"}],"wp:attachment":[{"href":"https:\/\/namba22.com\/fr\/wp-json\/wp\/v2\/media?parent=2398"}],"curies":[{"name":"wp","href":"https:\/\/api.w.org\/{rel}","templated":true}]}}