{"id":571,"date":"2016-02-17T15:00:24","date_gmt":"2016-02-17T15:00:24","guid":{"rendered":"http:\/\/demo.gloriathemes.com\/wp\/perada\/?page_id=571"},"modified":"2021-09-14T11:45:45","modified_gmt":"2021-09-14T11:45:45","slug":"languages","status":"publish","type":"page","link":"https:\/\/namba22.com\/de\/languages\/","title":{"rendered":"Sprachen"},"content":{"rendered":"<div class=\"wpb-content-wrapper\"><p>[vc_row css=&#8221;.vc_custom_1455832100815{margin-bottom: 16px !important;}&#8221;][vc_column][vc_row_inner el_class=&#8221;container&#8221; css=&#8221;.vc_custom_1455793527422{padding-right: 0px !important;padding-left: 0px !important;}&#8221;][vc_column_inner][vc_custom_heading text=&#8221;Hier Unser Angebot mit verschiedenen Sprachen auf der ganzen Welt&#8221; font_container=&#8221;tag:h2|font_size:40|text_align:left|color:%236d6e71&#8243; use_theme_fonts=&#8221;yes&#8221; css=&#8221;.vc_custom_1604879461225{margin-top: 0px !important;margin-bottom: 20px !important;}&#8221; el_class=&#8221;normalfont&#8221;][vc_column_text css=&#8221;.vc_custom_1631619902666{padding-top: 20px !important;padding-right: 20px !important;padding-bottom: 20px !important;padding-left: 20px !important;background-image: url(https:\/\/namba22.com\/\/wp-content\/uploads\/2021\/09\/langs-bg.jpg?id=2650) !important;}&#8221; el_class=&#8221;f-width&#8221;]<\/p>\n<div class=\"languages-inner\">\n<div class=\"span3 col1\">\n<ul>\n<li><a href=\"https:\/\/muteba.com\/index.php\/de\/#\">Afghanisch<\/a><\/li>\n<li><a href=\"https:\/\/muteba.com\/index.php\/de\/#\">Amharisch<\/a><\/li>\n<li><a href=\"https:\/\/muteba.com\/index.php\/de\/#\">Arabisch<\/a><\/li>\n<li><a href=\"https:\/\/muteba.com\/index.php\/de\/#\">Armenisch<\/a><\/li>\n<li><a href=\"https:\/\/muteba.com\/index.php\/de\/#\">Ashanti<\/a><\/li>\n<li><a href=\"https:\/\/muteba.com\/index.php\/de\/#\">Assante<\/a><\/li>\n<li><a href=\"https:\/\/muteba.com\/index.php\/de\/#\">Bambara<\/a><\/li>\n<li><a href=\"https:\/\/muteba.com\/index.php\/de\/#\">Basar<\/a><\/li>\n<li><a href=\"https:\/\/muteba.com\/index.php\/de\/#\">Bengali<\/a><\/li>\n<li><a href=\"https:\/\/muteba.com\/index.php\/de\/#\">Bissa<\/a><\/li>\n<li><a href=\"https:\/\/muteba.com\/index.php\/de\/#\">Bulgarisch<\/a><\/li>\n<li><a href=\"https:\/\/muteba.com\/index.php\/de\/#\">Chinesisch<\/a><\/li>\n<li><a href=\"https:\/\/muteba.com\/index.php\/de\/#\">Englisch<\/a><\/li>\n<li><a href=\"https:\/\/muteba.com\/index.php\/de\/#\">Diula\/Dioula<\/a><\/li>\n<li><a href=\"https:\/\/muteba.com\/index.php\/de\/#\">Djerma(Zerma)<\/a><\/li>\n<li><a href=\"https:\/\/muteba.com\/index.php\/de\/#\">Donzonghka<\/a><\/li>\n<li><a href=\"https:\/\/muteba.com\/index.php\/de\/#\">Duala\/Douala<\/a><\/li>\n<li><a href=\"https:\/\/muteba.com\/index.php\/de\/#\">Ewe<\/a><\/li>\n<\/ul>\n<\/div>\n<div class=\"span3 col2\">\n<ul>\n<li><a href=\"https:\/\/muteba.com\/index.php\/de\/#\">Fanta<\/a><\/li>\n<li><a href=\"https:\/\/muteba.com\/index.php\/de\/#\">Fon<\/a><\/li>\n<li><a href=\"https:\/\/muteba.com\/index.php\/de\/#\">Franz\u00f6sisch<\/a><\/li>\n<li><a href=\"https:\/\/muteba.com\/index.php\/de\/#\">Fula(Pula)<\/a><\/li>\n<li><a href=\"https:\/\/muteba.com\/index.php\/de\/#\">Hausa<\/a><\/li>\n<li><a href=\"https:\/\/muteba.com\/index.php\/de\/#\">Hindi<\/a><\/li>\n<li><a href=\"https:\/\/muteba.com\/index.php\/de\/#\">Ibo\/lgbo<\/a><\/li>\n<li><a href=\"https:\/\/muteba.com\/index.php\/de\/#\">lndonesisch<\/a><\/li>\n<li><a href=\"https:\/\/muteba.com\/index.php\/de\/#\">ltalienisch<\/a><\/li>\n<li><a href=\"https:\/\/muteba.com\/index.php\/de\/#\">Jota<\/a><\/li>\n<li><a href=\"https:\/\/muteba.com\/index.php\/de\/#\">Jula<\/a><\/li>\n<li><a href=\"https:\/\/muteba.com\/index.php\/de\/#\">Khran<\/a><\/li>\n<li><a href=\"https:\/\/muteba.com\/index.php\/de\/#\">Kibemba<\/a><\/li>\n<li><a href=\"https:\/\/muteba.com\/index.php\/de\/#\">Kikongo<\/a><\/li>\n<li><a href=\"https:\/\/muteba.com\/index.php\/de\/#\">Kinyerwanda<\/a><\/li>\n<li><a href=\"https:\/\/muteba.com\/index.php\/de\/#\">Kirundi<\/a><\/li>\n<li><a href=\"https:\/\/muteba.com\/index.php\/de\/#\">Kiswahili\/Swahili<\/a><\/li>\n<\/ul>\n<\/div>\n<div class=\"span3 col3\">\n<ul>\n<li><a href=\"https:\/\/muteba.com\/index.php\/de\/#\">Kmehr<\/a><\/li>\n<li><a href=\"https:\/\/muteba.com\/index.php\/de\/#\">Kotokoli<\/a><\/li>\n<li><a href=\"https:\/\/muteba.com\/index.php\/de\/#\">Krio(-English)<\/a><\/li>\n<li><a href=\"https:\/\/muteba.com\/index.php\/de\/#\">Krobo<\/a><\/li>\n<li><a href=\"https:\/\/muteba.com\/index.php\/de\/#\">Kurdisch<\/a><\/li>\n<li><a href=\"https:\/\/muteba.com\/index.php\/de\/#\">Lingala<\/a><\/li>\n<li><a href=\"https:\/\/muteba.com\/index.php\/de\/#\">Luganda<\/a><\/li>\n<li><a href=\"https:\/\/muteba.com\/index.php\/de\/#\">Malinke<\/a><\/li>\n<li><a href=\"https:\/\/muteba.com\/index.php\/de\/#\">Mandingo<\/a><\/li>\n<li><a href=\"https:\/\/muteba.com\/index.php\/de\/#\">Mina<\/a><\/li>\n<li><a href=\"https:\/\/muteba.com\/index.php\/de\/#\">Mongolisch<\/a><\/li>\n<li><a href=\"https:\/\/muteba.com\/index.php\/de\/#\">Nepalese<\/a><\/li>\n<li><a href=\"https:\/\/muteba.com\/index.php\/de\/#\">Oromo<\/a><\/li>\n<li><a href=\"https:\/\/muteba.com\/index.php\/de\/#\">Pidgin-Englisch<\/a><\/li>\n<li><a href=\"https:\/\/muteba.com\/index.php\/de\/#\">Persisch<\/a><\/li>\n<li><a href=\"https:\/\/muteba.com\/index.php\/de\/#\">Polnisch<\/a><\/li>\n<li><a href=\"https:\/\/muteba.com\/index.php\/de\/#\">Portugiesisch<\/a><\/li>\n<\/ul>\n<\/div>\n<div class=\"span3 col4\">\n<ul>\n<li><a href=\"https:\/\/muteba.com\/index.php\/de\/#\">Rumenisch<\/a><\/li>\n<li><a href=\"https:\/\/muteba.com\/index.php\/de\/#\">Russisch<\/a><\/li>\n<li><a href=\"https:\/\/muteba.com\/index.php\/de\/#\">Serbo Kroatisch<\/a><\/li>\n<li><a href=\"https:\/\/muteba.com\/index.php\/de\/#\">Spanisch<\/a><\/li>\n<li><a href=\"https:\/\/muteba.com\/index.php\/de\/#\">Somali<\/a><\/li>\n<li><a href=\"https:\/\/muteba.com\/index.php\/de\/#\">Tamil\/Singhalese<\/a><\/li>\n<li><a href=\"https:\/\/muteba.com\/index.php\/de\/#\">Tigra<\/a><\/li>\n<li><a href=\"https:\/\/muteba.com\/index.php\/de\/#\">Tigrenia<\/a><\/li>\n<li><a href=\"https:\/\/muteba.com\/index.php\/de\/#\">Czechisch<\/a><\/li>\n<li><a href=\"https:\/\/muteba.com\/index.php\/de\/#\">Tshiluba<\/a><\/li>\n<li><a href=\"https:\/\/muteba.com\/index.php\/de\/#\">Turkisch<\/a><\/li>\n<li><a href=\"https:\/\/muteba.com\/index.php\/de\/#\">Twi<\/a><\/li>\n<li><a href=\"https:\/\/muteba.com\/index.php\/de\/#\">Hungarisch<\/a><\/li>\n<li><a href=\"https:\/\/muteba.com\/index.php\/de\/#\">Urdu<\/a><\/li>\n<li><a href=\"https:\/\/muteba.com\/index.php\/de\/#\">Vietnamesisch<\/a><\/li>\n<li><a href=\"https:\/\/muteba.com\/index.php\/de\/#\">Wolof<\/a><\/li>\n<li><a href=\"https:\/\/muteba.com\/index.php\/de\/#\">etc &#8230;<\/a><\/li>\n<\/ul>\n<\/div>\n<\/div>\n<p>[\/vc_column_text][\/vc_column_inner][\/vc_row_inner][\/vc_column][\/vc_row][vc_row css=&#8221;.vc_custom_1461068177833{padding-right: 0px !important;padding-bottom: 50px !important;padding-left: 0px !important;background: https:\/\/muteba.com\/index.php\/de\/#ffffff url(http:\/\/demo.gloriathemes.com\/wp\/perada\/wp-content\/uploads\/2016\/02\/our-services-bg.jpg?id=62) !important;background-position: 0 0 !important;background-repeat: no-repeat !important;}&#8221; el_class=&#8221;backgroundcenterright container home1services&#8221;][vc_column][vc_custom_heading text=&#8221;Unsere Dienstleistungen&#8221; font_container=&#8221;tag:h2|font_size:40|text_align:left|color:%236d6e71&#8243; use_theme_fonts=&#8221;yes&#8221; css=&#8221;.vc_custom_1604879897210{margin-top: 0px !important;margin-bottom: 20px !important;}&#8221; el_class=&#8221;normalfont&#8221;][vc_column_text]<\/p>\n<p style=\"font-size: 17px; margin-bottom: 0px;\">Sie k\u00f6nnen alle unsere Dienstleistungen begutachten und detaillierte Informationen \u00fcber unsere Arbeit erhalten.<\/p>\n<p>[\/vc_column_text][vc_row_inner el_class=&#8221;clearfix home1services&#8221; css=&#8221;.vc_custom_1461068169576{margin-top: 50px !important;}&#8221;][vc_column_inner width=&#8221;1\/4&#8243;]<div class=\"services-box services-box-big \"><div class=\"services-box-icon\"><i class=\"fa fa-comments-o\"><\/i><\/div><h3>Online \u00fcbersetzen<\/h3><p style=\"color:https:\/\/muteba.com\/index.php\/de\/#525252;\">Herzlich willkommen! In K\u00fcrze k\u00f6nnen Sie mit unserem MT-Tool \u00fcber die Google API online \u00fcbersetzen. Mit mehr als 60 Sprachen k\u00f6nnen Sie schnelle und genaue \u00dcbersetzungen anfertigen.<\/p><\/div>[\/vc_column_inner][vc_column_inner width=&#8221;1\/4&#8243;]<div class=\"services-box services-box-big \"><div class=\"services-box-icon\"><i class=\"fa fa-check-circle-o\"><\/i><\/div><h3>Beeidigte \u00dcbersetzungen<\/h3><p style=\"color:https:\/\/muteba.com\/index.php\/de\/#525252;\">Eine vereidigte \u00dcbersetzung ist eine \u00dcbersetzung, die von einem vereidigten \u00dcbersetzer offiziell unterzeichnet und abgestempelt wurde und der eine Erkl\u00e4rung des \u00dcbersetzers beigef\u00fcgt ist, die die Richtigkeit der \u00dcbersetzung best\u00e4tigt.<\/p><\/div>[\/vc_column_inner][vc_column_inner width=&#8221;1\/4&#8243;]<div class=\"services-box services-box-big \"><div class=\"services-box-icon\"><i class=\"fa fa-book\"><\/i><\/div><h3>Publikations\u00fcbersetzung<\/h3><p style=\"color:https:\/\/muteba.com\/index.php\/de\/#525252;\">Eine PUBLIKATION ist die Handlung oder der Prozess der Herstellung eines Buches, einer Zeitschrift, eines Magazins usw. und deren Ver\u00f6ffentlichung in der \u00d6ffentlichkeit. Haben Sie eine f\u00fcr die \u00dcbersetzung? Vielen Dank f\u00fcr Ihr Vertrauen!<\/p><\/div>[\/vc_column_inner][vc_column_inner width=&#8221;1\/4&#8243;]<div class=\"services-box services-box-big \"><div class=\"services-box-icon\"><i class=\"fa fa-stop-circle-o\"><\/i><\/div><h3>Grundsatz der Vertraulichkeit<\/h3><p style=\"color:https:\/\/muteba.com\/index.php\/de\/#525252;\">Die Einhaltung des Datenschutzes und der Vertraulichkeit nimmt eine wichtige Rolle in der Qualit\u00e4t unserer Dienstleistungen ein. Bitte, z\u00f6gern Sie nicht, uns Ihr Vertrauen zu schenken, indem Sie uns alles vorlegen, was Sie w\u00fcnschen!<\/p><\/div>[\/vc_column_inner][\/vc_row_inner][\/vc_column][\/vc_row][vc_row el_class=&#8221;container&#8221; css=&#8221;.vc_custom_1456055265908{margin-top: -45px !important;margin-bottom: 15px !important;padding-right: 0px !important;padding-left: 0px !important;}&#8221;][vc_column][vc_column_text]Wie Sie sich zu einem lebenslangen Lernen verpflichten Bildung, Erfahrung und Enthusiasmus sind jede Z\u00fcndkerze, die Ihren Erfolg entz\u00fcndet. Wenn Sie jedoch Geschwindigkeit aufbauen und die Dynamik beibehalten m\u00f6chten, ben\u00f6tigen Sie nachhaltigen Treibstoff in Form von lebenslangem Lernen. Die Welt befindet sich in einem Zustand der st\u00e4ndigen Entwicklung, und um mit den neuesten Innovationen Schritt zu halten und zu verstehen, wie man sie effektiv nutzt, m\u00fcssen Sie neugierig werden und sich bem\u00fchen, Ihre Wissensbasis kontinuierlich zu erweitern. Zeigen Sie mir einen erfolgreichen Menschen und ich zeige Ihnen jemanden, der seinen Geist st\u00e4ndig kultiviert und beharrlich nach neuen Wegen sucht, um Wissen und seine Anwendung in alles, was sie tun, einflie\u00dfen zu lassen. Drei Schritte zum Erfolg Schritt 1: Lesen Sie herausforderndes Material. Schritt 2: Konstruktives Feedback einholen. Schritt 3: Lernen Sie, damit Sie andere unterrichten k\u00f6nnen. Kann man auf unbestimmte Zeit lernen, ohne auf eine Nicht-Muttersprache zu sto\u00dfen?[\/vc_column_text][\/vc_column][\/vc_row]<\/p>\n<\/div>","protected":false},"excerpt":{"rendered":"<p>Erfahren Sie mehr \u00fcber alle Sprachpaare, die wir als \u00dcbersetzungsservice anbieten.<\/p>\n","protected":false},"author":1,"featured_media":835,"parent":0,"menu_order":0,"comment_status":"closed","ping_status":"closed","template":"","meta":{"_rsvp_to":"","_rsvp_max":"","_rsvp_show_attendees":"","_rsvp_instructions":"","simple_price":"","simple_price_label":"","venue":"","_template_start_hour":"","_template_start_minutes":"","_sked_minutes":"","_sked_stop":"","_sked_duration":"","_payment_gateway":"Cash or Custom","_rsvp_currency":"USD","_sked_hour":"12","_sked_end":"13:00","rsvp_tx_template":0,"_rsvp_start":0,"_rsvp_deadline":0,"_rsvp_deadline_daysbefore":"0","_rsvp_deadline_hours":"0","_rsvp_reg_daysbefore":"0","_rsvp_reg_hours":"0","_rsvp_count_party":"1","_timezone":"+00:00","_rsvp_on":false,"_add_timezone":false,"_convert_timezone":false,"_calendar_icons":true,"_rsvp_end_display":false,"_rsvp_rsvpmaker_send_confirmation_email":false,"_rsvp_confirmation_after_payment":false,"_rsvp_confirmation_include_event":false,"_rsvp_count":true,"_rsvp_yesno":true,"_rsvp_captcha":false,"_rsvp_login_required":false,"_rsvp_form_show_date":false,"footnotes":""},"class_list":["post-571","page","type-page","status-publish","has-post-thumbnail","hentry"],"yoast_head":"<!-- This site is optimized with the Yoast SEO plugin v27.4 - https:\/\/yoast.com\/product\/yoast-seo-wordpress\/ -->\n<title>Sprachen<\/title>\n<meta name=\"description\" content=\"Erfahren Sie mehr \u00fcber alle Sprachpaare, die wir als \u00dcbersetzungsservice anbieten.\" \/>\n<meta name=\"robots\" content=\"index, follow, max-snippet:-1, max-image-preview:large, max-video-preview:-1\" \/>\n<link rel=\"canonical\" href=\"http:\/\/Erfahren%20Sie%20mehr%20\u00fcber%20alle%20Sprachpaare,%20die%20wir%20als%20\u00dcbersetzungsservice%20anbieten.\" \/>\n<meta property=\"og:locale\" content=\"de_DE\" \/>\n<meta property=\"og:type\" content=\"article\" \/>\n<meta property=\"og:title\" content=\"Sprachen\" \/>\n<meta property=\"og:description\" content=\"Erfahren Sie mehr \u00fcber alle Sprachpaare, die wir als \u00dcbersetzungsservice anbieten.\" \/>\n<meta property=\"og:url\" content=\"https:\/\/namba22.com\/de\/languages\/\" \/>\n<meta property=\"og:site_name\" content=\"m-translations.com\" \/>\n<meta property=\"article:modified_time\" content=\"2021-09-14T11:45:45+00:00\" \/>\n<meta property=\"og:image\" content=\"https:\/\/namba22.com\/wp-content\/uploads\/2016\/02\/languages-page-title.jpg\" \/>\n\t<meta property=\"og:image:width\" content=\"1814\" \/>\n\t<meta property=\"og:image:height\" content=\"354\" \/>\n\t<meta property=\"og:image:type\" content=\"image\/jpeg\" \/>\n<meta name=\"twitter:card\" content=\"summary_large_image\" \/>\n<meta name=\"twitter:label1\" content=\"Gesch\u00e4tzte Lesezeit\" \/>\n\t<meta name=\"twitter:data1\" content=\"3\u00a0Minuten\" \/>\n<script type=\"application\/ld+json\" class=\"yoast-schema-graph\">{\"@context\":\"https:\\\/\\\/schema.org\",\"@graph\":[{\"@type\":\"WebPage\",\"@id\":\"https:\\\/\\\/namba22.com\\\/de\\\/languages\\\/\",\"url\":\"https:\\\/\\\/namba22.com\\\/de\\\/languages\\\/\",\"name\":\"Languages - m-translations.com\",\"isPartOf\":{\"@id\":\"https:\\\/\\\/namba22.com\\\/en\\\/#website\"},\"primaryImageOfPage\":{\"@id\":\"https:\\\/\\\/namba22.com\\\/de\\\/languages\\\/#primaryimage\"},\"image\":{\"@id\":\"https:\\\/\\\/namba22.com\\\/de\\\/languages\\\/#primaryimage\"},\"thumbnailUrl\":\"https:\\\/\\\/namba22.com\\\/wp-content\\\/uploads\\\/2016\\\/02\\\/languages-page-title.jpg\",\"datePublished\":\"2016-02-17T15:00:24+00:00\",\"dateModified\":\"2021-09-14T11:45:45+00:00\",\"breadcrumb\":{\"@id\":\"https:\\\/\\\/namba22.com\\\/de\\\/languages\\\/#breadcrumb\"},\"inLanguage\":\"de\",\"potentialAction\":[{\"@type\":\"ReadAction\",\"target\":[\"https:\\\/\\\/namba22.com\\\/de\\\/languages\\\/\"]}]},{\"@type\":\"ImageObject\",\"inLanguage\":\"de\",\"@id\":\"https:\\\/\\\/namba22.com\\\/de\\\/languages\\\/#primaryimage\",\"url\":\"https:\\\/\\\/namba22.com\\\/wp-content\\\/uploads\\\/2016\\\/02\\\/languages-page-title.jpg\",\"contentUrl\":\"https:\\\/\\\/namba22.com\\\/wp-content\\\/uploads\\\/2016\\\/02\\\/languages-page-title.jpg\",\"width\":1814,\"height\":354},{\"@type\":\"BreadcrumbList\",\"@id\":\"https:\\\/\\\/namba22.com\\\/de\\\/languages\\\/#breadcrumb\",\"itemListElement\":[{\"@type\":\"ListItem\",\"position\":1,\"name\":\"Home\",\"item\":\"https:\\\/\\\/namba22.com\\\/\"},{\"@type\":\"ListItem\",\"position\":2,\"name\":\"Sprachen\"}]},{\"@type\":\"WebSite\",\"@id\":\"https:\\\/\\\/namba22.com\\\/de\\\/en\\\/#website\",\"url\":\"https:\\\/\\\/namba22.com\\\/de\\\/en\\\/\",\"name\":\"m-translations.com\",\"description\":\"m-translations.com\",\"potentialAction\":[{\"@type\":\"SearchAction\",\"target\":{\"@type\":\"EntryPoint\",\"urlTemplate\":\"https:\\\/\\\/namba22.com\\\/de\\\/en\\\/?s={search_term_string}\"},\"query-input\":{\"@type\":\"PropertyValueSpecification\",\"valueRequired\":true,\"valueName\":\"search_term_string\"}}],\"inLanguage\":\"de\"}]}<\/script>\n<!-- \/ Yoast SEO plugin. -->","yoast_head_json":{"title":"Sprachen","description":"Erfahren Sie mehr \u00fcber alle Sprachpaare, die wir als \u00dcbersetzungsservice anbieten.","robots":{"index":"index","follow":"follow","max-snippet":"max-snippet:-1","max-image-preview":"max-image-preview:large","max-video-preview":"max-video-preview:-1"},"canonical":"Erfahren Sie mehr \u00fcber alle Sprachpaare, die wir als \u00dcbersetzungsservice anbieten.","og_locale":"de_DE","og_type":"article","og_title":"Sprachen","og_description":"Erfahren Sie mehr \u00fcber alle Sprachpaare, die wir als \u00dcbersetzungsservice anbieten.","og_url":"https:\/\/namba22.com\/de\/languages\/","og_site_name":"m-translations.com","article_modified_time":"2021-09-14T11:45:45+00:00","og_image":[{"width":1814,"height":354,"url":"https:\/\/namba22.com\/wp-content\/uploads\/2016\/02\/languages-page-title.jpg","type":"image\/jpeg"}],"twitter_card":"summary_large_image","twitter_misc":{"Gesch\u00e4tzte Lesezeit":"3\u00a0Minuten"},"schema":{"@context":"https:\/\/schema.org","@graph":[{"@type":"WebPage","@id":"https:\/\/namba22.com\/de\/languages\/","url":"https:\/\/namba22.com\/de\/languages\/","name":"Languages - m-translations.com","isPartOf":{"@id":"https:\/\/namba22.com\/en\/#website"},"primaryImageOfPage":{"@id":"https:\/\/namba22.com\/de\/languages\/#primaryimage"},"image":{"@id":"https:\/\/namba22.com\/de\/languages\/#primaryimage"},"thumbnailUrl":"https:\/\/namba22.com\/wp-content\/uploads\/2016\/02\/languages-page-title.jpg","datePublished":"2016-02-17T15:00:24+00:00","dateModified":"2021-09-14T11:45:45+00:00","breadcrumb":{"@id":"https:\/\/namba22.com\/de\/languages\/#breadcrumb"},"inLanguage":"de","potentialAction":[{"@type":"ReadAction","target":["https:\/\/namba22.com\/de\/languages\/"]}]},{"@type":"ImageObject","inLanguage":"de","@id":"https:\/\/namba22.com\/de\/languages\/#primaryimage","url":"https:\/\/namba22.com\/wp-content\/uploads\/2016\/02\/languages-page-title.jpg","contentUrl":"https:\/\/namba22.com\/wp-content\/uploads\/2016\/02\/languages-page-title.jpg","width":1814,"height":354},{"@type":"BreadcrumbList","@id":"https:\/\/namba22.com\/de\/languages\/#breadcrumb","itemListElement":[{"@type":"ListItem","position":1,"name":"Home","item":"https:\/\/namba22.com\/"},{"@type":"ListItem","position":2,"name":"Sprachen"}]},{"@type":"WebSite","@id":"https:\/\/namba22.com\/de\/en\/#website","url":"https:\/\/namba22.com\/de\/en\/","name":"m-translations.com","description":"m-translations.com","potentialAction":[{"@type":"SearchAction","target":{"@type":"EntryPoint","urlTemplate":"https:\/\/namba22.com\/de\/en\/?s={search_term_string}"},"query-input":{"@type":"PropertyValueSpecification","valueRequired":true,"valueName":"search_term_string"}}],"inLanguage":"de"}]}},"_links":{"self":[{"href":"https:\/\/namba22.com\/de\/wp-json\/wp\/v2\/pages\/571","targetHints":{"allow":["GET"]}}],"collection":[{"href":"https:\/\/namba22.com\/de\/wp-json\/wp\/v2\/pages"}],"about":[{"href":"https:\/\/namba22.com\/de\/wp-json\/wp\/v2\/types\/page"}],"author":[{"embeddable":true,"href":"https:\/\/namba22.com\/de\/wp-json\/wp\/v2\/users\/1"}],"replies":[{"embeddable":true,"href":"https:\/\/namba22.com\/de\/wp-json\/wp\/v2\/comments?post=571"}],"version-history":[{"count":13,"href":"https:\/\/namba22.com\/de\/wp-json\/wp\/v2\/pages\/571\/revisions"}],"predecessor-version":[{"id":2701,"href":"https:\/\/namba22.com\/de\/wp-json\/wp\/v2\/pages\/571\/revisions\/2701"}],"wp:featuredmedia":[{"embeddable":true,"href":"https:\/\/namba22.com\/de\/wp-json\/wp\/v2\/media\/835"}],"wp:attachment":[{"href":"https:\/\/namba22.com\/de\/wp-json\/wp\/v2\/media?parent=571"}],"curies":[{"name":"wp","href":"https:\/\/api.w.org\/{rel}","templated":true}]}}