{"id":565,"date":"2016-02-17T14:59:48","date_gmt":"2016-02-17T14:59:48","guid":{"rendered":"http:\/\/demo.gloriathemes.com\/wp\/perada\/?page_id=565"},"modified":"2020-11-15T23:22:57","modified_gmt":"2020-11-15T23:22:57","slug":"our-team","status":"publish","type":"page","link":"https:\/\/namba22.com\/de\/our-team\/","title":{"rendered":"Unser Team"},"content":{"rendered":"<div class=\"wpb-content-wrapper\"><p>[vc_row css=&#8221;.vc_custom_1455795212998{margin-bottom: 16px !important;}&#8221;][vc_column][vc_row_inner el_class=&#8221;container&#8221; css=&#8221;.vc_custom_1455793527422{padding-right: 0px !important;padding-left: 0px !important;}&#8221;][vc_column_inner][vc_custom_heading text=&#8221;Professionelle \u00dcbersetzungen&#8221; font_container=&#8221;tag:h2|font_size:40|text_align:left|color:%236d6e71&#8243; use_theme_fonts=&#8221;yes&#8221; css=&#8221;.vc_custom_1603390365375{margin-top: 0px !important;margin-bottom: 20px !important;}&#8221; el_class=&#8221;normalfont&#8221;][vc_column_text]<strong>Professionelles \u00dcbersetzungsb\u00fcro<\/strong><\/p>\n<p>Unser \u00dcbersetzungsb\u00fcro ist ein Spezialist f\u00fcr branchen\u00fcbergreifende Sprachdienstleistungen.<\/p>\n<p>Wir k\u00f6nnen eine gleichbleibend exzellente Qualit\u00e4t von \u00dcbersetzungsdienstleistungen in verschiedenen Bereichen garantieren, indem wir sicherstellen, dass jede Dokumenten\u00fcbersetzung den am besten geeigneten Mitgliedern unseres spezialisierten Teams aus hochqualifizierten \u00dcbersetzern, Korrekturlesern und Lektoren zugewiesen wird.<\/p>\n<p>Schnelle Reaktion &#8211; weltweit<\/p>\n<p>Unsere weltumspannende T\u00e4tigkeit stellt sicher, dass unser B\u00fcro in der Lage ist, auf Ihre Anfrage zu reagieren. Wir garantieren Ihnen, ein verbindliches Angebot zu erstellen.[\/vc_column_text][\/vc_column_inner][\/vc_row_inner][\/vc_column][\/vc_row][vc_row full_width=&#8221;stretch_row_content_no_spaces&#8221; content_placement=&#8221;middle&#8221; css=&#8221;.vc_custom_1455797050456{margin-bottom: 15px !important;padding-top: 28px !important;background-image: url(http:\/\/demo.gloriathemes.com\/wp\/perada\/wp-content\/uploads\/2016\/02\/team-bg.jpg?id=129) !important;}&#8221; el_class=&#8221;bgfixed&#8221;][vc_column][vc_row_inner el_class=&#8221;container&#8221; css=&#8221;.vc_custom_1455395711203{margin-bottom: 50px !important;}&#8221;][vc_column_inner]<div class=\"content-widget-title \"><div class=\"content-title-text\"><h3 style=\"color:#ffffff;\">team<\/h3><p style=\"color:#ffffff;\">Get to know our entire team members closely.<\/p><\/div><\/div>[\/vc_column_inner][\/vc_row_inner]<div class=\"team-widget team-widget-boxed\"><div class=\"team-widget-item\"><div class=\"image\" style=\"background-image:url(https:\/\/namba22.com\/wp-content\/uploads\/2016\/02\/Eva-Laura-Bella-580x381.jpg);\"><a href=\"https:\/\/namba22.com\/de\/perada_team\/zoe-ndaya\/\" title=\"Zo\u00e9-Ndaya\"><div class=\"separate\"><\/div><\/a><\/div>\r\n\t\t\t\t\t\t<div class=\"content\"><h4>Zo\u00e9-Ndaya<\/h4><h3>C.O. Gr\u00fcnder und Marketing Manager<\/h3><div class=\"excerpt\"><p>Als Marketing-Managerin habe ich eine Vielzahl von Aufgaben, wie z. B. die Erstellung von Kostenvoranschl\u00e4gen und Budgets f\u00fcr Marketingkampagnen, die Einreichung zur Genehmigung, die Zusammenarbeit mit Werbeagenturen und die Teilnahme an Verhandlungen. Au\u00dferdem freue ich mich, die Schl\u00fcsselrolle zu spielen, den Service meines Unternehmens zu den Menschen zu bringen, die ihn wirklich brauchen.<\/p><\/div><div class=\"read-more\"><a href=\"https:\/\/namba22.com\/de\/perada_team\/zoe-ndaya\/\" title=\"Zo\u00e9-Ndaya\">More<\/a><\/div><\/div>\r\n\t\t\t\t\t<\/div><div class=\"team-widget-item\"><div class=\"image\" style=\"background-image:url(https:\/\/namba22.com\/wp-content\/uploads\/2016\/02\/Jackie-Woolf-580x381.jpg);\"><a href=\"https:\/\/namba22.com\/de\/perada_team\/mila-karl\/\" title=\"Mila Karl\"><div class=\"separate\"><\/div><\/a><\/div>\r\n\t\t\t\t\t\t<div class=\"content\"><h4>Mila Karl<\/h4><h3>Leitender \u00dcbersetzer<\/h3><div class=\"excerpt\"><p>Meine Aufgabe hier ist es, Projektmanager f\u00fcr \u00dcbersetzungen zu sein. Ein Projektmanager ist f\u00fcr die Koordination von \u00dcbersetzungsprojekten von Anfang bis Ende zust\u00e4ndig, was viel Engagement und Management erfordert. Die \u00dcbersetzung ist ein komplexes Unterfangen, das die aktive Zusammenarbeit mehrerer Beteiligter erfordert, um ein Qualit\u00e4tsprodukt zu erstellen.<\/p><\/div><div class=\"read-more\"><a href=\"https:\/\/namba22.com\/de\/perada_team\/mila-karl\/\" title=\"Mila Karl\">More<\/a><\/div><\/div>\r\n\t\t\t\t\t<\/div><div class=\"team-widget-item\"><div class=\"image\" style=\"background-image:url(https:\/\/namba22.com\/wp-content\/uploads\/2016\/02\/fff-580x381.jpg);\"><a href=\"https:\/\/namba22.com\/de\/perada_team\/carmen-belinda\/\" title=\"Carmen Belinda\"><div class=\"separate\"><\/div><\/a><\/div>\r\n\t\t\t\t\t\t<div class=\"content\"><h4>Carmen Belinda<\/h4><h3>Finanzdirektor<\/h3><div class=\"excerpt\"><p>Meine Aufgabe hier ist es, \u00dcbersetzungsprojektmanager zu sein. Ein Projektmanager ist f\u00fcr die Koordination von \u00dcbersetzungsprojekten von Anfang bis Ende zust\u00e4ndig, was viel Engagement und Management erfordert.\r\n\u00dcbersetzen ist ein komplexes Unterfangen, das die aktive Zusammenarbeit mehrerer Beteiligter erfordert, um ein Qualit\u00e4tsprodukt zu erstellen.<\/p><\/div><div class=\"read-more\"><a href=\"https:\/\/namba22.com\/de\/perada_team\/carmen-belinda\/\" title=\"Carmen Belinda\">More<\/a><\/div><\/div>\r\n\t\t\t\t\t<\/div><div class=\"team-widget-item\"><div class=\"image\" style=\"background-image:url(https:\/\/namba22.com\/wp-content\/uploads\/2016\/02\/Gerard-Manfries-580x381.jpg);\"><a href=\"https:\/\/namba22.com\/de\/perada_team\/bambakana-tshibanda\/\" title=\"Bambakana Tshibanda\"><div class=\"separate\"><\/div><\/a><\/div>\r\n\t\t\t\t\t\t<div class=\"content\"><h4>Bambakana Tshibanda<\/h4><h3>Kundenbetreuer<\/h3><div class=\"excerpt\"><p>Als Kundendienstmitarbeiter bei Integer bin ich geschickt darin, Kunden zu beraten, ihre Bed\u00fcrfnisse zu bewerten, die besten Dienstleistungen zu bestimmen und zus\u00e4tzliche Dienstleistungen vorzuschlagen, die von Interesse sein k\u00f6nnten. Um das, was ich tue, richtig zu machen, erfordert es die F\u00e4higkeit, mehrere Aufgaben zu bew\u00e4ltigen. Ich bin nicht die Art von CSR, die nur eingehende Telefonanrufe und Informationen am Telefon entgegennimmt,<\/p><\/div><div class=\"read-more\"><a href=\"https:\/\/namba22.com\/de\/perada_team\/bambakana-tshibanda\/\" title=\"Bambakana Tshibanda\">More<\/a><\/div><\/div>\r\n\t\t\t\t\t<\/div><\/div>[vc_row_inner css=&#8221;.vc_custom_1456056595515{margin-top: 70px !important;margin-bottom: 68px !important;}&#8221; el_class=&#8221;perada-button-white-hover&#8221;][vc_column_inner]<div class=\"perada-button text-center\"><a href=\"\" title=\"ALL THE DETAILS\">ALL THE DETAILS<\/a><\/div>[\/vc_column_inner][\/vc_row_inner][\/vc_column][\/vc_row][vc_row el_class=&#8221;container&#8221; css=&#8221;.vc_custom_1456056810678{padding-right: 0px !important;padding-bottom: 20px !important;padding-left: 0px !important;}&#8221;][vc_column width=&#8221;1\/2&#8243;][vc_column_text]Our Translation Office specializes in providing accurate legal translations using only legal professionals as well as legal translators and proofreaders with professional qualifications in legal translations and related fields.<\/p>\n<p><strong>Top Quality Translation of Legal Documents<\/strong><\/p>\n<p>Take advantage of our extensive experience in the translation of legal documents of all kinds. Our blend of experienced, skilled language professionals, industry experts, and project managers makes our agency the ideal partner for even the most complex and specialist legal translation needs.<\/p>\n<p>We also provide all types of legal interpreting services, including <a href=\"https:\/\/www.rosettatranslation.com\/court-interpreting\/\">court interpreting<\/a>.<\/p>\n<p>For a free instant quote, please complete the form or <a href=\"https:\/\/www.rosettatranslation.com\/contact-us\/\">contact us<\/a><\/p>\n<p><strong>Legal Translations You Can Trust<\/strong><\/p>\n<p>We maintain our rigorously high standards in legal translation by only assigning translation work to translators and proofreaders who will either have extensive experience working in the legal industry or will have undergone dedicated legal translation training. This specialization means that terminology or constructions specific to legal documents will always be translated correctly.<\/p>\n<p>In addition, we only use highly qualified translators who translate exclusively into their own native language, ensuring that the translations are read like original documents.<\/p>\n<p>[\/vc_column_text][\/vc_column][vc_column width=&#8221;1\/2&#8243;][vc_row_inner css=&#8221;.vc_custom_1455796774414{margin-bottom: 18px !important;}&#8221;][vc_column_inner]<div class=\"perada-progress-bar progressv2\"><div class=\"percent\" style=\"color:#ffba00;\"><span>%<\/span><label class=\"counter-1940572650\">75<\/label><\/div><div class=\"progress-content\"><div class=\"title\" style=\"color:#6d6e71;\">ERFOLGREICHE PROJEKTE<\/div><div id=\"progress-wrap-1940572650\" class=\"progress-wrap progress\" data-progress-percent=\"75\" style=\"background-color:#ffba00;\">\r\n\t\t\t\t\t\t\t\t\t\t<div id=\"progress-bar-1940572650\" class=\"progress-bar progress\" style=\"background-color:#e2e2e2;\" style=\"left: 0;\"><\/div>\r\n\t\t\t\t\t\t\t\t\t<\/div><\/div><\/div><script>\t\t\t\t\t\t\t\r\n\t\t\t\t\t\t\tjQuery(document).ready(function($){\t\t\t\t\t\t\r\n\t\t\t\t\t\t\t\tvar progressBar = function() {\r\n\t\t\t\t\t\t\t\t\tvar percent = $('#progress-wrap-1940572650').attr('data-progress-percent');\r\n\t\t\t\t\t\t\t\t\t$('#progress-bar-1940572650').animate({\r\n\t\t\t\t\t\t\t\t\t\tleft: percent + '%'\r\n\t\t\t\t\t\t\t\t\t}, 3500);\r\n\t\t\t\t\t\t\t\t}\r\n\t\t\t\t\t\t\t\t$('#progress-bar-1940572650').waypoint(progressBar, { offset: '100%', triggerOnce: true });\r\n\r\n\t\t\t\t\t\t\t\t$('.counter-1940572650').counterUp({\r\n\t\t\t\t\t\t\t\t\tdelay: 10,\r\n\t\t\t\t\t\t\t\t\ttime: 2500\r\n\t\t\t\t\t\t\t\t});\r\n\t\t\t\t\t\t\t});\r\n\t\t\t\t\t\t<\/script>[\/vc_column_inner][\/vc_row_inner][vc_row_inner css=&#8221;.vc_custom_1455796781146{margin-bottom: 18px !important;}&#8221;][vc_column_inner]<div class=\"perada-progress-bar progressv2\"><div class=\"percent\" style=\"color:#ffba00;\"><span>%<\/span><label class=\"counter-3867123705\">85<\/label><\/div><div class=\"progress-content\"><div class=\"title\" style=\"color:#6d6e71;\">VERH\u00c4LTNIS VON NEUKUNDEN ZU DEN BISHERIGEN KUNDEN<\/div><div id=\"progress-wrap-3867123705\" class=\"progress-wrap progress\" data-progress-percent=\"85\" style=\"background-color:#ffba00;\">\r\n\t\t\t\t\t\t\t\t\t\t<div id=\"progress-bar-3867123705\" class=\"progress-bar progress\" style=\"background-color:#e2e2e2;\" style=\"left: 0;\"><\/div>\r\n\t\t\t\t\t\t\t\t\t<\/div><\/div><\/div><script>\t\t\t\t\t\t\t\r\n\t\t\t\t\t\t\tjQuery(document).ready(function($){\t\t\t\t\t\t\r\n\t\t\t\t\t\t\t\tvar progressBar = function() {\r\n\t\t\t\t\t\t\t\t\tvar percent = $('#progress-wrap-3867123705').attr('data-progress-percent');\r\n\t\t\t\t\t\t\t\t\t$('#progress-bar-3867123705').animate({\r\n\t\t\t\t\t\t\t\t\t\tleft: percent + '%'\r\n\t\t\t\t\t\t\t\t\t}, 3500);\r\n\t\t\t\t\t\t\t\t}\r\n\t\t\t\t\t\t\t\t$('#progress-bar-3867123705').waypoint(progressBar, { offset: '100%', triggerOnce: true });\r\n\r\n\t\t\t\t\t\t\t\t$('.counter-3867123705').counterUp({\r\n\t\t\t\t\t\t\t\t\tdelay: 10,\r\n\t\t\t\t\t\t\t\t\ttime: 2500\r\n\t\t\t\t\t\t\t\t});\r\n\t\t\t\t\t\t\t});\r\n\t\t\t\t\t\t<\/script>[\/vc_column_inner][\/vc_row_inner][vc_row_inner css=&#8221;.vc_custom_1455796785789{margin-bottom: 18px !important;}&#8221;][vc_column_inner]<div class=\"perada-progress-bar progressv2\"><div class=\"percent\" style=\"color:#ffba00;\"><span>%<\/span><label class=\"counter-853084440\">45<\/label><\/div><div class=\"progress-content\"><div class=\"title\" style=\"color:#6d6e71;\">ZUFRIEDENHEIT BEI ONLINE-\u00dcBERSETZUNGEN<\/div><div id=\"progress-wrap-853084440\" class=\"progress-wrap progress\" data-progress-percent=\"45\" style=\"background-color:#ffba00;\">\r\n\t\t\t\t\t\t\t\t\t\t<div id=\"progress-bar-853084440\" class=\"progress-bar progress\" style=\"background-color:#e2e2e2;\" style=\"left: 0;\"><\/div>\r\n\t\t\t\t\t\t\t\t\t<\/div><\/div><\/div><script>\t\t\t\t\t\t\t\r\n\t\t\t\t\t\t\tjQuery(document).ready(function($){\t\t\t\t\t\t\r\n\t\t\t\t\t\t\t\tvar progressBar = function() {\r\n\t\t\t\t\t\t\t\t\tvar percent = $('#progress-wrap-853084440').attr('data-progress-percent');\r\n\t\t\t\t\t\t\t\t\t$('#progress-bar-853084440').animate({\r\n\t\t\t\t\t\t\t\t\t\tleft: percent + '%'\r\n\t\t\t\t\t\t\t\t\t}, 3500);\r\n\t\t\t\t\t\t\t\t}\r\n\t\t\t\t\t\t\t\t$('#progress-bar-853084440').waypoint(progressBar, { offset: '100%', triggerOnce: true });\r\n\r\n\t\t\t\t\t\t\t\t$('.counter-853084440').counterUp({\r\n\t\t\t\t\t\t\t\t\tdelay: 10,\r\n\t\t\t\t\t\t\t\t\ttime: 2500\r\n\t\t\t\t\t\t\t\t});\r\n\t\t\t\t\t\t\t});\r\n\t\t\t\t\t\t<\/script>[\/vc_column_inner][\/vc_row_inner][vc_row_inner css=&#8221;.vc_custom_1455796789839{margin-bottom: 0px !important;}&#8221;][vc_column_inner]<div class=\"perada-progress-bar progressv2\"><div class=\"percent\" style=\"color:#ffba00;\"><span>%<\/span><label class=\"counter-436935470\">5<\/label><\/div><div class=\"progress-content\"><div class=\"title\" style=\"color:#6d6e71;\">ANTEIL DER KUNDEN, DIE WIR NICHT ZUFRIEDENSTELLEN KONNTEN<\/div><div id=\"progress-wrap-436935470\" class=\"progress-wrap progress\" data-progress-percent=\"5\" style=\"background-color:#ffba00;\">\r\n\t\t\t\t\t\t\t\t\t\t<div id=\"progress-bar-436935470\" class=\"progress-bar progress\" style=\"background-color:#e2e2e2;\" style=\"left: 0;\"><\/div>\r\n\t\t\t\t\t\t\t\t\t<\/div><\/div><\/div><script>\t\t\t\t\t\t\t\r\n\t\t\t\t\t\t\tjQuery(document).ready(function($){\t\t\t\t\t\t\r\n\t\t\t\t\t\t\t\tvar progressBar = function() {\r\n\t\t\t\t\t\t\t\t\tvar percent = $('#progress-wrap-436935470').attr('data-progress-percent');\r\n\t\t\t\t\t\t\t\t\t$('#progress-bar-436935470').animate({\r\n\t\t\t\t\t\t\t\t\t\tleft: percent + '%'\r\n\t\t\t\t\t\t\t\t\t}, 3500);\r\n\t\t\t\t\t\t\t\t}\r\n\t\t\t\t\t\t\t\t$('#progress-bar-436935470').waypoint(progressBar, { offset: '100%', triggerOnce: true });\r\n\r\n\t\t\t\t\t\t\t\t$('.counter-436935470').counterUp({\r\n\t\t\t\t\t\t\t\t\tdelay: 10,\r\n\t\t\t\t\t\t\t\t\ttime: 2500\r\n\t\t\t\t\t\t\t\t});\r\n\t\t\t\t\t\t\t});\r\n\t\t\t\t\t\t<\/script>[\/vc_column_inner][\/vc_row_inner][\/vc_column][\/vc_row]<\/p>\n<\/div>","protected":false},"excerpt":{"rendered":"<p>Wir setzen nur hochqualifizierte \u00dcbersetzer ein, die ausschlie\u00dflich in ihre eigene Muttersprache \u00fcbersetzen, um sicherzustellen, dass die \u00dcbersetzungen wie Originaldokumente gelesen werden.<\/p>\n","protected":false},"author":1,"featured_media":0,"parent":0,"menu_order":0,"comment_status":"closed","ping_status":"closed","template":"","meta":{"_rsvp_to":"","_rsvp_max":"","_rsvp_show_attendees":"","_rsvp_instructions":"","simple_price":"","simple_price_label":"","venue":"","_template_start_hour":"","_template_start_minutes":"","_sked_minutes":"","_sked_stop":"","_sked_duration":"","_payment_gateway":"Cash or Custom","_rsvp_currency":"USD","_sked_hour":"12","_sked_end":"13:00","rsvp_tx_template":0,"_rsvp_start":0,"_rsvp_deadline":0,"_rsvp_deadline_daysbefore":"0","_rsvp_deadline_hours":"0","_rsvp_reg_daysbefore":"0","_rsvp_reg_hours":"0","_rsvp_count_party":"1","_timezone":"+00:00","_rsvp_on":false,"_add_timezone":false,"_convert_timezone":false,"_calendar_icons":true,"_rsvp_end_display":false,"_rsvp_rsvpmaker_send_confirmation_email":false,"_rsvp_confirmation_after_payment":false,"_rsvp_confirmation_include_event":false,"_rsvp_count":true,"_rsvp_yesno":true,"_rsvp_captcha":false,"_rsvp_login_required":false,"_rsvp_form_show_date":false,"footnotes":""},"class_list":["post-565","page","type-page","status-publish","hentry"],"yoast_head":"<!-- This site is optimized with the Yoast SEO plugin v27.4 - https:\/\/yoast.com\/product\/yoast-seo-wordpress\/ -->\n<title>Unser Team<\/title>\n<meta name=\"description\" content=\"Wir setzen nur hochqualifizierte \u00dcbersetzer ein, die ausschlie\u00dflich in ihre eigene Muttersprache \u00fcbersetzen, um sicherzustellen, dass die \u00dcbersetzungen wie Originaldokumente gelesen werden.\" \/>\n<meta name=\"robots\" content=\"index, follow, max-snippet:-1, max-image-preview:large, max-video-preview:-1\" \/>\n<link rel=\"canonical\" href=\"http:\/\/Wir%20setzen%20nur%20hochqualifizierte%20\u00dcbersetzer%20ein,%20die%20ausschlie\u00dflich%20in%20ihre%20eigene%20Muttersprache%20\u00fcbersetzen,%20um%20sicherzustellen,%20dass%20die%20\u00dcbersetzungen%20wie%20Originaldokumente%20gelesen%20werden.\" \/>\n<meta property=\"og:locale\" content=\"de_DE\" \/>\n<meta property=\"og:type\" content=\"article\" \/>\n<meta property=\"og:title\" content=\"Unser Team\" \/>\n<meta property=\"og:description\" content=\"Wir setzen nur hochqualifizierte \u00dcbersetzer ein, die ausschlie\u00dflich in ihre eigene Muttersprache \u00fcbersetzen, um sicherzustellen, dass die \u00dcbersetzungen wie Originaldokumente gelesen werden.\" \/>\n<meta property=\"og:url\" content=\"https:\/\/namba22.com\/de\/our-team\/\" \/>\n<meta property=\"og:site_name\" content=\"m-translations.com\" \/>\n<meta property=\"article:modified_time\" content=\"2020-11-15T23:22:57+00:00\" \/>\n<meta name=\"twitter:card\" content=\"summary_large_image\" \/>\n<meta name=\"twitter:label1\" content=\"Gesch\u00e4tzte Lesezeit\" \/>\n\t<meta name=\"twitter:data1\" content=\"3\u00a0Minuten\" \/>\n<script type=\"application\/ld+json\" class=\"yoast-schema-graph\">{\"@context\":\"https:\\\/\\\/schema.org\",\"@graph\":[{\"@type\":\"WebPage\",\"@id\":\"https:\\\/\\\/namba22.com\\\/de\\\/our-team\\\/\",\"url\":\"https:\\\/\\\/namba22.com\\\/de\\\/our-team\\\/\",\"name\":\"Our Team - m-translations.com\",\"isPartOf\":{\"@id\":\"https:\\\/\\\/namba22.com\\\/en\\\/#website\"},\"datePublished\":\"2016-02-17T14:59:48+00:00\",\"dateModified\":\"2020-11-15T23:22:57+00:00\",\"breadcrumb\":{\"@id\":\"https:\\\/\\\/namba22.com\\\/de\\\/our-team\\\/#breadcrumb\"},\"inLanguage\":\"de\",\"potentialAction\":[{\"@type\":\"ReadAction\",\"target\":[\"https:\\\/\\\/namba22.com\\\/de\\\/our-team\\\/\"]}]},{\"@type\":\"BreadcrumbList\",\"@id\":\"https:\\\/\\\/namba22.com\\\/de\\\/our-team\\\/#breadcrumb\",\"itemListElement\":[{\"@type\":\"ListItem\",\"position\":1,\"name\":\"Home\",\"item\":\"https:\\\/\\\/namba22.com\\\/\"},{\"@type\":\"ListItem\",\"position\":2,\"name\":\"Unser Team\"}]},{\"@type\":\"WebSite\",\"@id\":\"https:\\\/\\\/namba22.com\\\/de\\\/en\\\/#website\",\"url\":\"https:\\\/\\\/namba22.com\\\/de\\\/en\\\/\",\"name\":\"m-translations.com\",\"description\":\"m-translations.com\",\"potentialAction\":[{\"@type\":\"SearchAction\",\"target\":{\"@type\":\"EntryPoint\",\"urlTemplate\":\"https:\\\/\\\/namba22.com\\\/de\\\/en\\\/?s={search_term_string}\"},\"query-input\":{\"@type\":\"PropertyValueSpecification\",\"valueRequired\":true,\"valueName\":\"search_term_string\"}}],\"inLanguage\":\"de\"}]}<\/script>\n<!-- \/ Yoast SEO plugin. -->","yoast_head_json":{"title":"Unser Team","description":"Wir setzen nur hochqualifizierte \u00dcbersetzer ein, die ausschlie\u00dflich in ihre eigene Muttersprache \u00fcbersetzen, um sicherzustellen, dass die \u00dcbersetzungen wie Originaldokumente gelesen werden.","robots":{"index":"index","follow":"follow","max-snippet":"max-snippet:-1","max-image-preview":"max-image-preview:large","max-video-preview":"max-video-preview:-1"},"canonical":"Wir setzen nur hochqualifizierte \u00dcbersetzer ein, die ausschlie\u00dflich in ihre eigene Muttersprache \u00fcbersetzen, um sicherzustellen, dass die \u00dcbersetzungen wie Originaldokumente gelesen werden.","og_locale":"de_DE","og_type":"article","og_title":"Unser Team","og_description":"Wir setzen nur hochqualifizierte \u00dcbersetzer ein, die ausschlie\u00dflich in ihre eigene Muttersprache \u00fcbersetzen, um sicherzustellen, dass die \u00dcbersetzungen wie Originaldokumente gelesen werden.","og_url":"https:\/\/namba22.com\/de\/our-team\/","og_site_name":"m-translations.com","article_modified_time":"2020-11-15T23:22:57+00:00","twitter_card":"summary_large_image","twitter_misc":{"Gesch\u00e4tzte Lesezeit":"3\u00a0Minuten"},"schema":{"@context":"https:\/\/schema.org","@graph":[{"@type":"WebPage","@id":"https:\/\/namba22.com\/de\/our-team\/","url":"https:\/\/namba22.com\/de\/our-team\/","name":"Our Team - m-translations.com","isPartOf":{"@id":"https:\/\/namba22.com\/en\/#website"},"datePublished":"2016-02-17T14:59:48+00:00","dateModified":"2020-11-15T23:22:57+00:00","breadcrumb":{"@id":"https:\/\/namba22.com\/de\/our-team\/#breadcrumb"},"inLanguage":"de","potentialAction":[{"@type":"ReadAction","target":["https:\/\/namba22.com\/de\/our-team\/"]}]},{"@type":"BreadcrumbList","@id":"https:\/\/namba22.com\/de\/our-team\/#breadcrumb","itemListElement":[{"@type":"ListItem","position":1,"name":"Home","item":"https:\/\/namba22.com\/"},{"@type":"ListItem","position":2,"name":"Unser Team"}]},{"@type":"WebSite","@id":"https:\/\/namba22.com\/de\/en\/#website","url":"https:\/\/namba22.com\/de\/en\/","name":"m-translations.com","description":"m-translations.com","potentialAction":[{"@type":"SearchAction","target":{"@type":"EntryPoint","urlTemplate":"https:\/\/namba22.com\/de\/en\/?s={search_term_string}"},"query-input":{"@type":"PropertyValueSpecification","valueRequired":true,"valueName":"search_term_string"}}],"inLanguage":"de"}]}},"_links":{"self":[{"href":"https:\/\/namba22.com\/de\/wp-json\/wp\/v2\/pages\/565","targetHints":{"allow":["GET"]}}],"collection":[{"href":"https:\/\/namba22.com\/de\/wp-json\/wp\/v2\/pages"}],"about":[{"href":"https:\/\/namba22.com\/de\/wp-json\/wp\/v2\/types\/page"}],"author":[{"embeddable":true,"href":"https:\/\/namba22.com\/de\/wp-json\/wp\/v2\/users\/1"}],"replies":[{"embeddable":true,"href":"https:\/\/namba22.com\/de\/wp-json\/wp\/v2\/comments?post=565"}],"version-history":[{"count":5,"href":"https:\/\/namba22.com\/de\/wp-json\/wp\/v2\/pages\/565\/revisions"}],"predecessor-version":[{"id":2568,"href":"https:\/\/namba22.com\/de\/wp-json\/wp\/v2\/pages\/565\/revisions\/2568"}],"wp:attachment":[{"href":"https:\/\/namba22.com\/de\/wp-json\/wp\/v2\/media?parent=565"}],"curies":[{"name":"wp","href":"https:\/\/api.w.org\/{rel}","templated":true}]}}