{"id":560,"date":"2016-02-17T14:59:03","date_gmt":"2016-02-17T14:59:03","guid":{"rendered":"http:\/\/demo.gloriathemes.com\/wp\/perada\/?page_id=560"},"modified":"2021-08-20T06:32:22","modified_gmt":"2021-08-20T06:32:22","slug":"full-width","status":"publish","type":"page","link":"https:\/\/namba22.com\/de\/full-width\/","title":{"rendered":"volle Breite"},"content":{"rendered":"<div class=\"wpb-content-wrapper\"><p>[vc_row full_width=&#8221;stretch_row_content_no_spaces&#8221; equal_height=&#8221;yes&#8221; css=&#8221;.vc_custom_1461071664627{padding-right: 70px !important;padding-left: 70px !important;}&#8221; el_class=&#8221;mobile-normal-width-padding&#8221;][vc_column][vc_custom_heading text=&#8221;Audio &#038; Video \u00dcbersetzung&#8221; font_container=&#8221;tag:h2|font_size:40|text_align:left|color:%236d6e71&#8243; use_theme_fonts=&#8221;yes&#8221; css=&#8221;.vc_custom_1604876897692{margin-top: 0px !important;margin-bottom: 20px !important;}&#8221; el_class=&#8221;normalfont&#8221;][vc_column_text]<\/p>\n<ol>\n<li><strong>Transcription<\/strong><\/li>\n<\/ol>\n<p>Visuals auf der Website k\u00f6nnen helfen, Kunden zu erreichen, aber nichts sagt &#8220;Wir sprechen Ihre Sprache&#8221; und spricht tats\u00e4chlich die Sprache der Zielgruppe. Sprache ist die einzige M\u00f6glichkeit, die Kultur einer Person voll zu engagieren, denn <strong><u>Sprache ist Kultur<\/u><\/strong>.<\/p>\n<p>Man k\u00f6nnte dies in Frage stellen, indem man vorschl\u00e4gt, dass ein Video eine pers\u00f6nliche Verbindung herstellen kann, aber selbst <strong><u>ein Video erfordert W\u00f6rter entweder in Text oder Audio<\/u><\/strong>. W\u00f6rter werden immer ben\u00f6tigt und m\u00fcssen immer \u00fcbersetzt werden.<\/p>\n<p>Haben Sie eine Audio &#8211; oder Videoaufnahme einer Rede, einer Pr\u00e4sentation, einer Debatte, eines Workshops oder einer Podiumsdiskussion und m\u00fcssen diese in Form von Text pr\u00e4sentieren und aus einer Fremdsprache in Ihre Muttersprache oder sogar eine andere gew\u00fcnschte Sprache \u00fcbersetzen lassen oder umgekehrt? Auf den ersten Blick scheint es keine schwierige Aufgabe zu sein-erst wenn Sie es selbst ausprobieren. Sobald Sie es ausprobiert haben, werden Sie feststellen, dass es nicht m\u00f6glich ist, die Arbeit ohne professionelle F\u00e4higkeiten zu erledigen.<\/p>\n<p>Es stellt sich heraus, dass diese Art von Arbeit Flei\u00df, Aufmerksamkeit, Alphabetisierung, eine hohe Tippgeschwindigkeit und die F\u00e4higkeit erfordert, nicht nur zu h\u00f6ren und herauszufinden, was vom Sprecher ge\u00e4u\u00dfert wurde (die Aufnahme kann von eher schlechter Qualit\u00e4t sein), sondern was hinter diesen Worten steckt \u2013 die Gedanken und Absichten des Sprechers, wobei dessen Intonation in einigen Teilen der Adresse wahrscheinlich entscheidend ist. Oder haben Sie es mit einer Aufzeichnung einer hitzigen Debatte zu tun, bei der sich die Teilnehmer immer wieder gegenseitig zwischenrufen und versuchen, einen Kommentar einzuf\u00fcgen oder sogar zuf\u00e4llig alle gleichzeitig zu sprechen? All dies in einer Fremdsprache und zahlreichen Fachbegriffen oder einem professionellen Jargon, der auf dem Weg verwendet wird? Die Qualit\u00e4t der Aufnahme schlecht? Au\u00dferdem gibt es Zeiten, in denen man die Sprecher an ihrer Stimme erkennen und herausfinden muss, von wem eine bestimmte Aussage kommt. Man kann es leicht erkennen, wenn man mit Videos umgeht, w\u00e4hrend es bei Audioaufnahmen schwierig ist. All dies kann jedoch erreicht werden, wenn jemand mit langj\u00e4hriger Erfahrung und mit speziellen Computerprogrammen arbeitet.<\/p>\n<p>Transkription von 1 Minute Aufnahme:<\/p>\n<ol style=\"color: #ffba00; font-weight: 600;\">\n<li><span style=\"color: #6d6e71; font-weight: 500;\">aus dem Russischen: ab 0,85 EUR;<\/span><\/li>\n<li><span style=\"color: #6d6e71; font-weight: 500;\">aus den englischen und anderen europ\u00e4ischen Sprachen: ab 3,50 EUR;<br \/>\n<\/span><\/li>\n<li><span style=\"color: #6d6e71; font-weight: 500;\">aus anderen Fremdsprachen: auf Anfrage erh\u00e4ltlich.<\/span><\/li>\n<\/ol>\n<ol>\n<li><strong>Verschiedene M\u00f6glichkeiten, ein audiovisuelles Medium zu \u00fcbersetzen<br \/>\n<\/strong><\/li>\n<\/ol>\n<p><strong>Vocal Lokalisierung<\/strong><\/p>\n<p><strong> <\/strong><strong>Voice-over-\u00dcbersetzung<\/strong><\/p>\n<p><strong> <\/strong>Vocal lokalisierung ist eine der wichtigsten arten von ton-aufnahme. Es gibt zwei Haupttypen der Stimmlokalisation: Voice-Over-\u00dcbersetzung und Synchronisation. Bei der Voice-Over-\u00dcbersetzung (Voice-Over-Lokalisierung) ist die \u00fcbersetzte Sprache der Voice-K\u00fcnstler (Voice-Work) \u00fcber dem Original-Soundtrack zu h\u00f6ren. Voice-Over-\u00dcbersetzung kann von einem einzelnen Sprachk\u00fcnstler oder einem ganzen Team von professionellen Sprachk\u00fcnstlern und Ansagern durchgef\u00fchrt werden. Diese Art der \u00dcbersetzung geh\u00f6rt zu den beliebtesten und bevorzugten, wenn es um Fernsehsendungen, die Lokalisierung von Filmen, Fernsehserien und Cartoons geht, da sie viel billiger ist als das \u00dcberspielen und die Implementierung viel weniger Zeit in Anspruch nimmt.<\/p>\n<ol>\n<li><strong>Synchronisation<\/strong><\/li>\n<\/ol>\n<p>Der Unterschied zwischen Voice-Over-Lokalisierung und Synchronisation besteht darin, dass beim Synchronisieren der gesamte Original-Soundtrack durch den von den Voice-K\u00fcnstlern erstellten ersetzt wird, wobei auch alle urspr\u00fcnglichen Soundeffekte ersetzt werden. Zus\u00e4tzlich zu diesen beiden Arten der Gesangs\u00fcbersetzung gibt es auch eine mit Untertiteln.<\/p>\n<p>Die Gesangsbegleitung von Videoinhalten wie Filmen oder TV-Werbespots ist heutzutage weit verbreitet. Wenn es darum geht, den Betrachter zu erfreuen, ist die visuelle Wahrnehmung nur einer der Erfolgsfaktoren. Entscheidend ist auch, wie kompetent und professionell die Gesangsbegleitung zusammengestellt wurde. Wenn Sie eine unangenehme Off-Screen-Stimme h\u00f6ren oder<\/p>\n<p>schlechte Qualit\u00e4t Musik in dem, was Sie gerade sehen, Wir bezweifeln, dass Ihr Eindruck von der Show zufriedenstellend sein wird, auch wenn das &#8220;Bild&#8221; selbst informativ und ansprechend f\u00fcr das Auge ist.<\/p>\n<p>Hochwertige Sprachbegleitung erm\u00f6glicht es, das wichtigste Ziel zu erreichen: den Betrachter anzuziehen und zu halten. Film\u00fcbersetzung erfordert in der Regel viel Aufwand, Zeit sowie eine besondere emotionale Disposition.<\/p>\n<p>Unser Unternehmen ist der Aufgabe gewachsen, alle Arbeiten im Bereich der Sprachlokalisierung zu erledigen, da es Zugang zu erfahrenen Ansagern und Sprachk\u00fcnstlern sowie zu allen erforderlichen Ger\u00e4ten hat und die Qualit\u00e4t und rechtzeitige Stimmlokalisierung aller Jobs garantiert, die Sie ben\u00f6tigen, sei es eine Radiosendung oder ein Film.<\/p>\n<p>Diese einzigartige Kombination aus professionellen \u00dcbersetzern, Sprachk\u00fcnstlern und Ger\u00e4ten, die sich auf die Grenzen eines Unternehmens konzentrieren, erm\u00f6glicht es uns, die Auftr\u00e4ge f\u00fcr die Sprachlokalisierung unserer Kunden innerhalb k\u00fcrzerer Fristen und zu geringeren Kosten zu erf\u00fcllen, verglichen mit diesen separaten Komponenten eines Auftrags, die von verschiedenen Agenturen bearbeitet werden. Dar\u00fcber hinaus erm\u00f6glicht diese Einheit, Probleme, die im Verlauf des Lokalisierungsprozesses auftreten, schneller und effizienter zu l\u00f6sen.<\/p>\n<p>Der Preis des Dienstes:<\/p>\n<p style=\"text-align: left;\">Russische Sprache-ab 8,50 \u20ac \/ min<\/p>\n<p style=\"text-align: left;\">Englisch Sprache \u2014 ab 15,00 \u20ac\/min.<\/p>\n<ol>\n<li><strong>Sie k\u00f6nnen auf uns z\u00e4hlen<\/strong><\/li>\n<\/ol>\n<p>Unsere Dienstleistungen umfassen verbundene Unternehmen. Wir freuen uns \u00fcber jeden Vertrag, der von Ihnen kommen k\u00f6nnte. Bitte z\u00f6gern Sie nicht uns zu kontaktieren.<\/p>\n<p>&nbsp;[\/vc_column_text][\/vc_column][\/vc_row][vc_row equal_height=&#8221;yes&#8221; content_placement=&#8221;bottom&#8221; el_class=&#8221;bgfixed&#8221; css=&#8221;.vc_custom_1460114814860{padding-right: 55px !important;padding-left: 55px !important;background-image: url(http:\/\/www.m-translations.com\/wp-content\/uploads\/2016\/02\/full-width-testimonial-bg-new.jpg?id=1005) !important;}&#8221;][vc_column width=&#8221;3\/4&#8243; css=&#8221;.vc_custom_1456071447347{padding-top: 100px !important;padding-bottom: 100px !important;}&#8221;]<div class=\"testimonial-single\"><div class=\"icon\" style=\"color:#ffba00;\"><i class=\"fa fa-quote-right testimonial-blockquote-icon\"><\/i><\/div><div class=\"testimonial-single-content\" style=\"color:#ffffff;\"><p>Der Service, den wir von M - Translations erhalten, ist immer \u00e4u\u00dferst professionell. Wir sind immer wieder beeindruckt von dem hohen Standard und der Geschwindigkeit ihrer \u00dcbersetzungsarbeit.<\/p><\/div><div class=\"testimonial-single-name\"><span class=\"name\" style=\"color:#ffba00;\">SANJOH DOE,<\/span><span class=\"company\" style=\"color:#ffffff;\">SALAMA CONFERENCES<\/span><\/div><\/div>[\/vc_column][vc_column width=&#8221;1\/4&#8243; offset=&#8221;vc_hidden-xs&#8221;][vc_single_image image=&#8221;654&#8243; img_size=&#8221;full&#8221; alignment=&#8221;right&#8221; css=&#8221;.vc_custom_1455738160118{margin-top: 0px !important;margin-bottom: 0px !important;padding-top: 0px !important;padding-bottom: 0px !important;}&#8221;][\/vc_column][\/vc_row][vc_row el_class=&#8221;backgroundbottomright&#8221; css=&#8221;.vc_custom_1459457137940{padding-top: 22px !important;padding-right: 55px !important;padding-bottom: 53px !important;padding-left: 55px !important;background-image: url(http:\/\/www.m-translations.com\/wp-content\/uploads\/2016\/02\/full-width-step-boxes-bg-1.png?id=1214) !important;background-position: 0 0 !important;background-repeat: no-repeat !important;}&#8221;][vc_column width=&#8221;3\/4&#8243;]<div class=\"step-boxes step-boxes-three-column\"><div class=\"item \"><div class=\"step-boxes-icon\"><i class=\"fa fa-arrow-circle-o-up\"><\/i><\/div><h3>Rundum-Sprach-Service<\/h3><\/div><div class=\"item \"><div class=\"step-boxes-icon\"><i class=\"fa fa-spinner\"><\/i><\/div><h3>Quick Service<\/h3><\/div><div class=\"item \"><div class=\"step-boxes-icon\"><i class=\"fa fa-refresh\"><\/i><\/div><h3>Artikel-Sets<\/h3><\/div><\/div>[\/vc_column][vc_column width=&#8221;1\/4&#8243;][\/vc_column][\/vc_row][vc_row full_width=&#8221;stretch_row_content&#8221; equal_height=&#8221;yes&#8221;][vc_column width=&#8221;1\/2&#8243; css=&#8221;.vc_custom_1455743017117{background-color: #ffba00 !important;}&#8221;][vc_row_inner css=&#8221;.vc_custom_1456071513171{margin-top: 45px !important;margin-bottom: 45px !important;padding-right: 75px !important;padding-left: 75px !important;}&#8221;][vc_column_inner]<div class=\"testimonial-single\"><div class=\"icon\" style=\"color:#ffffff;\"><i class=\"fa fa-quote-right testimonial-blockquote-icon\"><\/i><\/div><div class=\"testimonial-single-content\" style=\"color:#ffffff;\"><p>Ihr Unternehmen war zu unvorhersehbaren Zeiten verf\u00fcgbar und bereit, alles zu tun, um uns \u00dcbersetzungen in Eile zu bringen. Wir sch\u00e4tzen Ihre Arbeit sehr und verweisen Sie gerne weiter.<\/p><\/div><div class=\"testimonial-single-name\"><span class=\"name\" style=\"color:#ffffff;\">EVA BILONDA<\/span><span class=\"company\" style=\"color:#ffffff;\">TREE SPIRIT<\/span><\/div><\/div>[\/vc_column_inner][\/vc_row_inner][\/vc_column][vc_column width=&#8221;1\/2&#8243; el_class=&#8221;bgfixed&#8221; css=&#8221;.vc_custom_1455745016263{padding-top: 58px !important;padding-right: 75px !important;padding-bottom: 50px !important;padding-left: 75px !important;background-image: url(http:\/\/demo.gloriathemes.com\/wp\/perada\/wp-content\/uploads\/2016\/02\/full-width-testimonial-layer-2.jpg?id=666) !important;}&#8221;][vc_row_inner css=&#8221;.vc_custom_1455744292178{margin-bottom: 15px !important;}&#8221;][vc_column_inner]<div class=\"services-box services-box-small services-box-small-alternative \"><div class=\"services-box-icon\"><i class=\"fa fa-paper-plane-o\" style=\"color:#ffba00;\"><\/i><\/div><div class=\"services-box-texts\"><h3 style=\"color:#ffba00;\">Quick-Service<\/h3><p style=\"color:#6d6e71;\">Unser MT App Tool ist eine bequeme und einfache Option f\u00fcr eine maschinelle Online-\u00dcbersetzung. Unsere Website bietet einen gro\u00dfartigen Ort f\u00fcr einen ungezwungenen spezifischen Web-Besuch oder einfach nur ein zuf\u00e4lliges Surfen zwischen all der Aufregung des Webs. Wenn Sie sich \u00fcber einen Inhalt in einer Fremdsprache informieren oder ein Dokument \u00fcbersetzen lassen m\u00f6chten, nutzen Sie einfach unsere Angebotsoption online. Nachdem Sie entschieden haben, ob Sie eine Bestellung f\u00fcr die \u00dcbersetzung Ihrer Dokumente aufgeben m\u00f6chten oder nicht, sollten Sie Ihre Bestellung online \u00fcber unser Online-Bestellformular aufgeben.<\/p><\/div><\/div>[\/vc_column_inner][\/vc_row_inner][vc_row_inner css=&#8221;.vc_custom_1455744292178{margin-bottom: 15px !important;}&#8221;][vc_column_inner]<div class=\"services-box services-box-small services-box-small-alternative \"><div class=\"services-box-icon\"><i class=\"fa fa-repeat\" style=\"color:#ffba00;\"><\/i><\/div><div class=\"services-box-texts\"><h3 style=\"color:#ffba00;\">\u00dcbersetzen f\u00fcr alle Sprachen<\/h3><p style=\"color:#6d6e71;\">Als \u00dcbersetzungsb\u00fcro ist es unsere Hauptaufgabe, um die Welt zu reisen und unter den besten \u00dcbersetzern zu Ihrem eigenen Vorteil zu rekrutieren. Haben wir Ihr Interesse f\u00fcr unsere vielf\u00e4ltigen Dienstleistungen in verschiedenen Lebensbereichen geweckt? Sobald Sie sich in einem Kontext des Lebens befinden, in dem Sie ohne \u00dcbersetzung nicht weiter gehen k\u00f6nnen, wenden Sie sich bitte an unser B\u00fcro. Wir \u00fcbersetzen jede Sprache, die Sie \u00fcbersetzen m\u00f6chten.<\/p><\/div><\/div>[\/vc_column_inner][\/vc_row_inner][vc_row_inner css=&#8221;.vc_custom_1455744292178{margin-bottom: 15px !important;}&#8221;][vc_column_inner]<div class=\"services-box services-box-small services-box-small-alternative \"><div class=\"services-box-icon\"><i class=\"fa fa-thumbs-o-up\" style=\"color:#ffba00;\"><\/i><\/div><div class=\"services-box-texts\"><h3 style=\"color:#ffba00;\">Zuverl\u00e4ssigkeit in Allen Sprachen<\/h3><p style=\"color:#6d6e71;\">Top-Qualit\u00e4t der \u00dcbersetzungen von Rechtlichen Dokumenten profitieren Sie von unserer umfangreichen Erfahrung in der \u00fcbersetzung von juristischen Dokumenten aller Arten. Unsere Mischung aus erfahrenen, erfahrenen Sprachexperten, Branchenexperten und Projektmanagern macht M-Translations zum idealen Partner auch f\u00fcr die komplexesten und speziellsten rechtlichen \u00dcbersetzungsbed\u00fcrfnisse. Wir bieten auch alle Arten von Rechtsdolmetschen an, einschlie\u00dflich Gerichtsdolmetschen.<\/p><\/div><\/div>[\/vc_column_inner][\/vc_row_inner][\/vc_column][\/vc_row]<\/p>\n<\/div>","protected":false},"excerpt":{"rendered":"<p>&nbsp;<\/p>\n","protected":false},"author":1,"featured_media":493,"parent":0,"menu_order":0,"comment_status":"closed","ping_status":"closed","template":"","meta":{"_rsvp_to":"","_rsvp_max":"","_rsvp_show_attendees":"","_rsvp_instructions":"","simple_price":"","simple_price_label":"","venue":"","_template_start_hour":"","_template_start_minutes":"","_sked_minutes":"","_sked_stop":"","_sked_duration":"","_payment_gateway":"Cash or Custom","_rsvp_currency":"USD","_sked_hour":"12","_sked_end":"13:00","rsvp_tx_template":0,"_rsvp_start":0,"_rsvp_deadline":0,"_rsvp_deadline_daysbefore":"0","_rsvp_deadline_hours":"0","_rsvp_reg_daysbefore":"0","_rsvp_reg_hours":"0","_rsvp_count_party":"1","_timezone":"+00:00","_rsvp_on":false,"_add_timezone":false,"_convert_timezone":false,"_calendar_icons":true,"_rsvp_end_display":false,"_rsvp_rsvpmaker_send_confirmation_email":false,"_rsvp_confirmation_after_payment":false,"_rsvp_confirmation_include_event":false,"_rsvp_count":true,"_rsvp_yesno":true,"_rsvp_captcha":false,"_rsvp_login_required":false,"_rsvp_form_show_date":false,"footnotes":""},"class_list":["post-560","page","type-page","status-publish","has-post-thumbnail","hentry"],"yoast_head":"<!-- This site is optimized with the Yoast SEO plugin v27.4 - https:\/\/yoast.com\/product\/yoast-seo-wordpress\/ -->\n<title>volle Breite<\/title>\n<meta name=\"description\" content=\"&nbsp;\" \/>\n<meta name=\"robots\" content=\"index, follow, max-snippet:-1, max-image-preview:large, max-video-preview:-1\" \/>\n<link rel=\"canonical\" href=\"http:\/\/&nbsp;\" \/>\n<meta property=\"og:locale\" content=\"de_DE\" \/>\n<meta property=\"og:type\" content=\"article\" \/>\n<meta property=\"og:title\" content=\"volle Breite\" \/>\n<meta property=\"og:description\" content=\"&nbsp;\" \/>\n<meta property=\"og:url\" content=\"https:\/\/namba22.com\/de\/full-width\/\" \/>\n<meta property=\"og:site_name\" content=\"m-translations.com\" \/>\n<meta property=\"article:modified_time\" content=\"2021-08-20T06:32:22+00:00\" \/>\n<meta property=\"og:image\" content=\"https:\/\/namba22.com\/wp-content\/uploads\/2016\/02\/services.jpg\" \/>\n\t<meta property=\"og:image:width\" content=\"1814\" \/>\n\t<meta property=\"og:image:height\" content=\"356\" \/>\n\t<meta property=\"og:image:type\" content=\"image\/jpeg\" \/>\n<meta name=\"twitter:card\" content=\"summary_large_image\" \/>\n<meta name=\"twitter:label1\" content=\"Gesch\u00e4tzte Lesezeit\" \/>\n\t<meta name=\"twitter:data1\" content=\"8\u00a0Minuten\" \/>\n<script type=\"application\/ld+json\" class=\"yoast-schema-graph\">{\"@context\":\"https:\\\/\\\/schema.org\",\"@graph\":[{\"@type\":\"WebPage\",\"@id\":\"https:\\\/\\\/namba22.com\\\/de\\\/full-width\\\/\",\"url\":\"https:\\\/\\\/namba22.com\\\/de\\\/full-width\\\/\",\"name\":\"Full Width - m-translations.com\",\"isPartOf\":{\"@id\":\"https:\\\/\\\/namba22.com\\\/en\\\/#website\"},\"primaryImageOfPage\":{\"@id\":\"https:\\\/\\\/namba22.com\\\/de\\\/full-width\\\/#primaryimage\"},\"image\":{\"@id\":\"https:\\\/\\\/namba22.com\\\/de\\\/full-width\\\/#primaryimage\"},\"thumbnailUrl\":\"https:\\\/\\\/namba22.com\\\/wp-content\\\/uploads\\\/2016\\\/02\\\/services.jpg\",\"datePublished\":\"2016-02-17T14:59:03+00:00\",\"dateModified\":\"2021-08-20T06:32:22+00:00\",\"breadcrumb\":{\"@id\":\"https:\\\/\\\/namba22.com\\\/de\\\/full-width\\\/#breadcrumb\"},\"inLanguage\":\"de\",\"potentialAction\":[{\"@type\":\"ReadAction\",\"target\":[\"https:\\\/\\\/namba22.com\\\/de\\\/full-width\\\/\"]}]},{\"@type\":\"ImageObject\",\"inLanguage\":\"de\",\"@id\":\"https:\\\/\\\/namba22.com\\\/de\\\/full-width\\\/#primaryimage\",\"url\":\"https:\\\/\\\/namba22.com\\\/wp-content\\\/uploads\\\/2016\\\/02\\\/services.jpg\",\"contentUrl\":\"https:\\\/\\\/namba22.com\\\/wp-content\\\/uploads\\\/2016\\\/02\\\/services.jpg\",\"width\":1814,\"height\":356},{\"@type\":\"BreadcrumbList\",\"@id\":\"https:\\\/\\\/namba22.com\\\/de\\\/full-width\\\/#breadcrumb\",\"itemListElement\":[{\"@type\":\"ListItem\",\"position\":1,\"name\":\"Home\",\"item\":\"https:\\\/\\\/namba22.com\\\/\"},{\"@type\":\"ListItem\",\"position\":2,\"name\":\"volle Breite\"}]},{\"@type\":\"WebSite\",\"@id\":\"https:\\\/\\\/namba22.com\\\/de\\\/en\\\/#website\",\"url\":\"https:\\\/\\\/namba22.com\\\/de\\\/en\\\/\",\"name\":\"m-translations.com\",\"description\":\"m-translations.com\",\"potentialAction\":[{\"@type\":\"SearchAction\",\"target\":{\"@type\":\"EntryPoint\",\"urlTemplate\":\"https:\\\/\\\/namba22.com\\\/de\\\/en\\\/?s={search_term_string}\"},\"query-input\":{\"@type\":\"PropertyValueSpecification\",\"valueRequired\":true,\"valueName\":\"search_term_string\"}}],\"inLanguage\":\"de\"}]}<\/script>\n<!-- \/ Yoast SEO plugin. -->","yoast_head_json":{"title":"volle Breite","description":"&nbsp;","robots":{"index":"index","follow":"follow","max-snippet":"max-snippet:-1","max-image-preview":"max-image-preview:large","max-video-preview":"max-video-preview:-1"},"canonical":"&nbsp;","og_locale":"de_DE","og_type":"article","og_title":"volle Breite","og_description":"&nbsp;","og_url":"https:\/\/namba22.com\/de\/full-width\/","og_site_name":"m-translations.com","article_modified_time":"2021-08-20T06:32:22+00:00","og_image":[{"width":1814,"height":356,"url":"https:\/\/namba22.com\/wp-content\/uploads\/2016\/02\/services.jpg","type":"image\/jpeg"}],"twitter_card":"summary_large_image","twitter_misc":{"Gesch\u00e4tzte Lesezeit":"8\u00a0Minuten"},"schema":{"@context":"https:\/\/schema.org","@graph":[{"@type":"WebPage","@id":"https:\/\/namba22.com\/de\/full-width\/","url":"https:\/\/namba22.com\/de\/full-width\/","name":"Full Width - m-translations.com","isPartOf":{"@id":"https:\/\/namba22.com\/en\/#website"},"primaryImageOfPage":{"@id":"https:\/\/namba22.com\/de\/full-width\/#primaryimage"},"image":{"@id":"https:\/\/namba22.com\/de\/full-width\/#primaryimage"},"thumbnailUrl":"https:\/\/namba22.com\/wp-content\/uploads\/2016\/02\/services.jpg","datePublished":"2016-02-17T14:59:03+00:00","dateModified":"2021-08-20T06:32:22+00:00","breadcrumb":{"@id":"https:\/\/namba22.com\/de\/full-width\/#breadcrumb"},"inLanguage":"de","potentialAction":[{"@type":"ReadAction","target":["https:\/\/namba22.com\/de\/full-width\/"]}]},{"@type":"ImageObject","inLanguage":"de","@id":"https:\/\/namba22.com\/de\/full-width\/#primaryimage","url":"https:\/\/namba22.com\/wp-content\/uploads\/2016\/02\/services.jpg","contentUrl":"https:\/\/namba22.com\/wp-content\/uploads\/2016\/02\/services.jpg","width":1814,"height":356},{"@type":"BreadcrumbList","@id":"https:\/\/namba22.com\/de\/full-width\/#breadcrumb","itemListElement":[{"@type":"ListItem","position":1,"name":"Home","item":"https:\/\/namba22.com\/"},{"@type":"ListItem","position":2,"name":"volle Breite"}]},{"@type":"WebSite","@id":"https:\/\/namba22.com\/de\/en\/#website","url":"https:\/\/namba22.com\/de\/en\/","name":"m-translations.com","description":"m-translations.com","potentialAction":[{"@type":"SearchAction","target":{"@type":"EntryPoint","urlTemplate":"https:\/\/namba22.com\/de\/en\/?s={search_term_string}"},"query-input":{"@type":"PropertyValueSpecification","valueRequired":true,"valueName":"search_term_string"}}],"inLanguage":"de"}]}},"_links":{"self":[{"href":"https:\/\/namba22.com\/de\/wp-json\/wp\/v2\/pages\/560","targetHints":{"allow":["GET"]}}],"collection":[{"href":"https:\/\/namba22.com\/de\/wp-json\/wp\/v2\/pages"}],"about":[{"href":"https:\/\/namba22.com\/de\/wp-json\/wp\/v2\/types\/page"}],"author":[{"embeddable":true,"href":"https:\/\/namba22.com\/de\/wp-json\/wp\/v2\/users\/1"}],"replies":[{"embeddable":true,"href":"https:\/\/namba22.com\/de\/wp-json\/wp\/v2\/comments?post=560"}],"version-history":[{"count":8,"href":"https:\/\/namba22.com\/de\/wp-json\/wp\/v2\/pages\/560\/revisions"}],"predecessor-version":[{"id":2579,"href":"https:\/\/namba22.com\/de\/wp-json\/wp\/v2\/pages\/560\/revisions\/2579"}],"wp:featuredmedia":[{"embeddable":true,"href":"https:\/\/namba22.com\/de\/wp-json\/wp\/v2\/media\/493"}],"wp:attachment":[{"href":"https:\/\/namba22.com\/de\/wp-json\/wp\/v2\/media?parent=560"}],"curies":[{"name":"wp","href":"https:\/\/api.w.org\/{rel}","templated":true}]}}