{"id":558,"date":"2016-02-17T14:58:50","date_gmt":"2016-02-17T14:58:50","guid":{"rendered":"http:\/\/demo.gloriathemes.com\/wp\/perada\/?page_id=558"},"modified":"2022-04-26T16:09:01","modified_gmt":"2022-04-26T16:09:01","slug":"f-a-q","status":"publish","type":"page","link":"https:\/\/namba22.com\/de\/f-a-q\/","title":{"rendered":"f.a.q"},"content":{"rendered":"<div class=\"wpb-content-wrapper\"><p>[vc_row el_class=&#8221;container&#8221; css=&#8221;.vc_custom_1455806275992{padding-right: 0px !important;padding-left: 0px !important;}&#8221;][vc_column][vc_column_text]Haben Sie Fragen zu <br \/>Ihrem Projekt?<\/p>\n<p>Kontaktieren Sie uns jederzeit:<\/p>\n<p><strong>info@m-translations.com<\/strong><\/p>\n<p>Wie kann ich darauf vertrauen, dass Ihre \u00dcbersetzungen korrekt sind? Haben Sie irgendwelche Referenzen?<\/p>\n<p>Wenn Sie mit M-Translations.com arbeiten, sind Sie in sicheren H\u00e4nden. Wir sind stolz auf unsere Erfahrung, die wir in den Jahren seit dem 13. Januar 1994 in fast allen Bereichen des Lebens. Aber nehmen Sie uns nicht einfach beim Wort. Die einzige M\u00f6glichkeit, sich von der Richtigkeit und Zuverl\u00e4ssigkeit unserer Arbeit zu \u00fcberzeugen, ist ein Versuch. Sie werden nicht entt\u00e4uscht sein.<\/p>\n<p>Qualit\u00e4t und Genauigkeit sind f\u00fcr uns von gr\u00f6\u00dfter Bedeutung, und wir weisen jedes Projekt immer dem \u00dcbersetzungsteam zu, das \u00fcber die besten Fachkenntnisse in dem entsprechenden Bereich verf\u00fcgt.<\/p>\n<p><strong>Wo befindet sich M-Translations?<\/strong>[\/vc_column_text][\/vc_column][\/vc_row][vc_row el_class=&#8221;container&#8221; css=&#8221;.vc_custom_1455806291302{margin-bottom: 12px !important;padding-right: 0px !important;padding-left: 0px !important;}&#8221;][vc_column width=&#8221;1\/3&#8243;][vc_column_text]<\/p>\n<ul>\n<li><strong><span style=\"color: #6d6e71;\">B\u00fcro in Deutschland &#8211; N\u00fcrnberg:<\/span><\/strong><\/li>\n<li><span style=\"color: #6d6e71; font-weight: 500;\">Peter-Henlein-Stra\u00dfe 73 <\/span><\/li>\n<li><span style=\"color: #6d6e71; font-weight: 500;\"><span style=\"color: #6d6e71; font-weight: 500;\">90459, N\u00fcrnberg<br \/>\n<\/span><\/span><span style=\"color: #6d6e71;\">Deutschland<\/span><\/li>\n<\/ul>\n<p>[\/vc_column_text][\/vc_column][vc_column width=&#8221;1\/3&#8243;][vc_column_text]<\/p>\n<ul style=\"color: #ffba00; font-weight: 600;\">\n<li><span style=\"color: #6d6e71; font-weight: 500;\"><strong>B\u00fcro USA:<\/strong> <\/span><\/li>\n<li><span style=\"color: #6d6e71; font-weight: 500;\">Wird noch bekannt gegeben <\/span><\/li>\n<li><span style=\"color: #6d6e71; font-weight: 500;\">Seien Sie Teil der L\u00f6sung<\/span><\/li>\n<\/ul>\n<p>[\/vc_column_text][\/vc_column][vc_column width=&#8221;1\/3&#8243;][vc_column_text]<\/p>\n<ol style=\"color: #ffba00; font-weight: 600;\">\n<li><span style=\"color: #6d6e71; font-weight: 500;\"><strong>B\u00fcro in der Demokratischen Republik Kongo:<\/strong> Wird noch bekannt gegeben<\/span><\/li>\n<li><span style=\"color: #6d6e71; font-weight: 500;\"><strong>RSA-B\u00fcro:<\/strong> Wird noch bekannt gegeben<\/span><\/li>\n<li><span style=\"color: #6d6e71; font-weight: 500;\"><strong>T\u00fcrkei B\u00fcro:<\/strong> Wird noch bekannt gegeben<\/span><\/li>\n<\/ol>\n<p>[\/vc_column_text][\/vc_column][\/vc_row][vc_row el_class=&#8221;container&#8221; css=&#8221;.vc_custom_1455808244539{margin-bottom: 27px !important;padding-right: 0px !important;padding-left: 0px !important;}&#8221;][vc_column][vc_column_text]<strong>Welche Sprachen \u00fcbersetzen Sie?<\/strong><\/p>\n<p>Von Afrikaans bis Zulu bieten wir \u00dcbersetzungen in und aus jedem Sprachpaar der Welt an.[\/vc_column_text][\/vc_column][\/vc_row][vc_row css=&#8221;.vc_custom_1460114293307{margin-bottom: 45px !important;padding-left: 0px !important;}&#8221; el_class=&#8221;container&#8221;][vc_column width=&#8221;1\/2&#8243;][vc_tta_accordion style=&#8221;flat&#8221; color=&#8221;white&#8221; c_icon=&#8221;chevron&#8221; c_position=&#8221;right&#8221; active_section=&#8221;1&#8243; el_class=&#8221;perada-accordion full-area-container-content-right&#8221; css=&#8221;.vc_custom_1456241554028{margin-top: -39px !important;margin-left: 0px !important;border-left-width: 0px !important;padding-left: 0px !important;}&#8221;][vc_tta_section title=&#8221;1. Wie kann ich darauf vertrauen, dass Ihre \u00dcbersetzungen korrekt sind? Haben Sie irgendwelche Referenzen?&#8221; tab_id=&#8221;1455807586151-ea6c2ae8-5760&#8243; el_class=&#8221;animate anim-fadeInUp animate-delay-0-30&#8243;][vc_column_text]Wenn Sie mit M-Translations.com arbeiten, sind Sie in sicheren H\u00e4nden. Wir sind stolz auf unsere Erfahrung, die wir in den Jahren seit dem 13. Januar 1994 in fast allen Bereichen des Lebens. Aber nehmen Sie uns nicht einfach beim Wort. Die einzige M\u00f6glichkeit, sich von der Richtigkeit und Zuverl\u00e4ssigkeit unserer Arbeit zu \u00fcberzeugen, ist ein Versuch. Sie werden nicht entt\u00e4uscht sein.<br \/>\nQualit\u00e4t und Genauigkeit sind f\u00fcr uns von gr\u00f6\u00dfter Bedeutung, und wir weisen jedes Projekt immer dem \u00dcbersetzungsteam zu, das \u00fcber die besten Fachkenntnisse in dem entsprechenden Bereich verf\u00fcgt.[\/vc_column_text][\/vc_tta_section][vc_tta_section title=&#8221;2. Wo befindet sich M-Translations?&#8221; tab_id=&#8221;1455807586245-66f37af8-9147&#8243; el_class=&#8221;animate anim-fadeInUp animate-delay-0-60&#8243;][vc_column_text]<\/p>\n<ul>\n<li><strong><span style=\"color: #6d6e71;\">B\u00fcro in Deutschland &#8211; N\u00fcrnberg:<\/span><\/strong><\/li>\n<li><span style=\"color: #6d6e71; font-weight: 500;\">Peter-Henlein-Stra\u00dfe 73 <\/span><\/li>\n<li><span style=\"color: #6d6e71; font-weight: 500;\"><span style=\"color: #6d6e71; font-weight: 500;\">90459, N\u00fcrnberg<br \/>\n<\/span><\/span><span style=\"color: #6d6e71;\">Deutschland<\/span><\/li>\n<\/ul>\n<ul style=\"color: #ffba00; font-weight: 600;\">\n<li><span style=\"color: #6d6e71; font-weight: 500;\"><strong>B\u00fcro USA:<\/strong> <\/span><\/li>\n<li><span style=\"color: #6d6e71; font-weight: 500;\">Wird noch bekannt gegeben <\/span><\/li>\n<li><span style=\"color: #6d6e71; font-weight: 500;\">Seien Sie Teil der L\u00f6sung<\/span><\/li>\n<\/ul>\n<ol style=\"color: #ffba00; font-weight: 600;\">\n<li><span style=\"color: #6d6e71; font-weight: 500;\"><strong>B\u00fcro in der Demokratischen Republik Kongo:<\/strong> Wird noch bekannt gegeben<\/span><\/li>\n<li><span style=\"color: #6d6e71; font-weight: 500;\"><strong>RSA-B\u00fcro:<\/strong> Wird noch bekannt gegeben<\/span><\/li>\n<li><span style=\"color: #6d6e71; font-weight: 500;\"><strong>T\u00fcrkei B\u00fcro:<\/strong> Wird noch bekannt gegeben<\/span><\/li>\n<\/ol>\n<p>[\/vc_column_text][\/vc_tta_section][vc_tta_section title=&#8221;3. Welche Sprachen \u00fcbersetzen Sie?&#8221; tab_id=&#8221;1455807925912-8a322220-ac8e&#8221; el_class=&#8221;animate anim-fadeInUp animate-delay-0-90&#8243;][vc_column_text]Von Afrikaans bis Zulu bieten wir \u00dcbersetzungen in und aus jedem Sprachpaar der Welt an.[\/vc_column_text][\/vc_tta_section][vc_tta_section title=&#8221;4. Was ist der Unterschied zwischen einer beglaubigten und einer notariell beglaubigten \u00dcbersetzung?&#8221; tab_id=&#8221;1455807935994-6dafcc03-ff0d&#8221; el_class=&#8221;animate anim-fadeInUp animate-delay-1-20&#8243;][vc_column_text]Bei einer beglaubigten \u00dcbersetzung handelt es sich um ein Dokument, das von einem professionellen \u00dcbersetzer \u00fcbersetzt wurde und mit einer unterzeichneten Bescheinigung der Richtigkeit versehen ist. Eine notariell beglaubigte \u00dcbersetzung tr\u00e4gt das Siegel eines Notars und ist eine zus\u00e4tzliche Dienstleistung, bei der Ihr Dokument mit der Unterschrift eines Notars versehen wird. Sie k\u00f6nnen uns jederzeit <strong>kontaktieren<\/strong>, wenn Sie nicht sicher sind, welche Art von Dokument Sie ben\u00f6tigen. Unsere erfahrenen Berater sind hier, um Ihnen zu helfen.[\/vc_column_text][\/vc_tta_section][vc_tta_section title=&#8221;5. Was ist ein \u201cvereidigter \u00dcbersetzer\u201d und haben Sie welche zur Verf\u00fcgung?&#8221; tab_id=&#8221;1455807935327-f628d3e8-2c96&#8243; el_class=&#8221;animate anim-fadeInUp animate-delay-1-50&#8243;][vc_column_text]Ein beeidigter \u00dcbersetzer ist ein \u00dcbersetzer, der von der Regierung seines Wohnsitzes beglaubigt wurde und seine \u00dcbersetzungen direkt als korrekt und originalgetreu abstempeln kann. Das System in den USA und vielen anderen L\u00e4ndern funktioniert anders, und wir kombinieren die Beglaubigung unserer Agentur mit der Unterschrift eines Notars, um den gleichen Standard zu erreichen.[\/vc_column_text][\/vc_tta_section][vc_tta_section title=&#8221;6. Ich habe eine Geburtsurkunde, die ich \u00fcbersetzt und beglaubigt haben m\u00f6chte. K\u00f6nnen Sie diesen Service anbieten?&#8221; tab_id=&#8221;1455807934612-70798848-6f7d&#8221; el_class=&#8221;animate anim-fadeInUp animate-delay-1-80&#8243;][vc_column_text]Ja. M-Translations bietet beglaubigte \u00dcbersetzungen f\u00fcr alle offiziellen Dokumente, wie z. B. Geburtsurkunden, an. Wir beglaubigen Ihr Dokument sogar kostenlos.[\/vc_column_text][\/vc_tta_section][vc_tta_section title=&#8221;7. Wie kann ich meine Dokumente an Tages\u00fcbersetzungen schicken?&#8221; tab_id=&#8221;1455807933911-5dedded8-adde&#8221; el_class=&#8221;animate anim-fadeInUp animate-delay-2-10&#8243;][vc_column_text]Senden Sie Ihre Dokumente per E-Mail an <a href=\"mailto:contact@daytranslations.com\">contact@daytranslations.com<\/a>, per Fax an 1-800-856-2759, oder per SMS von Ihrem Mobiltelefon an 1-415-335-4877 und wir werden Ihnen in weniger als 10 Minuten ein KOSTENLOSES Angebot unterbreiten.[\/vc_column_text][\/vc_tta_section][vc_tta_section title=&#8221;8. Wie lange wird es dauern, bis meine Dokumente \u00fcbersetzt sind?&#8221; tab_id=&#8221;1455807933063-0cb3a377-2509&#8243; el_class=&#8221;animate anim-fadeInUp animate-delay-2-40&#8243;][vc_column_text]Die Zeit, die wir f\u00fcr die \u00dcbersetzung Ihrer Dokumente ben\u00f6tigen, h\u00e4ngt von der Gr\u00f6\u00dfe Ihres Projekts, der Komplexit\u00e4t des Dokuments und der gew\u00fcnschten Sprache(n) ab. Wir bieten keine \u201cEinheitsl\u00f6sung\u201d oder einen \u201cEinheitsdienst\u201d an.<br \/>\nUnd da jede Anfrage anders ist, laden wir Sie ein, uns zu kontaktieren um Ihre individuellen Anforderungen zu besprechen. Wir werden immer unser Bestes tun, um Ihre Erwartungen zu \u00fcbertreffen, egal innerhalb welcher Frist.[\/vc_column_text][\/vc_tta_section]<br \/>\n[vc_tta_section title=&#8221;9. Muss ich Ihnen Originaldokumente vorlegen? Und wie lauten Ihre Zahlungsbedingungen und -methoden?&#8221; tab_id=&#8221;1455807934612-70798848-6f7d&#8221; el_class=&#8221;animate anim-fadeInUp animate-delay-1-80&#8243;][vc_column_text]Nein. Eine Originalkopie Ihres Dokuments ist nicht notwendig. Eine gescannte Kopie per E-Mail, Fax oder Foto ist ausreichend.<br \/>\nWir akzeptieren Kreditkarten, Debitkarten, PayPal, Schecks und Bank\u00fcberweisungen. Die Zahlung wird im Voraus erbeten.[\/vc_column_text][\/vc_tta_section][\/vc_tta_accordion][\/vc_column][vc_column width=&#8221;1\/2&#8243; el_class=&#8221;bgfixed&#8221; css=&#8221;.vc_custom_1456058143762{background-image: url(http:\/\/www.m-translations.com\/wp-content\/uploads\/2016\/02\/faq-testimonial-new.jpg?id=999) !important;}&#8221;][vc_row_inner css=&#8221;.vc_custom_1460114269919{padding-top: 99px !important;padding-right: 100px !important;padding-bottom: 99px !important;padding-left: 100px !important;}&#8221;][vc_column_inner]<div class=\"testimonial-single\"><div class=\"icon\" style=\"color:#ffffff;\"><i class=\"fa fa-quote-right testimonial-blockquote-icon\"><\/i><\/div><div class=\"testimonial-single-content\" style=\"color:#ffffff;\"><p>Unser \u00dcbersetzungsb\u00fcro ist auf branchen\u00fcbergreifende Sprachdienstleistungen spezialisiert. Wir sind in der Lage, eine gleichbleibend exzellente Qualit\u00e4t von \u00dcbersetzungsdienstleistungen in verschiedenen Bereichen zu garantieren, indem wir sicherstellen, dass jede \u00dcbersetzung eines Dokuments an die an den besten geeigneten Mitgliedern unseres spezialisierten Teams von hochqualifizierten \u00dcbersetzern, Korrekturlesern und Lektoren vergeben wird. Schnelle Reaktion - weltweit, Unser weltumspannender Betrieb gew\u00e4hrleistet, dass unser B\u00fcro in der Lage ist, auf Ihre Anfrage zu reagieren. Wir garantieren Ihnen, dass Sie ein verbindliches Angebot erhalten.<\/p><\/div><\/div>[\/vc_column_inner][\/vc_row_inner][\/vc_column][\/vc_row][vc_row el_class=&#8221;container&#8221; css=&#8221;.vc_custom_1455813229346{margin-bottom: 17px !important;padding-right: 0px !important;padding-left: 0px !important;}&#8221;][vc_column][vc_column_text]<strong>Was ist der Unterschied zwischen einer beglaubigten und einer notariell beglaubigten \u00dcbersetzung?<\/strong><\/p>\n<p>Bei einer beglaubigten \u00dcbersetzung handelt es sich um ein Dokument, das von einem professionellen \u00dcbersetzer \u00fcbersetzt wurde und mit einer unterzeichneten Bescheinigung der Richtigkeit versehen ist. Eine notariell beglaubigte \u00dcbersetzung tr\u00e4gt das Siegel eines Notars und ist eine zus\u00e4tzliche Dienstleistung, bei der Ihr Dokument mit der Unterschrift eines Notars versehen wird. Sie k\u00f6nnen uns jederzeit <strong><a href=\"https:\/\/www.daytranslations.com\/contact-us\/\">kontaktieren<\/a><\/strong> wenn Sie nicht sicher sind, welche Art von Dokument Sie ben\u00f6tigen. Unsere erfahrenen Berater sind hier, um Ihnen zu helfen.<\/p>\n<p><strong>Was ist ein &#8220;vereidigter \u00dcbersetzer&#8221; und haben Sie welche zur Verf\u00fcgung?<\/strong><\/p>\n<p>Ein beeidigter \u00dcbersetzer ist ein \u00dcbersetzer, der von der Regierung seines Wohnsitzes beglaubigt wurde und seine \u00dcbersetzungen direkt als korrekt und originalgetreu abstempeln kann. Das System in den USA und vielen anderen L\u00e4ndern funktioniert anders, und wir kombinieren die Beglaubigung unserer Agentur mit der Unterschrift eines Notars, um den gleichen Standard zu erreichen.<\/p>\n<p><strong>Ich habe eine Geburtsurkunde, die ich \u00fcbersetzt und beglaubigt haben m\u00f6chte. K\u00f6nnen Sie diesen Service anbieten?<\/strong><\/p>\n<p>Ja. M-Translations bietet <a href=\"https:\/\/www.daytranslations.com\/certified-translation-services\/\">beglaubigte \u00dcbersetzungen<\/a> f\u00fcr alle offiziellen Dokumente, wie z. B. Geburtsurkunden, an. Wir beglaubigen Ihr Dokument sogar kostenlos.<\/p>\n<p><strong>Wie kann ich meine Dokumente an Tages\u00fcbersetzungen schicken?<\/strong><\/p>\n<p>Senden Sie Ihre Dokumente per E-Mail an <a href=\"mailto:contact@daytranslations.com?Subject=Hello%20again\">contact@daytranslations.com<\/a>, per Fax an 1-800-856-2759, oder per SMS von Ihrem Mobiltelefon an 1-415-335-4877 und wir werden Ihnen in weniger als 10 Minuten ein KOSTENLOSES Angebot unterbreiten.<\/p>\n<p><strong>Wie lange wird es dauern, bis meine Dokumente \u00fcbersetzt sind?<\/strong><\/p>\n<p>Die Zeit, die wir f\u00fcr die \u00dcbersetzung Ihrer Dokumente ben\u00f6tigen, h\u00e4ngt von der Gr\u00f6\u00dfe Ihres Projekts, der Komplexit\u00e4t des Dokuments und der gew\u00fcnschten Sprache(n) ab. Wir bieten keine &#8220;Einheitsl\u00f6sung&#8221; oder einen &#8220;Einheitsdienst&#8221; an.<br \/>\n Und da jede Anfrage anders ist, laden wir Sie ein, <a href=\"https:\/\/www.daytranslations.com\/contact-us\/\">uns zu kontaktieren<\/a> um Ihre individuellen Anforderungen zu besprechen. Wir werden immer unser Bestes tun, um Ihre Erwartungen zu \u00fcbertreffen, egal innerhalb welcher Frist.<\/p>\n<p><strong>Muss ich Ihnen Originaldokumente vorlegen?<\/strong><\/p>\n<p>Nein. Eine Originalkopie Ihres Dokuments ist nicht notwendig. Eine gescannte Kopie per E-Mail, Fax oder Foto ist ausreichend.<\/p>\n<p><strong>Wie lauten Ihre Zahlungsbedingungen und -methoden?<\/strong><\/p>\n<p>Wir akzeptieren Kreditkarten, Debitkarten, PayPal, Schecks und Bank\u00fcberweisungen. Die Zahlung wird im Voraus erbeten.[\/vc_column_text][\/vc_column][\/vc_row][vc_row css=&#8221;.vc_custom_1455804959465{padding-top: 6px !important;padding-bottom: 40px !important;background-color: #ffba00 !important;}&#8221;][vc_column][vc_row_inner el_class=&#8221;container&#8221; css=&#8221;.vc_custom_1455804950320{padding-right: 0px !important;padding-left: 0px !important;}&#8221;][vc_column_inner]<div class=\"clients-widget\"><div class=\"owl-carousel-clients-279261738\"><div class=\"item\"><a href=\"\" title=\"Client\" ><img decoding=\"async\" src=\"https:\/\/namba22.com\/wp-content\/uploads\/2016\/02\/ref1.png\" alt=\"Client\" \/><\/a><\/div><div class=\"item\"><a href=\"\" title=\"Client\" ><img decoding=\"async\" src=\"https:\/\/namba22.com\/wp-content\/uploads\/2016\/02\/ref2.png\" alt=\"Client\" \/><\/a><\/div><div class=\"item\"><a href=\"\" title=\"Client\" ><img decoding=\"async\" src=\"https:\/\/namba22.com\/wp-content\/uploads\/2016\/02\/ref3.png\" alt=\"Client\" \/><\/a><\/div><div class=\"item\"><a href=\"\" title=\"Client\" ><img decoding=\"async\" src=\"https:\/\/namba22.com\/wp-content\/uploads\/2016\/02\/ref4.png\" alt=\"Client\" \/><\/a><\/div><div class=\"item\"><a href=\"\" title=\"Client\" ><img decoding=\"async\" src=\"https:\/\/namba22.com\/wp-content\/uploads\/2016\/02\/ref5.png\" alt=\"Client\" \/><\/a><\/div><div class=\"item\"><a href=\"\" title=\"Client\" ><img decoding=\"async\" src=\"https:\/\/namba22.com\/wp-content\/uploads\/2016\/02\/ref6.png\" alt=\"Client\" \/><\/a><\/div><\/div><\/div><script>\r\n\t\t\t\t\t\t\tjQuery(document).ready(function($){\r\n\t\t\t\t\t\t\t\t$('.owl-carousel-clients-279261738').owlCarousel({\r\n\t\t\t\t\t\t\t\t\tloop:true,\r\n\t\t\t\t\t\t\t\t\tnav:false,\r\n\t\t\t\t\t\t\t\t\tmargin:80,\r\n\t\t\t\t\t\t\t\t\tdots:false,\r\n\t\t\t\t\t\t\t\t\tautoWidth:true,\r\n\t\t\t\t\t\t\t\t\tresponsive:{\r\n\t\t\t\t\t\t\t\t\t\t0:{\r\n\t\t\t\t\t\t\t\t\t\t\titems:2,\r\n\t\t\t\t\t\t\t\t\t\t},\r\n\t\t\t\t\t\t\t\t\t\t768:{\r\n\t\t\t\t\t\t\t\t\t\t\titems:6,\r\n\t\t\t\t\t\t\t\t\t\t},\r\n\t\t\t\t\t\t\t\t\t}\r\n\t\t\t\t\t\t\t\t});\r\n\t\t\t\t\t\t\t});\r\n\t\t\t\t\t\t<\/script>[\/vc_column_inner][\/vc_row_inner][\/vc_column][\/vc_row]<\/p>\n<\/div>","protected":false},"excerpt":{"rendered":"<p>Haben Sie Fragen zu Ihrem Projekt?<\/p>\n","protected":false},"author":1,"featured_media":0,"parent":0,"menu_order":0,"comment_status":"closed","ping_status":"closed","template":"","meta":{"_rsvp_to":"","_rsvp_max":"","_rsvp_show_attendees":"","_rsvp_instructions":"","simple_price":"","simple_price_label":"","venue":"","_template_start_hour":"","_template_start_minutes":"","_sked_minutes":"","_sked_stop":"","_sked_duration":"","_payment_gateway":"Cash or Custom","_rsvp_currency":"USD","_sked_hour":"12","_sked_end":"13:00","rsvp_tx_template":0,"_rsvp_start":0,"_rsvp_deadline":0,"_rsvp_deadline_daysbefore":"0","_rsvp_deadline_hours":"0","_rsvp_reg_daysbefore":"0","_rsvp_reg_hours":"0","_rsvp_count_party":"1","_timezone":"+00:00","_rsvp_on":false,"_add_timezone":false,"_convert_timezone":false,"_calendar_icons":true,"_rsvp_end_display":false,"_rsvp_rsvpmaker_send_confirmation_email":false,"_rsvp_confirmation_after_payment":false,"_rsvp_confirmation_include_event":false,"_rsvp_count":true,"_rsvp_yesno":true,"_rsvp_captcha":false,"_rsvp_login_required":false,"_rsvp_form_show_date":false,"footnotes":""},"class_list":["post-558","page","type-page","status-publish","hentry"],"yoast_head":"<!-- This site is optimized with the Yoast SEO plugin v27.4 - https:\/\/yoast.com\/product\/yoast-seo-wordpress\/ -->\n<title>f.a.q<\/title>\n<meta name=\"description\" content=\"Haben Sie Fragen zu Ihrem Projekt?\" \/>\n<meta name=\"robots\" content=\"index, follow, max-snippet:-1, max-image-preview:large, max-video-preview:-1\" \/>\n<link rel=\"canonical\" href=\"http:\/\/Haben%20Sie%20Fragen%20zu%20Ihrem%20Projekt?\" \/>\n<meta property=\"og:locale\" content=\"de_DE\" \/>\n<meta property=\"og:type\" content=\"article\" \/>\n<meta property=\"og:title\" content=\"f.a.q\" \/>\n<meta property=\"og:description\" content=\"Haben Sie Fragen zu Ihrem Projekt?\" \/>\n<meta property=\"og:url\" content=\"https:\/\/namba22.com\/de\/f-a-q\/\" \/>\n<meta property=\"og:site_name\" content=\"m-translations.com\" \/>\n<meta property=\"article:modified_time\" content=\"2022-04-26T16:09:01+00:00\" \/>\n<meta name=\"twitter:card\" content=\"summary_large_image\" \/>\n<meta name=\"twitter:label1\" content=\"Gesch\u00e4tzte Lesezeit\" \/>\n\t<meta name=\"twitter:data1\" content=\"8\u00a0Minuten\" \/>\n<script type=\"application\/ld+json\" class=\"yoast-schema-graph\">{\"@context\":\"https:\\\/\\\/schema.org\",\"@graph\":[{\"@type\":\"WebPage\",\"@id\":\"https:\\\/\\\/namba22.com\\\/de\\\/f-a-q\\\/\",\"url\":\"https:\\\/\\\/namba22.com\\\/de\\\/f-a-q\\\/\",\"name\":\"F.A.Q - m-translations.com\",\"isPartOf\":{\"@id\":\"https:\\\/\\\/namba22.com\\\/en\\\/#website\"},\"datePublished\":\"2016-02-17T14:58:50+00:00\",\"dateModified\":\"2022-04-26T16:09:01+00:00\",\"breadcrumb\":{\"@id\":\"https:\\\/\\\/namba22.com\\\/de\\\/f-a-q\\\/#breadcrumb\"},\"inLanguage\":\"de\",\"potentialAction\":[{\"@type\":\"ReadAction\",\"target\":[\"https:\\\/\\\/namba22.com\\\/de\\\/f-a-q\\\/\"]}]},{\"@type\":\"BreadcrumbList\",\"@id\":\"https:\\\/\\\/namba22.com\\\/de\\\/f-a-q\\\/#breadcrumb\",\"itemListElement\":[{\"@type\":\"ListItem\",\"position\":1,\"name\":\"Home\",\"item\":\"https:\\\/\\\/namba22.com\\\/\"},{\"@type\":\"ListItem\",\"position\":2,\"name\":\"f.a.q\"}]},{\"@type\":\"WebSite\",\"@id\":\"https:\\\/\\\/namba22.com\\\/de\\\/en\\\/#website\",\"url\":\"https:\\\/\\\/namba22.com\\\/de\\\/en\\\/\",\"name\":\"m-translations.com\",\"description\":\"m-translations.com\",\"potentialAction\":[{\"@type\":\"SearchAction\",\"target\":{\"@type\":\"EntryPoint\",\"urlTemplate\":\"https:\\\/\\\/namba22.com\\\/de\\\/en\\\/?s={search_term_string}\"},\"query-input\":{\"@type\":\"PropertyValueSpecification\",\"valueRequired\":true,\"valueName\":\"search_term_string\"}}],\"inLanguage\":\"de\"}]}<\/script>\n<!-- \/ Yoast SEO plugin. -->","yoast_head_json":{"title":"f.a.q","description":"Haben Sie Fragen zu Ihrem Projekt?","robots":{"index":"index","follow":"follow","max-snippet":"max-snippet:-1","max-image-preview":"max-image-preview:large","max-video-preview":"max-video-preview:-1"},"canonical":"Haben Sie Fragen zu Ihrem Projekt?","og_locale":"de_DE","og_type":"article","og_title":"f.a.q","og_description":"Haben Sie Fragen zu Ihrem Projekt?","og_url":"https:\/\/namba22.com\/de\/f-a-q\/","og_site_name":"m-translations.com","article_modified_time":"2022-04-26T16:09:01+00:00","twitter_card":"summary_large_image","twitter_misc":{"Gesch\u00e4tzte Lesezeit":"8\u00a0Minuten"},"schema":{"@context":"https:\/\/schema.org","@graph":[{"@type":"WebPage","@id":"https:\/\/namba22.com\/de\/f-a-q\/","url":"https:\/\/namba22.com\/de\/f-a-q\/","name":"F.A.Q - m-translations.com","isPartOf":{"@id":"https:\/\/namba22.com\/en\/#website"},"datePublished":"2016-02-17T14:58:50+00:00","dateModified":"2022-04-26T16:09:01+00:00","breadcrumb":{"@id":"https:\/\/namba22.com\/de\/f-a-q\/#breadcrumb"},"inLanguage":"de","potentialAction":[{"@type":"ReadAction","target":["https:\/\/namba22.com\/de\/f-a-q\/"]}]},{"@type":"BreadcrumbList","@id":"https:\/\/namba22.com\/de\/f-a-q\/#breadcrumb","itemListElement":[{"@type":"ListItem","position":1,"name":"Home","item":"https:\/\/namba22.com\/"},{"@type":"ListItem","position":2,"name":"f.a.q"}]},{"@type":"WebSite","@id":"https:\/\/namba22.com\/de\/en\/#website","url":"https:\/\/namba22.com\/de\/en\/","name":"m-translations.com","description":"m-translations.com","potentialAction":[{"@type":"SearchAction","target":{"@type":"EntryPoint","urlTemplate":"https:\/\/namba22.com\/de\/en\/?s={search_term_string}"},"query-input":{"@type":"PropertyValueSpecification","valueRequired":true,"valueName":"search_term_string"}}],"inLanguage":"de"}]}},"_links":{"self":[{"href":"https:\/\/namba22.com\/de\/wp-json\/wp\/v2\/pages\/558","targetHints":{"allow":["GET"]}}],"collection":[{"href":"https:\/\/namba22.com\/de\/wp-json\/wp\/v2\/pages"}],"about":[{"href":"https:\/\/namba22.com\/de\/wp-json\/wp\/v2\/types\/page"}],"author":[{"embeddable":true,"href":"https:\/\/namba22.com\/de\/wp-json\/wp\/v2\/users\/1"}],"replies":[{"embeddable":true,"href":"https:\/\/namba22.com\/de\/wp-json\/wp\/v2\/comments?post=558"}],"version-history":[{"count":14,"href":"https:\/\/namba22.com\/de\/wp-json\/wp\/v2\/pages\/558\/revisions"}],"predecessor-version":[{"id":2729,"href":"https:\/\/namba22.com\/de\/wp-json\/wp\/v2\/pages\/558\/revisions\/2729"}],"wp:attachment":[{"href":"https:\/\/namba22.com\/de\/wp-json\/wp\/v2\/media?parent=558"}],"curies":[{"name":"wp","href":"https:\/\/api.w.org\/{rel}","templated":true}]}}