{"id":554,"date":"2016-02-17T14:57:16","date_gmt":"2016-02-17T14:57:16","guid":{"rendered":"http:\/\/demo.gloriathemes.com\/wp\/perada\/?page_id=554"},"modified":"2020-12-29T07:01:01","modified_gmt":"2020-12-29T07:01:01","slug":"contact-compact","status":"publish","type":"page","link":"https:\/\/namba22.com\/de\/contact-compact\/","title":{"rendered":"Kontakt-kompakt"},"content":{"rendered":"<div class=\"wpb-content-wrapper\"><p>[vc_row el_class=&#8221;container&#8221; css=&#8221;.vc_custom_1455725773485{margin-bottom: 18px !important;padding-right: 0px !important;padding-left: 0px !important;}&#8221;][vc_column][vc_column_text]Willkommen in unserem Online-\u00dcbersetzungsb\u00fcro. Wenn Sie unsere Webseite besuchen, haben Sie Zugang zu vielen n\u00fctzlichen \u00dcbersetzungsanwendungen, darunter ein MT-Tool, das Sie bei der \u00dcbersetzung von Textinhalten \u00fcber API unterst\u00fctzt. Wenn Sie eine menschliche \u00dcbersetzung w\u00fcnschen, bietet unsere Website eine Option f\u00fcr ein sofortiges Angebot sowie einen Wortz\u00e4hler, damit Sie sich entscheiden k\u00f6nnen, nachdem Sie eine Vorstellung davon bekommen haben, was der Preis sein k\u00f6nnte.<\/p>\n<p><strong>\u00dcbersetzungen von h\u00f6chster Qualit\u00e4t<\/strong><\/p>\n<p>Garantierte Qualit\u00e4ts\u00fcbersetzung &#8211; Hochwertige \u00dcbersetzungen Wir wissen, dass Ihre \u00dcbersetzungsprojekte h\u00f6chst vertrauensw\u00fcrdige, qualitativ hochwertige Ergebnisse erfordern. Professionelle \u00dcbersetzung: Die \u00dcbersetzer, die an der \u00dcbersetzung von Texten arbeiten, sind Menschen, die sich auf die jeweiligen Fachgebiete spezialisiert haben und \u00fcber fundierte Sprachkenntnisse und umfangreiche \u00dcbersetzungserfahrung verf\u00fcgen.<\/p>\n<p><strong>Wert f\u00fcr Geld<\/strong><\/p>\n<p>Wenn unsere Kunden das beste Preis-Leistungs-Verh\u00e4ltnis f\u00fcr den Betrag, den sie bezahlt haben, erhalten, haben sie das Gef\u00fchl, dass sie ihr Geld wert sind oder einen guten Gegenwert f\u00fcr ihr Geld bekommen haben. Was Sie \u00fcber das Preis-Leistungs-Verh\u00e4ltnis verstehen und realisieren m\u00fcssen, ist, dass es nicht nur um den Preis der Produkte oder Dienstleistungen geht, f\u00fcr die Ihre Kunden bereit sind zu zahlen. Es geht um mehr als nur den Preis. Es geht auch um die gesamte Erfahrung, die von Anfang bis Ende des Gesch\u00e4ftsvorgangs dazugeh\u00f6rt. Dazu geh\u00f6ren unter anderem die Interaktion mit den Mitarbeitern, das Ma\u00df an Aufwand, die Qualit\u00e4t des Produkts oder der Dienstleistung, die Eignung des Produkts oder der Dienstleistung f\u00fcr die Bed\u00fcrfnisse des Kunden und die tats\u00e4chliche Nutzung des Produkts oder der Dienstleistung selbst. Es st\u00f6rt uns, dass unsere Kunden Wert auf das Preis-Leistungs-Verh\u00e4ltnis legen, unabh\u00e4ngig davon, ob sie einen g\u00fcnstigen oder hochpreisigen Artikel kaufen. Sie suchen und erwarten immer einen Gesamtwert f\u00fcr ihr Geld. Je h\u00f6her jedoch der Preis des Artikels ist, desto mehr Wert erwarten unsere Kunden. &#8230;Und wir tun alles, was wir k\u00f6nnen, um die Erwartungen unserer Kunden zu erf\u00fcllen.<\/p>\n<p><strong>P\u00fcnktlich geliefert<\/strong><\/p>\n<p>Die Durchlaufzeit h\u00e4ngt von der Anzahl der W\u00f6rter und dem Sprachstil ab (z. B. wie viel Fachsprache oder Branchenjargon). Eile ist der schlimmste Feind der Qualit\u00e4t, die unser Hauptanliegen ist. Wir garantieren, dass Ihr Termin eingehalten wird, vorausgesetzt, unsere Kommunikationslinien bleiben offen. Bei gro\u00dfen \u00dcbersetzungsprojekten wird jedem \u00dcbersetzer eine zus\u00e4tzliche Aufgabe zugewiesen: Projektmanagement, Erstellung eines zweisprachigen Glossars oder ein anderer Aspekt Ihres Auftrags. Dieser umfassende Ansatz und die enge Zusammenarbeit erm\u00f6glichen es uns, hervorragende Ergebnisse termingerecht zu liefern.<\/p>\n<p>Die wenigen einleitenden Worte oben sollen Ihnen als Kunde ganz einfach den Zugang zu all unseren Dienstleistungen online erm\u00f6glichen. Vielleicht sind Sie aber auch nur ein Freelancer, Stammkunde oder Partnerkunde. In diesem Fall empfehlen wir Ihnen, zum oberen Men\u00fc zu gehen, dort auf \u00dcbersetzen zu gehen und auf die Schaltfl\u00e4che Anmelden zu klicken.<\/p>\n<p><strong>Kontakt Informationen<\/strong><\/p>\n<p>Um uns zu kontaktieren, nutzen Sie bitte das Kontaktformular oder die alternativen Kontaktdaten unten.<\/p>\n<ul>\n<li>Peter-Henlein-Stra\u00dfe 73 &#8211; 90459 N\u00fcrnberg<\/li>\n<li>+49 911 473708<\/li>\n<li>+49 911 4720669<\/li>\n<li>info@muteba.de oder\/ und fax.muteba@gmail.com<\/li>\n<\/ul>\n<p>[\/vc_column_text][\/vc_column][\/vc_row][vc_row el_class=&#8221;container animate anim-fadeIn&#8221; css=&#8221;.vc_custom_1461073712448{padding-right: 0px !important;padding-left: 0px !important;}&#8221;][vc_column width=&#8221;1\/4&#8243; css=&#8221;.vc_custom_1461073716157{margin-bottom: 44px !important;}&#8221;][vc_custom_heading text=&#8221;Adresse&#8221; font_container=&#8221;tag:h3|font_size:17|text_align:left|color:%23ffba00&#8243; use_theme_fonts=&#8221;yes&#8221; css=&#8221;.vc_custom_1456073692611{margin-top: 0px !important;margin-bottom: 23px !important;}&#8221;][vc_column_text css=&#8221;.vc_custom_1605479250617{margin-bottom: 19px !important;}&#8221;]<\/p>\n<p style=\"margin-bottom: 0px;\"><strong>B\u00fcro N\u00fcrnberg<\/strong><br \/>\n90459 N\u00fcrnberg , Peter-Henlein-Str. 73 , Bayern, Deutschland<\/p>\n<p>[\/vc_column_text][vc_column_text css=&#8221;.vc_custom_1605479552888{margin-bottom: 0px !important;}&#8221;]<\/p>\n<p style=\"margin-bottom: 0px;\"><strong>B\u00fcro N\u00fcrnberg<\/strong><br \/>\n90459 N\u00fcrnberg , Peter-Henlein-Str. 73 , Bayern, Deutschland<\/p>\n<p>[\/vc_column_text][\/vc_column][vc_column width=&#8221;1\/4&#8243; css=&#8221;.vc_custom_1461073720227{margin-bottom: 44px !important;}&#8221;][vc_custom_heading text=&#8221;Telefon&#8221; font_container=&#8221;tag:h3|font_size:17|text_align:left|color:%23ffba00&#8243; use_theme_fonts=&#8221;yes&#8221; css=&#8221;.vc_custom_1456073699003{margin-top: 0px !important;margin-bottom: 23px !important;}&#8221;][vc_column_text css=&#8221;.vc_custom_1605479372714{margin-bottom: 19px !important;}&#8221;]<\/p>\n<p style=\"margin-bottom: 0px;\"><strong>B\u00fcro N\u00fcrnberg Telefon<\/strong><br \/>\n+49 &#8211; 911 &#8211; 473708        +49 &#8211; 171 &#8211; 9955177<\/p>\n<p>[\/vc_column_text][vc_column_text css=&#8221;.vc_custom_1605479582672{margin-bottom: 0px !important;}&#8221;]<\/p>\n<p style=\"margin-bottom: 0px;\"><strong>B\u00fcro N\u00fcrnberg Telefon<\/strong><br \/>\n+49 &#8211; 911 &#8211; 473708        +49 &#8211; 171 &#8211; 9955177<\/p>\n<p>[\/vc_column_text][\/vc_column][vc_column width=&#8221;1\/4&#8243; css=&#8221;.vc_custom_1461073723655{margin-bottom: 44px !important;}&#8221;][vc_custom_heading text=&#8221;E- Mail&#8221; font_container=&#8221;tag:h3|font_size:17|text_align:left|color:%23ffba00&#8243; use_theme_fonts=&#8221;yes&#8221; css=&#8221;.vc_custom_1456073704860{margin-top: 0px !important;margin-bottom: 23px !important;}&#8221;][vc_column_text css=&#8221;.vc_custom_1605479485271{margin-bottom: 19px !important;}&#8221;]<\/p>\n<p style=\"margin-bottom: 0px;\"><strong>Gesch\u00e4ftsstelle N\u00fcrnberg E-Mail<\/strong><br \/>\ncontact@m-translations.com<\/p>\n<p>[\/vc_column_text][vc_column_text css=&#8221;.vc_custom_1605479605439{margin-bottom: 0px !important;}&#8221;]<\/p>\n<p style=\"margin-bottom: 0px;\"><strong>B\u00fcro N\u00fcrnberg E-Mail<\/strong><br \/>\ncontact@m-translations.com<\/p>\n<p>[\/vc_column_text][\/vc_column][vc_column width=&#8221;1\/4&#8243; css=&#8221;.vc_custom_1461073728076{margin-bottom: 44px !important;}&#8221;][vc_custom_heading text=&#8221;Soziale Medien&#8221; font_container=&#8221;tag:h3|font_size:17|text_align:left|color:%23ffba00&#8243; use_theme_fonts=&#8221;yes&#8221; css=&#8221;.vc_custom_1456073716255{margin-top: 0px !important;margin-bottom: 23px !important;}&#8221;][vc_column_text css=&#8221;.vc_custom_1605479671640{margin-bottom: 19px !important;}&#8221;]<\/p>\n<p style=\"margin-bottom: 0px;\">Begleiten Sie uns in den Sozialen Medien<\/p>\n<p>[\/vc_column_text][vc_row_inner el_class=&#8221;text-right&#8221;][vc_column_inner]<div class=\"social-media-radius\"><ul><\/ul><\/div>[\/vc_column_inner][\/vc_row_inner][\/vc_column][\/vc_row][vc_row el_class=&#8221;container animate anim-fadeIn&#8221; css=&#8221;.vc_custom_1456242478763{padding-right: 0px !important;padding-left: 0px !important;}&#8221;][vc_column][vc_row_inner][vc_column_inner][vc_custom_heading text=&#8221;Nachricht senden&#8221; font_container=&#8221;tag:h3|font_size:17|text_align:left|color:%23ffba00&#8243; use_theme_fonts=&#8221;yes&#8221; css=&#8221;.vc_custom_1456073870619{margin-top: 0px !important;margin-bottom: 23px !important;}&#8221;][\/vc_column_inner][\/vc_row_inner]\n<div class=\"wpcf7 no-js\" id=\"wpcf7-f2451-o1\" lang=\"en-US\" dir=\"ltr\" data-wpcf7-id=\"2451\">\n<div class=\"screen-reader-response\"><p role=\"status\" aria-live=\"polite\" aria-atomic=\"true\"><\/p> <ul><\/ul><\/div>\n<form action=\"\/de\/wp-json\/wp\/v2\/pages\/554#wpcf7-f2451-o1\" method=\"post\" class=\"wpcf7-form init\" aria-label=\"Contact form\" novalidate=\"novalidate\" data-status=\"init\">\n<fieldset class=\"hidden-fields-container\"><input type=\"hidden\" name=\"_wpcf7\" value=\"2451\" \/><input type=\"hidden\" name=\"_wpcf7_version\" value=\"6.1\" \/><input type=\"hidden\" name=\"_wpcf7_locale\" value=\"en_US\" \/><input type=\"hidden\" name=\"_wpcf7_unit_tag\" value=\"wpcf7-f2451-o1\" \/><input type=\"hidden\" name=\"_wpcf7_container_post\" value=\"0\" \/><input type=\"hidden\" name=\"_wpcf7_posted_data_hash\" value=\"\" \/>\n<\/fieldset>\n<p><label> Ihr Name<br \/>\n<span class=\"wpcf7-form-control-wrap\" data-name=\"your-name\"><input size=\"40\" maxlength=\"400\" class=\"wpcf7-form-control wpcf7-text wpcf7-validates-as-required\" aria-required=\"true\" aria-invalid=\"false\" value=\"\" type=\"text\" name=\"your-name\" \/><\/span> <\/label>\n<\/p>\n<p><label> Ihre E-Mail<br \/>\n<span class=\"wpcf7-form-control-wrap\" data-name=\"your-email\"><input size=\"40\" maxlength=\"400\" class=\"wpcf7-form-control wpcf7-email wpcf7-validates-as-required wpcf7-text wpcf7-validates-as-email\" aria-required=\"true\" aria-invalid=\"false\" value=\"\" type=\"email\" name=\"your-email\" \/><\/span> <\/label>\n<\/p>\n<p><label> Betreff<br \/>\n<span class=\"wpcf7-form-control-wrap\" data-name=\"your-subject\"><input size=\"40\" maxlength=\"400\" class=\"wpcf7-form-control wpcf7-text wpcf7-validates-as-required\" aria-required=\"true\" aria-invalid=\"false\" value=\"\" type=\"text\" name=\"your-subject\" \/><\/span> <\/label>\n<\/p>\n<p><label> Ihre Nachricht (optional)<br \/>\n<span class=\"wpcf7-form-control-wrap\" data-name=\"your-message\"><textarea cols=\"40\" rows=\"10\" maxlength=\"2000\" class=\"wpcf7-form-control wpcf7-textarea\" aria-invalid=\"false\" name=\"your-message\"><\/textarea><\/span> <\/label>\n<\/p>\n<p><input class=\"wpcf7-form-control wpcf7-submit has-spinner\" type=\"submit\" value=\"Senden\" \/>\n<\/p><div class=\"wpcf7-response-output\" aria-hidden=\"true\"><\/div>\n<\/form>\n<\/div>\n[\/vc_column][\/vc_row][vc_row full_width=&#8221;stretch_row_content_no_spaces&#8221; css=&#8221;.vc_custom_1455722240590{margin-bottom: 0px !important;}&#8221;][vc_column][vc_row_inner el_class=&#8221;container&#8221;][vc_column_inner][vc_custom_heading text=&#8221;Google Maps&#8221; font_container=&#8221;tag:h3|font_size:17|text_align:left|color:%236d6e71&#8243; use_theme_fonts=&#8221;yes&#8221; css=&#8221;.vc_custom_1456073866677{margin-top: 28px !important;margin-bottom: 33px !important;}&#8221;][\/vc_column_inner][\/vc_row_inner][vc_gmaps link=&#8221;#E-8_JTNDaWZyYW1lJTIwc3JjJTNEJTIyaHR0cHMlM0ElMkYlMkZ3d3cuZ29vZ2xlLmNvbSUyRm1hcHMlMkZlbWJlZCUzRnBiJTNEJTIxMW0xOCUyMTFtMTIlMjExbTMlMjExZDE5MzU3MS40MzgyODg5OTYyJTIxMmQtNzQuMTE4MDg2NDEyMzA5NDclMjEzZDQwLjcwNTgyNTM2MzE2NDcwNiUyMTJtMyUyMTFmMCUyMTJmMCUyMTNmMCUyMTNtMiUyMTFpMTAyNCUyMTJpNzY4JTIxNGYxMy4xJTIxM20zJTIxMW0yJTIxMXMweDg5YzI0ZmE1ZDMzZjA4M2IlMjUzQTB4YzgwYjhmMDZlMTc3ZmU2MiUyMTJzTmV3JTJCWW9yayUyNTJDJTJCQmlybGUlMjVDNSUyNTlGaWslMkJEZXZsZXRsZXIlMjE1ZTAlMjEzbTIlMjExc3RyJTIxMnN0ciUyMTR2MTQ1NTcyMTY4MDg5NCUyMiUyMHdpZHRoJTNEJTIyMTAwJTI1JTIyJTIwaGVpZ2h0JTNEJTIyMzUwJTIyJTIwZnJhbWVib3JkZXIlM0QlMjIwJTIyJTIwc3R5bGUlM0QlMjJib3JkZXIlM0EwJTIyJTIwYWxsb3dmdWxsc2NyZWVuJTNFJTNDJTJGaWZyYW1lJTNF&#8221; size=&#8221;350&#8243; el_class=&#8221;nopaddingmap&#8221; css=&#8221;.vc_custom_1455722267653{margin-bottom: 0px !important;}&#8221;][\/vc_column][\/vc_row][vc_row full_width=&#8221;stretch_row_content_no_spaces&#8221; css=&#8221;.vc_custom_1455726928386{margin-top: 0px !important;padding-top: 18px !important;padding-bottom: 55px !important;background-image: url(http:\/\/demo.gloriathemes.com\/wp\/perada\/wp-content\/uploads\/2016\/02\/get-a-quote-bg.jpg?id=142) !important;background-position: 0 0 !important;background-repeat: no-repeat !important;}&#8221; el_class=&#8221;backgroundbottomright&#8221;][vc_column][vc_row_inner el_class=&#8221;container&#8221;][vc_column_inner][vc_custom_heading text=&#8221;Ein Angebot bekommen&#8221; font_container=&#8221;tag:h3|font_size:17|text_align:left|color:%23ffba00&#8243; use_theme_fonts=&#8221;yes&#8221; css=&#8221;.vc_custom_1456074228077{margin-top: 0px !important;margin-bottom: 21px !important;}&#8221;][vc_column_text css=&#8221;.vc_custom_1455727012865{margin-bottom: 30px !important;}&#8221;]<\/p>\n<p style=\"margin-bottom: 0px;\">Laden Sie Ihre zu \u00fcbersetzende Datei hoch, wir senden Ihnen ein Preisangebot an Ihre E-Mail-Adresse.<\/p>\n<p>[\/vc_column_text][\/vc_column_inner][\/vc_row_inner][vc_row_inner el_class=&#8221;container&#8221;][vc_column_inner width=&#8221;2\/3&#8243;]\n<div class=\"wpcf7 no-js\" id=\"wpcf7-f2451-o2\" lang=\"en-US\" dir=\"ltr\" data-wpcf7-id=\"2451\">\n<div class=\"screen-reader-response\"><p role=\"status\" aria-live=\"polite\" aria-atomic=\"true\"><\/p> <ul><\/ul><\/div>\n<form action=\"\/de\/wp-json\/wp\/v2\/pages\/554#wpcf7-f2451-o2\" method=\"post\" class=\"wpcf7-form init\" aria-label=\"Contact form\" novalidate=\"novalidate\" data-status=\"init\">\n<fieldset class=\"hidden-fields-container\"><input type=\"hidden\" name=\"_wpcf7\" value=\"2451\" \/><input type=\"hidden\" name=\"_wpcf7_version\" value=\"6.1\" \/><input type=\"hidden\" name=\"_wpcf7_locale\" value=\"en_US\" \/><input type=\"hidden\" name=\"_wpcf7_unit_tag\" value=\"wpcf7-f2451-o2\" \/><input type=\"hidden\" name=\"_wpcf7_container_post\" value=\"0\" \/><input type=\"hidden\" name=\"_wpcf7_posted_data_hash\" value=\"\" \/>\n<\/fieldset>\n<p><label> Ihr Name<br \/>\n<span class=\"wpcf7-form-control-wrap\" data-name=\"your-name\"><input size=\"40\" maxlength=\"400\" class=\"wpcf7-form-control wpcf7-text wpcf7-validates-as-required\" aria-required=\"true\" aria-invalid=\"false\" value=\"\" type=\"text\" name=\"your-name\" \/><\/span> <\/label>\n<\/p>\n<p><label> Ihre E-Mail<br \/>\n<span class=\"wpcf7-form-control-wrap\" data-name=\"your-email\"><input size=\"40\" maxlength=\"400\" class=\"wpcf7-form-control wpcf7-email wpcf7-validates-as-required wpcf7-text wpcf7-validates-as-email\" aria-required=\"true\" aria-invalid=\"false\" value=\"\" type=\"email\" name=\"your-email\" \/><\/span> <\/label>\n<\/p>\n<p><label> Betreff<br \/>\n<span class=\"wpcf7-form-control-wrap\" data-name=\"your-subject\"><input size=\"40\" maxlength=\"400\" class=\"wpcf7-form-control wpcf7-text wpcf7-validates-as-required\" aria-required=\"true\" aria-invalid=\"false\" value=\"\" type=\"text\" name=\"your-subject\" \/><\/span> <\/label>\n<\/p>\n<p><label> Ihre Nachricht (optional)<br \/>\n<span class=\"wpcf7-form-control-wrap\" data-name=\"your-message\"><textarea cols=\"40\" rows=\"10\" maxlength=\"2000\" class=\"wpcf7-form-control wpcf7-textarea\" aria-invalid=\"false\" name=\"your-message\"><\/textarea><\/span> <\/label>\n<\/p>\n<p><input class=\"wpcf7-form-control wpcf7-submit has-spinner\" type=\"submit\" value=\"Senden\" \/>\n<\/p><div class=\"wpcf7-response-output\" aria-hidden=\"true\"><\/div>\n<\/form>\n<\/div>\n[\/vc_column_inner][vc_column_inner width=&#8221;1\/3&#8243;][\/vc_column_inner][\/vc_row_inner][\/vc_column][\/vc_row]<\/p>\n<\/div>","protected":false},"excerpt":{"rendered":"<p>Unsere Kontaktinformationen k\u00f6nnen Sie \u00fcber diese Seite abrufen.<\/p>\n","protected":false},"author":1,"featured_media":600,"parent":0,"menu_order":0,"comment_status":"closed","ping_status":"closed","template":"","meta":{"_rsvp_to":"","_rsvp_max":"","_rsvp_show_attendees":"","_rsvp_instructions":"","simple_price":"","simple_price_label":"","venue":"","_template_start_hour":"","_template_start_minutes":"","_sked_minutes":"","_sked_stop":"","_sked_duration":"","_payment_gateway":"Cash or Custom","_rsvp_currency":"USD","_sked_hour":"12","_sked_end":"13:00","rsvp_tx_template":0,"_rsvp_start":0,"_rsvp_deadline":0,"_rsvp_deadline_daysbefore":"0","_rsvp_deadline_hours":"0","_rsvp_reg_daysbefore":"0","_rsvp_reg_hours":"0","_rsvp_count_party":"1","_timezone":"+00:00","_rsvp_on":false,"_add_timezone":false,"_convert_timezone":false,"_calendar_icons":true,"_rsvp_end_display":false,"_rsvp_rsvpmaker_send_confirmation_email":false,"_rsvp_confirmation_after_payment":false,"_rsvp_confirmation_include_event":false,"_rsvp_count":true,"_rsvp_yesno":true,"_rsvp_captcha":false,"_rsvp_login_required":false,"_rsvp_form_show_date":false,"footnotes":""},"class_list":["post-554","page","type-page","status-publish","has-post-thumbnail","hentry"],"yoast_head":"<!-- This site is optimized with the Yoast SEO plugin v27.4 - https:\/\/yoast.com\/product\/yoast-seo-wordpress\/ -->\n<title>Kontakt-kompakt<\/title>\n<meta name=\"description\" content=\"Unsere Kontaktinformationen k\u00f6nnen Sie \u00fcber diese Seite abrufen.\" \/>\n<meta name=\"robots\" content=\"index, follow, max-snippet:-1, max-image-preview:large, max-video-preview:-1\" \/>\n<link rel=\"canonical\" href=\"http:\/\/Unsere%20Kontaktinformationen%20k\u00f6nnen%20Sie%20\u00fcber%20diese%20Seite%20abrufen.\" \/>\n<meta property=\"og:locale\" content=\"de_DE\" \/>\n<meta property=\"og:type\" content=\"article\" \/>\n<meta property=\"og:title\" content=\"Kontakt-kompakt\" \/>\n<meta property=\"og:description\" content=\"Unsere Kontaktinformationen k\u00f6nnen Sie \u00fcber diese Seite abrufen.\" \/>\n<meta property=\"og:url\" content=\"https:\/\/namba22.com\/de\/contact-compact\/\" \/>\n<meta property=\"og:site_name\" content=\"m-translations.com\" \/>\n<meta property=\"article:modified_time\" content=\"2020-12-29T07:01:01+00:00\" \/>\n<meta property=\"og:image\" content=\"https:\/\/namba22.com\/wp-content\/uploads\/2016\/02\/contact-compact-page-title.jpg\" \/>\n\t<meta property=\"og:image:width\" content=\"1814\" \/>\n\t<meta property=\"og:image:height\" content=\"354\" \/>\n\t<meta property=\"og:image:type\" content=\"image\/jpeg\" \/>\n<meta name=\"twitter:card\" content=\"summary_large_image\" \/>\n<meta name=\"twitter:label1\" content=\"Gesch\u00e4tzte Lesezeit\" \/>\n\t<meta name=\"twitter:data1\" content=\"6\u00a0Minuten\" \/>\n<script type=\"application\/ld+json\" class=\"yoast-schema-graph\">{\"@context\":\"https:\\\/\\\/schema.org\",\"@graph\":[{\"@type\":\"WebPage\",\"@id\":\"https:\\\/\\\/namba22.com\\\/de\\\/contact-compact\\\/\",\"url\":\"https:\\\/\\\/namba22.com\\\/de\\\/contact-compact\\\/\",\"name\":\"Contact - Compact - m-translations.com\",\"isPartOf\":{\"@id\":\"https:\\\/\\\/namba22.com\\\/en\\\/#website\"},\"primaryImageOfPage\":{\"@id\":\"https:\\\/\\\/namba22.com\\\/de\\\/contact-compact\\\/#primaryimage\"},\"image\":{\"@id\":\"https:\\\/\\\/namba22.com\\\/de\\\/contact-compact\\\/#primaryimage\"},\"thumbnailUrl\":\"https:\\\/\\\/namba22.com\\\/wp-content\\\/uploads\\\/2016\\\/02\\\/contact-compact-page-title.jpg\",\"datePublished\":\"2016-02-17T14:57:16+00:00\",\"dateModified\":\"2020-12-29T07:01:01+00:00\",\"breadcrumb\":{\"@id\":\"https:\\\/\\\/namba22.com\\\/de\\\/contact-compact\\\/#breadcrumb\"},\"inLanguage\":\"de\",\"potentialAction\":[{\"@type\":\"ReadAction\",\"target\":[\"https:\\\/\\\/namba22.com\\\/de\\\/contact-compact\\\/\"]}]},{\"@type\":\"ImageObject\",\"inLanguage\":\"de\",\"@id\":\"https:\\\/\\\/namba22.com\\\/de\\\/contact-compact\\\/#primaryimage\",\"url\":\"https:\\\/\\\/namba22.com\\\/wp-content\\\/uploads\\\/2016\\\/02\\\/contact-compact-page-title.jpg\",\"contentUrl\":\"https:\\\/\\\/namba22.com\\\/wp-content\\\/uploads\\\/2016\\\/02\\\/contact-compact-page-title.jpg\",\"width\":1814,\"height\":354},{\"@type\":\"BreadcrumbList\",\"@id\":\"https:\\\/\\\/namba22.com\\\/de\\\/contact-compact\\\/#breadcrumb\",\"itemListElement\":[{\"@type\":\"ListItem\",\"position\":1,\"name\":\"Home\",\"item\":\"https:\\\/\\\/namba22.com\\\/\"},{\"@type\":\"ListItem\",\"position\":2,\"name\":\"Kontakt-kompakt\"}]},{\"@type\":\"WebSite\",\"@id\":\"https:\\\/\\\/namba22.com\\\/de\\\/en\\\/#website\",\"url\":\"https:\\\/\\\/namba22.com\\\/de\\\/en\\\/\",\"name\":\"m-translations.com\",\"description\":\"m-translations.com\",\"potentialAction\":[{\"@type\":\"SearchAction\",\"target\":{\"@type\":\"EntryPoint\",\"urlTemplate\":\"https:\\\/\\\/namba22.com\\\/de\\\/en\\\/?s={search_term_string}\"},\"query-input\":{\"@type\":\"PropertyValueSpecification\",\"valueRequired\":true,\"valueName\":\"search_term_string\"}}],\"inLanguage\":\"de\"}]}<\/script>\n<!-- \/ Yoast SEO plugin. -->","yoast_head_json":{"title":"Kontakt-kompakt","description":"Unsere Kontaktinformationen k\u00f6nnen Sie \u00fcber diese Seite abrufen.","robots":{"index":"index","follow":"follow","max-snippet":"max-snippet:-1","max-image-preview":"max-image-preview:large","max-video-preview":"max-video-preview:-1"},"canonical":"Unsere Kontaktinformationen k\u00f6nnen Sie \u00fcber diese Seite abrufen.","og_locale":"de_DE","og_type":"article","og_title":"Kontakt-kompakt","og_description":"Unsere Kontaktinformationen k\u00f6nnen Sie \u00fcber diese Seite abrufen.","og_url":"https:\/\/namba22.com\/de\/contact-compact\/","og_site_name":"m-translations.com","article_modified_time":"2020-12-29T07:01:01+00:00","og_image":[{"width":1814,"height":354,"url":"https:\/\/namba22.com\/wp-content\/uploads\/2016\/02\/contact-compact-page-title.jpg","type":"image\/jpeg"}],"twitter_card":"summary_large_image","twitter_misc":{"Gesch\u00e4tzte Lesezeit":"6\u00a0Minuten"},"schema":{"@context":"https:\/\/schema.org","@graph":[{"@type":"WebPage","@id":"https:\/\/namba22.com\/de\/contact-compact\/","url":"https:\/\/namba22.com\/de\/contact-compact\/","name":"Contact - Compact - m-translations.com","isPartOf":{"@id":"https:\/\/namba22.com\/en\/#website"},"primaryImageOfPage":{"@id":"https:\/\/namba22.com\/de\/contact-compact\/#primaryimage"},"image":{"@id":"https:\/\/namba22.com\/de\/contact-compact\/#primaryimage"},"thumbnailUrl":"https:\/\/namba22.com\/wp-content\/uploads\/2016\/02\/contact-compact-page-title.jpg","datePublished":"2016-02-17T14:57:16+00:00","dateModified":"2020-12-29T07:01:01+00:00","breadcrumb":{"@id":"https:\/\/namba22.com\/de\/contact-compact\/#breadcrumb"},"inLanguage":"de","potentialAction":[{"@type":"ReadAction","target":["https:\/\/namba22.com\/de\/contact-compact\/"]}]},{"@type":"ImageObject","inLanguage":"de","@id":"https:\/\/namba22.com\/de\/contact-compact\/#primaryimage","url":"https:\/\/namba22.com\/wp-content\/uploads\/2016\/02\/contact-compact-page-title.jpg","contentUrl":"https:\/\/namba22.com\/wp-content\/uploads\/2016\/02\/contact-compact-page-title.jpg","width":1814,"height":354},{"@type":"BreadcrumbList","@id":"https:\/\/namba22.com\/de\/contact-compact\/#breadcrumb","itemListElement":[{"@type":"ListItem","position":1,"name":"Home","item":"https:\/\/namba22.com\/"},{"@type":"ListItem","position":2,"name":"Kontakt-kompakt"}]},{"@type":"WebSite","@id":"https:\/\/namba22.com\/de\/en\/#website","url":"https:\/\/namba22.com\/de\/en\/","name":"m-translations.com","description":"m-translations.com","potentialAction":[{"@type":"SearchAction","target":{"@type":"EntryPoint","urlTemplate":"https:\/\/namba22.com\/de\/en\/?s={search_term_string}"},"query-input":{"@type":"PropertyValueSpecification","valueRequired":true,"valueName":"search_term_string"}}],"inLanguage":"de"}]}},"_links":{"self":[{"href":"https:\/\/namba22.com\/de\/wp-json\/wp\/v2\/pages\/554","targetHints":{"allow":["GET"]}}],"collection":[{"href":"https:\/\/namba22.com\/de\/wp-json\/wp\/v2\/pages"}],"about":[{"href":"https:\/\/namba22.com\/de\/wp-json\/wp\/v2\/types\/page"}],"author":[{"embeddable":true,"href":"https:\/\/namba22.com\/de\/wp-json\/wp\/v2\/users\/1"}],"replies":[{"embeddable":true,"href":"https:\/\/namba22.com\/de\/wp-json\/wp\/v2\/comments?post=554"}],"version-history":[{"count":5,"href":"https:\/\/namba22.com\/de\/wp-json\/wp\/v2\/pages\/554\/revisions"}],"predecessor-version":[{"id":2631,"href":"https:\/\/namba22.com\/de\/wp-json\/wp\/v2\/pages\/554\/revisions\/2631"}],"wp:featuredmedia":[{"embeddable":true,"href":"https:\/\/namba22.com\/de\/wp-json\/wp\/v2\/media\/600"}],"wp:attachment":[{"href":"https:\/\/namba22.com\/de\/wp-json\/wp\/v2\/media?parent=554"}],"curies":[{"name":"wp","href":"https:\/\/api.w.org\/{rel}","templated":true}]}}