{"id":309,"date":"2016-02-15T16:49:38","date_gmt":"2016-02-15T16:49:38","guid":{"rendered":"http:\/\/demo.gloriathemes.com\/wp\/perada\/?page_id=309"},"modified":"2021-09-08T12:40:37","modified_gmt":"2021-09-08T12:40:37","slug":"services","status":"publish","type":"page","link":"https:\/\/namba22.com\/de\/services\/","title":{"rendered":"DIENSTLEISTUNGEN"},"content":{"rendered":"<div class=\"wpb-content-wrapper\"><p>[vc_row equal_height=&#8221;yes&#8221; el_class=&#8221;container&#8221; css=&#8221;.vc_custom_1455898762446{padding-top: 0px !important;padding-right: 0px !important;padding-left: 0px !important;}&#8221;][vc_column][vc_row_inner el_class=&#8221;container&#8221; css=&#8221;.vc_custom_1459457707695{margin-bottom: 18px !important;padding-right: 0px !important;padding-left: 0px !important;}&#8221;][vc_column_inner css=&#8221;.vc_custom_1455899137422{margin-right: 30px !important;}&#8221;][vc_custom_heading text=&#8221;Unsere Dienstleistungen&#8221; font_container=&#8221;tag:h2|font_size:45|text_align:left|color:%236d6e71&#8243; use_theme_fonts=&#8221;yes&#8221; css=&#8221;.vc_custom_1589669946230{margin-top: 0px !important;margin-bottom: 20px !important;}&#8221; el_class=&#8221;normalfont&#8221;][vc_column_text]Unser \u00dcbersetzungsb\u00fcro ist auf branchen\u00fcbergreifende Sprachdienstleistungen spezialisiert. Wir sind in der Lage, eine gleichbleibend exzellente Qualit\u00e4t von \u00dcbersetzungsdienstleistungen in verschiedenen Bereichen zu garantieren, indem wir sicherstellen, dass jede \u00dcbersetzung eines Dokuments an die an den besten geeigneten Mitgliedern unseres spezialisierten Teams von hochqualifizierten \u00dcbersetzern, Korrekturlesern und Lektoren vergeben wird. Schnelle Reaktion &#8211; weltweit. Unsere weltweite T\u00e4tigkeit gew\u00e4hrleistet, dass unser B\u00fcro in der Lage ist, auf Ihre Anfrage zu reagieren. Wir garantieren Ihnen, dass Sie ein verbindliches Angebot erhalten.<br \/>\n[\/vc_column_text][\/vc_column_inner][\/vc_row_inner][vc_row_inner css=&#8221;.vc_custom_1459457756031{margin-bottom: 50px !important;padding-right: 0px !important;padding-left: 0px !important;}&#8221; el_class=&#8221;container&#8221;][vc_column_inner el_class=&#8221;animate anim-fadeIn animate-delay-0&#8243; width=&#8221;1\/4&#8243; css=&#8221;.vc_custom_1459458003033{padding-right: 20px !important;padding-left: 20px !important;}&#8221;]<div class=\"services-box services-box-big \"><div class=\"services-box-icon\"><i class=\"fa fa-stop-circle-o\"><\/i><\/div><h3>GRUNDSATZ DER VERTRAULICHKEIT<\/h3><p style=\"color:#525252;\">Die Wahrung des Datenschutzes und der Vertraulichkeit nimmt einen wichtigen Platz in der Qualit\u00e4t unserer Dienstleistungen ein. In unseren Vertr\u00e4gen mit unseren \u00dcbersetzern ist die Beschr\u00e4nkung der Verwendung der zur \u00dcbersetzung vorgelegten Dokumente auf den \u00dcbersetzungsdienst mit dem Ziel einer guten Kunden-Dienstleister-Beziehung festgehalten. Fragen zu Datenbanken und dergleichen werden st\u00e4ndig aktualisiert. Vertrauliche Informationen, die wir von unseren Kunden erhalten, sollten auf keinen Fall an Dritte weitergegeben werden. Bei Bedarf fordern wir die \u00dcbersetzer zur Vernichtung aller Unterlagen auf, die mit der \u00dcbersetzung vertraulicher Dokumente zu tun haben.<\/p><\/div>[\/vc_column_inner][vc_column_inner el_class=&#8221;animate anim-fadeIn animate-delay-0-50&#8243; width=&#8221;1\/4&#8243; css=&#8221;.vc_custom_1459458013609{padding-right: 20px !important;padding-left: 20px !important;}&#8221;]<div class=\"services-box services-box-big \"><div class=\"services-box-icon\"><i class=\"fa fa-stop-circle-o\"><\/i><\/div><h3>JURISTISCHE \u00dcBERSETZUNGEN<\/h3><p style=\"color:#525252;\">Bei der \u00dcbersetzung eines juristischen Fachtextes, wie z.B. eines Kaufvertrages, einer Satzung, eines Mietvertrages oder eines Schadenersatzprotokolls, ist es wichtig, dass das Recht nicht auf der Strecke bleibt, d.h. dass die Kommunikation zwischen den auf juristischer Ebene kommunizierenden Parteien gelingt. Unser \u00dcbersetzungsb\u00fcro arbeitet ausschlie\u00dflich mit \u00dcbersetzern zusammen, die \u00fcber jahrelange erfolgreiche Erfahrung und sowohl sprachliche als auch juristische Kompetenz verf\u00fcgen und so sicherstellen, dass die \u00dcbersetzungen den besonderen Anforderungen juristischer Fachtexte gerecht werden. Selbstverst\u00e4ndlich behandeln wir und unsere \u00dcbersetzer Ihre Dokumente streng vertraulich und geben sie nicht an Dritte weiter.<\/p><\/div>[\/vc_column_inner][vc_column_inner el_class=&#8221;animate anim-fadeIn animate-delay-0-75&#8243; width=&#8221;1\/4&#8243; css=&#8221;.vc_custom_1459458081398{padding-right: 20px !important;padding-left: 20px !important;}&#8221;]<div class=\"services-box services-box-big \"><div class=\"services-box-icon\"><i class=\"fa fa-book\"><\/i><\/div><h3>TELEFONDOLMETSCHEN<\/h3><p style=\"color:#525252;\">Eine der an den schnellsten wachsenden Dienstleistungen, die von unseren Kunden immer h\u00e4ufiger in Anspruch genommen wird. Ein flexibler Dienst, der sich an Ihre Bed\u00fcrfnisse anpasst und innerhalb weniger Minuten eingerichtet werden kann. Unsere Koordinatoren nehmen Ihre Kontaktdaten auf und richten anschlie\u00dfend die Telefonkonferenz ein. Der Koordinator ruft dann Sie und Ihren Gespr\u00e4chspartner an, und ein professioneller Dolmetscher ist am Apparat, um mit dem Dolmetschen zu beginnen. Dieser Service ist eine kosteng\u00fcnstige Alternative zum pers\u00f6nlichen Dolmetschen. Dolmetschen von Angesicht zu Angesicht: Cover People verf\u00fcgt \u00fcber eine starke Abteilung f\u00fcr pers\u00f6nliches Dolmetschen. Unsere Dolmetscher werden f\u00fcr jeden einzelnen Auftrag handverlesen, sei es f\u00fcr einen Fabrikbesuch, ein Gesch\u00e4ftsessen oder die Arbeit an einem Filmset.<\/p><\/div>[\/vc_column_inner][vc_column_inner el_class=&#8221;animate anim-fadeIn animate-delay-1&#8243; width=&#8221;1\/4&#8243; css=&#8221;.vc_custom_1459458086238{padding-right: 20px !important;padding-left: 20px !important;}&#8221;]<div class=\"services-box services-box-big \"><div class=\"services-box-icon\"><i class=\"fa fa-book\"><\/i><\/div><h3>Beglaubigte \u00dcbersetzung<\/h3><p style=\"color:#525252;\">Eine beglaubigte \u00dcbersetzung ist eine von einem vereidigten \u00dcbersetzer offiziell unterzeichnete und abgestempelte \u00dcbersetzung, der eine Erkl\u00e4rung des \u00dcbersetzers beigef\u00fcgt ist, mit der er die Richtigkeit der \u00dcbersetzung best\u00e4tigt. Zur Verdeutlichung: Beeidigte \u00dcbersetzer fertigen beglaubigte \u00dcbersetzungen an. Informell k\u00f6nnen die \u00dcbersetzungen auch als beglaubigte \u00dcbersetzungen oder offizielle \u00dcbersetzungen bezeichnet werden, aber die korrekte Terminologie ist eine beeidigte \u00dcbersetzung. Ein vereidigter \u00dcbersetzer ist ein Sprachwissenschaftler, der vom Obersten Gerichtshof (in einigen L\u00e4ndern vom Justizministerium usw.) bestellt wird, um beglaubigte \u00dcbersetzungen von amtlichen Dokumenten anzufertigen. Ein Dokument nur \u00fcbersetzen zu lassen und es von jemand anderem beglaubigen zu lassen, ist nicht dasselbe.<\/p><\/div>[\/vc_column_inner][\/vc_row_inner][vc_row_inner el_class=&#8221;container&#8221; css=&#8221;.vc_custom_1455655680669{padding-right: 0px !important;padding-left: 0px !important;}&#8221;][vc_column_inner css=&#8221;.vc_custom_1455899137422{margin-right: 30px !important;}&#8221;][vc_column_text]<\/p>\n<header class=\"item_header\">\n<h3 class=\"item_title visible visible-first\"><span class=\"item_title_part0 item_title_part_odd item_title_part_first_half item_title_part_first\">Professionelles<\/span> <span class=\"item_title_part2 item_title_part_odd item_title_part_second_half\">\u00dcbersetzungsb\u00fcro<\/span> <span class=\"item_title_part3 item_title_part_even item_title_part_second_half item_title_part_last\">Agency<\/span><\/h3>\n<\/header>\n<div class=\"item_fulltext\">\n<p>Unser \u00dcbersetzungsb\u00fcro ist ein Spezialist f\u00fcr Sprachdienstleistungen in mehreren Bereichen. Wir sind in der Lage, eine gleichbleibend exzellente Qualit\u00e4t von \u00dcbersetzungsdienstleistungen in verschiedenen Bereichen zu garantieren, indem wir sicherstellen, dass jede \u00dcbersetzung eines Dokuments an die an den besten geeigneten Mitgliedern unseres spezialisierten Teams von hochqualifizierten \u00dcbersetzern, Korrekturlesern und Lektoren vergeben wird.<\/p>\n<p>Schnelle Reaktion &#8211; weltweit<\/p>\n<p>Unsere weltweite T\u00e4tigkeit gew\u00e4hrleistet, dass unser B\u00fcro in der Lage ist, auf Ihre Anfrage zu reagieren. Wir garantieren Ihnen, dass Sie ein verbindliches Angebot erhalten.<\/p>\n<\/div>\n<p>[\/vc_column_text][\/vc_column_inner][\/vc_row_inner][\/vc_column][\/vc_row][vc_row][vc_column][vc_separator color=&#8221;custom&#8221; accent_color=&#8221;#e1e1e1&#8243; css=&#8221;.vc_custom_1455899573525{margin-top: 25px !important;margin-bottom: 22px !important;}&#8221;][\/vc_column][\/vc_row][vc_row full_width=&#8221;stretch_row_content&#8221; equal_height=&#8221;yes&#8221; css=&#8221;.vc_custom_1456077841130{border-top-width: 1px !important;padding-bottom: 20px !important;border-top-color: #e1e1e1 !important;}&#8221;][vc_column][vc_row_inner equal_height=&#8221;yes&#8221; content_placement=&#8221;bottom&#8221; el_class=&#8221;container&#8221; css=&#8221;.vc_custom_1461064102073{padding-right: 0px !important;padding-left: 0px !important;}&#8221;][vc_column_inner width=&#8221;1\/2&#8243; css=&#8221;.vc_custom_1461064572837{background-position: center !important;background-repeat: no-repeat !important;background-size: contain !important;}&#8221; offset=&#8221;vc_hidden-xs&#8221;][vc_single_image image=&#8221;930&#8243; img_size=&#8221;full&#8221; alignment=&#8221;right&#8221; css=&#8221;.vc_custom_1461064473053{margin-top: -6px !important;margin-bottom: -20px !important;margin-left: -51px !important;}&#8221;][\/vc_column_inner][vc_column_inner width=&#8221;1\/2&#8243;][vc_custom_heading text=&#8221;alle Sprachen&#8221; font_container=&#8221;tag:h3|font_size:45|text_align:left|color:%236d6e71&#8243; use_theme_fonts=&#8221;yes&#8221; css=&#8221;.vc_custom_1455657025334{margin-top: 0px !important;margin-bottom: 12px !important;}&#8221; el_class=&#8221;normalfont&#8221;][vc_custom_heading text=&#8221;Als \u00dcbersetzungsb\u00fcro haben wir es uns zur Aufgabe gemacht, weltweit die besten \u00dcbersetzer f\u00fcr Sie zu rekrutieren. Haben wir Ihr Interesse f\u00fcr unsere vielf\u00e4ltigen Dienstleistungen in verschiedenen Lebensbereichen geweckt? Sobald Sie sich in einer Lebenssituation befinden, in der Sie ohne \u00dcbersetzung nicht mehr weiterkommen, k\u00f6nnen Sie sich gerne mit unserem B\u00fcro in Verbindung setzen. Wir \u00fcbersetzen jede Sprache, die Sie \u00fcbersetzen lassen m\u00f6chten.&#8221; font_container=&#8221;tag:p|font_size:17|text_align:left|color:%236d6e71&#8243; use_theme_fonts=&#8221;yes&#8221; css=&#8221;.vc_custom_1589675320779{margin-top: 0px !important;margin-bottom: 39px !important;}&#8221;]<div class=\"services-box services-box-small animate anim-fadeInUp animate-delay-0\"><div class=\"services-box-icon\"><i class=\"fa fa-paper-plane-o\"><\/i><\/div><div class=\"services-box-texts\"><h3>Schneller Service<\/h3><p>Unser MT-App-Tool ist eine bequeme und einfache Option f\u00fcr eine maschinelle Online-\u00dcbersetzung. Unsere Website ist ein gro\u00dfartiger Ort f\u00fcr einen gelegentlichen Besuch oder ein zuf\u00e4lliges St\u00f6bern zwischen all der Aufregung im Internet. Wenn es f\u00fcr Sie an der Zeit ist, sich \u00fcber einen Inhalt in einer Fremdsprache zu informieren oder ein Dokument \u00fcbersetzen zu lassen, machen Sie einfach von unserer Online-Angebotsoption Gebrauch. Nachdem Sie sich entschieden haben, ob Sie die \u00dcbersetzung Ihres Dokuments in Auftrag geben m\u00f6chten oder nicht, sollten Sie Ihren Auftrag online \u00fcber unser Bestellformular erteilen.<\/p><\/div><\/div>[vc_separator color=&#8221;white&#8221; css=&#8221;.vc_custom_1455658219377{margin-bottom: 34px !important;}&#8221;]<div class=\"services-box services-box-small animate anim-fadeInUp animate-delay-0-50\"><div class=\"services-box-icon\"><i class=\"fa fa-repeat\"><\/i><\/div><div class=\"services-box-texts\"><h3>\u00dcbersetzen f\u00fcr alle Sprachen<\/h3><p>Als \u00dcbersetzungsb\u00fcro ist es unsere Hauptaufgabe, die Welt zu bereisen und die besten \u00dcbersetzer zu Ihrem Nutzen zu rekrutieren. Haben wir Ihr Interesse f\u00fcr unsere vielf\u00e4ltigen Dienstleistungen in verschiedenen Lebensbereichen geweckt? Sobald Sie sich in einem Lebenskontext befinden, in dem Sie ohne \u00dcbersetzung nicht mehr weiterkommen, k\u00f6nnen Sie sich gerne mit unserem B\u00fcro in Verbindung setzen. Wir \u00fcbersetzen jede Sprache, die Sie w\u00fcnschen.<\/p><\/div><\/div>[vc_separator color=&#8221;white&#8221; css=&#8221;.vc_custom_1455658219377{margin-bottom: 34px !important;}&#8221;]<div class=\"services-box services-box-small animate anim-fadeInUp animate-delay-1\"><div class=\"services-box-icon\"><i class=\"fa fa-thumbs-o-up\"><\/i><\/div><div class=\"services-box-texts\"><h3>Verl\u00e4sslichkeit in allen Sprachen<\/h3><p>Qualitativ hochwertige \u00dcbersetzungen juristischer Dokumente Profitieren Sie von unserer umfassenden Erfahrung bei der \u00dcbersetzung juristischer Dokumente aller Art. Unsere Mischung aus erfahrenen, qualifizierten Sprachexperten, Branchenexperten und Projektmanagern macht M-Translations zum idealen Partner selbst f\u00fcr die komplexesten und speziellsten juristischen \u00dcbersetzungsanforderungen. Wir bieten auch alle Arten von juristischen Dolmetscherdiensten an, einschlie\u00dflich Gerichtsdolmetschen.<\/p><\/div><\/div>[vc_separator color=&#8221;white&#8221; css=&#8221;.vc_custom_1455658219377{margin-bottom: 34px !important;}&#8221;][\/vc_column_inner][\/vc_row_inner][\/vc_column][\/vc_row][vc_row parallax=&#8221;content-moving&#8221; parallax_speed_bg=&#8221;2&#8243; css=&#8221;.vc_custom_1455712658267{padding-bottom: 37px !important;background-image: url(http:\/\/demo.gloriathemes.com\/wp\/perada\/wp-content\/uploads\/2016\/02\/services-blockquote-bg.jpg?id=509) !important;background-position: center;background-repeat: no-repeat;background-size:cover;}&#8221; el_class=&#8221;bgfixed&#8221;][vc_column]<div class=\"testimonial-single\"><div class=\"icon\" style=\"color:#ffba00;\"><i class=\"fa fa-quote-right testimonial-blockquote-icon\"><\/i><\/div><div class=\"testimonial-single-content\" style=\"color:#ffffff;\"><p>professional final work on time. Over the last year I've requested a document to be translated over the weekend because of emergency and they have been very helpful. Recently, they helped with a remote interpreting per telephone conference during a very crucial meeting. We now have a functioning join venture. Thank you M-TRANSLATIONS for a great service!<\/p><\/div><div class=\"testimonial-single-name\"><span class=\"name\" style=\"color:#ffba00;\">Paul Broh,<\/span><span class=\"company\" style=\"color:#ffffff;\">Generation SunLight<\/span><\/div><\/div>[\/vc_column][\/vc_row][vc_row el_class=&#8221;container&#8221; css=&#8221;.vc_custom_1455715463363{margin-bottom: 22px !important;padding-right: 0px !important;padding-left: 0px !important;}&#8221;][vc_column css=&#8221;.vc_custom_1455712795064{padding-top: 0px !important;padding-bottom: 0px !important;}&#8221;][vc_single_image image=&#8221;511&#8243; img_size=&#8221;full&#8221; alignment=&#8221;center&#8221; css=&#8221;.vc_custom_1456237566887{margin-top: 0px !important;margin-bottom: 48px !important;}&#8221; el_class=&#8221;animate anim-fadeIn&#8221;][vc_column_text]An alle unsere Kunden, die sich bereit erkl\u00e4rt haben, ihr Zeugnis abzugeben: Wir vergessen nicht, Ihnen allen daf\u00fcr zu danken, dass Sie unserem Unternehmen Ihre \u00f6ffentliche Unterst\u00fctzung zugesagt haben. In diesem 21. Jahrhundert, einem Jahrhundert voller \u00dcberraschungen und voller Stresssituationen, verdient es eine Geste der Dankbarkeit, wenn man sich die Zeit nimmt, ein Testimonial f\u00fcr ein bestimmtes Unternehmen zu schreiben, egal wie zufrieden man mit dessen Dienstleistungen ist. In diesen wenigen Zeilen m\u00f6chte ich Ihnen mitteilen, dass mein Unternehmen und ich sehr dankbar sind f\u00fcr die Zeit, die wir uns zum Wohle unseres Unternehmens genommen haben. Wir denken an Sie und versprechen, unsere Dankbarkeit zu bekunden, sobald Sie sich mit uns in Verbindung setzen. Vielen Dank an jeden einzelnen von Ihnen!<br \/>\n[\/vc_column_text][vc_separator color=&#8221;custom&#8221; el_width=&#8221;10&#8243; accent_color=&#8221;#b7b7b7&#8243;][vc_column_text]<strong>Reden vor einer Gruppe in einer anderen Sprache<\/strong><\/p>\n<p>Es gibt verschiedene Arten von Dolmetscherdiensten, um den spezifischen Anforderungen von Konferenzen, Tagungen oder anderen Veranstaltungen gerecht zu werden. Unsere Dolmetscher sind in der Lage, in mehr als 150 Sprachen zu dolmetschen, und verwenden modernste Technik, um absolute Genauigkeit zu gew\u00e4hrleisten. Unabh\u00e4ngig davon, ob der Dienst f\u00fcr eine Einzelperson, eine kleine Gruppe oder eine gro\u00dfe Pr\u00e4sentation ben\u00f6tigt wird, k\u00f6nnen wir erfahrene, qualifizierte Personen f\u00fcr diese Art von Dolmetschdiensten bereitstellen, um sicherzustellen, dass alle Teilnehmer die gleichen Informationen in ihrer Muttersprache erhalten. Diese Dienste sind unerl\u00e4sslich, um sicherzustellen, dass die Teilnehmer in vollem Umfang an jeder Veranstaltung teilnehmen k\u00f6nnen.[\/vc_column_text][\/vc_column][\/vc_row]<\/p>\n<\/div>","protected":false},"excerpt":{"rendered":"<p>\u00a0<\/p>\n","protected":false},"author":1,"featured_media":493,"parent":0,"menu_order":0,"comment_status":"closed","ping_status":"closed","template":"","meta":{"_rsvp_to":"","_rsvp_max":"","_rsvp_show_attendees":"","_rsvp_instructions":"","simple_price":"","simple_price_label":"","venue":"","_template_start_hour":"","_template_start_minutes":"","_sked_minutes":"","_sked_stop":"","_sked_duration":"","_payment_gateway":"Cash or Custom","_rsvp_currency":"USD","_sked_hour":"12","_sked_end":"13:00","rsvp_tx_template":0,"_rsvp_start":0,"_rsvp_deadline":0,"_rsvp_deadline_daysbefore":"0","_rsvp_deadline_hours":"0","_rsvp_reg_daysbefore":"0","_rsvp_reg_hours":"0","_rsvp_count_party":"1","_timezone":"+00:00","_rsvp_on":false,"_add_timezone":false,"_convert_timezone":false,"_calendar_icons":true,"_rsvp_end_display":false,"_rsvp_rsvpmaker_send_confirmation_email":false,"_rsvp_confirmation_after_payment":false,"_rsvp_confirmation_include_event":false,"_rsvp_count":true,"_rsvp_yesno":true,"_rsvp_captcha":false,"_rsvp_login_required":false,"_rsvp_form_show_date":false,"footnotes":""},"class_list":["post-309","page","type-page","status-publish","has-post-thumbnail","hentry"],"yoast_head":"<!-- This site is optimized with the Yoast SEO plugin v27.4 - https:\/\/yoast.com\/product\/yoast-seo-wordpress\/ -->\n<title>DIENSTLEISTUNGEN<\/title>\n<meta name=\"description\" content=\"\u00a0\" \/>\n<meta name=\"robots\" content=\"index, follow, max-snippet:-1, max-image-preview:large, max-video-preview:-1\" \/>\n<link rel=\"canonical\" href=\"http:\/\/\u00a0\" \/>\n<meta property=\"og:locale\" content=\"de_DE\" \/>\n<meta property=\"og:type\" content=\"article\" \/>\n<meta property=\"og:title\" content=\"DIENSTLEISTUNGEN\" \/>\n<meta property=\"og:description\" content=\"\u00a0\" \/>\n<meta property=\"og:url\" content=\"https:\/\/namba22.com\/de\/services\/\" \/>\n<meta property=\"og:site_name\" content=\"m-translations.com\" \/>\n<meta property=\"article:modified_time\" content=\"2021-09-08T12:40:37+00:00\" \/>\n<meta property=\"og:image\" content=\"https:\/\/namba22.com\/wp-content\/uploads\/2016\/02\/services.jpg\" \/>\n\t<meta property=\"og:image:width\" content=\"1814\" \/>\n\t<meta property=\"og:image:height\" content=\"356\" \/>\n\t<meta property=\"og:image:type\" content=\"image\/jpeg\" \/>\n<meta name=\"twitter:card\" content=\"summary_large_image\" \/>\n<meta name=\"twitter:label1\" content=\"Gesch\u00e4tzte Lesezeit\" \/>\n\t<meta name=\"twitter:data1\" content=\"9\u00a0Minuten\" \/>\n<script type=\"application\/ld+json\" class=\"yoast-schema-graph\">{\"@context\":\"https:\\\/\\\/schema.org\",\"@graph\":[{\"@type\":\"WebPage\",\"@id\":\"https:\\\/\\\/namba22.com\\\/de\\\/services\\\/\",\"url\":\"https:\\\/\\\/namba22.com\\\/de\\\/services\\\/\",\"name\":\"Services - m-translations.com\",\"isPartOf\":{\"@id\":\"https:\\\/\\\/namba22.com\\\/en\\\/#website\"},\"primaryImageOfPage\":{\"@id\":\"https:\\\/\\\/namba22.com\\\/de\\\/services\\\/#primaryimage\"},\"image\":{\"@id\":\"https:\\\/\\\/namba22.com\\\/de\\\/services\\\/#primaryimage\"},\"thumbnailUrl\":\"https:\\\/\\\/namba22.com\\\/wp-content\\\/uploads\\\/2016\\\/02\\\/services.jpg\",\"datePublished\":\"2016-02-15T16:49:38+00:00\",\"dateModified\":\"2021-09-08T12:40:37+00:00\",\"breadcrumb\":{\"@id\":\"https:\\\/\\\/namba22.com\\\/de\\\/services\\\/#breadcrumb\"},\"inLanguage\":\"de\",\"potentialAction\":[{\"@type\":\"ReadAction\",\"target\":[\"https:\\\/\\\/namba22.com\\\/de\\\/services\\\/\"]}]},{\"@type\":\"ImageObject\",\"inLanguage\":\"de\",\"@id\":\"https:\\\/\\\/namba22.com\\\/de\\\/services\\\/#primaryimage\",\"url\":\"https:\\\/\\\/namba22.com\\\/wp-content\\\/uploads\\\/2016\\\/02\\\/services.jpg\",\"contentUrl\":\"https:\\\/\\\/namba22.com\\\/wp-content\\\/uploads\\\/2016\\\/02\\\/services.jpg\",\"width\":1814,\"height\":356},{\"@type\":\"BreadcrumbList\",\"@id\":\"https:\\\/\\\/namba22.com\\\/de\\\/services\\\/#breadcrumb\",\"itemListElement\":[{\"@type\":\"ListItem\",\"position\":1,\"name\":\"Home\",\"item\":\"https:\\\/\\\/namba22.com\\\/\"},{\"@type\":\"ListItem\",\"position\":2,\"name\":\"DIENSTLEISTUNGEN\"}]},{\"@type\":\"WebSite\",\"@id\":\"https:\\\/\\\/namba22.com\\\/de\\\/en\\\/#website\",\"url\":\"https:\\\/\\\/namba22.com\\\/de\\\/en\\\/\",\"name\":\"m-translations.com\",\"description\":\"m-translations.com\",\"potentialAction\":[{\"@type\":\"SearchAction\",\"target\":{\"@type\":\"EntryPoint\",\"urlTemplate\":\"https:\\\/\\\/namba22.com\\\/de\\\/en\\\/?s={search_term_string}\"},\"query-input\":{\"@type\":\"PropertyValueSpecification\",\"valueRequired\":true,\"valueName\":\"search_term_string\"}}],\"inLanguage\":\"de\"}]}<\/script>\n<!-- \/ Yoast SEO plugin. -->","yoast_head_json":{"title":"DIENSTLEISTUNGEN","description":"\u00a0","robots":{"index":"index","follow":"follow","max-snippet":"max-snippet:-1","max-image-preview":"max-image-preview:large","max-video-preview":"max-video-preview:-1"},"canonical":"\u00a0","og_locale":"de_DE","og_type":"article","og_title":"DIENSTLEISTUNGEN","og_description":"\u00a0","og_url":"https:\/\/namba22.com\/de\/services\/","og_site_name":"m-translations.com","article_modified_time":"2021-09-08T12:40:37+00:00","og_image":[{"width":1814,"height":356,"url":"https:\/\/namba22.com\/wp-content\/uploads\/2016\/02\/services.jpg","type":"image\/jpeg"}],"twitter_card":"summary_large_image","twitter_misc":{"Gesch\u00e4tzte Lesezeit":"9\u00a0Minuten"},"schema":{"@context":"https:\/\/schema.org","@graph":[{"@type":"WebPage","@id":"https:\/\/namba22.com\/de\/services\/","url":"https:\/\/namba22.com\/de\/services\/","name":"Services - m-translations.com","isPartOf":{"@id":"https:\/\/namba22.com\/en\/#website"},"primaryImageOfPage":{"@id":"https:\/\/namba22.com\/de\/services\/#primaryimage"},"image":{"@id":"https:\/\/namba22.com\/de\/services\/#primaryimage"},"thumbnailUrl":"https:\/\/namba22.com\/wp-content\/uploads\/2016\/02\/services.jpg","datePublished":"2016-02-15T16:49:38+00:00","dateModified":"2021-09-08T12:40:37+00:00","breadcrumb":{"@id":"https:\/\/namba22.com\/de\/services\/#breadcrumb"},"inLanguage":"de","potentialAction":[{"@type":"ReadAction","target":["https:\/\/namba22.com\/de\/services\/"]}]},{"@type":"ImageObject","inLanguage":"de","@id":"https:\/\/namba22.com\/de\/services\/#primaryimage","url":"https:\/\/namba22.com\/wp-content\/uploads\/2016\/02\/services.jpg","contentUrl":"https:\/\/namba22.com\/wp-content\/uploads\/2016\/02\/services.jpg","width":1814,"height":356},{"@type":"BreadcrumbList","@id":"https:\/\/namba22.com\/de\/services\/#breadcrumb","itemListElement":[{"@type":"ListItem","position":1,"name":"Home","item":"https:\/\/namba22.com\/"},{"@type":"ListItem","position":2,"name":"DIENSTLEISTUNGEN"}]},{"@type":"WebSite","@id":"https:\/\/namba22.com\/de\/en\/#website","url":"https:\/\/namba22.com\/de\/en\/","name":"m-translations.com","description":"m-translations.com","potentialAction":[{"@type":"SearchAction","target":{"@type":"EntryPoint","urlTemplate":"https:\/\/namba22.com\/de\/en\/?s={search_term_string}"},"query-input":{"@type":"PropertyValueSpecification","valueRequired":true,"valueName":"search_term_string"}}],"inLanguage":"de"}]}},"_links":{"self":[{"href":"https:\/\/namba22.com\/de\/wp-json\/wp\/v2\/pages\/309","targetHints":{"allow":["GET"]}}],"collection":[{"href":"https:\/\/namba22.com\/de\/wp-json\/wp\/v2\/pages"}],"about":[{"href":"https:\/\/namba22.com\/de\/wp-json\/wp\/v2\/types\/page"}],"author":[{"embeddable":true,"href":"https:\/\/namba22.com\/de\/wp-json\/wp\/v2\/users\/1"}],"replies":[{"embeddable":true,"href":"https:\/\/namba22.com\/de\/wp-json\/wp\/v2\/comments?post=309"}],"version-history":[{"count":19,"href":"https:\/\/namba22.com\/de\/wp-json\/wp\/v2\/pages\/309\/revisions"}],"predecessor-version":[{"id":2711,"href":"https:\/\/namba22.com\/de\/wp-json\/wp\/v2\/pages\/309\/revisions\/2711"}],"wp:featuredmedia":[{"embeddable":true,"href":"https:\/\/namba22.com\/de\/wp-json\/wp\/v2\/media\/493"}],"wp:attachment":[{"href":"https:\/\/namba22.com\/de\/wp-json\/wp\/v2\/media?parent=309"}],"curies":[{"name":"wp","href":"https:\/\/api.w.org\/{rel}","templated":true}]}}