{"id":2398,"date":"2021-02-28T05:47:22","date_gmt":"2021-02-28T05:47:22","guid":{"rendered":"https:\/\/namba22.com\/\/?page_id=2398&#038;lang=en"},"modified":"2022-10-03T06:50:39","modified_gmt":"2022-10-03T06:50:39","slug":"prices-standard-2","status":"publish","type":"page","link":"https:\/\/namba22.com\/de\/preise-standard\/","title":{"rendered":"Preise - Standard "},"content":{"rendered":"<p>Wenn Sie als unser wertvoller Kunde Ihre Wahl auf das Standardniveau unserer \u00dcbersetzungsdienstleistungen richten, brauchen Sie sich keine Sorgen zu machen, denn der Auftrag, mit dem Sie uns beauftragen, liegt in den H\u00e4nden von Fachleuten aus dem \u00dcbersetzungsbereich. Wir w\u00fcnschen uns einfach, dass Sie den gr\u00f6\u00dften Nutzen aus unserer Arbeit f\u00fcr Sie ziehen k\u00f6nnen. Wenn Sie keine besonderen W\u00fcnsche haben, ist dies die richtige Wahl f\u00fcr Sie.<\/p>\n<div class=\"wpsc_product\"><div class=\"wp_cart_button_wrapper\"><form method=\"post\" class=\"wp-cart-button-form\" action=\"\" style=\"display:inline\" onsubmit=\"return ReadForm(this, true);\" ><input type=\"hidden\" id=\"_wpnonce\" name=\"_wpnonce\" value=\"3754e2d71a\" \/><input type=\"hidden\" name=\"_wp_http_referer\" value=\"\/de\/wp-json\/wp\/v2\/pages\/2398\" \/><div class=\"wp_cart_variation_section\"><span class=\"wp_cart_variation_name\">Preisniveau der \u00dcbersetzung : <\/span><select name=\"variation1\" class=\"wp_cart_variation1_select\" onchange=\"ReadForm (this.form, false);\"><option value=\"STANDARD\" data-display-text=\"STANDARD\" data-price=\"0\">STANDARD<\/option><\/select><br \/><\/div><input type=\"submit\" class=\"wspsc_add_cart_submit\" name=\"wspsc_add_cart_submit\" value=\"Add to Cart\" \/><input type=\"hidden\" name=\"wspsc_product\" value=\"Preis Standard\" \/><input type=\"hidden\" name=\"price\" value=\"19.99\" \/><input type=\"hidden\" name=\"shipping\" value=\"1.99\" \/><input type=\"hidden\" name=\"addcart\" value=\"1\" \/><input type=\"hidden\" name=\"cartLink\" value=\"https:\/\/namba22.com\/de\/wp-json\/wp\/v2\/pages\/2398\" \/><input type=\"hidden\" name=\"product_tmp\" value=\"Preis Standard\" \/><input type=\"hidden\" name=\"product_tmp_two\" value=\"Preis Standard\" \/><input type=\"hidden\" name=\"item_number\" value=\"\" \/><div class=\"wpsc_add_cart_response_div\"><\/div><\/form><\/div><\/div><div class=\"wpsc_shopping_cart_container\"><\/div>\n<p>&nbsp;<\/p>\n","protected":false},"excerpt":{"rendered":"<p>Wenn Sie als unser wertvoller Kunde Ihre Wahl auf das Standardniveau unserer \u00dcbersetzungsdienstleistungen richten, brauchen Sie sich keine Sorgen zu machen, denn der Auftrag, mit dem Sie uns beauftragen, liegt in den H\u00e4nden von Fachleuten aus dem \u00dcbersetzungsbereich. Wir w\u00fcnschen uns einfach, dass Sie den gr\u00f6\u00dften Nutzen aus unserer Arbeit f\u00fcr Sie ziehen k\u00f6nnen. Wenn&#8230;<\/p>\n","protected":false},"author":1,"featured_media":0,"parent":0,"menu_order":0,"comment_status":"closed","ping_status":"closed","template":"","meta":{"_rsvp_to":"","_rsvp_max":"","_rsvp_show_attendees":"","_rsvp_instructions":"","simple_price":"","simple_price_label":"","venue":"","_template_start_hour":"","_template_start_minutes":"","_sked_minutes":"","_sked_stop":"","_sked_duration":"","_payment_gateway":"Cash or Custom","_rsvp_currency":"USD","_sked_hour":"12","_sked_end":"13:00","rsvp_tx_template":0,"_rsvp_start":0,"_rsvp_deadline":0,"_rsvp_deadline_daysbefore":"0","_rsvp_deadline_hours":"0","_rsvp_reg_daysbefore":"0","_rsvp_reg_hours":"0","_rsvp_count_party":"1","_timezone":"+00:00","_rsvp_on":false,"_add_timezone":false,"_convert_timezone":false,"_calendar_icons":true,"_rsvp_end_display":false,"_rsvp_rsvpmaker_send_confirmation_email":false,"_rsvp_confirmation_after_payment":false,"_rsvp_confirmation_include_event":false,"_rsvp_count":true,"_rsvp_yesno":true,"_rsvp_captcha":false,"_rsvp_login_required":false,"_rsvp_form_show_date":false,"footnotes":""},"class_list":["post-2398","page","type-page","status-publish","hentry"],"yoast_head":"<!-- This site is optimized with the Yoast SEO plugin v27.4 - https:\/\/yoast.com\/product\/yoast-seo-wordpress\/ -->\n<title>Preise - Standard<\/title>\n<meta name=\"description\" content=\"Wenn Sie als unser wertvoller Kunde Ihre Wahl auf das Standardniveau unserer \u00dcbersetzungsdienstleistungen richten, brauchen Sie sich keine Sorgen zu machen, denn der Auftrag, mit dem Sie uns beauftragen, liegt in den H\u00e4nden von Fachleuten aus dem \u00dcbersetzungsbereich. Wir w\u00fcnschen uns einfach, dass Sie den gr\u00f6\u00dften Nutzen aus unserer Arbeit f\u00fcr Sie ziehen k\u00f6nnen. Wenn&hellip;\" \/>\n<meta name=\"robots\" content=\"index, follow, max-snippet:-1, max-image-preview:large, max-video-preview:-1\" \/>\n<link rel=\"canonical\" href=\"http:\/\/Wenn%20Sie%20als%20unser%20wertvoller%20Kunde%20Ihre%20Wahl%20auf%20das%20Standardniveau%20unserer%20\u00dcbersetzungsdienstleistungen%20richten,%20brauchen%20Sie%20sich%20keine%20Sorgen%20zu%20machen,%20denn%20der%20Auftrag,%20mit%20dem%20Sie%20uns%20beauftragen,%20liegt%20in%20den%20H\u00e4nden%20von%20Fachleuten%20aus%20dem%20\u00dcbersetzungsbereich.%20Wir%20w\u00fcnschen%20uns%20einfach,%20dass%20Sie%20den%20gr\u00f6\u00dften%20Nutzen%20aus%20unserer%20Arbeit%20f\u00fcr%20Sie%20ziehen%20k\u00f6nnen.%20Wenn&hellip;\" \/>\n<meta property=\"og:locale\" content=\"de_DE\" \/>\n<meta property=\"og:type\" content=\"article\" \/>\n<meta property=\"og:title\" content=\"Preise - Standard\" \/>\n<meta property=\"og:description\" content=\"Wenn Sie als unser wertvoller Kunde Ihre Wahl auf das Standardniveau unserer \u00dcbersetzungsdienstleistungen richten, brauchen Sie sich keine Sorgen zu machen, denn der Auftrag, mit dem Sie uns beauftragen, liegt in den H\u00e4nden von Fachleuten aus dem \u00dcbersetzungsbereich. Wir w\u00fcnschen uns einfach, dass Sie den gr\u00f6\u00dften Nutzen aus unserer Arbeit f\u00fcr Sie ziehen k\u00f6nnen. Wenn&hellip;\" \/>\n<meta property=\"og:url\" content=\"https:\/\/namba22.com\/de\/preise-standard\/\" \/>\n<meta property=\"og:site_name\" content=\"m-translations.com\" \/>\n<meta property=\"article:modified_time\" content=\"2022-10-03T06:50:39+00:00\" \/>\n<meta name=\"twitter:card\" content=\"summary_large_image\" \/>\n<script type=\"application\/ld+json\" class=\"yoast-schema-graph\">{\"@context\":\"https:\\\/\\\/schema.org\",\"@graph\":[{\"@type\":\"WebPage\",\"@id\":\"https:\\\/\\\/namba22.com\\\/de\\\/preise-standard\\\/\",\"url\":\"https:\\\/\\\/namba22.com\\\/de\\\/preise-standard\\\/\",\"name\":\"Prices - Standard - m-translations.com\",\"isPartOf\":{\"@id\":\"https:\\\/\\\/namba22.com\\\/en\\\/#website\"},\"datePublished\":\"2021-02-28T05:47:22+00:00\",\"dateModified\":\"2022-10-03T06:50:39+00:00\",\"breadcrumb\":{\"@id\":\"https:\\\/\\\/namba22.com\\\/de\\\/preise-standard\\\/#breadcrumb\"},\"inLanguage\":\"de\",\"potentialAction\":[{\"@type\":\"ReadAction\",\"target\":[\"https:\\\/\\\/namba22.com\\\/de\\\/preise-standard\\\/\"]}]},{\"@type\":\"BreadcrumbList\",\"@id\":\"https:\\\/\\\/namba22.com\\\/de\\\/preise-standard\\\/#breadcrumb\",\"itemListElement\":[{\"@type\":\"ListItem\",\"position\":1,\"name\":\"Home\",\"item\":\"https:\\\/\\\/namba22.com\\\/\"},{\"@type\":\"ListItem\",\"position\":2,\"name\":\"Preise - Standard\"}]},{\"@type\":\"WebSite\",\"@id\":\"https:\\\/\\\/namba22.com\\\/de\\\/en\\\/#website\",\"url\":\"https:\\\/\\\/namba22.com\\\/de\\\/en\\\/\",\"name\":\"m-translations.com\",\"description\":\"m-translations.com\",\"potentialAction\":[{\"@type\":\"SearchAction\",\"target\":{\"@type\":\"EntryPoint\",\"urlTemplate\":\"https:\\\/\\\/namba22.com\\\/de\\\/en\\\/?s={search_term_string}\"},\"query-input\":{\"@type\":\"PropertyValueSpecification\",\"valueRequired\":true,\"valueName\":\"search_term_string\"}}],\"inLanguage\":\"de\"}]}<\/script>\n<!-- \/ Yoast SEO plugin. -->","yoast_head_json":{"title":"Preise - Standard","description":"Wenn Sie als unser wertvoller Kunde Ihre Wahl auf das Standardniveau unserer \u00dcbersetzungsdienstleistungen richten, brauchen Sie sich keine Sorgen zu machen, denn der Auftrag, mit dem Sie uns beauftragen, liegt in den H\u00e4nden von Fachleuten aus dem \u00dcbersetzungsbereich. Wir w\u00fcnschen uns einfach, dass Sie den gr\u00f6\u00dften Nutzen aus unserer Arbeit f\u00fcr Sie ziehen k\u00f6nnen. Wenn&hellip;","robots":{"index":"index","follow":"follow","max-snippet":"max-snippet:-1","max-image-preview":"max-image-preview:large","max-video-preview":"max-video-preview:-1"},"canonical":"Wenn Sie als unser wertvoller Kunde Ihre Wahl auf das Standardniveau unserer \u00dcbersetzungsdienstleistungen richten, brauchen Sie sich keine Sorgen zu machen, denn der Auftrag, mit dem Sie uns beauftragen, liegt in den H\u00e4nden von Fachleuten aus dem \u00dcbersetzungsbereich. Wir w\u00fcnschen uns einfach, dass Sie den gr\u00f6\u00dften Nutzen aus unserer Arbeit f\u00fcr Sie ziehen k\u00f6nnen. Wenn&hellip;","og_locale":"de_DE","og_type":"article","og_title":"Preise - Standard","og_description":"Wenn Sie als unser wertvoller Kunde Ihre Wahl auf das Standardniveau unserer \u00dcbersetzungsdienstleistungen richten, brauchen Sie sich keine Sorgen zu machen, denn der Auftrag, mit dem Sie uns beauftragen, liegt in den H\u00e4nden von Fachleuten aus dem \u00dcbersetzungsbereich. Wir w\u00fcnschen uns einfach, dass Sie den gr\u00f6\u00dften Nutzen aus unserer Arbeit f\u00fcr Sie ziehen k\u00f6nnen. Wenn&hellip;","og_url":"https:\/\/namba22.com\/de\/preise-standard\/","og_site_name":"m-translations.com","article_modified_time":"2022-10-03T06:50:39+00:00","twitter_card":"summary_large_image","schema":{"@context":"https:\/\/schema.org","@graph":[{"@type":"WebPage","@id":"https:\/\/namba22.com\/de\/preise-standard\/","url":"https:\/\/namba22.com\/de\/preise-standard\/","name":"Prices - Standard - m-translations.com","isPartOf":{"@id":"https:\/\/namba22.com\/en\/#website"},"datePublished":"2021-02-28T05:47:22+00:00","dateModified":"2022-10-03T06:50:39+00:00","breadcrumb":{"@id":"https:\/\/namba22.com\/de\/preise-standard\/#breadcrumb"},"inLanguage":"de","potentialAction":[{"@type":"ReadAction","target":["https:\/\/namba22.com\/de\/preise-standard\/"]}]},{"@type":"BreadcrumbList","@id":"https:\/\/namba22.com\/de\/preise-standard\/#breadcrumb","itemListElement":[{"@type":"ListItem","position":1,"name":"Home","item":"https:\/\/namba22.com\/"},{"@type":"ListItem","position":2,"name":"Preise - Standard"}]},{"@type":"WebSite","@id":"https:\/\/namba22.com\/de\/en\/#website","url":"https:\/\/namba22.com\/de\/en\/","name":"m-translations.com","description":"m-translations.com","potentialAction":[{"@type":"SearchAction","target":{"@type":"EntryPoint","urlTemplate":"https:\/\/namba22.com\/de\/en\/?s={search_term_string}"},"query-input":{"@type":"PropertyValueSpecification","valueRequired":true,"valueName":"search_term_string"}}],"inLanguage":"de"}]}},"_links":{"self":[{"href":"https:\/\/namba22.com\/de\/wp-json\/wp\/v2\/pages\/2398","targetHints":{"allow":["GET"]}}],"collection":[{"href":"https:\/\/namba22.com\/de\/wp-json\/wp\/v2\/pages"}],"about":[{"href":"https:\/\/namba22.com\/de\/wp-json\/wp\/v2\/types\/page"}],"author":[{"embeddable":true,"href":"https:\/\/namba22.com\/de\/wp-json\/wp\/v2\/users\/1"}],"replies":[{"embeddable":true,"href":"https:\/\/namba22.com\/de\/wp-json\/wp\/v2\/comments?post=2398"}],"version-history":[{"count":6,"href":"https:\/\/namba22.com\/de\/wp-json\/wp\/v2\/pages\/2398\/revisions"}],"predecessor-version":[{"id":2797,"href":"https:\/\/namba22.com\/de\/wp-json\/wp\/v2\/pages\/2398\/revisions\/2797"}],"wp:attachment":[{"href":"https:\/\/namba22.com\/de\/wp-json\/wp\/v2\/media?parent=2398"}],"curies":[{"name":"wp","href":"https:\/\/api.w.org\/{rel}","templated":true}]}}