{"id":2371,"date":"2021-02-28T05:09:34","date_gmt":"2021-02-28T05:09:34","guid":{"rendered":"https:\/\/namba22.com\/\/?page_id=2371&#038;lang=en"},"modified":"2022-10-03T14:18:53","modified_gmt":"2022-10-03T14:18:53","slug":"prices-premium","status":"publish","type":"page","link":"https:\/\/namba22.com\/de\/preise-premium\/","title":{"rendered":"Preise - Premium"},"content":{"rendered":"<p>PREMIUM ist unser ALL-KOMFORT Service Level. Es ist unsere h\u00f6chste Preisstufe f\u00fcr \u00dcbersetzungsdienstleistungen. Wenn Sie sich daf\u00fcr entscheiden, wissen wir das sehr zu sch\u00e4tzen und w\u00fcnschen Ihnen, dass Sie das Beste daraus machen k\u00f6nnen.<\/p>\n<div class=\"wpsc_product\"><div class=\"wp_cart_button_wrapper\"><form method=\"post\" class=\"wp-cart-button-form\" action=\"\" style=\"display:inline\" onsubmit=\"return ReadForm(this, true);\" ><input type=\"hidden\" id=\"_wpnonce\" name=\"_wpnonce\" value=\"3754e2d71a\" \/><input type=\"hidden\" name=\"_wp_http_referer\" value=\"\/de\/wp-json\/wp\/v2\/pages\/2371\" \/><div class=\"wp_cart_variation_section\"><span class=\"wp_cart_variation_name\">Preisniveau der \u00dcbersetzung : <\/span><select name=\"variation1\" class=\"wp_cart_variation1_select\" onchange=\"ReadForm (this.form, false);\"><option value=\"PREMIUM\" data-display-text=\"PREMIUM\" data-price=\"0\">PREMIUM<\/option><\/select><br \/><\/div><input type=\"submit\" class=\"wspsc_add_cart_submit\" name=\"wspsc_add_cart_submit\" value=\"Add to Cart\" \/><input type=\"hidden\" name=\"wspsc_product\" value=\"Preisniveau\" \/><input type=\"hidden\" name=\"price\" value=\"39.99\" \/><input type=\"hidden\" name=\"shipping\" value=\"1.99\" \/><input type=\"hidden\" name=\"addcart\" value=\"1\" \/><input type=\"hidden\" name=\"cartLink\" value=\"https:\/\/namba22.com\/de\/wp-json\/wp\/v2\/pages\/2371\" \/><input type=\"hidden\" name=\"product_tmp\" value=\"Preisniveau\" \/><input type=\"hidden\" name=\"product_tmp_two\" value=\"Preisniveau\" \/><input type=\"hidden\" name=\"item_number\" value=\"\" \/><div class=\"wpsc_add_cart_response_div\"><\/div><\/form><\/div><\/div>\n<div class=\"wpsc_shopping_cart_container\"><\/div>\n<p>&nbsp;<\/p>\n","protected":false},"excerpt":{"rendered":"<p>PREMIUM ist unser ALL-KOMFORT Service Level. Es ist unsere h\u00f6chste Preisstufe f\u00fcr \u00dcbersetzungsdienstleistungen. Wenn Sie sich daf\u00fcr entscheiden, wissen wir das sehr zu sch\u00e4tzen und w\u00fcnschen Ihnen, dass Sie das Beste daraus machen k\u00f6nnen.<\/p>\n","protected":false},"author":1,"featured_media":0,"parent":0,"menu_order":0,"comment_status":"closed","ping_status":"closed","template":"","meta":{"_rsvp_to":"","_rsvp_max":"","_rsvp_show_attendees":"","_rsvp_instructions":"","simple_price":"","simple_price_label":"","venue":"","_template_start_hour":"","_template_start_minutes":"","_sked_minutes":"","_sked_stop":"","_sked_duration":"","_payment_gateway":"Cash or Custom","_rsvp_currency":"USD","_sked_hour":"12","_sked_end":"13:00","rsvp_tx_template":0,"_rsvp_start":0,"_rsvp_deadline":0,"_rsvp_deadline_daysbefore":"0","_rsvp_deadline_hours":"0","_rsvp_reg_daysbefore":"0","_rsvp_reg_hours":"0","_rsvp_count_party":"1","_timezone":"+00:00","_rsvp_on":false,"_add_timezone":false,"_convert_timezone":false,"_calendar_icons":true,"_rsvp_end_display":false,"_rsvp_rsvpmaker_send_confirmation_email":false,"_rsvp_confirmation_after_payment":false,"_rsvp_confirmation_include_event":false,"_rsvp_count":true,"_rsvp_yesno":true,"_rsvp_captcha":false,"_rsvp_login_required":false,"_rsvp_form_show_date":false,"footnotes":""},"class_list":["post-2371","page","type-page","status-publish","hentry"],"yoast_head":"<!-- This site is optimized with the Yoast SEO plugin v27.4 - https:\/\/yoast.com\/product\/yoast-seo-wordpress\/ -->\n<title>Preise - Premium<\/title>\n<meta name=\"description\" content=\"PREMIUM ist unser ALL-KOMFORT Service Level. Es ist unsere h\u00f6chste Preisstufe f\u00fcr \u00dcbersetzungsdienstleistungen. Wenn Sie sich daf\u00fcr entscheiden, wissen wir das sehr zu sch\u00e4tzen und w\u00fcnschen Ihnen, dass Sie das Beste daraus machen k\u00f6nnen.\" \/>\n<meta name=\"robots\" content=\"index, follow, max-snippet:-1, max-image-preview:large, max-video-preview:-1\" \/>\n<link rel=\"canonical\" href=\"http:\/\/PREMIUM%20ist%20unser%20ALL-KOMFORT%20Service%20Level.%20Es%20ist%20unsere%20h\u00f6chste%20Preisstufe%20f\u00fcr%20\u00dcbersetzungsdienstleistungen.%20Wenn%20Sie%20sich%20daf\u00fcr%20entscheiden,%20wissen%20wir%20das%20sehr%20zu%20sch\u00e4tzen%20und%20w\u00fcnschen%20Ihnen,%20dass%20Sie%20das%20Beste%20daraus%20machen%20k\u00f6nnen.\" \/>\n<meta property=\"og:locale\" content=\"de_DE\" \/>\n<meta property=\"og:type\" content=\"article\" \/>\n<meta property=\"og:title\" content=\"Preise - Premium\" \/>\n<meta property=\"og:description\" content=\"PREMIUM ist unser ALL-KOMFORT Service Level. Es ist unsere h\u00f6chste Preisstufe f\u00fcr \u00dcbersetzungsdienstleistungen. Wenn Sie sich daf\u00fcr entscheiden, wissen wir das sehr zu sch\u00e4tzen und w\u00fcnschen Ihnen, dass Sie das Beste daraus machen k\u00f6nnen.\" \/>\n<meta property=\"og:url\" content=\"https:\/\/namba22.com\/de\/preise-premium\/\" \/>\n<meta property=\"og:site_name\" content=\"m-translations.com\" \/>\n<meta property=\"article:modified_time\" content=\"2022-10-03T14:18:53+00:00\" \/>\n<meta name=\"twitter:card\" content=\"summary_large_image\" \/>\n<script type=\"application\/ld+json\" class=\"yoast-schema-graph\">{\"@context\":\"https:\\\/\\\/schema.org\",\"@graph\":[{\"@type\":\"WebPage\",\"@id\":\"https:\\\/\\\/namba22.com\\\/de\\\/preise-premium\\\/\",\"url\":\"https:\\\/\\\/namba22.com\\\/de\\\/preise-premium\\\/\",\"name\":\"Prices - PREMIUM - m-translations.com\",\"isPartOf\":{\"@id\":\"https:\\\/\\\/namba22.com\\\/en\\\/#website\"},\"datePublished\":\"2021-02-28T05:09:34+00:00\",\"dateModified\":\"2022-10-03T14:18:53+00:00\",\"breadcrumb\":{\"@id\":\"https:\\\/\\\/namba22.com\\\/de\\\/preise-premium\\\/#breadcrumb\"},\"inLanguage\":\"de\",\"potentialAction\":[{\"@type\":\"ReadAction\",\"target\":[\"https:\\\/\\\/namba22.com\\\/de\\\/preise-premium\\\/\"]}]},{\"@type\":\"BreadcrumbList\",\"@id\":\"https:\\\/\\\/namba22.com\\\/de\\\/preise-premium\\\/#breadcrumb\",\"itemListElement\":[{\"@type\":\"ListItem\",\"position\":1,\"name\":\"Home\",\"item\":\"https:\\\/\\\/namba22.com\\\/\"},{\"@type\":\"ListItem\",\"position\":2,\"name\":\"Preise - Premium\"}]},{\"@type\":\"WebSite\",\"@id\":\"https:\\\/\\\/namba22.com\\\/de\\\/en\\\/#website\",\"url\":\"https:\\\/\\\/namba22.com\\\/de\\\/en\\\/\",\"name\":\"m-translations.com\",\"description\":\"m-translations.com\",\"potentialAction\":[{\"@type\":\"SearchAction\",\"target\":{\"@type\":\"EntryPoint\",\"urlTemplate\":\"https:\\\/\\\/namba22.com\\\/de\\\/en\\\/?s={search_term_string}\"},\"query-input\":{\"@type\":\"PropertyValueSpecification\",\"valueRequired\":true,\"valueName\":\"search_term_string\"}}],\"inLanguage\":\"de\"}]}<\/script>\n<!-- \/ Yoast SEO plugin. -->","yoast_head_json":{"title":"Preise - Premium","description":"PREMIUM ist unser ALL-KOMFORT Service Level. Es ist unsere h\u00f6chste Preisstufe f\u00fcr \u00dcbersetzungsdienstleistungen. Wenn Sie sich daf\u00fcr entscheiden, wissen wir das sehr zu sch\u00e4tzen und w\u00fcnschen Ihnen, dass Sie das Beste daraus machen k\u00f6nnen.","robots":{"index":"index","follow":"follow","max-snippet":"max-snippet:-1","max-image-preview":"max-image-preview:large","max-video-preview":"max-video-preview:-1"},"canonical":"PREMIUM ist unser ALL-KOMFORT Service Level. Es ist unsere h\u00f6chste Preisstufe f\u00fcr \u00dcbersetzungsdienstleistungen. Wenn Sie sich daf\u00fcr entscheiden, wissen wir das sehr zu sch\u00e4tzen und w\u00fcnschen Ihnen, dass Sie das Beste daraus machen k\u00f6nnen.","og_locale":"de_DE","og_type":"article","og_title":"Preise - Premium","og_description":"PREMIUM ist unser ALL-KOMFORT Service Level. Es ist unsere h\u00f6chste Preisstufe f\u00fcr \u00dcbersetzungsdienstleistungen. Wenn Sie sich daf\u00fcr entscheiden, wissen wir das sehr zu sch\u00e4tzen und w\u00fcnschen Ihnen, dass Sie das Beste daraus machen k\u00f6nnen.","og_url":"https:\/\/namba22.com\/de\/preise-premium\/","og_site_name":"m-translations.com","article_modified_time":"2022-10-03T14:18:53+00:00","twitter_card":"summary_large_image","schema":{"@context":"https:\/\/schema.org","@graph":[{"@type":"WebPage","@id":"https:\/\/namba22.com\/de\/preise-premium\/","url":"https:\/\/namba22.com\/de\/preise-premium\/","name":"Prices - PREMIUM - m-translations.com","isPartOf":{"@id":"https:\/\/namba22.com\/en\/#website"},"datePublished":"2021-02-28T05:09:34+00:00","dateModified":"2022-10-03T14:18:53+00:00","breadcrumb":{"@id":"https:\/\/namba22.com\/de\/preise-premium\/#breadcrumb"},"inLanguage":"de","potentialAction":[{"@type":"ReadAction","target":["https:\/\/namba22.com\/de\/preise-premium\/"]}]},{"@type":"BreadcrumbList","@id":"https:\/\/namba22.com\/de\/preise-premium\/#breadcrumb","itemListElement":[{"@type":"ListItem","position":1,"name":"Home","item":"https:\/\/namba22.com\/"},{"@type":"ListItem","position":2,"name":"Preise - Premium"}]},{"@type":"WebSite","@id":"https:\/\/namba22.com\/de\/en\/#website","url":"https:\/\/namba22.com\/de\/en\/","name":"m-translations.com","description":"m-translations.com","potentialAction":[{"@type":"SearchAction","target":{"@type":"EntryPoint","urlTemplate":"https:\/\/namba22.com\/de\/en\/?s={search_term_string}"},"query-input":{"@type":"PropertyValueSpecification","valueRequired":true,"valueName":"search_term_string"}}],"inLanguage":"de"}]}},"_links":{"self":[{"href":"https:\/\/namba22.com\/de\/wp-json\/wp\/v2\/pages\/2371","targetHints":{"allow":["GET"]}}],"collection":[{"href":"https:\/\/namba22.com\/de\/wp-json\/wp\/v2\/pages"}],"about":[{"href":"https:\/\/namba22.com\/de\/wp-json\/wp\/v2\/types\/page"}],"author":[{"embeddable":true,"href":"https:\/\/namba22.com\/de\/wp-json\/wp\/v2\/users\/1"}],"replies":[{"embeddable":true,"href":"https:\/\/namba22.com\/de\/wp-json\/wp\/v2\/comments?post=2371"}],"version-history":[{"count":13,"href":"https:\/\/namba22.com\/de\/wp-json\/wp\/v2\/pages\/2371\/revisions"}],"predecessor-version":[{"id":2818,"href":"https:\/\/namba22.com\/de\/wp-json\/wp\/v2\/pages\/2371\/revisions\/2818"}],"wp:attachment":[{"href":"https:\/\/namba22.com\/de\/wp-json\/wp\/v2\/media?parent=2371"}],"curies":[{"name":"wp","href":"https:\/\/api.w.org\/{rel}","templated":true}]}}