{"id":2365,"date":"2021-02-28T04:56:53","date_gmt":"2021-02-28T04:56:53","guid":{"rendered":"https:\/\/namba22.com\/\/?page_id=2365&#038;lang=en"},"modified":"2022-10-03T14:02:29","modified_gmt":"2022-10-03T14:02:29","slug":"prices-super","status":"publish","type":"page","link":"https:\/\/namba22.com\/de\/preise-super\/","title":{"rendered":"Preise - Super"},"content":{"rendered":"<p>Das Preisniveau &#8211; Super &#8211; ist das n\u00e4chste Komfortniveau f\u00fcr \u00dcbersetzungsdienstleistungen nach dem Standardpreisniveau.<\/p>\n<div class=\"wpsc_product\"><div class=\"wp_cart_button_wrapper\"><form method=\"post\" class=\"wp-cart-button-form\" action=\"\" style=\"display:inline\" onsubmit=\"return ReadForm(this, true);\" ><input type=\"hidden\" id=\"_wpnonce\" name=\"_wpnonce\" value=\"3754e2d71a\" \/><input type=\"hidden\" name=\"_wp_http_referer\" value=\"\/de\/wp-json\/wp\/v2\/pages\/2365\" \/><div class=\"wp_cart_variation_section\"><span class=\"wp_cart_variation_name\">Preisniveau der \u00dcbersetzung : <\/span><select name=\"variation1\" class=\"wp_cart_variation1_select\" onchange=\"ReadForm (this.form, false);\"><option value=\"SUPER\" data-display-text=\"SUPER\" data-price=\"0\">SUPER<\/option><\/select><br \/><\/div><input type=\"submit\" class=\"wspsc_add_cart_submit\" name=\"wspsc_add_cart_submit\" value=\"Add to Cart\" \/><input type=\"hidden\" name=\"wspsc_product\" value=\"Preis Standard\" \/><input type=\"hidden\" name=\"price\" value=\"29.99\" \/><input type=\"hidden\" name=\"shipping\" value=\"1.99\" \/><input type=\"hidden\" name=\"addcart\" value=\"1\" \/><input type=\"hidden\" name=\"cartLink\" value=\"https:\/\/namba22.com\/de\/wp-json\/wp\/v2\/pages\/2365\" \/><input type=\"hidden\" name=\"product_tmp\" value=\"Preis Standard\" \/><input type=\"hidden\" name=\"product_tmp_two\" value=\"Preis Standard\" \/><input type=\"hidden\" name=\"item_number\" value=\"\" \/><div class=\"wpsc_add_cart_response_div\"><\/div><\/form><\/div><\/div>\n<div class=\"wpsc_shopping_cart_container\"><\/div>\n","protected":false},"excerpt":{"rendered":"<p>Das Preisniveau &#8211; Super &#8211; ist das n\u00e4chste Komfortniveau f\u00fcr \u00dcbersetzungsdienstleistungen nach dem Standardpreisniveau.<\/p>\n","protected":false},"author":1,"featured_media":0,"parent":0,"menu_order":0,"comment_status":"closed","ping_status":"closed","template":"","meta":{"_rsvp_to":"","_rsvp_max":"","_rsvp_show_attendees":"","_rsvp_instructions":"","simple_price":"","simple_price_label":"","venue":"","_template_start_hour":"","_template_start_minutes":"","_sked_minutes":"","_sked_stop":"","_sked_duration":"","_payment_gateway":"Cash or Custom","_rsvp_currency":"USD","_sked_hour":"12","_sked_end":"13:00","rsvp_tx_template":0,"_rsvp_start":0,"_rsvp_deadline":0,"_rsvp_deadline_daysbefore":"0","_rsvp_deadline_hours":"0","_rsvp_reg_daysbefore":"0","_rsvp_reg_hours":"0","_rsvp_count_party":"1","_timezone":"+00:00","_rsvp_on":false,"_add_timezone":false,"_convert_timezone":false,"_calendar_icons":true,"_rsvp_end_display":false,"_rsvp_rsvpmaker_send_confirmation_email":false,"_rsvp_confirmation_after_payment":false,"_rsvp_confirmation_include_event":false,"_rsvp_count":true,"_rsvp_yesno":true,"_rsvp_captcha":false,"_rsvp_login_required":false,"_rsvp_form_show_date":false,"footnotes":""},"class_list":["post-2365","page","type-page","status-publish","hentry"],"yoast_head":"<!-- This site is optimized with the Yoast SEO plugin v27.4 - https:\/\/yoast.com\/product\/yoast-seo-wordpress\/ -->\n<title>Preise - Super<\/title>\n<meta name=\"description\" content=\"Das Preisniveau - Super - ist das n\u00e4chste Komfortniveau f\u00fcr \u00dcbersetzungsdienstleistungen nach dem Standardpreisniveau.\" \/>\n<meta name=\"robots\" content=\"index, follow, max-snippet:-1, max-image-preview:large, max-video-preview:-1\" \/>\n<link rel=\"canonical\" href=\"http:\/\/Das%20Preisniveau%20-%20Super%20-%20ist%20das%20n\u00e4chste%20Komfortniveau%20f\u00fcr%20\u00dcbersetzungsdienstleistungen%20nach%20dem%20Standardpreisniveau.\" \/>\n<meta property=\"og:locale\" content=\"de_DE\" \/>\n<meta property=\"og:type\" content=\"article\" \/>\n<meta property=\"og:title\" content=\"Preise - Super\" \/>\n<meta property=\"og:description\" content=\"Das Preisniveau - Super - ist das n\u00e4chste Komfortniveau f\u00fcr \u00dcbersetzungsdienstleistungen nach dem Standardpreisniveau.\" \/>\n<meta property=\"og:url\" content=\"https:\/\/namba22.com\/de\/preise-super\/\" \/>\n<meta property=\"og:site_name\" content=\"m-translations.com\" \/>\n<meta property=\"article:modified_time\" content=\"2022-10-03T14:02:29+00:00\" \/>\n<meta name=\"twitter:card\" content=\"summary_large_image\" \/>\n<script type=\"application\/ld+json\" class=\"yoast-schema-graph\">{\"@context\":\"https:\\\/\\\/schema.org\",\"@graph\":[{\"@type\":\"WebPage\",\"@id\":\"https:\\\/\\\/namba22.com\\\/de\\\/preise-super\\\/\",\"url\":\"https:\\\/\\\/namba22.com\\\/de\\\/preise-super\\\/\",\"name\":\"Prices - Super - m-translations.com\",\"isPartOf\":{\"@id\":\"https:\\\/\\\/namba22.com\\\/en\\\/#website\"},\"datePublished\":\"2021-02-28T04:56:53+00:00\",\"dateModified\":\"2022-10-03T14:02:29+00:00\",\"breadcrumb\":{\"@id\":\"https:\\\/\\\/namba22.com\\\/de\\\/preise-super\\\/#breadcrumb\"},\"inLanguage\":\"de\",\"potentialAction\":[{\"@type\":\"ReadAction\",\"target\":[\"https:\\\/\\\/namba22.com\\\/de\\\/preise-super\\\/\"]}]},{\"@type\":\"BreadcrumbList\",\"@id\":\"https:\\\/\\\/namba22.com\\\/de\\\/preise-super\\\/#breadcrumb\",\"itemListElement\":[{\"@type\":\"ListItem\",\"position\":1,\"name\":\"Home\",\"item\":\"https:\\\/\\\/namba22.com\\\/\"},{\"@type\":\"ListItem\",\"position\":2,\"name\":\"Preise - Super\"}]},{\"@type\":\"WebSite\",\"@id\":\"https:\\\/\\\/namba22.com\\\/de\\\/en\\\/#website\",\"url\":\"https:\\\/\\\/namba22.com\\\/de\\\/en\\\/\",\"name\":\"m-translations.com\",\"description\":\"m-translations.com\",\"potentialAction\":[{\"@type\":\"SearchAction\",\"target\":{\"@type\":\"EntryPoint\",\"urlTemplate\":\"https:\\\/\\\/namba22.com\\\/de\\\/en\\\/?s={search_term_string}\"},\"query-input\":{\"@type\":\"PropertyValueSpecification\",\"valueRequired\":true,\"valueName\":\"search_term_string\"}}],\"inLanguage\":\"de\"}]}<\/script>\n<!-- \/ Yoast SEO plugin. -->","yoast_head_json":{"title":"Preise - Super","description":"Das Preisniveau - Super - ist das n\u00e4chste Komfortniveau f\u00fcr \u00dcbersetzungsdienstleistungen nach dem Standardpreisniveau.","robots":{"index":"index","follow":"follow","max-snippet":"max-snippet:-1","max-image-preview":"max-image-preview:large","max-video-preview":"max-video-preview:-1"},"canonical":"Das Preisniveau - Super - ist das n\u00e4chste Komfortniveau f\u00fcr \u00dcbersetzungsdienstleistungen nach dem Standardpreisniveau.","og_locale":"de_DE","og_type":"article","og_title":"Preise - Super","og_description":"Das Preisniveau - Super - ist das n\u00e4chste Komfortniveau f\u00fcr \u00dcbersetzungsdienstleistungen nach dem Standardpreisniveau.","og_url":"https:\/\/namba22.com\/de\/preise-super\/","og_site_name":"m-translations.com","article_modified_time":"2022-10-03T14:02:29+00:00","twitter_card":"summary_large_image","schema":{"@context":"https:\/\/schema.org","@graph":[{"@type":"WebPage","@id":"https:\/\/namba22.com\/de\/preise-super\/","url":"https:\/\/namba22.com\/de\/preise-super\/","name":"Prices - Super - m-translations.com","isPartOf":{"@id":"https:\/\/namba22.com\/en\/#website"},"datePublished":"2021-02-28T04:56:53+00:00","dateModified":"2022-10-03T14:02:29+00:00","breadcrumb":{"@id":"https:\/\/namba22.com\/de\/preise-super\/#breadcrumb"},"inLanguage":"de","potentialAction":[{"@type":"ReadAction","target":["https:\/\/namba22.com\/de\/preise-super\/"]}]},{"@type":"BreadcrumbList","@id":"https:\/\/namba22.com\/de\/preise-super\/#breadcrumb","itemListElement":[{"@type":"ListItem","position":1,"name":"Home","item":"https:\/\/namba22.com\/"},{"@type":"ListItem","position":2,"name":"Preise - Super"}]},{"@type":"WebSite","@id":"https:\/\/namba22.com\/de\/en\/#website","url":"https:\/\/namba22.com\/de\/en\/","name":"m-translations.com","description":"m-translations.com","potentialAction":[{"@type":"SearchAction","target":{"@type":"EntryPoint","urlTemplate":"https:\/\/namba22.com\/de\/en\/?s={search_term_string}"},"query-input":{"@type":"PropertyValueSpecification","valueRequired":true,"valueName":"search_term_string"}}],"inLanguage":"de"}]}},"_links":{"self":[{"href":"https:\/\/namba22.com\/de\/wp-json\/wp\/v2\/pages\/2365","targetHints":{"allow":["GET"]}}],"collection":[{"href":"https:\/\/namba22.com\/de\/wp-json\/wp\/v2\/pages"}],"about":[{"href":"https:\/\/namba22.com\/de\/wp-json\/wp\/v2\/types\/page"}],"author":[{"embeddable":true,"href":"https:\/\/namba22.com\/de\/wp-json\/wp\/v2\/users\/1"}],"replies":[{"embeddable":true,"href":"https:\/\/namba22.com\/de\/wp-json\/wp\/v2\/comments?post=2365"}],"version-history":[{"count":6,"href":"https:\/\/namba22.com\/de\/wp-json\/wp\/v2\/pages\/2365\/revisions"}],"predecessor-version":[{"id":2809,"href":"https:\/\/namba22.com\/de\/wp-json\/wp\/v2\/pages\/2365\/revisions\/2809"}],"wp:attachment":[{"href":"https:\/\/namba22.com\/de\/wp-json\/wp\/v2\/media?parent=2365"}],"curies":[{"name":"wp","href":"https:\/\/api.w.org\/{rel}","templated":true}]}}